{"id":37257,"date":"2025-09-30T10:19:43","date_gmt":"2025-09-30T10:19:43","guid":{"rendered":"https:\/\/collectin.eu\/?page_id=37257"},"modified":"2026-02-27T10:32:00","modified_gmt":"2026-02-27T10:32:00","slug":"prekiu-grazinimas","status":"publish","type":"page","link":"https:\/\/collectin.eu\/en\/prekiu-grazinimas\/","title":{"rendered":"Returns &amp; Refunds"},"content":{"rendered":"<div data-elementor-type=\"wp-page\" data-elementor-id=\"37257\" class=\"elementor elementor-37257\">\n\t\t\t\t<div class=\"wd-negative-gap elementor-element elementor-element-a93961c e-flex e-con-boxed e-con e-parent\" data-id=\"a93961c\" data-element_type=\"container\">\n\t\t\t\t\t<div class=\"e-con-inner\">\n\t\t\t\t<div class=\"elementor-element elementor-element-756605b elementor-widget elementor-widget-wd_text_block\" data-id=\"756605b\" data-element_type=\"widget\" data-widget_type=\"wd_text_block.default\">\n\t\t\t\t<div class=\"elementor-widget-container\">\n\t\t\t\t\t\t\t<div class=\"wd-text-block reset-last-child text-left\">\n\t\t\t\n\t\t\t<p><strong>Product returns:<\/strong><\/p><p>Products may be returned within 14 calendar days, subject to being in their original, intact, and undamaged packaging.<\/p><p><strong>Returns Policy:<\/strong><\/p><p>1. To return an item(s), the Buyer may do so within 14 calendar days from the date of delivery, after first contacting the collectin.eu team via email.\u00a0<a href=\"info@collectin.eu\">info@collectin.eu<\/a>.<\/p><p>2. When returning items, they must be in their original, neat, and undamaged packaging. The items must be undamaged, unused, and in resalable condition. Additionally, the returned item must include all original components and accessories. If the Buyer received any free gifts with the purchase, these must also be returned.<\/p><p>3. Items not purchased from the Seller or items damaged by the Buyer are non-returnable.<\/p><p>4. Returns of non-defective items are at the Buyer's expense. To return items of suitable quality, the Buyer must send the neatly packaged parcel via a parcel locker, providing the Seller's accurate contact details.<\/p><p>5. In all cases of product returns, the Buyer is responsible for the proper and secure packaging of the transported items. The Seller accepts no liability for damage incurred during transport due to improperly packaged returned goods.<\/p><p>6. The Seller reserves the right to refuse returns if the Buyer fails to comply with the established return policy and procedures.<\/p><p>7. In the event that the Seller does not have suitable replacement items, the Buyer shall be refunded the full amount paid.<\/p><p>8. Refunds are made by bank transfer only; no cash transactions are available.<\/p><p>\u00a0<\/p><p><strong>E-shop details:<\/strong><\/p><p>MB \u201cNordic Pirates\u201d<\/p><p>Company code: 306158437<\/p><p>VAT code: LT100019350810<\/p><p>Auk\u0161tadvario g. 24, LT-14331 Vilnius, Lithuania<\/p><p class=\" translation-block\">Email: info@collectin.eu<\/p><p>Phone: +37068752481<\/p><p>Working hours: I-V 10-19 , VI 10-15<\/p>\n\t\t\t\t\t<\/div>\n\t\t\t\t\t\t<\/div>\n\t\t\t\t<\/div>\n\t\t\t\t\t<\/div>\n\t\t\t\t<\/div>\n\t\t\t\t<\/div>","protected":false},"excerpt":{"rendered":"<p>Preki\u0173 gr\u0105\u017einimas: Originalioje, tvarkingoje ir nepa\u017eeistoje pakuot\u0117je esan\u010dias prekes galite gr\u0105\u017einti per 14 kalendorini\u0173 dien\u0173. Preki\u0173 gr\u0105\u017einimo politika: 1. Nor\u0117damas<\/p>","protected":false},"author":1,"featured_media":0,"parent":0,"menu_order":0,"comment_status":"closed","ping_status":"closed","template":"","meta":{"footnotes":""},"class_list":["post-37257","page","type-page","status-publish","hentry"],"yoast_head":"<!-- This site is optimized with the Yoast SEO plugin v25.9 - https:\/\/yoast.com\/wordpress\/plugins\/seo\/ -->\n<title>Preki\u0173 gr\u0105\u017einimas - Collectin.eu<\/title>\n<meta name=\"robots\" content=\"index, follow, max-snippet:-1, max-image-preview:large, max-video-preview:-1\" \/>\n<link rel=\"canonical\" href=\"https:\/\/collectin.eu\/en\/prekiu-grazinimas\/\" \/>\n<meta property=\"og:locale\" content=\"en_US\" \/>\n<meta property=\"og:type\" content=\"article\" \/>\n<meta property=\"og:title\" content=\"Preki\u0173 gr\u0105\u017einimas - Collectin.eu\" \/>\n<meta property=\"og:description\" content=\"Preki\u0173 gr\u0105\u017einimas: Originalioje, tvarkingoje ir nepa\u017eeistoje pakuot\u0117je esan\u010dias prekes galite gr\u0105\u017einti per 14 kalendorini\u0173 dien\u0173. Preki\u0173 gr\u0105\u017einimo politika: 1. Nor\u0117damas\" \/>\n<meta property=\"og:url\" content=\"https:\/\/collectin.eu\/en\/prekiu-grazinimas\/\" \/>\n<meta property=\"og:site_name\" content=\"Collectin.eu\" \/>\n<meta property=\"article:modified_time\" content=\"2026-02-27T10:32:00+00:00\" \/>\n<meta name=\"twitter:card\" content=\"summary_large_image\" \/>\n<meta name=\"twitter:label1\" content=\"Est. reading time\" \/>\n\t<meta name=\"twitter:data1\" content=\"2 minutes\" \/>\n<script type=\"application\/ld+json\" class=\"yoast-schema-graph\">{\"@context\":\"https:\/\/schema.org\",\"@graph\":[{\"@type\":\"WebPage\",\"@id\":\"https:\/\/collectin.eu\/prekiu-grazinimas\/\",\"url\":\"https:\/\/collectin.eu\/prekiu-grazinimas\/\",\"name\":\"Preki\u0173 gr\u0105\u017einimas - Collectin.eu\",\"isPartOf\":{\"@id\":\"https:\/\/collectin.eu\/#website\"},\"datePublished\":\"2025-09-30T10:19:43+00:00\",\"dateModified\":\"2026-02-27T10:32:00+00:00\",\"breadcrumb\":{\"@id\":\"https:\/\/collectin.eu\/prekiu-grazinimas\/#breadcrumb\"},\"inLanguage\":\"en-US\",\"potentialAction\":[{\"@type\":\"ReadAction\",\"target\":[\"https:\/\/collectin.eu\/prekiu-grazinimas\/\"]}]},{\"@type\":\"BreadcrumbList\",\"@id\":\"https:\/\/collectin.eu\/prekiu-grazinimas\/#breadcrumb\",\"itemListElement\":[{\"@type\":\"ListItem\",\"position\":1,\"name\":\"Home\",\"item\":\"https:\/\/collectin.eu\/\"},{\"@type\":\"ListItem\",\"position\":2,\"name\":\"Preki\u0173 gr\u0105\u017einimas\"}]},{\"@type\":\"WebSite\",\"@id\":\"https:\/\/collectin.eu\/#website\",\"url\":\"https:\/\/collectin.eu\/\",\"name\":\"Collectin.eu\",\"description\":\"\",\"potentialAction\":[{\"@type\":\"SearchAction\",\"target\":{\"@type\":\"EntryPoint\",\"urlTemplate\":\"https:\/\/collectin.eu\/?s={search_term_string}\"},\"query-input\":{\"@type\":\"PropertyValueSpecification\",\"valueRequired\":true,\"valueName\":\"search_term_string\"}}],\"inLanguage\":\"en-US\"}]}<\/script>\n<!-- \/ Yoast SEO plugin. -->","yoast_head_json":{"title":"Preki\u0173 gr\u0105\u017einimas - Collectin.eu","robots":{"index":"index","follow":"follow","max-snippet":"max-snippet:-1","max-image-preview":"max-image-preview:large","max-video-preview":"max-video-preview:-1"},"canonical":"https:\/\/collectin.eu\/en\/prekiu-grazinimas\/","og_locale":"en_US","og_type":"article","og_title":"Preki\u0173 gr\u0105\u017einimas - Collectin.eu","og_description":"Preki\u0173 gr\u0105\u017einimas: Originalioje, tvarkingoje ir nepa\u017eeistoje pakuot\u0117je esan\u010dias prekes galite gr\u0105\u017einti per 14 kalendorini\u0173 dien\u0173. Preki\u0173 gr\u0105\u017einimo politika: 1. Nor\u0117damas","og_url":"https:\/\/collectin.eu\/en\/prekiu-grazinimas\/","og_site_name":"Collectin.eu","article_modified_time":"2026-02-27T10:32:00+00:00","twitter_card":"summary_large_image","twitter_misc":{"Est. reading time":"2 minutes"},"schema":{"@context":"https:\/\/schema.org","@graph":[{"@type":"WebPage","@id":"https:\/\/collectin.eu\/prekiu-grazinimas\/","url":"https:\/\/collectin.eu\/prekiu-grazinimas\/","name":"Preki\u0173 gr\u0105\u017einimas - Collectin.eu","isPartOf":{"@id":"https:\/\/collectin.eu\/#website"},"datePublished":"2025-09-30T10:19:43+00:00","dateModified":"2026-02-27T10:32:00+00:00","breadcrumb":{"@id":"https:\/\/collectin.eu\/prekiu-grazinimas\/#breadcrumb"},"inLanguage":"en-US","potentialAction":[{"@type":"ReadAction","target":["https:\/\/collectin.eu\/prekiu-grazinimas\/"]}]},{"@type":"BreadcrumbList","@id":"https:\/\/collectin.eu\/prekiu-grazinimas\/#breadcrumb","itemListElement":[{"@type":"ListItem","position":1,"name":"Home","item":"https:\/\/collectin.eu\/"},{"@type":"ListItem","position":2,"name":"Preki\u0173 gr\u0105\u017einimas"}]},{"@type":"WebSite","@id":"https:\/\/collectin.eu\/#website","url":"https:\/\/collectin.eu\/","name":"Collectin.eu","description":"","potentialAction":[{"@type":"SearchAction","target":{"@type":"EntryPoint","urlTemplate":"https:\/\/collectin.eu\/?s={search_term_string}"},"query-input":{"@type":"PropertyValueSpecification","valueRequired":true,"valueName":"search_term_string"}}],"inLanguage":"en-US"}]}},"_hostinger_reach_plugin_has_subscription_block":false,"_hostinger_reach_plugin_is_elementor":false,"jetpack_sharing_enabled":true,"_links":{"self":[{"href":"https:\/\/collectin.eu\/en\/wp-json\/wp\/v2\/pages\/37257","targetHints":{"allow":["GET"]}}],"collection":[{"href":"https:\/\/collectin.eu\/en\/wp-json\/wp\/v2\/pages"}],"about":[{"href":"https:\/\/collectin.eu\/en\/wp-json\/wp\/v2\/types\/page"}],"author":[{"embeddable":true,"href":"https:\/\/collectin.eu\/en\/wp-json\/wp\/v2\/users\/1"}],"replies":[{"embeddable":true,"href":"https:\/\/collectin.eu\/en\/wp-json\/wp\/v2\/comments?post=37257"}],"version-history":[{"count":19,"href":"https:\/\/collectin.eu\/en\/wp-json\/wp\/v2\/pages\/37257\/revisions"}],"predecessor-version":[{"id":40016,"href":"https:\/\/collectin.eu\/en\/wp-json\/wp\/v2\/pages\/37257\/revisions\/40016"}],"wp:attachment":[{"href":"https:\/\/collectin.eu\/en\/wp-json\/wp\/v2\/media?parent=37257"}],"curies":[{"name":"wp","href":"https:\/\/api.w.org\/{rel}","templated":true}]}}