{"id":37281,"date":"2025-09-30T10:34:36","date_gmt":"2025-09-30T10:34:36","guid":{"rendered":"https:\/\/collectin.eu\/?page_id=37281"},"modified":"2026-02-15T10:20:22","modified_gmt":"2026-02-15T10:20:22","slug":"pristatymas","status":"publish","type":"page","link":"https:\/\/collectin.eu\/en\/pristatymas\/","title":{"rendered":"Shipping"},"content":{"rendered":"<div data-elementor-type=\"wp-page\" data-elementor-id=\"37281\" class=\"elementor elementor-37281\">\n\t\t\t\t<div class=\"wd-negative-gap elementor-element elementor-element-b6601db e-flex e-con-boxed e-con e-parent\" data-id=\"b6601db\" data-element_type=\"container\" data-settings=\"{&quot;background_background&quot;:&quot;classic&quot;}\">\n\t\t\t\t\t<div class=\"e-con-inner\">\n\t\t\t\t<div class=\"elementor-element elementor-element-36df334 elementor-widget elementor-widget-wd_text_block\" data-id=\"36df334\" data-element_type=\"widget\" data-widget_type=\"wd_text_block.default\">\n\t\t\t\t<div class=\"elementor-widget-container\">\n\t\t\t\t\t\t\t<div class=\"wd-text-block reset-last-child text-left\">\n\t\t\t\n\t\t\t<p><strong>Delivery in Lithuania, Latvia, and Estonia:<\/strong><\/p><p>Items ordered from the collectin.eu online store are delivered throughout Lithuania, Latvia, and Estonia within 1\u20133 business days after payment.<\/p><p>Shipments to parcel machines are delivered only on weekdays and Saturdays.<\/p><p><b><u>Delivery estimates:<\/u><\/b><\/p><p>Items are typically delivered within 1\u20133 business days to any LP Express or Omniva parcel locker in Lithuania.<\/p><p><b><u>Shipping rates via LP Express:<\/u><\/b><\/p><p>LP Express shipping (Lithuania)\u00a0<strong>3,49 \u20ac<\/strong><\/p><p>LP Express shipping (Latvia) <strong>4,99 \u20ac<\/strong><\/p><p>LP Express shipping (Estonia) <strong>5,99 \u20ac<\/strong><\/p><p><b><u>Shipping rates via Omniva:<\/u><\/b><\/p><p>Omniva shipping (Lithuania) <strong>3,99 \u20ac<\/strong><\/p><p>Omniva shipping (Latvia) <strong>7,99 \u20ac<\/strong><\/p><p>Omniva shipping (Estonia) <strong>8,99 \u20ac<\/strong><\/p><p><strong>Upon receiving the parcel:<\/strong><\/p><p>If the parcel is damaged: take photos of the damage directly at the parcel locker before removing the items.\u00a0\u00a0<\/p><p>Register the damage on the terminal screen and fill out the damage report form.<\/p><p>Please contact us by email immediately\u00a0<a href=\"mailto:info@collectin.eu\">info@collectin.eu<\/a>\u00a0,attaching photos and a description of the damage.<\/p><p><strong>Additional Information:<\/strong><\/p><p>During the cold season, we recommend collecting your parcels from the locker as soon as possible to avoid temperature impact on the items.<\/p>\n\t\t\t\t\t<\/div>\n\t\t\t\t\t\t<\/div>\n\t\t\t\t<\/div>\n\t\t\t\t\t<\/div>\n\t\t\t\t<\/div>\n\t\t\t\t<\/div>","protected":false},"excerpt":{"rendered":"<p>Preki\u0173 pristatymas Lietuvoje, Latvijoje ir Estijoje: U\u017esakytas prekes internetin\u0117je parduotuv\u0117je collectin.eu\u00a0 pristatome visoje Lietuvoje, Latvijoje ir Estijoje, per 1-3 darbo<\/p>","protected":false},"author":1,"featured_media":0,"parent":0,"menu_order":0,"comment_status":"closed","ping_status":"closed","template":"","meta":{"footnotes":""},"class_list":["post-37281","page","type-page","status-publish","hentry"],"yoast_head":"<!-- This site is optimized with the Yoast SEO plugin v25.9 - https:\/\/yoast.com\/wordpress\/plugins\/seo\/ -->\n<title>Pristatymas - Collectin.eu<\/title>\n<meta name=\"robots\" content=\"index, follow, max-snippet:-1, max-image-preview:large, max-video-preview:-1\" \/>\n<link rel=\"canonical\" href=\"https:\/\/collectin.eu\/en\/pristatymas\/\" \/>\n<meta property=\"og:locale\" content=\"en_US\" \/>\n<meta property=\"og:type\" content=\"article\" \/>\n<meta property=\"og:title\" content=\"Pristatymas - Collectin.eu\" \/>\n<meta property=\"og:description\" content=\"Preki\u0173 pristatymas Lietuvoje, Latvijoje ir Estijoje: U\u017esakytas prekes internetin\u0117je parduotuv\u0117je collectin.eu\u00a0 pristatome visoje Lietuvoje, Latvijoje ir Estijoje, per 1-3 darbo\" \/>\n<meta property=\"og:url\" content=\"https:\/\/collectin.eu\/en\/pristatymas\/\" \/>\n<meta property=\"og:site_name\" content=\"Collectin.eu\" \/>\n<meta property=\"article:modified_time\" content=\"2026-02-15T10:20:22+00:00\" \/>\n<meta name=\"twitter:card\" content=\"summary_large_image\" \/>\n<meta name=\"twitter:label1\" content=\"Est. reading time\" \/>\n\t<meta name=\"twitter:data1\" content=\"1 minute\" \/>\n<script type=\"application\/ld+json\" class=\"yoast-schema-graph\">{\"@context\":\"https:\/\/schema.org\",\"@graph\":[{\"@type\":\"WebPage\",\"@id\":\"https:\/\/collectin.eu\/pristatymas\/\",\"url\":\"https:\/\/collectin.eu\/pristatymas\/\",\"name\":\"Pristatymas - Collectin.eu\",\"isPartOf\":{\"@id\":\"https:\/\/collectin.eu\/#website\"},\"datePublished\":\"2025-09-30T10:34:36+00:00\",\"dateModified\":\"2026-02-15T10:20:22+00:00\",\"breadcrumb\":{\"@id\":\"https:\/\/collectin.eu\/pristatymas\/#breadcrumb\"},\"inLanguage\":\"en-US\",\"potentialAction\":[{\"@type\":\"ReadAction\",\"target\":[\"https:\/\/collectin.eu\/pristatymas\/\"]}]},{\"@type\":\"BreadcrumbList\",\"@id\":\"https:\/\/collectin.eu\/pristatymas\/#breadcrumb\",\"itemListElement\":[{\"@type\":\"ListItem\",\"position\":1,\"name\":\"Home\",\"item\":\"https:\/\/collectin.eu\/\"},{\"@type\":\"ListItem\",\"position\":2,\"name\":\"Pristatymas\"}]},{\"@type\":\"WebSite\",\"@id\":\"https:\/\/collectin.eu\/#website\",\"url\":\"https:\/\/collectin.eu\/\",\"name\":\"Collectin.eu\",\"description\":\"\",\"potentialAction\":[{\"@type\":\"SearchAction\",\"target\":{\"@type\":\"EntryPoint\",\"urlTemplate\":\"https:\/\/collectin.eu\/?s={search_term_string}\"},\"query-input\":{\"@type\":\"PropertyValueSpecification\",\"valueRequired\":true,\"valueName\":\"search_term_string\"}}],\"inLanguage\":\"en-US\"}]}<\/script>\n<!-- \/ Yoast SEO plugin. -->","yoast_head_json":{"title":"Pristatymas - Collectin.eu","robots":{"index":"index","follow":"follow","max-snippet":"max-snippet:-1","max-image-preview":"max-image-preview:large","max-video-preview":"max-video-preview:-1"},"canonical":"https:\/\/collectin.eu\/en\/pristatymas\/","og_locale":"en_US","og_type":"article","og_title":"Pristatymas - Collectin.eu","og_description":"Preki\u0173 pristatymas Lietuvoje, Latvijoje ir Estijoje: U\u017esakytas prekes internetin\u0117je parduotuv\u0117je collectin.eu\u00a0 pristatome visoje Lietuvoje, Latvijoje ir Estijoje, per 1-3 darbo","og_url":"https:\/\/collectin.eu\/en\/pristatymas\/","og_site_name":"Collectin.eu","article_modified_time":"2026-02-15T10:20:22+00:00","twitter_card":"summary_large_image","twitter_misc":{"Est. reading time":"1 minute"},"schema":{"@context":"https:\/\/schema.org","@graph":[{"@type":"WebPage","@id":"https:\/\/collectin.eu\/pristatymas\/","url":"https:\/\/collectin.eu\/pristatymas\/","name":"Pristatymas - Collectin.eu","isPartOf":{"@id":"https:\/\/collectin.eu\/#website"},"datePublished":"2025-09-30T10:34:36+00:00","dateModified":"2026-02-15T10:20:22+00:00","breadcrumb":{"@id":"https:\/\/collectin.eu\/pristatymas\/#breadcrumb"},"inLanguage":"en-US","potentialAction":[{"@type":"ReadAction","target":["https:\/\/collectin.eu\/pristatymas\/"]}]},{"@type":"BreadcrumbList","@id":"https:\/\/collectin.eu\/pristatymas\/#breadcrumb","itemListElement":[{"@type":"ListItem","position":1,"name":"Home","item":"https:\/\/collectin.eu\/"},{"@type":"ListItem","position":2,"name":"Pristatymas"}]},{"@type":"WebSite","@id":"https:\/\/collectin.eu\/#website","url":"https:\/\/collectin.eu\/","name":"Collectin.eu","description":"","potentialAction":[{"@type":"SearchAction","target":{"@type":"EntryPoint","urlTemplate":"https:\/\/collectin.eu\/?s={search_term_string}"},"query-input":{"@type":"PropertyValueSpecification","valueRequired":true,"valueName":"search_term_string"}}],"inLanguage":"en-US"}]}},"_hostinger_reach_plugin_has_subscription_block":false,"_hostinger_reach_plugin_is_elementor":false,"jetpack_sharing_enabled":true,"_links":{"self":[{"href":"https:\/\/collectin.eu\/en\/wp-json\/wp\/v2\/pages\/37281","targetHints":{"allow":["GET"]}}],"collection":[{"href":"https:\/\/collectin.eu\/en\/wp-json\/wp\/v2\/pages"}],"about":[{"href":"https:\/\/collectin.eu\/en\/wp-json\/wp\/v2\/types\/page"}],"author":[{"embeddable":true,"href":"https:\/\/collectin.eu\/en\/wp-json\/wp\/v2\/users\/1"}],"replies":[{"embeddable":true,"href":"https:\/\/collectin.eu\/en\/wp-json\/wp\/v2\/comments?post=37281"}],"version-history":[{"count":22,"href":"https:\/\/collectin.eu\/en\/wp-json\/wp\/v2\/pages\/37281\/revisions"}],"predecessor-version":[{"id":39630,"href":"https:\/\/collectin.eu\/en\/wp-json\/wp\/v2\/pages\/37281\/revisions\/39630"}],"wp:attachment":[{"href":"https:\/\/collectin.eu\/en\/wp-json\/wp\/v2\/media?parent=37281"}],"curies":[{"name":"wp","href":"https:\/\/api.w.org\/{rel}","templated":true}]}}