{"id":37219,"date":"2025-09-29T11:55:02","date_gmt":"2025-09-29T11:55:02","guid":{"rendered":"https:\/\/collectin.eu\/?post_type=product&#038;p=37219"},"modified":"2026-04-13T12:45:39","modified_gmt":"2026-04-13T12:45:39","slug":"lego-40617-draco-malfoy-cedric-diggory","status":"publish","type":"product","link":"https:\/\/collectin.eu\/en\/product\/lego-40617-draco-malfoy-cedric-diggory\/","title":{"rendered":"LEGO\u00ae 40617 Draco Malfoy &#038; Cedric Diggory"},"content":{"rendered":"<p>Su\u017eadinkite Hario Poterio gerb\u0117j\u0173 prisiminimus apie kvidi\u010do var\u017eybas su \u0161iomis \u201eLEGO\u00ae BrickHeadz\u2122\u201c Drako Smird\u017eiaus ir Sedriko Digorio (40617) fig\u016br\u0117l\u0117mis. I\u0161 kalad\u0117li\u0173 konstruojamos fig\u016br\u0117l\u0117s vilki Klast\u016bnyno draugijos ir \u0160vilpyn\u0117s brolijos nam\u0173 aprang\u0105, kurias d\u0117vi ir per kvidi\u010do var\u017eybas. \u012ekvepian\u010dioje LEGO dovanoje \u2013 rinkinyje, skirtame vaikams nuo 10 met\u0173, \u2013 yra nam\u0173 taur\u0117 ir 2 \u0161luot\u0173 elementai, u\u017ebaigiantys kerin\u010di\u0105 ekspozicij\u0105.<\/p>\n<ul>\n<li>Drakas Smird\u017eius ir Sedrikas Digoris \u201eLEGO\u00ae BrickHeadz\u2122\u201c stiliumi (40617). Sukonstruokite 2 persona\u017eus, d\u0117vin\u010dius kvidi\u010do nam\u0173 aprang\u0105, ir eksponuokite su nam\u0173 taure bei 2 \u0161luot\u0173 elementais<\/li>\n<li>Sukurtas ekspozicijai. Kiekvienas konstruojamas persona\u017eas su pagrindo plok\u0161tele yra 6 cm auk\u0161\u010dio<\/li>\n<li>Dovana vaikams nuo 10 met\u0173. Padovanokite \u0161\u012f 262 dali\u0173 LEGO\u00ae rinkin\u012f Hario Poterio gerb\u0117jui gimtadienio, \u0161ven\u010di\u0173 ar kita proga<\/li>\n<\/ul>","protected":false},"excerpt":{"rendered":"<p>Su\u017eadinkite Hario Poterio gerb\u0117j\u0173 prisiminimus apie kvidi\u010do var\u017eybas su \u0161iomis \u201eLEGO\u00ae BrickHeadz\u2122\u201c Drako Smird\u017eiaus ir Sedriko Digorio (40617) fig\u016br\u0117l\u0117mis. I\u0161<\/p>","protected":false},"featured_media":38593,"comment_status":"open","ping_status":"closed","template":"","meta":[],"product_brand":[423],"product_cat":[677,406,432],"product_tag":[450],"class_list":{"0":"post-37219","1":"product","2":"type-product","3":"status-publish","4":"has-post-thumbnail","6":"product_brand-lego","7":"product_cat-lego-konstruktoriai","8":"product_cat-lego","9":"product_cat-lego-brickheadz","10":"product_tag-konstruktoriai","12":"first","13":"outofstock","14":"taxable","15":"shipping-taxable","16":"purchasable","17":"product-type-simple"},"yoast_head":"<!-- This site is optimized with the Yoast SEO plugin v25.9 - https:\/\/yoast.com\/wordpress\/plugins\/seo\/ -->\n<title>LEGO\u00ae 40617 Draco Malfoy &amp; Cedric Diggory - Collectin.eu<\/title>\n<meta name=\"description\" content=\"Su\u017eadinkite Hario Poterio gerb\u0117j\u0173 prisiminimus apie kvidi\u010do var\u017eybas su \u0161iomis \u201eLEGO\u00ae BrickHeadz\u2122\u201c Drako Smird\u017eiaus ir Sedriko Digorio (40617) fig\u016br\u0117l\u0117mis.\" \/>\n<meta name=\"robots\" content=\"index, follow, max-snippet:-1, max-image-preview:large, max-video-preview:-1\" \/>\n<link rel=\"canonical\" href=\"https:\/\/collectin.eu\/en\/product\/lego-40617-draco-malfoy-cedric-diggory\/\" \/>\n<meta property=\"og:locale\" content=\"en_US\" \/>\n<meta property=\"og:type\" content=\"article\" \/>\n<meta property=\"og:title\" content=\"LEGO\u00ae 40617 Draco Malfoy &amp; Cedric Diggory - Collectin.eu\" \/>\n<meta property=\"og:description\" content=\"Su\u017eadinkite Hario Poterio gerb\u0117j\u0173 prisiminimus apie kvidi\u010do var\u017eybas su \u0161iomis \u201eLEGO\u00ae BrickHeadz\u2122\u201c Drako Smird\u017eiaus ir Sedriko Digorio (40617) fig\u016br\u0117l\u0117mis.\" \/>\n<meta property=\"og:url\" content=\"https:\/\/collectin.eu\/en\/product\/lego-40617-draco-malfoy-cedric-diggory\/\" \/>\n<meta property=\"og:site_name\" content=\"Collectin.eu\" \/>\n<meta property=\"article:modified_time\" content=\"2026-04-13T12:45:39+00:00\" \/>\n<meta property=\"og:image\" content=\"http:\/\/collectin.eu\/wp-content\/uploads\/2025\/09\/Untitled-design-57.png\" \/>\n\t<meta property=\"og:image:width\" content=\"1080\" \/>\n\t<meta property=\"og:image:height\" content=\"1080\" \/>\n\t<meta property=\"og:image:type\" content=\"image\/png\" \/>\n<meta name=\"twitter:card\" content=\"summary_large_image\" \/>\n<meta name=\"twitter:label1\" content=\"Est. reading time\" \/>\n\t<meta name=\"twitter:data1\" content=\"1 minute\" \/>\n<script type=\"application\/ld+json\" class=\"yoast-schema-graph\">{\"@context\":\"https:\/\/schema.org\",\"@graph\":[{\"@type\":\"WebPage\",\"@id\":\"https:\/\/collectin.eu\/produktas\/lego-40617-draco-malfoy-cedric-diggory\/\",\"url\":\"https:\/\/collectin.eu\/produktas\/lego-40617-draco-malfoy-cedric-diggory\/\",\"name\":\"LEGO\u00ae 40617 Draco Malfoy & Cedric Diggory - Collectin.eu\",\"isPartOf\":{\"@id\":\"https:\/\/collectin.eu\/#website\"},\"primaryImageOfPage\":{\"@id\":\"https:\/\/collectin.eu\/produktas\/lego-40617-draco-malfoy-cedric-diggory\/#primaryimage\"},\"image\":{\"@id\":\"https:\/\/collectin.eu\/produktas\/lego-40617-draco-malfoy-cedric-diggory\/#primaryimage\"},\"thumbnailUrl\":\"https:\/\/collectin.eu\/wp-content\/uploads\/2025\/09\/Untitled-design-57.png\",\"datePublished\":\"2025-09-29T11:55:02+00:00\",\"dateModified\":\"2026-04-13T12:45:39+00:00\",\"description\":\"Su\u017eadinkite Hario Poterio gerb\u0117j\u0173 prisiminimus apie kvidi\u010do var\u017eybas su \u0161iomis \u201eLEGO\u00ae BrickHeadz\u2122\u201c Drako Smird\u017eiaus ir Sedriko Digorio (40617) fig\u016br\u0117l\u0117mis.\",\"breadcrumb\":{\"@id\":\"https:\/\/collectin.eu\/produktas\/lego-40617-draco-malfoy-cedric-diggory\/#breadcrumb\"},\"inLanguage\":\"en-US\",\"potentialAction\":[{\"@type\":\"ReadAction\",\"target\":[\"https:\/\/collectin.eu\/produktas\/lego-40617-draco-malfoy-cedric-diggory\/\"]}]},{\"@type\":\"ImageObject\",\"inLanguage\":\"en-US\",\"@id\":\"https:\/\/collectin.eu\/produktas\/lego-40617-draco-malfoy-cedric-diggory\/#primaryimage\",\"url\":\"https:\/\/collectin.eu\/wp-content\/uploads\/2025\/09\/Untitled-design-57.png\",\"contentUrl\":\"https:\/\/collectin.eu\/wp-content\/uploads\/2025\/09\/Untitled-design-57.png\",\"width\":1080,\"height\":1080},{\"@type\":\"BreadcrumbList\",\"@id\":\"https:\/\/collectin.eu\/produktas\/lego-40617-draco-malfoy-cedric-diggory\/#breadcrumb\",\"itemListElement\":[{\"@type\":\"ListItem\",\"position\":1,\"name\":\"Home\",\"item\":\"https:\/\/collectin.eu\/\"},{\"@type\":\"ListItem\",\"position\":2,\"name\":\"Parduotuv\u0117\",\"item\":\"https:\/\/collectin.eu\/parduotuve\/\"},{\"@type\":\"ListItem\",\"position\":3,\"name\":\"LEGO\u00ae 40617 Draco Malfoy &#038; Cedric Diggory\"}]},{\"@type\":\"WebSite\",\"@id\":\"https:\/\/collectin.eu\/#website\",\"url\":\"https:\/\/collectin.eu\/\",\"name\":\"Collectin.eu\",\"description\":\"\",\"potentialAction\":[{\"@type\":\"SearchAction\",\"target\":{\"@type\":\"EntryPoint\",\"urlTemplate\":\"https:\/\/collectin.eu\/?s={search_term_string}\"},\"query-input\":{\"@type\":\"PropertyValueSpecification\",\"valueRequired\":true,\"valueName\":\"search_term_string\"}}],\"inLanguage\":\"en-US\"}]}<\/script>\n<!-- \/ Yoast SEO plugin. -->","yoast_head_json":{"title":"LEGO\u00ae 40617 Draco Malfoy & Cedric Diggory - Collectin.eu","description":"Su\u017eadinkite Hario Poterio gerb\u0117j\u0173 prisiminimus apie kvidi\u010do var\u017eybas su \u0161iomis \u201eLEGO\u00ae BrickHeadz\u2122\u201c Drako Smird\u017eiaus ir Sedriko Digorio (40617) fig\u016br\u0117l\u0117mis.","robots":{"index":"index","follow":"follow","max-snippet":"max-snippet:-1","max-image-preview":"max-image-preview:large","max-video-preview":"max-video-preview:-1"},"canonical":"https:\/\/collectin.eu\/en\/product\/lego-40617-draco-malfoy-cedric-diggory\/","og_locale":"en_US","og_type":"article","og_title":"LEGO\u00ae 40617 Draco Malfoy & Cedric Diggory - Collectin.eu","og_description":"Su\u017eadinkite Hario Poterio gerb\u0117j\u0173 prisiminimus apie kvidi\u010do var\u017eybas su \u0161iomis \u201eLEGO\u00ae BrickHeadz\u2122\u201c Drako Smird\u017eiaus ir Sedriko Digorio (40617) fig\u016br\u0117l\u0117mis.","og_url":"https:\/\/collectin.eu\/en\/product\/lego-40617-draco-malfoy-cedric-diggory\/","og_site_name":"Collectin.eu","article_modified_time":"2026-04-13T12:45:39+00:00","og_image":[{"width":1080,"height":1080,"url":"http:\/\/collectin.eu\/wp-content\/uploads\/2025\/09\/Untitled-design-57.png","type":"image\/png"}],"twitter_card":"summary_large_image","twitter_misc":{"Est. reading time":"1 minute"},"schema":{"@context":"https:\/\/schema.org","@graph":[{"@type":"WebPage","@id":"https:\/\/collectin.eu\/produktas\/lego-40617-draco-malfoy-cedric-diggory\/","url":"https:\/\/collectin.eu\/produktas\/lego-40617-draco-malfoy-cedric-diggory\/","name":"LEGO\u00ae 40617 Draco Malfoy & Cedric Diggory - Collectin.eu","isPartOf":{"@id":"https:\/\/collectin.eu\/#website"},"primaryImageOfPage":{"@id":"https:\/\/collectin.eu\/produktas\/lego-40617-draco-malfoy-cedric-diggory\/#primaryimage"},"image":{"@id":"https:\/\/collectin.eu\/produktas\/lego-40617-draco-malfoy-cedric-diggory\/#primaryimage"},"thumbnailUrl":"https:\/\/collectin.eu\/wp-content\/uploads\/2025\/09\/Untitled-design-57.png","datePublished":"2025-09-29T11:55:02+00:00","dateModified":"2026-04-13T12:45:39+00:00","description":"Su\u017eadinkite Hario Poterio gerb\u0117j\u0173 prisiminimus apie kvidi\u010do var\u017eybas su \u0161iomis \u201eLEGO\u00ae BrickHeadz\u2122\u201c Drako Smird\u017eiaus ir Sedriko Digorio (40617) fig\u016br\u0117l\u0117mis.","breadcrumb":{"@id":"https:\/\/collectin.eu\/produktas\/lego-40617-draco-malfoy-cedric-diggory\/#breadcrumb"},"inLanguage":"en-US","potentialAction":[{"@type":"ReadAction","target":["https:\/\/collectin.eu\/produktas\/lego-40617-draco-malfoy-cedric-diggory\/"]}]},{"@type":"ImageObject","inLanguage":"en-US","@id":"https:\/\/collectin.eu\/produktas\/lego-40617-draco-malfoy-cedric-diggory\/#primaryimage","url":"https:\/\/collectin.eu\/wp-content\/uploads\/2025\/09\/Untitled-design-57.png","contentUrl":"https:\/\/collectin.eu\/wp-content\/uploads\/2025\/09\/Untitled-design-57.png","width":1080,"height":1080},{"@type":"BreadcrumbList","@id":"https:\/\/collectin.eu\/produktas\/lego-40617-draco-malfoy-cedric-diggory\/#breadcrumb","itemListElement":[{"@type":"ListItem","position":1,"name":"Home","item":"https:\/\/collectin.eu\/"},{"@type":"ListItem","position":2,"name":"Parduotuv\u0117","item":"https:\/\/collectin.eu\/parduotuve\/"},{"@type":"ListItem","position":3,"name":"LEGO\u00ae 40617 Draco Malfoy &#038; Cedric Diggory"}]},{"@type":"WebSite","@id":"https:\/\/collectin.eu\/#website","url":"https:\/\/collectin.eu\/","name":"Collectin.eu","description":"","potentialAction":[{"@type":"SearchAction","target":{"@type":"EntryPoint","urlTemplate":"https:\/\/collectin.eu\/?s={search_term_string}"},"query-input":{"@type":"PropertyValueSpecification","valueRequired":true,"valueName":"search_term_string"}}],"inLanguage":"en-US"}]}},"jetpack_sharing_enabled":true,"_links":{"self":[{"href":"https:\/\/collectin.eu\/en\/wp-json\/wp\/v2\/product\/37219","targetHints":{"allow":["GET"]}}],"collection":[{"href":"https:\/\/collectin.eu\/en\/wp-json\/wp\/v2\/product"}],"about":[{"href":"https:\/\/collectin.eu\/en\/wp-json\/wp\/v2\/types\/product"}],"replies":[{"embeddable":true,"href":"https:\/\/collectin.eu\/en\/wp-json\/wp\/v2\/comments?post=37219"}],"version-history":[{"count":3,"href":"https:\/\/collectin.eu\/en\/wp-json\/wp\/v2\/product\/37219\/revisions"}],"predecessor-version":[{"id":40292,"href":"https:\/\/collectin.eu\/en\/wp-json\/wp\/v2\/product\/37219\/revisions\/40292"}],"wp:featuredmedia":[{"embeddable":true,"href":"https:\/\/collectin.eu\/en\/wp-json\/wp\/v2\/media\/38593"}],"wp:attachment":[{"href":"https:\/\/collectin.eu\/en\/wp-json\/wp\/v2\/media?parent=37219"}],"wp:term":[{"taxonomy":"product_brand","embeddable":true,"href":"https:\/\/collectin.eu\/en\/wp-json\/wp\/v2\/product_brand?post=37219"},{"taxonomy":"product_cat","embeddable":true,"href":"https:\/\/collectin.eu\/en\/wp-json\/wp\/v2\/product_cat?post=37219"},{"taxonomy":"product_tag","embeddable":true,"href":"https:\/\/collectin.eu\/en\/wp-json\/wp\/v2\/product_tag?post=37219"}],"curies":[{"name":"wp","href":"https:\/\/api.w.org\/{rel}","templated":true}]}}