{"id":37492,"date":"2025-10-11T07:54:10","date_gmt":"2025-10-11T07:54:10","guid":{"rendered":"https:\/\/collectin.eu\/?post_type=product&#038;p=37492"},"modified":"2026-04-08T10:25:54","modified_gmt":"2026-04-08T10:25:54","slug":"lego-21034-londonas","status":"publish","type":"product","link":"https:\/\/collectin.eu\/en\/product\/lego-21034-londonas\/","title":{"rendered":"LEGO\u00ae 21034 London"},"content":{"rendered":"<p>M\u0117gaukis Londono architekt\u016bros \u012fvairove su \u0161iuo detaliu LEGO\u00ae kalad\u0117li\u0173 modeliu. LEGO Architecture modeliai i\u0161 \u201eSkyline\u201c kolekcijos tinkami eksponuoti namuose ir biure. Jie sukurti visiems, kurie domisi kelion\u0117mis, architekt\u016bra, istorija ir dizainu. Kiekvienas rinkinys sukurtas laikantis mastelio, kad kiekvienas statinys b\u016bt\u0173 atvaizduotas atitinkamo dyd\u017eio, su tikrovi\u0161komis spalvomis. \u0160iame rinkinyje yra Nacionalin\u0117 galerija, Nelsono kolona, Londono ap\u017evalgos ratas, Big Benas (El\u017ebietos bok\u0161tas) ir Tauerio tiltas. J\u012f u\u017ebaigia dekoratyvin\u0117 Londono lentel\u0117.<\/p>\n<p>&nbsp;<\/p>\n<ul>\n<li>LEGO\u00ae Architecture Londono versija.<\/li>\n<li>Rinkinyje yra Nacionalin\u0117 galerija, Nelsono kolona, Londono ap\u017evalgos ratas, Big Benas (El\u017ebietos bok\u0161tas) ir Tauerio tiltas.<\/li>\n<li>Londono Temz\u0117s up\u0119 vaizduoja skaidrios pagrindo plok\u0161t\u0117s plytel\u0117s.<\/li>\n<li>Tauerio tiltas atsidaro, kad gal\u0117t\u0173 praplauti laivai.<\/li>\n<li>Pridedamoje knygel\u0117je pateikiama informacija apie kiekvieno pastato k\u016br\u0117j\u0105, architekt\u016br\u0105 bei istorij\u0105 ir istorini\u0173 fakt\u0173 apie London\u0105 ir jo kult\u016bros paveld\u0105 (tik angl\u0173 kalba. Kitomis kalbomis galima rasti adresu LEGO.com\/architecture).<\/li>\n<li>Rinkinyje yra 4 x 32 plytel\u0117mis i\u0161klotas pagrindas su dekoratyvine Londono lentele.<\/li>\n<li>Atkurk gra\u017eiausius pasaulio miestus su \u201eSkyline\u201c kolekcija i\u0161 LEGO\u00ae Architecture.<\/li>\n<li>LEGO\u00ae Architecture rinkiniai yra skirti m\u0117gautis architekt\u016bros pasauliu naudojant LEGO detales ir sukurti visiems, kas domisi kelion\u0117mis, dizainu, architekt\u016bra ir istorija.<\/li>\n<li>Rinkin\u012f sudaro daugiau kaip 460 LEGO\u00ae detali\u0173, ir jis skirtas konstruoti nuo 12 met\u0173 am\u017eiaus.<\/li>\n<li>Matmenys: vir\u0161 15 cm (5 col.) auk\u0161\u010dio, 28 cm (11 col.) plo\u010dio ir 8 cm (3 col.) gylio.<\/li>\n<\/ul>","protected":false},"excerpt":{"rendered":"<p>M\u0117gaukis Londono architekt\u016bros \u012fvairove su \u0161iuo detaliu LEGO\u00ae kalad\u0117li\u0173 modeliu. LEGO Architecture modeliai i\u0161 \u201eSkyline\u201c kolekcijos tinkami eksponuoti namuose ir<\/p>","protected":false},"featured_media":37495,"comment_status":"open","ping_status":"closed","template":"","meta":[],"product_brand":[423],"product_cat":[677,406,433],"product_tag":[450],"class_list":{"0":"post-37492","1":"product","2":"type-product","3":"status-publish","4":"has-post-thumbnail","6":"product_brand-lego","7":"product_cat-lego-konstruktoriai","8":"product_cat-lego","9":"product_cat-lego-architecture","10":"product_tag-konstruktoriai","12":"first","13":"instock","14":"taxable","15":"shipping-taxable","16":"purchasable","17":"product-type-simple"},"yoast_head":"<!-- This site is optimized with the Yoast SEO plugin v25.9 - https:\/\/yoast.com\/wordpress\/plugins\/seo\/ -->\n<title>LEGO\u00ae 21034 London - Collectin.eu<\/title>\n<meta name=\"description\" content=\"M\u0117gaukis LEGO\u00ae 21034 architekt\u016bros \u012fvairove su \u0161iuo detaliu kalad\u0117li\u0173 modeliu. LEGO modeliai i\u0161 \u201eSkyline\u201c kolekcijos tinkami eksponuoti namuose ir biure.\" \/>\n<meta name=\"robots\" content=\"index, follow, max-snippet:-1, max-image-preview:large, max-video-preview:-1\" \/>\n<link rel=\"canonical\" href=\"https:\/\/collectin.eu\/en\/product\/lego-21034-londonas\/\" \/>\n<meta property=\"og:locale\" content=\"en_US\" \/>\n<meta property=\"og:type\" content=\"article\" \/>\n<meta property=\"og:title\" content=\"LEGO\u00ae 21034 London - Collectin.eu\" \/>\n<meta property=\"og:description\" content=\"M\u0117gaukis LEGO\u00ae 21034 architekt\u016bros \u012fvairove su \u0161iuo detaliu kalad\u0117li\u0173 modeliu. LEGO modeliai i\u0161 \u201eSkyline\u201c kolekcijos tinkami eksponuoti namuose ir biure.\" \/>\n<meta property=\"og:url\" content=\"https:\/\/collectin.eu\/en\/product\/lego-21034-londonas\/\" \/>\n<meta property=\"og:site_name\" content=\"Collectin.eu\" \/>\n<meta property=\"article:modified_time\" content=\"2026-04-08T10:25:54+00:00\" \/>\n<meta property=\"og:image\" content=\"http:\/\/collectin.eu\/wp-content\/uploads\/2025\/10\/Untitled-design-39.png\" \/>\n\t<meta property=\"og:image:width\" content=\"1080\" \/>\n\t<meta property=\"og:image:height\" content=\"1080\" \/>\n\t<meta property=\"og:image:type\" content=\"image\/png\" \/>\n<meta name=\"twitter:card\" content=\"summary_large_image\" \/>\n<meta name=\"twitter:label1\" content=\"Est. reading time\" \/>\n\t<meta name=\"twitter:data1\" content=\"2 minutes\" \/>\n<script type=\"application\/ld+json\" class=\"yoast-schema-graph\">{\"@context\":\"https:\/\/schema.org\",\"@graph\":[{\"@type\":\"WebPage\",\"@id\":\"https:\/\/collectin.eu\/produktas\/lego-21034-londonas\/\",\"url\":\"https:\/\/collectin.eu\/produktas\/lego-21034-londonas\/\",\"name\":\"LEGO\u00ae 21034 London - Collectin.eu\",\"isPartOf\":{\"@id\":\"https:\/\/collectin.eu\/#website\"},\"primaryImageOfPage\":{\"@id\":\"https:\/\/collectin.eu\/produktas\/lego-21034-londonas\/#primaryimage\"},\"image\":{\"@id\":\"https:\/\/collectin.eu\/produktas\/lego-21034-londonas\/#primaryimage\"},\"thumbnailUrl\":\"https:\/\/collectin.eu\/wp-content\/uploads\/2025\/10\/Untitled-design-39.png\",\"datePublished\":\"2025-10-11T07:54:10+00:00\",\"dateModified\":\"2026-04-08T10:25:54+00:00\",\"description\":\"M\u0117gaukis LEGO\u00ae 21034 architekt\u016bros \u012fvairove su \u0161iuo detaliu kalad\u0117li\u0173 modeliu. LEGO modeliai i\u0161 \u201eSkyline\u201c kolekcijos tinkami eksponuoti namuose ir biure.\",\"breadcrumb\":{\"@id\":\"https:\/\/collectin.eu\/produktas\/lego-21034-londonas\/#breadcrumb\"},\"inLanguage\":\"en-US\",\"potentialAction\":[{\"@type\":\"ReadAction\",\"target\":[\"https:\/\/collectin.eu\/produktas\/lego-21034-londonas\/\"]}]},{\"@type\":\"ImageObject\",\"inLanguage\":\"en-US\",\"@id\":\"https:\/\/collectin.eu\/produktas\/lego-21034-londonas\/#primaryimage\",\"url\":\"https:\/\/collectin.eu\/wp-content\/uploads\/2025\/10\/Untitled-design-39.png\",\"contentUrl\":\"https:\/\/collectin.eu\/wp-content\/uploads\/2025\/10\/Untitled-design-39.png\",\"width\":1080,\"height\":1080},{\"@type\":\"BreadcrumbList\",\"@id\":\"https:\/\/collectin.eu\/produktas\/lego-21034-londonas\/#breadcrumb\",\"itemListElement\":[{\"@type\":\"ListItem\",\"position\":1,\"name\":\"Home\",\"item\":\"https:\/\/collectin.eu\/\"},{\"@type\":\"ListItem\",\"position\":2,\"name\":\"Parduotuv\u0117\",\"item\":\"https:\/\/collectin.eu\/parduotuve\/\"},{\"@type\":\"ListItem\",\"position\":3,\"name\":\"LEGO\u00ae 21034 London\"}]},{\"@type\":\"WebSite\",\"@id\":\"https:\/\/collectin.eu\/#website\",\"url\":\"https:\/\/collectin.eu\/\",\"name\":\"Collectin.eu\",\"description\":\"\",\"potentialAction\":[{\"@type\":\"SearchAction\",\"target\":{\"@type\":\"EntryPoint\",\"urlTemplate\":\"https:\/\/collectin.eu\/?s={search_term_string}\"},\"query-input\":{\"@type\":\"PropertyValueSpecification\",\"valueRequired\":true,\"valueName\":\"search_term_string\"}}],\"inLanguage\":\"en-US\"}]}<\/script>\n<!-- \/ Yoast SEO plugin. -->","yoast_head_json":{"title":"LEGO\u00ae 21034 London - Collectin.eu","description":"M\u0117gaukis LEGO\u00ae 21034 architekt\u016bros \u012fvairove su \u0161iuo detaliu kalad\u0117li\u0173 modeliu. LEGO modeliai i\u0161 \u201eSkyline\u201c kolekcijos tinkami eksponuoti namuose ir biure.","robots":{"index":"index","follow":"follow","max-snippet":"max-snippet:-1","max-image-preview":"max-image-preview:large","max-video-preview":"max-video-preview:-1"},"canonical":"https:\/\/collectin.eu\/en\/product\/lego-21034-londonas\/","og_locale":"en_US","og_type":"article","og_title":"LEGO\u00ae 21034 London - Collectin.eu","og_description":"M\u0117gaukis LEGO\u00ae 21034 architekt\u016bros \u012fvairove su \u0161iuo detaliu kalad\u0117li\u0173 modeliu. LEGO modeliai i\u0161 \u201eSkyline\u201c kolekcijos tinkami eksponuoti namuose ir biure.","og_url":"https:\/\/collectin.eu\/en\/product\/lego-21034-londonas\/","og_site_name":"Collectin.eu","article_modified_time":"2026-04-08T10:25:54+00:00","og_image":[{"width":1080,"height":1080,"url":"http:\/\/collectin.eu\/wp-content\/uploads\/2025\/10\/Untitled-design-39.png","type":"image\/png"}],"twitter_card":"summary_large_image","twitter_misc":{"Est. reading time":"2 minutes"},"schema":{"@context":"https:\/\/schema.org","@graph":[{"@type":"WebPage","@id":"https:\/\/collectin.eu\/produktas\/lego-21034-londonas\/","url":"https:\/\/collectin.eu\/produktas\/lego-21034-londonas\/","name":"LEGO\u00ae 21034 London - Collectin.eu","isPartOf":{"@id":"https:\/\/collectin.eu\/#website"},"primaryImageOfPage":{"@id":"https:\/\/collectin.eu\/produktas\/lego-21034-londonas\/#primaryimage"},"image":{"@id":"https:\/\/collectin.eu\/produktas\/lego-21034-londonas\/#primaryimage"},"thumbnailUrl":"https:\/\/collectin.eu\/wp-content\/uploads\/2025\/10\/Untitled-design-39.png","datePublished":"2025-10-11T07:54:10+00:00","dateModified":"2026-04-08T10:25:54+00:00","description":"M\u0117gaukis LEGO\u00ae 21034 architekt\u016bros \u012fvairove su \u0161iuo detaliu kalad\u0117li\u0173 modeliu. LEGO modeliai i\u0161 \u201eSkyline\u201c kolekcijos tinkami eksponuoti namuose ir biure.","breadcrumb":{"@id":"https:\/\/collectin.eu\/produktas\/lego-21034-londonas\/#breadcrumb"},"inLanguage":"en-US","potentialAction":[{"@type":"ReadAction","target":["https:\/\/collectin.eu\/produktas\/lego-21034-londonas\/"]}]},{"@type":"ImageObject","inLanguage":"en-US","@id":"https:\/\/collectin.eu\/produktas\/lego-21034-londonas\/#primaryimage","url":"https:\/\/collectin.eu\/wp-content\/uploads\/2025\/10\/Untitled-design-39.png","contentUrl":"https:\/\/collectin.eu\/wp-content\/uploads\/2025\/10\/Untitled-design-39.png","width":1080,"height":1080},{"@type":"BreadcrumbList","@id":"https:\/\/collectin.eu\/produktas\/lego-21034-londonas\/#breadcrumb","itemListElement":[{"@type":"ListItem","position":1,"name":"Home","item":"https:\/\/collectin.eu\/"},{"@type":"ListItem","position":2,"name":"Parduotuv\u0117","item":"https:\/\/collectin.eu\/parduotuve\/"},{"@type":"ListItem","position":3,"name":"LEGO\u00ae 21034 London"}]},{"@type":"WebSite","@id":"https:\/\/collectin.eu\/#website","url":"https:\/\/collectin.eu\/","name":"Collectin.eu","description":"","potentialAction":[{"@type":"SearchAction","target":{"@type":"EntryPoint","urlTemplate":"https:\/\/collectin.eu\/?s={search_term_string}"},"query-input":{"@type":"PropertyValueSpecification","valueRequired":true,"valueName":"search_term_string"}}],"inLanguage":"en-US"}]}},"jetpack_sharing_enabled":true,"_links":{"self":[{"href":"https:\/\/collectin.eu\/en\/wp-json\/wp\/v2\/product\/37492","targetHints":{"allow":["GET"]}}],"collection":[{"href":"https:\/\/collectin.eu\/en\/wp-json\/wp\/v2\/product"}],"about":[{"href":"https:\/\/collectin.eu\/en\/wp-json\/wp\/v2\/types\/product"}],"replies":[{"embeddable":true,"href":"https:\/\/collectin.eu\/en\/wp-json\/wp\/v2\/comments?post=37492"}],"version-history":[{"count":3,"href":"https:\/\/collectin.eu\/en\/wp-json\/wp\/v2\/product\/37492\/revisions"}],"predecessor-version":[{"id":40293,"href":"https:\/\/collectin.eu\/en\/wp-json\/wp\/v2\/product\/37492\/revisions\/40293"}],"wp:featuredmedia":[{"embeddable":true,"href":"https:\/\/collectin.eu\/en\/wp-json\/wp\/v2\/media\/37495"}],"wp:attachment":[{"href":"https:\/\/collectin.eu\/en\/wp-json\/wp\/v2\/media?parent=37492"}],"wp:term":[{"taxonomy":"product_brand","embeddable":true,"href":"https:\/\/collectin.eu\/en\/wp-json\/wp\/v2\/product_brand?post=37492"},{"taxonomy":"product_cat","embeddable":true,"href":"https:\/\/collectin.eu\/en\/wp-json\/wp\/v2\/product_cat?post=37492"},{"taxonomy":"product_tag","embeddable":true,"href":"https:\/\/collectin.eu\/en\/wp-json\/wp\/v2\/product_tag?post=37492"}],"curies":[{"name":"wp","href":"https:\/\/api.w.org\/{rel}","templated":true}]}}