{"id":37500,"date":"2025-10-11T08:06:38","date_gmt":"2025-10-11T08:06:38","guid":{"rendered":"https:\/\/collectin.eu\/?post_type=product&#038;p=37500"},"modified":"2026-04-08T10:25:53","modified_gmt":"2026-04-08T10:25:53","slug":"lego-21045-trafalgar-square","status":"publish","type":"product","link":"https:\/\/collectin.eu\/en\/product\/lego-21045-trafalgar-square\/","title":{"rendered":"LEGO\u00ae 21045 Trafalgar Square"},"content":{"rendered":"<p>Perteikite istorin\u0117s Londono vietos dvasi\u0105 su \u201eLEGO\u00ae Architecture\u201c 21045 rinkiniu \u201eTrafalgaro Aik\u0161t\u0117\u201c. 1805 m. j\u016br\u0173 m\u016b\u0161io prie\u0161 Napoleon\u0105 nugal\u0117tojo Admirolo Horacijaus Nelsono garbei pavadinta aik\u0161t\u0117 tapo populiariu turist\u0173 traukos centru ir bendruomen\u0117s bei politini\u0173 susib\u016brim\u0173 vieta. \u0160i detali LEGO interpretacija vaizduoja nacionalin\u0119 galerij\u0105 su kupolu ir kolonomis papuo\u0161tu fasadu, Nelsono kolon\u0105, \u0161alia kurios stovi 4 li\u016btai, garsiuosius aik\u0161t\u0117s fontanus ir \u017eymiuosius 4 skulpt\u016br\u0173 pjedestalus. Galima nuimti nacionalin\u0117s galerijos u\u017epakalin\u0117s pus\u0117s dalis ir pasiekti detal\u0173 vid\u0173, kuriame yra i\u0161 kalad\u0117li\u0173 sukonstruojama statula ir paveikslai. Model\u012f papildo med\u017eiais papuo\u0161ti kra\u0161tai, puo\u0161n\u016bs \u017eibint\u0173 stulpai, 2 Londono autobusai, 2 juodi taksi automobiliai ir plyteli\u0173 pagrindas, vaizduojantis aik\u0161t\u0119 ir j\u0105 supan\u010dius kelius. \u0160is kolekcinis konstravimo rinkinys turi dekoratyvin\u0119 pavadinimo lentel\u0119 ir j\u012f labai malonu konstruoti visiems besidomintiems architekt\u016bra, kelion\u0117mis, istorija ir dizainu, be to, jis gali tapti ikoni\u0161ku nam\u0173 arba biuro akcentu.<\/p>\n<ul>\n<li>Garsiojo Londono paminklo, Trafalgaro aik\u0161t\u0117s, \u201eLEGO\u00ae Architecture\u201c interpretacija.<\/li>\n<li>Rinkin\u012f sudaro nacionalin\u0117 galerija, Nelsono kolona, kuri\u0105 supa 4 li\u016btai, 2 fontanai, 4 skulpt\u016br\u0173 pjedestalai, 10 med\u017ei\u0173, 6 \u017eibint\u0173 stulpai ir plyteli\u0173 pagrindas, vaizduojantis aik\u0161t\u0119 ir keli\u0173 atkarpas, kuriose yra 2 Londono autobusai ir 2 juodi taksi automobiliai.<\/li>\n<li>Pridedamoje knygel\u0117je pateikiama informacija apie kiekvieno statinio architekt\u016br\u0105 ir istorij\u0105 ir istorini\u0173 fakt\u0173 apie Trafalgaro aik\u0161t\u0119 ir jos kult\u016brin\u012f paveld\u0105 (tik angl\u0173 kalba. Kitomis kalbomis galima rasti adresu LEGO.com\/architecture).<\/li>\n<li>Rinkinyje yra dekoratyvin\u0117 Trafalgaro aik\u0161t\u0117s pavadinimo plok\u0161tel\u0117.<\/li>\n<li>LEGO\u00ae Architecture rinkiniai architekt\u016bros pasaul\u012f pagerbia naudodami LEGO konstravimo kalad\u0117les ir sukurti visiems, kam \u012fdomu kelion\u0117s, dizainas, architekt\u016bra ir istorija.<\/li>\n<li>\u0160iame rinkinyje yra daugiau kaip 1 190 detali\u0173.<\/li>\n<li>M\u0117gaukit\u0117s maloniai sud\u0117tingu, bet savo rezultatu d\u017eiuginan\u010dio konstravimo su \u0161iuo LEGO\u00ae Architecture rinkiniu.<\/li>\n<li>Matmenys: daugiau kaip 12 cm (4 col.) auk\u0161\u010dio, 24 cm (9 col.) plo\u010dio ir 20 cm (7 col.) gylio.<\/li>\n<\/ul>","protected":false},"excerpt":{"rendered":"<p>Perteikite istorin\u0117s Londono vietos dvasi\u0105 su \u201eLEGO\u00ae Architecture\u201c 21045 rinkiniu \u201eTrafalgaro Aik\u0161t\u0117\u201c. 1805 m. j\u016br\u0173 m\u016b\u0161io prie\u0161 Napoleon\u0105 nugal\u0117tojo Admirolo<\/p>","protected":false},"featured_media":38592,"comment_status":"open","ping_status":"closed","template":"","meta":[],"product_brand":[423],"product_cat":[677,406,433],"product_tag":[450],"class_list":{"0":"post-37500","1":"product","2":"type-product","3":"status-publish","4":"has-post-thumbnail","6":"product_brand-lego","7":"product_cat-lego-konstruktoriai","8":"product_cat-lego","9":"product_cat-lego-architecture","10":"product_tag-konstruktoriai","12":"first","13":"instock","14":"taxable","15":"shipping-taxable","16":"purchasable","17":"product-type-simple"},"yoast_head":"<!-- This site is optimized with the Yoast SEO plugin v25.9 - https:\/\/yoast.com\/wordpress\/plugins\/seo\/ -->\n<title>LEGO\u00ae 21045 Trafalgar Square - Collectin.eu<\/title>\n<meta name=\"description\" content=\"LEGO\u00ae 21045 Trafalgaro aik\u0161t\u0117 rinkinys turi dekoratyvin\u0119 pavadinimo lentel\u0119 ir j\u012f labai malonu konstruoti visiems besidomintiems architekt\u016bra\" \/>\n<meta name=\"robots\" content=\"index, follow, max-snippet:-1, max-image-preview:large, max-video-preview:-1\" \/>\n<link rel=\"canonical\" href=\"https:\/\/collectin.eu\/en\/product\/lego-21045-trafalgar-square\/\" \/>\n<meta property=\"og:locale\" content=\"en_US\" \/>\n<meta property=\"og:type\" content=\"article\" \/>\n<meta property=\"og:title\" content=\"LEGO\u00ae 21045 Trafalgar Square - Collectin.eu\" \/>\n<meta property=\"og:description\" content=\"LEGO\u00ae 21045 Trafalgaro aik\u0161t\u0117 rinkinys turi dekoratyvin\u0119 pavadinimo lentel\u0119 ir j\u012f labai malonu konstruoti visiems besidomintiems architekt\u016bra\" \/>\n<meta property=\"og:url\" content=\"https:\/\/collectin.eu\/en\/product\/lego-21045-trafalgar-square\/\" \/>\n<meta property=\"og:site_name\" content=\"Collectin.eu\" \/>\n<meta property=\"article:modified_time\" content=\"2026-04-08T10:25:53+00:00\" \/>\n<meta property=\"og:image\" content=\"http:\/\/collectin.eu\/wp-content\/uploads\/2025\/10\/Untitled-design-56-1.png\" \/>\n\t<meta property=\"og:image:width\" content=\"1080\" \/>\n\t<meta property=\"og:image:height\" content=\"1080\" \/>\n\t<meta property=\"og:image:type\" content=\"image\/png\" \/>\n<meta name=\"twitter:card\" content=\"summary_large_image\" \/>\n<meta name=\"twitter:label1\" content=\"Est. reading time\" \/>\n\t<meta name=\"twitter:data1\" content=\"2 minutes\" \/>\n<script type=\"application\/ld+json\" class=\"yoast-schema-graph\">{\"@context\":\"https:\/\/schema.org\",\"@graph\":[{\"@type\":\"WebPage\",\"@id\":\"https:\/\/collectin.eu\/produktas\/lego-21045-trafalgar-square\/\",\"url\":\"https:\/\/collectin.eu\/produktas\/lego-21045-trafalgar-square\/\",\"name\":\"LEGO\u00ae 21045 Trafalgar Square - Collectin.eu\",\"isPartOf\":{\"@id\":\"https:\/\/collectin.eu\/#website\"},\"primaryImageOfPage\":{\"@id\":\"https:\/\/collectin.eu\/produktas\/lego-21045-trafalgar-square\/#primaryimage\"},\"image\":{\"@id\":\"https:\/\/collectin.eu\/produktas\/lego-21045-trafalgar-square\/#primaryimage\"},\"thumbnailUrl\":\"https:\/\/collectin.eu\/wp-content\/uploads\/2025\/10\/Untitled-design-56-1.png\",\"datePublished\":\"2025-10-11T08:06:38+00:00\",\"dateModified\":\"2026-04-08T10:25:53+00:00\",\"description\":\"LEGO\u00ae 21045 Trafalgaro aik\u0161t\u0117 rinkinys turi dekoratyvin\u0119 pavadinimo lentel\u0119 ir j\u012f labai malonu konstruoti visiems besidomintiems architekt\u016bra\",\"breadcrumb\":{\"@id\":\"https:\/\/collectin.eu\/produktas\/lego-21045-trafalgar-square\/#breadcrumb\"},\"inLanguage\":\"en-US\",\"potentialAction\":[{\"@type\":\"ReadAction\",\"target\":[\"https:\/\/collectin.eu\/produktas\/lego-21045-trafalgar-square\/\"]}]},{\"@type\":\"ImageObject\",\"inLanguage\":\"en-US\",\"@id\":\"https:\/\/collectin.eu\/produktas\/lego-21045-trafalgar-square\/#primaryimage\",\"url\":\"https:\/\/collectin.eu\/wp-content\/uploads\/2025\/10\/Untitled-design-56-1.png\",\"contentUrl\":\"https:\/\/collectin.eu\/wp-content\/uploads\/2025\/10\/Untitled-design-56-1.png\",\"width\":1080,\"height\":1080},{\"@type\":\"BreadcrumbList\",\"@id\":\"https:\/\/collectin.eu\/produktas\/lego-21045-trafalgar-square\/#breadcrumb\",\"itemListElement\":[{\"@type\":\"ListItem\",\"position\":1,\"name\":\"Home\",\"item\":\"https:\/\/collectin.eu\/\"},{\"@type\":\"ListItem\",\"position\":2,\"name\":\"Parduotuv\u0117\",\"item\":\"https:\/\/collectin.eu\/parduotuve\/\"},{\"@type\":\"ListItem\",\"position\":3,\"name\":\"LEGO\u00ae 21045 Trafalgar Square\"}]},{\"@type\":\"WebSite\",\"@id\":\"https:\/\/collectin.eu\/#website\",\"url\":\"https:\/\/collectin.eu\/\",\"name\":\"Collectin.eu\",\"description\":\"\",\"potentialAction\":[{\"@type\":\"SearchAction\",\"target\":{\"@type\":\"EntryPoint\",\"urlTemplate\":\"https:\/\/collectin.eu\/?s={search_term_string}\"},\"query-input\":{\"@type\":\"PropertyValueSpecification\",\"valueRequired\":true,\"valueName\":\"search_term_string\"}}],\"inLanguage\":\"en-US\"}]}<\/script>\n<!-- \/ Yoast SEO plugin. -->","yoast_head_json":{"title":"LEGO\u00ae 21045 Trafalgar Square - Collectin.eu","description":"LEGO\u00ae 21045 Trafalgaro aik\u0161t\u0117 rinkinys turi dekoratyvin\u0119 pavadinimo lentel\u0119 ir j\u012f labai malonu konstruoti visiems besidomintiems architekt\u016bra","robots":{"index":"index","follow":"follow","max-snippet":"max-snippet:-1","max-image-preview":"max-image-preview:large","max-video-preview":"max-video-preview:-1"},"canonical":"https:\/\/collectin.eu\/en\/product\/lego-21045-trafalgar-square\/","og_locale":"en_US","og_type":"article","og_title":"LEGO\u00ae 21045 Trafalgar Square - Collectin.eu","og_description":"LEGO\u00ae 21045 Trafalgaro aik\u0161t\u0117 rinkinys turi dekoratyvin\u0119 pavadinimo lentel\u0119 ir j\u012f labai malonu konstruoti visiems besidomintiems architekt\u016bra","og_url":"https:\/\/collectin.eu\/en\/product\/lego-21045-trafalgar-square\/","og_site_name":"Collectin.eu","article_modified_time":"2026-04-08T10:25:53+00:00","og_image":[{"width":1080,"height":1080,"url":"http:\/\/collectin.eu\/wp-content\/uploads\/2025\/10\/Untitled-design-56-1.png","type":"image\/png"}],"twitter_card":"summary_large_image","twitter_misc":{"Est. reading time":"2 minutes"},"schema":{"@context":"https:\/\/schema.org","@graph":[{"@type":"WebPage","@id":"https:\/\/collectin.eu\/produktas\/lego-21045-trafalgar-square\/","url":"https:\/\/collectin.eu\/produktas\/lego-21045-trafalgar-square\/","name":"LEGO\u00ae 21045 Trafalgar Square - Collectin.eu","isPartOf":{"@id":"https:\/\/collectin.eu\/#website"},"primaryImageOfPage":{"@id":"https:\/\/collectin.eu\/produktas\/lego-21045-trafalgar-square\/#primaryimage"},"image":{"@id":"https:\/\/collectin.eu\/produktas\/lego-21045-trafalgar-square\/#primaryimage"},"thumbnailUrl":"https:\/\/collectin.eu\/wp-content\/uploads\/2025\/10\/Untitled-design-56-1.png","datePublished":"2025-10-11T08:06:38+00:00","dateModified":"2026-04-08T10:25:53+00:00","description":"LEGO\u00ae 21045 Trafalgaro aik\u0161t\u0117 rinkinys turi dekoratyvin\u0119 pavadinimo lentel\u0119 ir j\u012f labai malonu konstruoti visiems besidomintiems architekt\u016bra","breadcrumb":{"@id":"https:\/\/collectin.eu\/produktas\/lego-21045-trafalgar-square\/#breadcrumb"},"inLanguage":"en-US","potentialAction":[{"@type":"ReadAction","target":["https:\/\/collectin.eu\/produktas\/lego-21045-trafalgar-square\/"]}]},{"@type":"ImageObject","inLanguage":"en-US","@id":"https:\/\/collectin.eu\/produktas\/lego-21045-trafalgar-square\/#primaryimage","url":"https:\/\/collectin.eu\/wp-content\/uploads\/2025\/10\/Untitled-design-56-1.png","contentUrl":"https:\/\/collectin.eu\/wp-content\/uploads\/2025\/10\/Untitled-design-56-1.png","width":1080,"height":1080},{"@type":"BreadcrumbList","@id":"https:\/\/collectin.eu\/produktas\/lego-21045-trafalgar-square\/#breadcrumb","itemListElement":[{"@type":"ListItem","position":1,"name":"Home","item":"https:\/\/collectin.eu\/"},{"@type":"ListItem","position":2,"name":"Parduotuv\u0117","item":"https:\/\/collectin.eu\/parduotuve\/"},{"@type":"ListItem","position":3,"name":"LEGO\u00ae 21045 Trafalgar Square"}]},{"@type":"WebSite","@id":"https:\/\/collectin.eu\/#website","url":"https:\/\/collectin.eu\/","name":"Collectin.eu","description":"","potentialAction":[{"@type":"SearchAction","target":{"@type":"EntryPoint","urlTemplate":"https:\/\/collectin.eu\/?s={search_term_string}"},"query-input":{"@type":"PropertyValueSpecification","valueRequired":true,"valueName":"search_term_string"}}],"inLanguage":"en-US"}]}},"jetpack_sharing_enabled":true,"_links":{"self":[{"href":"https:\/\/collectin.eu\/en\/wp-json\/wp\/v2\/product\/37500","targetHints":{"allow":["GET"]}}],"collection":[{"href":"https:\/\/collectin.eu\/en\/wp-json\/wp\/v2\/product"}],"about":[{"href":"https:\/\/collectin.eu\/en\/wp-json\/wp\/v2\/types\/product"}],"replies":[{"embeddable":true,"href":"https:\/\/collectin.eu\/en\/wp-json\/wp\/v2\/comments?post=37500"}],"version-history":[{"count":3,"href":"https:\/\/collectin.eu\/en\/wp-json\/wp\/v2\/product\/37500\/revisions"}],"predecessor-version":[{"id":40294,"href":"https:\/\/collectin.eu\/en\/wp-json\/wp\/v2\/product\/37500\/revisions\/40294"}],"wp:featuredmedia":[{"embeddable":true,"href":"https:\/\/collectin.eu\/en\/wp-json\/wp\/v2\/media\/38592"}],"wp:attachment":[{"href":"https:\/\/collectin.eu\/en\/wp-json\/wp\/v2\/media?parent=37500"}],"wp:term":[{"taxonomy":"product_brand","embeddable":true,"href":"https:\/\/collectin.eu\/en\/wp-json\/wp\/v2\/product_brand?post=37500"},{"taxonomy":"product_cat","embeddable":true,"href":"https:\/\/collectin.eu\/en\/wp-json\/wp\/v2\/product_cat?post=37500"},{"taxonomy":"product_tag","embeddable":true,"href":"https:\/\/collectin.eu\/en\/wp-json\/wp\/v2\/product_tag?post=37500"}],"curies":[{"name":"wp","href":"https:\/\/api.w.org\/{rel}","templated":true}]}}