{"id":37505,"date":"2025-10-11T08:15:56","date_gmt":"2025-10-11T08:15:56","guid":{"rendered":"https:\/\/collectin.eu\/?post_type=product&#038;p=37505"},"modified":"2026-04-08T10:25:53","modified_gmt":"2026-04-08T10:25:53","slug":"lego-76420-triwizard-tournament-the-black-lake","status":"publish","type":"product","link":"https:\/\/collectin.eu\/en\/product\/lego-76420-triwizard-tournament-the-black-lake\/","title":{"rendered":"LEGO\u00ae 76420 Triwizard Tournament: The Black Lake"},"content":{"rendered":"<p>Vaikai gali surengti u\u017eburian\u010dias var\u017eybas su LEGO\u00ae Harry Potter Trikov\u0117s turnyro: Juodojo e\u017eero (76420) rinkiniu. \u0160auni dovanos id\u0117ja vaikams nuo 8 met\u0173. Rinkinyje yra konstruojama povandenin\u0117 scena su arkos griuv\u0117siais, 2 urvais ir lanks\u010diais LEGO elementais, leid\u017eian\u010diais sukurti 2 pl\u016bduriuojan\u010di\u0173 minifig\u016br\u0117li\u0173 efekt\u0105, taip pat prieplaukos modelis su minifig\u016br\u0117l\u0117s nardymo funkcija. Model\u012f galima pastatyti ant povandenin\u0117s scenos.<\/p>\n<p>Legendiniai persona\u017eai<br \/>\nAtgaivink klasikin\u0119 filmo \u201eHaris Poteris ir ugnies taur\u0117\u201c scen\u0105 su 5\u00a0minifig\u016br\u0117l\u0117mis, \u012fskaitant Har\u012f Poter\u012f su Peleko elementais ir Viktor\u0105 Krum\u0105 su ryklio galvos elementu, kad pad\u0117tum jiems i\u0161gelb\u0117ti Hermion\u0105 \u012ekyr\u0117l\u0119 ir Ron\u012f Vizl\u012f. Gerb\u0117jus \u017eaidimui taip pat \u012fkv\u0117ps undino minifig\u016br\u0117l\u0117, nauja 2023 met\u0173 kovo m\u0117nesio gabikio fig\u016br\u0117l\u0117 ir papildomi elementai \u2013 \u017eiauna\u017eol\u0117s eliksyras ir kiti.<\/p>\n<p>Konstravimas su program\u0117le<br \/>\nSu program\u0117le \u201eLEGO Builder\u201c j\u016bs\u0173 vaikas gali leistis \u012f ai\u0161k\u0173 konstravimo nuotyk\u012f. Program\u0117l\u0117je galima priartinti irsukin\u0117ti trima\u010dius modelius, i\u0161saugoti rinkinius ir steb\u0117ti savo progres\u0105.<\/p>\n<ul>\n<li>Surenkite magi\u0161kas var\u017eybas. Su \u0161iuo LEGO\u00ae Harry Potter konstravimo rinkiniu (76420) vaikai nuo 8 met\u0173 gali surengti magi\u0161kas var\u017eybas ir atkurti filmo \u201eHaris Poteris ir ugnies taur\u0117\u201c Trikov\u0117s turnyro u\u017eduotis Juodajame e\u017eere<\/li>\n<li>Rinkinyje yra 5 LEGO\u00ae minifig\u016br\u0117l\u0117s ir 2 LEGO fig\u016br\u0117l\u0117s \u2013 Harry Potter su peleko elementais, Viktoras Krumas su ryklio galvos elementu, Hermiona \u012ekyr\u0117l\u0117, Ronis Vizlis ir undinas, taip pat gabikio ir krab\u0173 fig\u016br\u0117l\u0117s<\/li>\n<li>Povandenin\u0117 Juodojo e\u017eero scena. Rinkinyje yra konstruojamas arkos griuv\u0117sio fragmentas su 2 lanks\u010diais LEGO\u00ae elementais, leid\u017eian\u010diais sukurti pl\u016bduriuojan\u010di\u0173 Hermionos \u012ekyr\u0117l\u0117s ir Ronio Vizlio efekt\u0105, taip pat 2 urvai su pasl\u0117ptu lobiu<\/li>\n<li>Konstruojamas prieplaukos modelis ir irklin\u0117 valtis. Prieplauka turi minifig\u016br\u0117l\u0117s nardymo funkcij\u0105 ir besisukant\u012f laikrod\u012f, taip pat papildom\u0173 element\u0173 viduje \u2013 katiliuk\u0105 ir \u017eiauna\u017eol\u0117s eliksyr\u0105<\/li>\n<li>Dovanos id\u0117ja. Padovanok \u0161\u012f 349\u00a0dali\u0173 LEGO\u00ae Harry Potter konstravimo rinkin\u012f kaip staigmen\u0105, gimtadienio ar \u0161ven\u010di\u0173 dovan\u0105 vaikams nuo 8 met\u0173, kuriems patinka Haris Poteris ir burtinink\u0173 pasaulis<\/li>\n<\/ul>","protected":false},"excerpt":{"rendered":"<p>Vaikai gali surengti u\u017eburian\u010dias var\u017eybas su LEGO\u00ae Harry Potter Trikov\u0117s turnyro: Juodojo e\u017eero (76420) rinkiniu. \u0160auni dovanos id\u0117ja vaikams nuo<\/p>","protected":false},"featured_media":38591,"comment_status":"open","ping_status":"closed","template":"","meta":[],"product_brand":[423],"product_cat":[677,406,438],"product_tag":[450],"class_list":{"0":"post-37505","1":"product","2":"type-product","3":"status-publish","4":"has-post-thumbnail","6":"product_brand-lego","7":"product_cat-lego-konstruktoriai","8":"product_cat-lego","9":"product_cat-lego-harry-potter","10":"product_tag-konstruktoriai","12":"first","13":"instock","14":"taxable","15":"shipping-taxable","16":"purchasable","17":"product-type-simple"},"yoast_head":"<!-- This site is optimized with the Yoast SEO plugin v25.9 - https:\/\/yoast.com\/wordpress\/plugins\/seo\/ -->\n<title>LEGO\u00ae 76420 Triwizard Tournament: The Black Lake - Collectin.eu<\/title>\n<meta name=\"description\" content=\"Legendiniai persona\u017eai. Atgaivink klasikin\u0119 filmo \u201eHaris Poteris ir ugnies taur\u0117\u201c scen\u0105 su 5\u00a0minifig\u016br\u0117l\u0117mis, \u012fskaitant Har\u012f Poter\u012f.\" \/>\n<meta name=\"robots\" content=\"index, follow, max-snippet:-1, max-image-preview:large, max-video-preview:-1\" \/>\n<link rel=\"canonical\" href=\"https:\/\/collectin.eu\/en\/product\/lego-76420-triwizard-tournament-the-black-lake\/\" \/>\n<meta property=\"og:locale\" content=\"en_US\" \/>\n<meta property=\"og:type\" content=\"article\" \/>\n<meta property=\"og:title\" content=\"LEGO\u00ae 76420 Triwizard Tournament: The Black Lake - Collectin.eu\" \/>\n<meta property=\"og:description\" content=\"Legendiniai persona\u017eai. Atgaivink klasikin\u0119 filmo \u201eHaris Poteris ir ugnies taur\u0117\u201c scen\u0105 su 5\u00a0minifig\u016br\u0117l\u0117mis, \u012fskaitant Har\u012f Poter\u012f.\" \/>\n<meta property=\"og:url\" content=\"https:\/\/collectin.eu\/en\/product\/lego-76420-triwizard-tournament-the-black-lake\/\" \/>\n<meta property=\"og:site_name\" content=\"Collectin.eu\" \/>\n<meta property=\"article:modified_time\" content=\"2026-04-08T10:25:53+00:00\" \/>\n<meta property=\"og:image\" content=\"http:\/\/collectin.eu\/wp-content\/uploads\/2025\/10\/Untitled-design-55-1.png\" \/>\n\t<meta property=\"og:image:width\" content=\"1080\" \/>\n\t<meta property=\"og:image:height\" content=\"1080\" \/>\n\t<meta property=\"og:image:type\" content=\"image\/png\" \/>\n<meta name=\"twitter:card\" content=\"summary_large_image\" \/>\n<meta name=\"twitter:label1\" content=\"Est. reading time\" \/>\n\t<meta name=\"twitter:data1\" content=\"2 minutes\" \/>\n<script type=\"application\/ld+json\" class=\"yoast-schema-graph\">{\"@context\":\"https:\/\/schema.org\",\"@graph\":[{\"@type\":\"WebPage\",\"@id\":\"https:\/\/collectin.eu\/produktas\/lego-76420-triwizard-tournament-the-black-lake\/\",\"url\":\"https:\/\/collectin.eu\/produktas\/lego-76420-triwizard-tournament-the-black-lake\/\",\"name\":\"LEGO\u00ae 76420 Triwizard Tournament: The Black Lake - Collectin.eu\",\"isPartOf\":{\"@id\":\"https:\/\/collectin.eu\/#website\"},\"primaryImageOfPage\":{\"@id\":\"https:\/\/collectin.eu\/produktas\/lego-76420-triwizard-tournament-the-black-lake\/#primaryimage\"},\"image\":{\"@id\":\"https:\/\/collectin.eu\/produktas\/lego-76420-triwizard-tournament-the-black-lake\/#primaryimage\"},\"thumbnailUrl\":\"https:\/\/collectin.eu\/wp-content\/uploads\/2025\/10\/Untitled-design-55-1.png\",\"datePublished\":\"2025-10-11T08:15:56+00:00\",\"dateModified\":\"2026-04-08T10:25:53+00:00\",\"description\":\"Legendiniai persona\u017eai. Atgaivink klasikin\u0119 filmo \u201eHaris Poteris ir ugnies taur\u0117\u201c scen\u0105 su 5\u00a0minifig\u016br\u0117l\u0117mis, \u012fskaitant Har\u012f Poter\u012f.\",\"breadcrumb\":{\"@id\":\"https:\/\/collectin.eu\/produktas\/lego-76420-triwizard-tournament-the-black-lake\/#breadcrumb\"},\"inLanguage\":\"en-US\",\"potentialAction\":[{\"@type\":\"ReadAction\",\"target\":[\"https:\/\/collectin.eu\/produktas\/lego-76420-triwizard-tournament-the-black-lake\/\"]}]},{\"@type\":\"ImageObject\",\"inLanguage\":\"en-US\",\"@id\":\"https:\/\/collectin.eu\/produktas\/lego-76420-triwizard-tournament-the-black-lake\/#primaryimage\",\"url\":\"https:\/\/collectin.eu\/wp-content\/uploads\/2025\/10\/Untitled-design-55-1.png\",\"contentUrl\":\"https:\/\/collectin.eu\/wp-content\/uploads\/2025\/10\/Untitled-design-55-1.png\",\"width\":1080,\"height\":1080},{\"@type\":\"BreadcrumbList\",\"@id\":\"https:\/\/collectin.eu\/produktas\/lego-76420-triwizard-tournament-the-black-lake\/#breadcrumb\",\"itemListElement\":[{\"@type\":\"ListItem\",\"position\":1,\"name\":\"Home\",\"item\":\"https:\/\/collectin.eu\/\"},{\"@type\":\"ListItem\",\"position\":2,\"name\":\"Parduotuv\u0117\",\"item\":\"https:\/\/collectin.eu\/parduotuve\/\"},{\"@type\":\"ListItem\",\"position\":3,\"name\":\"LEGO\u00ae 76420 Triwizard Tournament: The Black Lake\"}]},{\"@type\":\"WebSite\",\"@id\":\"https:\/\/collectin.eu\/#website\",\"url\":\"https:\/\/collectin.eu\/\",\"name\":\"Collectin.eu\",\"description\":\"\",\"potentialAction\":[{\"@type\":\"SearchAction\",\"target\":{\"@type\":\"EntryPoint\",\"urlTemplate\":\"https:\/\/collectin.eu\/?s={search_term_string}\"},\"query-input\":{\"@type\":\"PropertyValueSpecification\",\"valueRequired\":true,\"valueName\":\"search_term_string\"}}],\"inLanguage\":\"en-US\"}]}<\/script>\n<!-- \/ Yoast SEO plugin. -->","yoast_head_json":{"title":"LEGO\u00ae 76420 Triwizard Tournament: The Black Lake - Collectin.eu","description":"Legendiniai persona\u017eai. Atgaivink klasikin\u0119 filmo \u201eHaris Poteris ir ugnies taur\u0117\u201c scen\u0105 su 5\u00a0minifig\u016br\u0117l\u0117mis, \u012fskaitant Har\u012f Poter\u012f.","robots":{"index":"index","follow":"follow","max-snippet":"max-snippet:-1","max-image-preview":"max-image-preview:large","max-video-preview":"max-video-preview:-1"},"canonical":"https:\/\/collectin.eu\/en\/product\/lego-76420-triwizard-tournament-the-black-lake\/","og_locale":"en_US","og_type":"article","og_title":"LEGO\u00ae 76420 Triwizard Tournament: The Black Lake - Collectin.eu","og_description":"Legendiniai persona\u017eai. Atgaivink klasikin\u0119 filmo \u201eHaris Poteris ir ugnies taur\u0117\u201c scen\u0105 su 5\u00a0minifig\u016br\u0117l\u0117mis, \u012fskaitant Har\u012f Poter\u012f.","og_url":"https:\/\/collectin.eu\/en\/product\/lego-76420-triwizard-tournament-the-black-lake\/","og_site_name":"Collectin.eu","article_modified_time":"2026-04-08T10:25:53+00:00","og_image":[{"width":1080,"height":1080,"url":"http:\/\/collectin.eu\/wp-content\/uploads\/2025\/10\/Untitled-design-55-1.png","type":"image\/png"}],"twitter_card":"summary_large_image","twitter_misc":{"Est. reading time":"2 minutes"},"schema":{"@context":"https:\/\/schema.org","@graph":[{"@type":"WebPage","@id":"https:\/\/collectin.eu\/produktas\/lego-76420-triwizard-tournament-the-black-lake\/","url":"https:\/\/collectin.eu\/produktas\/lego-76420-triwizard-tournament-the-black-lake\/","name":"LEGO\u00ae 76420 Triwizard Tournament: The Black Lake - Collectin.eu","isPartOf":{"@id":"https:\/\/collectin.eu\/#website"},"primaryImageOfPage":{"@id":"https:\/\/collectin.eu\/produktas\/lego-76420-triwizard-tournament-the-black-lake\/#primaryimage"},"image":{"@id":"https:\/\/collectin.eu\/produktas\/lego-76420-triwizard-tournament-the-black-lake\/#primaryimage"},"thumbnailUrl":"https:\/\/collectin.eu\/wp-content\/uploads\/2025\/10\/Untitled-design-55-1.png","datePublished":"2025-10-11T08:15:56+00:00","dateModified":"2026-04-08T10:25:53+00:00","description":"Legendiniai persona\u017eai. Atgaivink klasikin\u0119 filmo \u201eHaris Poteris ir ugnies taur\u0117\u201c scen\u0105 su 5\u00a0minifig\u016br\u0117l\u0117mis, \u012fskaitant Har\u012f Poter\u012f.","breadcrumb":{"@id":"https:\/\/collectin.eu\/produktas\/lego-76420-triwizard-tournament-the-black-lake\/#breadcrumb"},"inLanguage":"en-US","potentialAction":[{"@type":"ReadAction","target":["https:\/\/collectin.eu\/produktas\/lego-76420-triwizard-tournament-the-black-lake\/"]}]},{"@type":"ImageObject","inLanguage":"en-US","@id":"https:\/\/collectin.eu\/produktas\/lego-76420-triwizard-tournament-the-black-lake\/#primaryimage","url":"https:\/\/collectin.eu\/wp-content\/uploads\/2025\/10\/Untitled-design-55-1.png","contentUrl":"https:\/\/collectin.eu\/wp-content\/uploads\/2025\/10\/Untitled-design-55-1.png","width":1080,"height":1080},{"@type":"BreadcrumbList","@id":"https:\/\/collectin.eu\/produktas\/lego-76420-triwizard-tournament-the-black-lake\/#breadcrumb","itemListElement":[{"@type":"ListItem","position":1,"name":"Home","item":"https:\/\/collectin.eu\/"},{"@type":"ListItem","position":2,"name":"Parduotuv\u0117","item":"https:\/\/collectin.eu\/parduotuve\/"},{"@type":"ListItem","position":3,"name":"LEGO\u00ae 76420 Triwizard Tournament: The Black Lake"}]},{"@type":"WebSite","@id":"https:\/\/collectin.eu\/#website","url":"https:\/\/collectin.eu\/","name":"Collectin.eu","description":"","potentialAction":[{"@type":"SearchAction","target":{"@type":"EntryPoint","urlTemplate":"https:\/\/collectin.eu\/?s={search_term_string}"},"query-input":{"@type":"PropertyValueSpecification","valueRequired":true,"valueName":"search_term_string"}}],"inLanguage":"en-US"}]}},"jetpack_sharing_enabled":true,"_links":{"self":[{"href":"https:\/\/collectin.eu\/en\/wp-json\/wp\/v2\/product\/37505","targetHints":{"allow":["GET"]}}],"collection":[{"href":"https:\/\/collectin.eu\/en\/wp-json\/wp\/v2\/product"}],"about":[{"href":"https:\/\/collectin.eu\/en\/wp-json\/wp\/v2\/types\/product"}],"replies":[{"embeddable":true,"href":"https:\/\/collectin.eu\/en\/wp-json\/wp\/v2\/comments?post=37505"}],"version-history":[{"count":3,"href":"https:\/\/collectin.eu\/en\/wp-json\/wp\/v2\/product\/37505\/revisions"}],"predecessor-version":[{"id":40295,"href":"https:\/\/collectin.eu\/en\/wp-json\/wp\/v2\/product\/37505\/revisions\/40295"}],"wp:featuredmedia":[{"embeddable":true,"href":"https:\/\/collectin.eu\/en\/wp-json\/wp\/v2\/media\/38591"}],"wp:attachment":[{"href":"https:\/\/collectin.eu\/en\/wp-json\/wp\/v2\/media?parent=37505"}],"wp:term":[{"taxonomy":"product_brand","embeddable":true,"href":"https:\/\/collectin.eu\/en\/wp-json\/wp\/v2\/product_brand?post=37505"},{"taxonomy":"product_cat","embeddable":true,"href":"https:\/\/collectin.eu\/en\/wp-json\/wp\/v2\/product_cat?post=37505"},{"taxonomy":"product_tag","embeddable":true,"href":"https:\/\/collectin.eu\/en\/wp-json\/wp\/v2\/product_tag?post=37505"}],"curies":[{"name":"wp","href":"https:\/\/api.w.org\/{rel}","templated":true}]}}