{"id":37510,"date":"2025-10-11T08:24:52","date_gmt":"2025-10-11T08:24:52","guid":{"rendered":"https:\/\/collectin.eu\/?post_type=product&#038;p=37510"},"modified":"2026-04-08T10:25:53","modified_gmt":"2026-04-08T10:25:53","slug":"lego-40476-antyte-deize","status":"publish","type":"product","link":"https:\/\/collectin.eu\/en\/product\/lego-40476-antyte-deize\/","title":{"rendered":"LEGO\u00ae 40476 Daisy Duck"},"content":{"rendered":"<p>Su\u017eav\u0117kite Disney gerb\u0117j\u0105 \u0161iuo mielu LEGO\u00ae BrickHeadz\u2122 \u01c0 Disney Antyt\u0117s Deiz\u0117s (40476) konstruojamu kolekciniu modeliu. Detali fig\u016br\u0117l\u0117 statoma ant BrickHeadz stovo ir yra nusiteikusi u\u017ekariauti pasaul\u012f arba paplep\u0117ti su ilgame\u010diu \u0161irdies draugu Disney Antuliu Donaldu. Fig\u016br\u0117l\u0117 i\u0161siskiria konstruojamu kaspinu ir nauju pie\u0161in\u0117liu ant liemens. \u0160is konstruojamos fig\u016br\u0117l\u0117s rinkinys taps tobula dovana Disney gerb\u0117jams, BrickHeadz kolekcininkams ir animacini\u0173 filmuk\u0173 persona\u017e\u0173 gerb\u0117jams.<\/p>\n<p>&nbsp;<\/p>\n<ul>\n<li>\u012e\u017eymiosios Disney Antyt\u0117s Deiz\u0117s LEGO\u00ae BrickHeadz\u2122 modelio kolekcinis konstravimo rinkinys.<\/li>\n<li>Puiki dovana LEGO\u00ae gerb\u0117jams, BrickHeadz\u2122 kolekcininkams ir namini\u0173 Disney gerb\u0117jams nuo 10 met\u0173 am\u017eiaus.<\/li>\n<li>10 cm auk\u0161\u010dio 110 dali\u0173 model\u012f sudaro detali fig\u016br\u0117l\u0117 su konstruojamu kaspinu ir klasikinis BrickHeadz\u2122 stovas.<\/li>\n<\/ul>","protected":false},"excerpt":{"rendered":"<p>Su\u017eav\u0117kite Disney gerb\u0117j\u0105 \u0161iuo mielu LEGO\u00ae BrickHeadz\u2122 \u01c0 Disney Antyt\u0117s Deiz\u0117s (40476) konstruojamu kolekciniu modeliu. Detali fig\u016br\u0117l\u0117 statoma ant BrickHeadz<\/p>","protected":false},"featured_media":37513,"comment_status":"open","ping_status":"closed","template":"","meta":[],"product_brand":[423],"product_cat":[677,406,432],"product_tag":[450],"class_list":{"0":"post-37510","1":"product","2":"type-product","3":"status-publish","4":"has-post-thumbnail","6":"product_brand-lego","7":"product_cat-lego-konstruktoriai","8":"product_cat-lego","9":"product_cat-lego-brickheadz","10":"product_tag-konstruktoriai","12":"first","13":"instock","14":"taxable","15":"shipping-taxable","16":"purchasable","17":"product-type-simple"},"yoast_head":"<!-- This site is optimized with the Yoast SEO plugin v25.9 - https:\/\/yoast.com\/wordpress\/plugins\/seo\/ -->\n<title>LEGO\u00ae 40476 Daisy Duck - Collectin.eu<\/title>\n<meta name=\"description\" content=\"Su\u017eav\u0117kite Disney gerb\u0117j\u0105 \u0161iuo mielu LEGO\u00ae BrickHeadz\u2122 \u01c0 Disney Antyt\u0117s Deiz\u0117s (40476) konstruojamu kolekciniu modeliu jau dabar.\" \/>\n<meta name=\"robots\" content=\"index, follow, max-snippet:-1, max-image-preview:large, max-video-preview:-1\" \/>\n<link rel=\"canonical\" href=\"https:\/\/collectin.eu\/en\/product\/lego-40476-antyte-deize\/\" \/>\n<meta property=\"og:locale\" content=\"en_US\" \/>\n<meta property=\"og:type\" content=\"article\" \/>\n<meta property=\"og:title\" content=\"LEGO\u00ae 40476 Daisy Duck - Collectin.eu\" \/>\n<meta property=\"og:description\" content=\"Su\u017eav\u0117kite Disney gerb\u0117j\u0105 \u0161iuo mielu LEGO\u00ae BrickHeadz\u2122 \u01c0 Disney Antyt\u0117s Deiz\u0117s (40476) konstruojamu kolekciniu modeliu jau dabar.\" \/>\n<meta property=\"og:url\" content=\"https:\/\/collectin.eu\/en\/product\/lego-40476-antyte-deize\/\" \/>\n<meta property=\"og:site_name\" content=\"Collectin.eu\" \/>\n<meta property=\"article:modified_time\" content=\"2026-04-08T10:25:53+00:00\" \/>\n<meta property=\"og:image\" content=\"http:\/\/collectin.eu\/wp-content\/uploads\/2025\/10\/Untitled-design-48.png\" \/>\n\t<meta property=\"og:image:width\" content=\"1080\" \/>\n\t<meta property=\"og:image:height\" content=\"1080\" \/>\n\t<meta property=\"og:image:type\" content=\"image\/png\" \/>\n<meta name=\"twitter:card\" content=\"summary_large_image\" \/>\n<meta name=\"twitter:label1\" content=\"Est. reading time\" \/>\n\t<meta name=\"twitter:data1\" content=\"1 minute\" \/>\n<script type=\"application\/ld+json\" class=\"yoast-schema-graph\">{\"@context\":\"https:\/\/schema.org\",\"@graph\":[{\"@type\":\"WebPage\",\"@id\":\"https:\/\/collectin.eu\/produktas\/lego-40476-antyte-deize\/\",\"url\":\"https:\/\/collectin.eu\/produktas\/lego-40476-antyte-deize\/\",\"name\":\"LEGO\u00ae 40476 Daisy Duck - Collectin.eu\",\"isPartOf\":{\"@id\":\"https:\/\/collectin.eu\/#website\"},\"primaryImageOfPage\":{\"@id\":\"https:\/\/collectin.eu\/produktas\/lego-40476-antyte-deize\/#primaryimage\"},\"image\":{\"@id\":\"https:\/\/collectin.eu\/produktas\/lego-40476-antyte-deize\/#primaryimage\"},\"thumbnailUrl\":\"https:\/\/collectin.eu\/wp-content\/uploads\/2025\/10\/Untitled-design-48.png\",\"datePublished\":\"2025-10-11T08:24:52+00:00\",\"dateModified\":\"2026-04-08T10:25:53+00:00\",\"description\":\"Su\u017eav\u0117kite Disney gerb\u0117j\u0105 \u0161iuo mielu LEGO\u00ae BrickHeadz\u2122 \u01c0 Disney Antyt\u0117s Deiz\u0117s (40476) konstruojamu kolekciniu modeliu jau dabar.\",\"breadcrumb\":{\"@id\":\"https:\/\/collectin.eu\/produktas\/lego-40476-antyte-deize\/#breadcrumb\"},\"inLanguage\":\"en-US\",\"potentialAction\":[{\"@type\":\"ReadAction\",\"target\":[\"https:\/\/collectin.eu\/produktas\/lego-40476-antyte-deize\/\"]}]},{\"@type\":\"ImageObject\",\"inLanguage\":\"en-US\",\"@id\":\"https:\/\/collectin.eu\/produktas\/lego-40476-antyte-deize\/#primaryimage\",\"url\":\"https:\/\/collectin.eu\/wp-content\/uploads\/2025\/10\/Untitled-design-48.png\",\"contentUrl\":\"https:\/\/collectin.eu\/wp-content\/uploads\/2025\/10\/Untitled-design-48.png\",\"width\":1080,\"height\":1080},{\"@type\":\"BreadcrumbList\",\"@id\":\"https:\/\/collectin.eu\/produktas\/lego-40476-antyte-deize\/#breadcrumb\",\"itemListElement\":[{\"@type\":\"ListItem\",\"position\":1,\"name\":\"Home\",\"item\":\"https:\/\/collectin.eu\/\"},{\"@type\":\"ListItem\",\"position\":2,\"name\":\"Parduotuv\u0117\",\"item\":\"https:\/\/collectin.eu\/parduotuve\/\"},{\"@type\":\"ListItem\",\"position\":3,\"name\":\"LEGO\u00ae 40476 Daisy Duck\"}]},{\"@type\":\"WebSite\",\"@id\":\"https:\/\/collectin.eu\/#website\",\"url\":\"https:\/\/collectin.eu\/\",\"name\":\"Collectin.eu\",\"description\":\"\",\"potentialAction\":[{\"@type\":\"SearchAction\",\"target\":{\"@type\":\"EntryPoint\",\"urlTemplate\":\"https:\/\/collectin.eu\/?s={search_term_string}\"},\"query-input\":{\"@type\":\"PropertyValueSpecification\",\"valueRequired\":true,\"valueName\":\"search_term_string\"}}],\"inLanguage\":\"en-US\"}]}<\/script>\n<!-- \/ Yoast SEO plugin. -->","yoast_head_json":{"title":"LEGO\u00ae 40476 Daisy Duck - Collectin.eu","description":"Su\u017eav\u0117kite Disney gerb\u0117j\u0105 \u0161iuo mielu LEGO\u00ae BrickHeadz\u2122 \u01c0 Disney Antyt\u0117s Deiz\u0117s (40476) konstruojamu kolekciniu modeliu jau dabar.","robots":{"index":"index","follow":"follow","max-snippet":"max-snippet:-1","max-image-preview":"max-image-preview:large","max-video-preview":"max-video-preview:-1"},"canonical":"https:\/\/collectin.eu\/en\/product\/lego-40476-antyte-deize\/","og_locale":"en_US","og_type":"article","og_title":"LEGO\u00ae 40476 Daisy Duck - Collectin.eu","og_description":"Su\u017eav\u0117kite Disney gerb\u0117j\u0105 \u0161iuo mielu LEGO\u00ae BrickHeadz\u2122 \u01c0 Disney Antyt\u0117s Deiz\u0117s (40476) konstruojamu kolekciniu modeliu jau dabar.","og_url":"https:\/\/collectin.eu\/en\/product\/lego-40476-antyte-deize\/","og_site_name":"Collectin.eu","article_modified_time":"2026-04-08T10:25:53+00:00","og_image":[{"width":1080,"height":1080,"url":"http:\/\/collectin.eu\/wp-content\/uploads\/2025\/10\/Untitled-design-48.png","type":"image\/png"}],"twitter_card":"summary_large_image","twitter_misc":{"Est. reading time":"1 minute"},"schema":{"@context":"https:\/\/schema.org","@graph":[{"@type":"WebPage","@id":"https:\/\/collectin.eu\/produktas\/lego-40476-antyte-deize\/","url":"https:\/\/collectin.eu\/produktas\/lego-40476-antyte-deize\/","name":"LEGO\u00ae 40476 Daisy Duck - Collectin.eu","isPartOf":{"@id":"https:\/\/collectin.eu\/#website"},"primaryImageOfPage":{"@id":"https:\/\/collectin.eu\/produktas\/lego-40476-antyte-deize\/#primaryimage"},"image":{"@id":"https:\/\/collectin.eu\/produktas\/lego-40476-antyte-deize\/#primaryimage"},"thumbnailUrl":"https:\/\/collectin.eu\/wp-content\/uploads\/2025\/10\/Untitled-design-48.png","datePublished":"2025-10-11T08:24:52+00:00","dateModified":"2026-04-08T10:25:53+00:00","description":"Su\u017eav\u0117kite Disney gerb\u0117j\u0105 \u0161iuo mielu LEGO\u00ae BrickHeadz\u2122 \u01c0 Disney Antyt\u0117s Deiz\u0117s (40476) konstruojamu kolekciniu modeliu jau dabar.","breadcrumb":{"@id":"https:\/\/collectin.eu\/produktas\/lego-40476-antyte-deize\/#breadcrumb"},"inLanguage":"en-US","potentialAction":[{"@type":"ReadAction","target":["https:\/\/collectin.eu\/produktas\/lego-40476-antyte-deize\/"]}]},{"@type":"ImageObject","inLanguage":"en-US","@id":"https:\/\/collectin.eu\/produktas\/lego-40476-antyte-deize\/#primaryimage","url":"https:\/\/collectin.eu\/wp-content\/uploads\/2025\/10\/Untitled-design-48.png","contentUrl":"https:\/\/collectin.eu\/wp-content\/uploads\/2025\/10\/Untitled-design-48.png","width":1080,"height":1080},{"@type":"BreadcrumbList","@id":"https:\/\/collectin.eu\/produktas\/lego-40476-antyte-deize\/#breadcrumb","itemListElement":[{"@type":"ListItem","position":1,"name":"Home","item":"https:\/\/collectin.eu\/"},{"@type":"ListItem","position":2,"name":"Parduotuv\u0117","item":"https:\/\/collectin.eu\/parduotuve\/"},{"@type":"ListItem","position":3,"name":"LEGO\u00ae 40476 Daisy Duck"}]},{"@type":"WebSite","@id":"https:\/\/collectin.eu\/#website","url":"https:\/\/collectin.eu\/","name":"Collectin.eu","description":"","potentialAction":[{"@type":"SearchAction","target":{"@type":"EntryPoint","urlTemplate":"https:\/\/collectin.eu\/?s={search_term_string}"},"query-input":{"@type":"PropertyValueSpecification","valueRequired":true,"valueName":"search_term_string"}}],"inLanguage":"en-US"}]}},"jetpack_sharing_enabled":true,"_links":{"self":[{"href":"https:\/\/collectin.eu\/en\/wp-json\/wp\/v2\/product\/37510","targetHints":{"allow":["GET"]}}],"collection":[{"href":"https:\/\/collectin.eu\/en\/wp-json\/wp\/v2\/product"}],"about":[{"href":"https:\/\/collectin.eu\/en\/wp-json\/wp\/v2\/types\/product"}],"replies":[{"embeddable":true,"href":"https:\/\/collectin.eu\/en\/wp-json\/wp\/v2\/comments?post=37510"}],"version-history":[{"count":4,"href":"https:\/\/collectin.eu\/en\/wp-json\/wp\/v2\/product\/37510\/revisions"}],"predecessor-version":[{"id":40296,"href":"https:\/\/collectin.eu\/en\/wp-json\/wp\/v2\/product\/37510\/revisions\/40296"}],"wp:featuredmedia":[{"embeddable":true,"href":"https:\/\/collectin.eu\/en\/wp-json\/wp\/v2\/media\/37513"}],"wp:attachment":[{"href":"https:\/\/collectin.eu\/en\/wp-json\/wp\/v2\/media?parent=37510"}],"wp:term":[{"taxonomy":"product_brand","embeddable":true,"href":"https:\/\/collectin.eu\/en\/wp-json\/wp\/v2\/product_brand?post=37510"},{"taxonomy":"product_cat","embeddable":true,"href":"https:\/\/collectin.eu\/en\/wp-json\/wp\/v2\/product_cat?post=37510"},{"taxonomy":"product_tag","embeddable":true,"href":"https:\/\/collectin.eu\/en\/wp-json\/wp\/v2\/product_tag?post=37510"}],"curies":[{"name":"wp","href":"https:\/\/api.w.org\/{rel}","templated":true}]}}