{"id":37515,"date":"2025-10-11T08:34:11","date_gmt":"2025-10-11T08:34:11","guid":{"rendered":"https:\/\/collectin.eu\/?post_type=product&#038;p=37515"},"modified":"2026-04-08T10:25:53","modified_gmt":"2026-04-08T10:25:53","slug":"lego-40547-obi-wan-kenobi-ir-darth-vader","status":"publish","type":"product","link":"https:\/\/collectin.eu\/en\/product\/lego-40547-obi-wan-kenobi-ir-darth-vader\/","title":{"rendered":"LEGO\u00ae 40547 Obi-Wan Kenobi\u2122 ir Darth Vader\u2122"},"content":{"rendered":"<p>Gerb\u0117jai gali atkurti dramati\u0161kas \u201e<i>Star\u00a0Wars<\/i>: Obi-Wan Kenobi\u201c scenas, konstruodami legendini\u0173 persona\u017e\u0173 Obi-Wan Kenobi ir Darth Vader LEGO\u00ae BrickHeadz\u2122 versijas. \u0160ios porel\u0117s Galia stipri \u2013 autenti\u0161kas detales sudaro raudonos Darth Vader akys ir abiej\u0173 LEGO\u00ae fig\u016br\u0117li\u0173 \u0161viesos kardai bei eksponavimo pagrindo plok\u0161tel\u0117. \u0160is k\u016brybinis konstruktorius tinka vaikams nuo 10 met\u0173 ir gali tapti puikiu priedu bet kurio \u201e\u017dvaig\u017ed\u017ei\u0173 kar\u0173\u2122\u201c gerb\u0117jo kolekcijos priedu.<\/p>\n<ul>\n<li>Legendiniai \u201e\u017dvaig\u017ed\u017ei\u0173 kar\u0173\u2122\u201c persona\u017eai LEGO\u00ae BrickHeadz\u2122 stiliumi. Konstruojamos Obi-Wan Kenobi ir Darth Vader (40547) LEGO BrickHeadz fig\u016br\u0117l\u0117s su \u0161viesos kardais.<\/li>\n<li>Sukurta eksponuoti. Kiekviena LEGO\u00ae fig\u016br\u0117l\u0117 yra 8 cm auk\u0161\u010dio. Pridedamos pagrindo plok\u0161tel\u0117s ir nuoseklios konstravimo instrukcijos.<\/li>\n<li>Dovanos id\u0117ja vaikams nuo 10 met\u0173 am\u017eiaus. \u0160is 260 dali\u0173 konstravimo rinkinys taps smagia gimtadienio, \u0161ventine arba netik\u0117ta dovana jauniesiems \u201e\u017dvaig\u017ed\u017ei\u0173 kar\u0173\u2122\u201c gerb\u0117jams.<\/li>\n<\/ul>","protected":false},"excerpt":{"rendered":"<p>Gerb\u0117jai gali atkurti dramati\u0161kas \u201eStar\u00a0Wars: Obi-Wan Kenobi\u201c scenas, konstruodami legendini\u0173 persona\u017e\u0173 Obi-Wan Kenobi ir Darth Vader LEGO\u00ae BrickHeadz\u2122 versijas. \u0160ios<\/p>","protected":false},"featured_media":37518,"comment_status":"open","ping_status":"closed","template":"","meta":[],"product_brand":[423],"product_cat":[677,406,432],"product_tag":[450],"class_list":{"0":"post-37515","1":"product","2":"type-product","3":"status-publish","4":"has-post-thumbnail","6":"product_brand-lego","7":"product_cat-lego-konstruktoriai","8":"product_cat-lego","9":"product_cat-lego-brickheadz","10":"product_tag-konstruktoriai","12":"first","13":"instock","14":"taxable","15":"shipping-taxable","16":"purchasable","17":"product-type-simple"},"yoast_head":"<!-- This site is optimized with the Yoast SEO plugin v25.9 - https:\/\/yoast.com\/wordpress\/plugins\/seo\/ -->\n<title>LEGO\u00ae 40547 Obi-Wan Kenobi\u2122 ir Darth Vader\u2122 - Collectin.eu<\/title>\n<meta name=\"description\" content=\"Gerb\u0117jai gali atkurti dramati\u0161kas \u201eStar\u00a0Wars: Obi-Wan Kenobi\u201c scenas, konstruodami legendini\u0173 persona\u017e\u0173 Obi-Wan Kenobi ir Darth Vader LEGO.\" \/>\n<meta name=\"robots\" content=\"index, follow, max-snippet:-1, max-image-preview:large, max-video-preview:-1\" \/>\n<link rel=\"canonical\" href=\"https:\/\/collectin.eu\/en\/product\/lego-40547-obi-wan-kenobi-ir-darth-vader\/\" \/>\n<meta property=\"og:locale\" content=\"en_US\" \/>\n<meta property=\"og:type\" content=\"article\" \/>\n<meta property=\"og:title\" content=\"LEGO\u00ae 40547 Obi-Wan Kenobi\u2122 ir Darth Vader\u2122 - Collectin.eu\" \/>\n<meta property=\"og:description\" content=\"Gerb\u0117jai gali atkurti dramati\u0161kas \u201eStar\u00a0Wars: Obi-Wan Kenobi\u201c scenas, konstruodami legendini\u0173 persona\u017e\u0173 Obi-Wan Kenobi ir Darth Vader LEGO.\" \/>\n<meta property=\"og:url\" content=\"https:\/\/collectin.eu\/en\/product\/lego-40547-obi-wan-kenobi-ir-darth-vader\/\" \/>\n<meta property=\"og:site_name\" content=\"Collectin.eu\" \/>\n<meta property=\"article:modified_time\" content=\"2026-04-08T10:25:53+00:00\" \/>\n<meta property=\"og:image\" content=\"http:\/\/collectin.eu\/wp-content\/uploads\/2025\/10\/Untitled-design-51.png\" \/>\n\t<meta property=\"og:image:width\" content=\"1080\" \/>\n\t<meta property=\"og:image:height\" content=\"1080\" \/>\n\t<meta property=\"og:image:type\" content=\"image\/png\" \/>\n<meta name=\"twitter:card\" content=\"summary_large_image\" \/>\n<meta name=\"twitter:label1\" content=\"Est. reading time\" \/>\n\t<meta name=\"twitter:data1\" content=\"1 minute\" \/>\n<script type=\"application\/ld+json\" class=\"yoast-schema-graph\">{\"@context\":\"https:\/\/schema.org\",\"@graph\":[{\"@type\":\"WebPage\",\"@id\":\"https:\/\/collectin.eu\/produktas\/lego-40547-obi-wan-kenobi-ir-darth-vader\/\",\"url\":\"https:\/\/collectin.eu\/produktas\/lego-40547-obi-wan-kenobi-ir-darth-vader\/\",\"name\":\"LEGO\u00ae 40547 Obi-Wan Kenobi\u2122 ir Darth Vader\u2122 - Collectin.eu\",\"isPartOf\":{\"@id\":\"https:\/\/collectin.eu\/#website\"},\"primaryImageOfPage\":{\"@id\":\"https:\/\/collectin.eu\/produktas\/lego-40547-obi-wan-kenobi-ir-darth-vader\/#primaryimage\"},\"image\":{\"@id\":\"https:\/\/collectin.eu\/produktas\/lego-40547-obi-wan-kenobi-ir-darth-vader\/#primaryimage\"},\"thumbnailUrl\":\"https:\/\/collectin.eu\/wp-content\/uploads\/2025\/10\/Untitled-design-51.png\",\"datePublished\":\"2025-10-11T08:34:11+00:00\",\"dateModified\":\"2026-04-08T10:25:53+00:00\",\"description\":\"Gerb\u0117jai gali atkurti dramati\u0161kas \u201eStar\u00a0Wars: Obi-Wan Kenobi\u201c scenas, konstruodami legendini\u0173 persona\u017e\u0173 Obi-Wan Kenobi ir Darth Vader LEGO.\",\"breadcrumb\":{\"@id\":\"https:\/\/collectin.eu\/produktas\/lego-40547-obi-wan-kenobi-ir-darth-vader\/#breadcrumb\"},\"inLanguage\":\"en-US\",\"potentialAction\":[{\"@type\":\"ReadAction\",\"target\":[\"https:\/\/collectin.eu\/produktas\/lego-40547-obi-wan-kenobi-ir-darth-vader\/\"]}]},{\"@type\":\"ImageObject\",\"inLanguage\":\"en-US\",\"@id\":\"https:\/\/collectin.eu\/produktas\/lego-40547-obi-wan-kenobi-ir-darth-vader\/#primaryimage\",\"url\":\"https:\/\/collectin.eu\/wp-content\/uploads\/2025\/10\/Untitled-design-51.png\",\"contentUrl\":\"https:\/\/collectin.eu\/wp-content\/uploads\/2025\/10\/Untitled-design-51.png\",\"width\":1080,\"height\":1080},{\"@type\":\"BreadcrumbList\",\"@id\":\"https:\/\/collectin.eu\/produktas\/lego-40547-obi-wan-kenobi-ir-darth-vader\/#breadcrumb\",\"itemListElement\":[{\"@type\":\"ListItem\",\"position\":1,\"name\":\"Home\",\"item\":\"https:\/\/collectin.eu\/\"},{\"@type\":\"ListItem\",\"position\":2,\"name\":\"Parduotuv\u0117\",\"item\":\"https:\/\/collectin.eu\/parduotuve\/\"},{\"@type\":\"ListItem\",\"position\":3,\"name\":\"LEGO\u00ae 40547 Obi-Wan Kenobi\u2122 ir Darth Vader\u2122\"}]},{\"@type\":\"WebSite\",\"@id\":\"https:\/\/collectin.eu\/#website\",\"url\":\"https:\/\/collectin.eu\/\",\"name\":\"Collectin.eu\",\"description\":\"\",\"potentialAction\":[{\"@type\":\"SearchAction\",\"target\":{\"@type\":\"EntryPoint\",\"urlTemplate\":\"https:\/\/collectin.eu\/?s={search_term_string}\"},\"query-input\":{\"@type\":\"PropertyValueSpecification\",\"valueRequired\":true,\"valueName\":\"search_term_string\"}}],\"inLanguage\":\"en-US\"}]}<\/script>\n<!-- \/ Yoast SEO plugin. -->","yoast_head_json":{"title":"LEGO\u00ae 40547 Obi-Wan Kenobi\u2122 ir Darth Vader\u2122 - Collectin.eu","description":"Gerb\u0117jai gali atkurti dramati\u0161kas \u201eStar\u00a0Wars: Obi-Wan Kenobi\u201c scenas, konstruodami legendini\u0173 persona\u017e\u0173 Obi-Wan Kenobi ir Darth Vader LEGO.","robots":{"index":"index","follow":"follow","max-snippet":"max-snippet:-1","max-image-preview":"max-image-preview:large","max-video-preview":"max-video-preview:-1"},"canonical":"https:\/\/collectin.eu\/en\/product\/lego-40547-obi-wan-kenobi-ir-darth-vader\/","og_locale":"en_US","og_type":"article","og_title":"LEGO\u00ae 40547 Obi-Wan Kenobi\u2122 ir Darth Vader\u2122 - Collectin.eu","og_description":"Gerb\u0117jai gali atkurti dramati\u0161kas \u201eStar\u00a0Wars: Obi-Wan Kenobi\u201c scenas, konstruodami legendini\u0173 persona\u017e\u0173 Obi-Wan Kenobi ir Darth Vader LEGO.","og_url":"https:\/\/collectin.eu\/en\/product\/lego-40547-obi-wan-kenobi-ir-darth-vader\/","og_site_name":"Collectin.eu","article_modified_time":"2026-04-08T10:25:53+00:00","og_image":[{"width":1080,"height":1080,"url":"http:\/\/collectin.eu\/wp-content\/uploads\/2025\/10\/Untitled-design-51.png","type":"image\/png"}],"twitter_card":"summary_large_image","twitter_misc":{"Est. reading time":"1 minute"},"schema":{"@context":"https:\/\/schema.org","@graph":[{"@type":"WebPage","@id":"https:\/\/collectin.eu\/produktas\/lego-40547-obi-wan-kenobi-ir-darth-vader\/","url":"https:\/\/collectin.eu\/produktas\/lego-40547-obi-wan-kenobi-ir-darth-vader\/","name":"LEGO\u00ae 40547 Obi-Wan Kenobi\u2122 ir Darth Vader\u2122 - Collectin.eu","isPartOf":{"@id":"https:\/\/collectin.eu\/#website"},"primaryImageOfPage":{"@id":"https:\/\/collectin.eu\/produktas\/lego-40547-obi-wan-kenobi-ir-darth-vader\/#primaryimage"},"image":{"@id":"https:\/\/collectin.eu\/produktas\/lego-40547-obi-wan-kenobi-ir-darth-vader\/#primaryimage"},"thumbnailUrl":"https:\/\/collectin.eu\/wp-content\/uploads\/2025\/10\/Untitled-design-51.png","datePublished":"2025-10-11T08:34:11+00:00","dateModified":"2026-04-08T10:25:53+00:00","description":"Gerb\u0117jai gali atkurti dramati\u0161kas \u201eStar\u00a0Wars: Obi-Wan Kenobi\u201c scenas, konstruodami legendini\u0173 persona\u017e\u0173 Obi-Wan Kenobi ir Darth Vader LEGO.","breadcrumb":{"@id":"https:\/\/collectin.eu\/produktas\/lego-40547-obi-wan-kenobi-ir-darth-vader\/#breadcrumb"},"inLanguage":"en-US","potentialAction":[{"@type":"ReadAction","target":["https:\/\/collectin.eu\/produktas\/lego-40547-obi-wan-kenobi-ir-darth-vader\/"]}]},{"@type":"ImageObject","inLanguage":"en-US","@id":"https:\/\/collectin.eu\/produktas\/lego-40547-obi-wan-kenobi-ir-darth-vader\/#primaryimage","url":"https:\/\/collectin.eu\/wp-content\/uploads\/2025\/10\/Untitled-design-51.png","contentUrl":"https:\/\/collectin.eu\/wp-content\/uploads\/2025\/10\/Untitled-design-51.png","width":1080,"height":1080},{"@type":"BreadcrumbList","@id":"https:\/\/collectin.eu\/produktas\/lego-40547-obi-wan-kenobi-ir-darth-vader\/#breadcrumb","itemListElement":[{"@type":"ListItem","position":1,"name":"Home","item":"https:\/\/collectin.eu\/"},{"@type":"ListItem","position":2,"name":"Parduotuv\u0117","item":"https:\/\/collectin.eu\/parduotuve\/"},{"@type":"ListItem","position":3,"name":"LEGO\u00ae 40547 Obi-Wan Kenobi\u2122 ir Darth Vader\u2122"}]},{"@type":"WebSite","@id":"https:\/\/collectin.eu\/#website","url":"https:\/\/collectin.eu\/","name":"Collectin.eu","description":"","potentialAction":[{"@type":"SearchAction","target":{"@type":"EntryPoint","urlTemplate":"https:\/\/collectin.eu\/?s={search_term_string}"},"query-input":{"@type":"PropertyValueSpecification","valueRequired":true,"valueName":"search_term_string"}}],"inLanguage":"en-US"}]}},"jetpack_sharing_enabled":true,"_links":{"self":[{"href":"https:\/\/collectin.eu\/en\/wp-json\/wp\/v2\/product\/37515","targetHints":{"allow":["GET"]}}],"collection":[{"href":"https:\/\/collectin.eu\/en\/wp-json\/wp\/v2\/product"}],"about":[{"href":"https:\/\/collectin.eu\/en\/wp-json\/wp\/v2\/types\/product"}],"replies":[{"embeddable":true,"href":"https:\/\/collectin.eu\/en\/wp-json\/wp\/v2\/comments?post=37515"}],"version-history":[{"count":2,"href":"https:\/\/collectin.eu\/en\/wp-json\/wp\/v2\/product\/37515\/revisions"}],"predecessor-version":[{"id":40297,"href":"https:\/\/collectin.eu\/en\/wp-json\/wp\/v2\/product\/37515\/revisions\/40297"}],"wp:featuredmedia":[{"embeddable":true,"href":"https:\/\/collectin.eu\/en\/wp-json\/wp\/v2\/media\/37518"}],"wp:attachment":[{"href":"https:\/\/collectin.eu\/en\/wp-json\/wp\/v2\/media?parent=37515"}],"wp:term":[{"taxonomy":"product_brand","embeddable":true,"href":"https:\/\/collectin.eu\/en\/wp-json\/wp\/v2\/product_brand?post=37515"},{"taxonomy":"product_cat","embeddable":true,"href":"https:\/\/collectin.eu\/en\/wp-json\/wp\/v2\/product_cat?post=37515"},{"taxonomy":"product_tag","embeddable":true,"href":"https:\/\/collectin.eu\/en\/wp-json\/wp\/v2\/product_tag?post=37515"}],"curies":[{"name":"wp","href":"https:\/\/api.w.org\/{rel}","templated":true}]}}