{"id":37579,"date":"2025-10-18T10:41:38","date_gmt":"2025-10-18T10:41:38","guid":{"rendered":"https:\/\/collectin.eu\/?post_type=product&#038;p=37579"},"modified":"2026-04-08T10:27:13","modified_gmt":"2026-04-08T10:27:13","slug":"pop-kaledinis-zmogus-voras","status":"publish","type":"product","link":"https:\/\/collectin.eu\/en\/product\/pop-kaledinis-zmogus-voras\/","title":{"rendered":"Pop! Spider-Man with Christmas sweater"},"content":{"rendered":"<p data-start=\"591\" data-end=\"892\">\u0160i fig\u016br\u0117l\u0117 vaizduoja Spider-Man, d\u0117vint\u012f ry\u0161kiai raudon\u0105 ir m\u0117lyn\u0105 Kal\u0117din\u012f megztin\u012f su sniego gni\u016b\u017et\u0117mis ir \u017ealiomis eglut\u0117mis \u2013 klasikiniu \u201eugly sweater\u201c stiliumi. \u0160venti\u0161kas megztinis dera su jo \u012fprastu kostiumu, tod\u0117l Spider-Man i\u0161lieka atpa\u017e\u012fstamas, ta\u010diau \u012fgauna \u017eaisming\u0105 ir \u0161ventin\u0119 i\u0161vaizd\u0105.<\/p>\n<p data-start=\"917\" data-end=\"1099\">\u0160i fig\u016br\u0117l\u0117 puikiai tinka tiek Marvel kolekcininkams, tiek \u201eFunko Pop!\u201c entuziastams, ie\u0161kantiems \u0161ventinio akcento savo kolekcijoje. Ji taip pat gali b\u016bti puiki dovana Kal\u0117d\u0173 proga.<\/p>","protected":false},"excerpt":{"rendered":"<p>\u0160i fig\u016br\u0117l\u0117 vaizduoja Spider-Man, d\u0117vint\u012f ry\u0161kiai raudon\u0105 ir m\u0117lyn\u0105 Kal\u0117din\u012f megztin\u012f su sniego gni\u016b\u017et\u0117mis ir \u017ealiomis eglut\u0117mis \u2013 klasikiniu \u201eugly<\/p>","protected":false},"featured_media":37580,"comment_status":"open","ping_status":"closed","template":"","meta":[],"product_brand":[426],"product_cat":[680,409,441],"product_tag":[449],"class_list":{"0":"post-37579","1":"product","2":"type-product","3":"status-publish","4":"has-post-thumbnail","6":"product_brand-funko-pop","7":"product_cat-figureles","8":"product_cat-funko-pop","9":"product_cat-marvel-funko-pop","10":"product_tag-figureles","12":"first","13":"instock","14":"taxable","15":"shipping-taxable","16":"purchasable","17":"product-type-simple"},"yoast_head":"<!-- This site is optimized with the Yoast SEO plugin v25.9 - https:\/\/yoast.com\/wordpress\/plugins\/seo\/ -->\n<title>Pop! Spider-Man with Christmas sweater - Collectin.eu<\/title>\n<meta name=\"description\" content=\"\u201ePop! Holiday Spider-Man in Ugly Sweater\u201c (Funko #1284) \u2013 tai \u017eaismingas ir \u0161venti\u0161kas kolekcinis vinilin\u0117s fig\u016br\u0117l\u0117s modelis i\u0161 \u201eFunko Pop!\u201c\" \/>\n<meta name=\"robots\" content=\"index, follow, max-snippet:-1, max-image-preview:large, max-video-preview:-1\" \/>\n<link rel=\"canonical\" href=\"https:\/\/collectin.eu\/en\/product\/pop-kaledinis-zmogus-voras\/\" \/>\n<meta property=\"og:locale\" content=\"en_US\" \/>\n<meta property=\"og:type\" content=\"article\" \/>\n<meta property=\"og:title\" content=\"Pop! Spider-Man with Christmas sweater - Collectin.eu\" \/>\n<meta property=\"og:description\" content=\"\u201ePop! Holiday Spider-Man in Ugly Sweater\u201c (Funko #1284) \u2013 tai \u017eaismingas ir \u0161venti\u0161kas kolekcinis vinilin\u0117s fig\u016br\u0117l\u0117s modelis i\u0161 \u201eFunko Pop!\u201c\" \/>\n<meta property=\"og:url\" content=\"https:\/\/collectin.eu\/en\/product\/pop-kaledinis-zmogus-voras\/\" \/>\n<meta property=\"og:site_name\" content=\"Collectin.eu\" \/>\n<meta property=\"article:modified_time\" content=\"2026-04-08T10:27:13+00:00\" \/>\n<meta property=\"og:image\" content=\"http:\/\/collectin.eu\/wp-content\/uploads\/2025\/10\/Sticker-21.png\" \/>\n\t<meta property=\"og:image:width\" content=\"1080\" \/>\n\t<meta property=\"og:image:height\" content=\"1080\" \/>\n\t<meta property=\"og:image:type\" content=\"image\/png\" \/>\n<meta name=\"twitter:card\" content=\"summary_large_image\" \/>\n<meta name=\"twitter:label1\" content=\"Est. reading time\" \/>\n\t<meta name=\"twitter:data1\" content=\"1 minute\" \/>\n<script type=\"application\/ld+json\" class=\"yoast-schema-graph\">{\"@context\":\"https:\/\/schema.org\",\"@graph\":[{\"@type\":\"WebPage\",\"@id\":\"https:\/\/collectin.eu\/produktas\/pop-kaledinis-zmogus-voras\/\",\"url\":\"https:\/\/collectin.eu\/produktas\/pop-kaledinis-zmogus-voras\/\",\"name\":\"Pop! Spider-Man with Christmas sweater - Collectin.eu\",\"isPartOf\":{\"@id\":\"https:\/\/collectin.eu\/#website\"},\"primaryImageOfPage\":{\"@id\":\"https:\/\/collectin.eu\/produktas\/pop-kaledinis-zmogus-voras\/#primaryimage\"},\"image\":{\"@id\":\"https:\/\/collectin.eu\/produktas\/pop-kaledinis-zmogus-voras\/#primaryimage\"},\"thumbnailUrl\":\"https:\/\/collectin.eu\/wp-content\/uploads\/2025\/10\/Sticker-21.png\",\"datePublished\":\"2025-10-18T10:41:38+00:00\",\"dateModified\":\"2026-04-08T10:27:13+00:00\",\"description\":\"\u201ePop! Holiday Spider-Man in Ugly Sweater\u201c (Funko #1284) \u2013 tai \u017eaismingas ir \u0161venti\u0161kas kolekcinis vinilin\u0117s fig\u016br\u0117l\u0117s modelis i\u0161 \u201eFunko Pop!\u201c\",\"breadcrumb\":{\"@id\":\"https:\/\/collectin.eu\/produktas\/pop-kaledinis-zmogus-voras\/#breadcrumb\"},\"inLanguage\":\"en-US\",\"potentialAction\":[{\"@type\":\"ReadAction\",\"target\":[\"https:\/\/collectin.eu\/produktas\/pop-kaledinis-zmogus-voras\/\"]}]},{\"@type\":\"ImageObject\",\"inLanguage\":\"en-US\",\"@id\":\"https:\/\/collectin.eu\/produktas\/pop-kaledinis-zmogus-voras\/#primaryimage\",\"url\":\"https:\/\/collectin.eu\/wp-content\/uploads\/2025\/10\/Sticker-21.png\",\"contentUrl\":\"https:\/\/collectin.eu\/wp-content\/uploads\/2025\/10\/Sticker-21.png\",\"width\":1080,\"height\":1080},{\"@type\":\"BreadcrumbList\",\"@id\":\"https:\/\/collectin.eu\/produktas\/pop-kaledinis-zmogus-voras\/#breadcrumb\",\"itemListElement\":[{\"@type\":\"ListItem\",\"position\":1,\"name\":\"Home\",\"item\":\"https:\/\/collectin.eu\/\"},{\"@type\":\"ListItem\",\"position\":2,\"name\":\"Parduotuv\u0117\",\"item\":\"https:\/\/collectin.eu\/parduotuve\/\"},{\"@type\":\"ListItem\",\"position\":3,\"name\":\"Pop! Spider-Man with Christmas sweater\"}]},{\"@type\":\"WebSite\",\"@id\":\"https:\/\/collectin.eu\/#website\",\"url\":\"https:\/\/collectin.eu\/\",\"name\":\"Collectin.eu\",\"description\":\"\",\"potentialAction\":[{\"@type\":\"SearchAction\",\"target\":{\"@type\":\"EntryPoint\",\"urlTemplate\":\"https:\/\/collectin.eu\/?s={search_term_string}\"},\"query-input\":{\"@type\":\"PropertyValueSpecification\",\"valueRequired\":true,\"valueName\":\"search_term_string\"}}],\"inLanguage\":\"en-US\"}]}<\/script>\n<!-- \/ Yoast SEO plugin. -->","yoast_head_json":{"title":"Pop! Spider-Man with Christmas sweater - Collectin.eu","description":"\u201ePop! Holiday Spider-Man in Ugly Sweater\u201c (Funko #1284) \u2013 tai \u017eaismingas ir \u0161venti\u0161kas kolekcinis vinilin\u0117s fig\u016br\u0117l\u0117s modelis i\u0161 \u201eFunko Pop!\u201c","robots":{"index":"index","follow":"follow","max-snippet":"max-snippet:-1","max-image-preview":"max-image-preview:large","max-video-preview":"max-video-preview:-1"},"canonical":"https:\/\/collectin.eu\/en\/product\/pop-kaledinis-zmogus-voras\/","og_locale":"en_US","og_type":"article","og_title":"Pop! Spider-Man with Christmas sweater - Collectin.eu","og_description":"\u201ePop! Holiday Spider-Man in Ugly Sweater\u201c (Funko #1284) \u2013 tai \u017eaismingas ir \u0161venti\u0161kas kolekcinis vinilin\u0117s fig\u016br\u0117l\u0117s modelis i\u0161 \u201eFunko Pop!\u201c","og_url":"https:\/\/collectin.eu\/en\/product\/pop-kaledinis-zmogus-voras\/","og_site_name":"Collectin.eu","article_modified_time":"2026-04-08T10:27:13+00:00","og_image":[{"width":1080,"height":1080,"url":"http:\/\/collectin.eu\/wp-content\/uploads\/2025\/10\/Sticker-21.png","type":"image\/png"}],"twitter_card":"summary_large_image","twitter_misc":{"Est. reading time":"1 minute"},"schema":{"@context":"https:\/\/schema.org","@graph":[{"@type":"WebPage","@id":"https:\/\/collectin.eu\/produktas\/pop-kaledinis-zmogus-voras\/","url":"https:\/\/collectin.eu\/produktas\/pop-kaledinis-zmogus-voras\/","name":"Pop! Spider-Man with Christmas sweater - Collectin.eu","isPartOf":{"@id":"https:\/\/collectin.eu\/#website"},"primaryImageOfPage":{"@id":"https:\/\/collectin.eu\/produktas\/pop-kaledinis-zmogus-voras\/#primaryimage"},"image":{"@id":"https:\/\/collectin.eu\/produktas\/pop-kaledinis-zmogus-voras\/#primaryimage"},"thumbnailUrl":"https:\/\/collectin.eu\/wp-content\/uploads\/2025\/10\/Sticker-21.png","datePublished":"2025-10-18T10:41:38+00:00","dateModified":"2026-04-08T10:27:13+00:00","description":"\u201ePop! Holiday Spider-Man in Ugly Sweater\u201c (Funko #1284) \u2013 tai \u017eaismingas ir \u0161venti\u0161kas kolekcinis vinilin\u0117s fig\u016br\u0117l\u0117s modelis i\u0161 \u201eFunko Pop!\u201c","breadcrumb":{"@id":"https:\/\/collectin.eu\/produktas\/pop-kaledinis-zmogus-voras\/#breadcrumb"},"inLanguage":"en-US","potentialAction":[{"@type":"ReadAction","target":["https:\/\/collectin.eu\/produktas\/pop-kaledinis-zmogus-voras\/"]}]},{"@type":"ImageObject","inLanguage":"en-US","@id":"https:\/\/collectin.eu\/produktas\/pop-kaledinis-zmogus-voras\/#primaryimage","url":"https:\/\/collectin.eu\/wp-content\/uploads\/2025\/10\/Sticker-21.png","contentUrl":"https:\/\/collectin.eu\/wp-content\/uploads\/2025\/10\/Sticker-21.png","width":1080,"height":1080},{"@type":"BreadcrumbList","@id":"https:\/\/collectin.eu\/produktas\/pop-kaledinis-zmogus-voras\/#breadcrumb","itemListElement":[{"@type":"ListItem","position":1,"name":"Home","item":"https:\/\/collectin.eu\/"},{"@type":"ListItem","position":2,"name":"Parduotuv\u0117","item":"https:\/\/collectin.eu\/parduotuve\/"},{"@type":"ListItem","position":3,"name":"Pop! Spider-Man with Christmas sweater"}]},{"@type":"WebSite","@id":"https:\/\/collectin.eu\/#website","url":"https:\/\/collectin.eu\/","name":"Collectin.eu","description":"","potentialAction":[{"@type":"SearchAction","target":{"@type":"EntryPoint","urlTemplate":"https:\/\/collectin.eu\/?s={search_term_string}"},"query-input":{"@type":"PropertyValueSpecification","valueRequired":true,"valueName":"search_term_string"}}],"inLanguage":"en-US"}]}},"jetpack_sharing_enabled":true,"_links":{"self":[{"href":"https:\/\/collectin.eu\/en\/wp-json\/wp\/v2\/product\/37579","targetHints":{"allow":["GET"]}}],"collection":[{"href":"https:\/\/collectin.eu\/en\/wp-json\/wp\/v2\/product"}],"about":[{"href":"https:\/\/collectin.eu\/en\/wp-json\/wp\/v2\/types\/product"}],"replies":[{"embeddable":true,"href":"https:\/\/collectin.eu\/en\/wp-json\/wp\/v2\/comments?post=37579"}],"version-history":[{"count":3,"href":"https:\/\/collectin.eu\/en\/wp-json\/wp\/v2\/product\/37579\/revisions"}],"predecessor-version":[{"id":37584,"href":"https:\/\/collectin.eu\/en\/wp-json\/wp\/v2\/product\/37579\/revisions\/37584"}],"wp:featuredmedia":[{"embeddable":true,"href":"https:\/\/collectin.eu\/en\/wp-json\/wp\/v2\/media\/37580"}],"wp:attachment":[{"href":"https:\/\/collectin.eu\/en\/wp-json\/wp\/v2\/media?parent=37579"}],"wp:term":[{"taxonomy":"product_brand","embeddable":true,"href":"https:\/\/collectin.eu\/en\/wp-json\/wp\/v2\/product_brand?post=37579"},{"taxonomy":"product_cat","embeddable":true,"href":"https:\/\/collectin.eu\/en\/wp-json\/wp\/v2\/product_cat?post=37579"},{"taxonomy":"product_tag","embeddable":true,"href":"https:\/\/collectin.eu\/en\/wp-json\/wp\/v2\/product_tag?post=37579"}],"curies":[{"name":"wp","href":"https:\/\/api.w.org\/{rel}","templated":true}]}}