{"id":37588,"date":"2025-10-18T10:58:56","date_gmt":"2025-10-18T10:58:56","guid":{"rendered":"https:\/\/collectin.eu\/?post_type=product&#038;p=37588"},"modified":"2026-04-08T10:27:12","modified_gmt":"2026-04-08T10:27:12","slug":"pop-kaledinis-ernis","status":"publish","type":"product","link":"https:\/\/collectin.eu\/en\/product\/pop-kaledinis-ernis\/","title":{"rendered":"Pop! Wolverine"},"content":{"rendered":"<p data-start=\"518\" data-end=\"803\">\u0160i fig\u016br\u0117l\u0117 vaizduoja Wolverine, d\u0117vint\u012f savo \u012fprast\u0105 gelton\u0105 ir m\u0117lyn\u0105 kostium\u0105, ta\u010diau su \u0161ventiniu akcentu: ant galvos yra sniego sluoksnis, o rankose jis laiko lentel\u0119 su u\u017era\u0161u \u201eBa Humbug!\u201c. \u0160is dizainas suteikia \u017eaisming\u0105 ir \u0161ventin\u0119 nuotaik\u0105, puikiai tinkan\u010di\u0105 Kal\u0117d\u0173 tematikai. \u0160i fig\u016br\u0117l\u0117 puikiai tinka tiek Marvel kolekcininkams, tiek Funko Pop! entuziastams, ie\u0161kantiems \u0161ventinio akcento savo kolekcijoje. Ji taip pat gali b\u016bti puiki dovana Kal\u0117d\u0173 proga.<\/p>","protected":false},"excerpt":{"rendered":"<p>\u0160i fig\u016br\u0117l\u0117 vaizduoja Wolverine, d\u0117vint\u012f savo \u012fprast\u0105 gelton\u0105 ir m\u0117lyn\u0105 kostium\u0105, ta\u010diau su \u0161ventiniu akcentu: ant galvos yra sniego sluoksnis,<\/p>","protected":false},"featured_media":37589,"comment_status":"open","ping_status":"closed","template":"","meta":[],"product_brand":[426],"product_cat":[680,409,441],"product_tag":[449],"class_list":{"0":"post-37588","1":"product","2":"type-product","3":"status-publish","4":"has-post-thumbnail","6":"product_brand-funko-pop","7":"product_cat-figureles","8":"product_cat-funko-pop","9":"product_cat-marvel-funko-pop","10":"product_tag-figureles","12":"first","13":"instock","14":"taxable","15":"shipping-taxable","16":"purchasable","17":"product-type-simple"},"yoast_head":"<!-- This site is optimized with the Yoast SEO plugin v25.9 - https:\/\/yoast.com\/wordpress\/plugins\/seo\/ -->\n<title>Pop! Wolverine - Collectin.eu<\/title>\n<meta name=\"description\" content=\"\u0160i fig\u016br\u0117l\u0117 vaizduoja Wolverine, d\u0117vint\u012f savo \u012fprast\u0105 gelton\u0105 ir m\u0117lyn\u0105 kostium\u0105, ta\u010diau su \u0161ventiniu akcentu: ant galvos yra sniego sluoksnis, o rankose jis laiko lentel\u0119 su u\u017era\u0161u\/\" \/>\n<meta name=\"robots\" content=\"index, follow, max-snippet:-1, max-image-preview:large, max-video-preview:-1\" \/>\n<link rel=\"canonical\" href=\"https:\/\/collectin.eu\/en\/product\/pop-kaledinis-ernis\/\" \/>\n<meta property=\"og:locale\" content=\"en_US\" \/>\n<meta property=\"og:type\" content=\"article\" \/>\n<meta property=\"og:title\" content=\"Pop! Wolverine - Collectin.eu\" \/>\n<meta property=\"og:description\" content=\"\u0160i fig\u016br\u0117l\u0117 vaizduoja Wolverine, d\u0117vint\u012f savo \u012fprast\u0105 gelton\u0105 ir m\u0117lyn\u0105 kostium\u0105, ta\u010diau su \u0161ventiniu akcentu: ant galvos yra sniego sluoksnis, o rankose jis laiko lentel\u0119 su u\u017era\u0161u\/\" \/>\n<meta property=\"og:url\" content=\"https:\/\/collectin.eu\/en\/product\/pop-kaledinis-ernis\/\" \/>\n<meta property=\"og:site_name\" content=\"Collectin.eu\" \/>\n<meta property=\"article:modified_time\" content=\"2026-04-08T10:27:12+00:00\" \/>\n<meta property=\"og:image\" content=\"http:\/\/collectin.eu\/wp-content\/uploads\/2025\/10\/Sticker-24.png\" \/>\n\t<meta property=\"og:image:width\" content=\"1080\" \/>\n\t<meta property=\"og:image:height\" content=\"1080\" \/>\n\t<meta property=\"og:image:type\" content=\"image\/png\" \/>\n<meta name=\"twitter:card\" content=\"summary_large_image\" \/>\n<meta name=\"twitter:label1\" content=\"Est. reading time\" \/>\n\t<meta name=\"twitter:data1\" content=\"1 minute\" \/>\n<script type=\"application\/ld+json\" class=\"yoast-schema-graph\">{\"@context\":\"https:\/\/schema.org\",\"@graph\":[{\"@type\":\"WebPage\",\"@id\":\"https:\/\/collectin.eu\/produktas\/pop-kaledinis-ernis\/\",\"url\":\"https:\/\/collectin.eu\/produktas\/pop-kaledinis-ernis\/\",\"name\":\"Pop! Wolverine - Collectin.eu\",\"isPartOf\":{\"@id\":\"https:\/\/collectin.eu\/#website\"},\"primaryImageOfPage\":{\"@id\":\"https:\/\/collectin.eu\/produktas\/pop-kaledinis-ernis\/#primaryimage\"},\"image\":{\"@id\":\"https:\/\/collectin.eu\/produktas\/pop-kaledinis-ernis\/#primaryimage\"},\"thumbnailUrl\":\"https:\/\/collectin.eu\/wp-content\/uploads\/2025\/10\/Sticker-24.png\",\"datePublished\":\"2025-10-18T10:58:56+00:00\",\"dateModified\":\"2026-04-08T10:27:12+00:00\",\"description\":\"\u0160i fig\u016br\u0117l\u0117 vaizduoja Wolverine, d\u0117vint\u012f savo \u012fprast\u0105 gelton\u0105 ir m\u0117lyn\u0105 kostium\u0105, ta\u010diau su \u0161ventiniu akcentu: ant galvos yra sniego sluoksnis, o rankose jis laiko lentel\u0119 su u\u017era\u0161u\/\",\"breadcrumb\":{\"@id\":\"https:\/\/collectin.eu\/produktas\/pop-kaledinis-ernis\/#breadcrumb\"},\"inLanguage\":\"en-US\",\"potentialAction\":[{\"@type\":\"ReadAction\",\"target\":[\"https:\/\/collectin.eu\/produktas\/pop-kaledinis-ernis\/\"]}]},{\"@type\":\"ImageObject\",\"inLanguage\":\"en-US\",\"@id\":\"https:\/\/collectin.eu\/produktas\/pop-kaledinis-ernis\/#primaryimage\",\"url\":\"https:\/\/collectin.eu\/wp-content\/uploads\/2025\/10\/Sticker-24.png\",\"contentUrl\":\"https:\/\/collectin.eu\/wp-content\/uploads\/2025\/10\/Sticker-24.png\",\"width\":1080,\"height\":1080},{\"@type\":\"BreadcrumbList\",\"@id\":\"https:\/\/collectin.eu\/produktas\/pop-kaledinis-ernis\/#breadcrumb\",\"itemListElement\":[{\"@type\":\"ListItem\",\"position\":1,\"name\":\"Home\",\"item\":\"https:\/\/collectin.eu\/\"},{\"@type\":\"ListItem\",\"position\":2,\"name\":\"Parduotuv\u0117\",\"item\":\"https:\/\/collectin.eu\/parduotuve\/\"},{\"@type\":\"ListItem\",\"position\":3,\"name\":\"Pop! Wolverine\"}]},{\"@type\":\"WebSite\",\"@id\":\"https:\/\/collectin.eu\/#website\",\"url\":\"https:\/\/collectin.eu\/\",\"name\":\"Collectin.eu\",\"description\":\"\",\"potentialAction\":[{\"@type\":\"SearchAction\",\"target\":{\"@type\":\"EntryPoint\",\"urlTemplate\":\"https:\/\/collectin.eu\/?s={search_term_string}\"},\"query-input\":{\"@type\":\"PropertyValueSpecification\",\"valueRequired\":true,\"valueName\":\"search_term_string\"}}],\"inLanguage\":\"en-US\"}]}<\/script>\n<!-- \/ Yoast SEO plugin. -->","yoast_head_json":{"title":"Pop! Wolverine - Collectin.eu","description":"\u0160i fig\u016br\u0117l\u0117 vaizduoja Wolverine, d\u0117vint\u012f savo \u012fprast\u0105 gelton\u0105 ir m\u0117lyn\u0105 kostium\u0105, ta\u010diau su \u0161ventiniu akcentu: ant galvos yra sniego sluoksnis, o rankose jis laiko lentel\u0119 su u\u017era\u0161u\/","robots":{"index":"index","follow":"follow","max-snippet":"max-snippet:-1","max-image-preview":"max-image-preview:large","max-video-preview":"max-video-preview:-1"},"canonical":"https:\/\/collectin.eu\/en\/product\/pop-kaledinis-ernis\/","og_locale":"en_US","og_type":"article","og_title":"Pop! Wolverine - Collectin.eu","og_description":"\u0160i fig\u016br\u0117l\u0117 vaizduoja Wolverine, d\u0117vint\u012f savo \u012fprast\u0105 gelton\u0105 ir m\u0117lyn\u0105 kostium\u0105, ta\u010diau su \u0161ventiniu akcentu: ant galvos yra sniego sluoksnis, o rankose jis laiko lentel\u0119 su u\u017era\u0161u\/","og_url":"https:\/\/collectin.eu\/en\/product\/pop-kaledinis-ernis\/","og_site_name":"Collectin.eu","article_modified_time":"2026-04-08T10:27:12+00:00","og_image":[{"width":1080,"height":1080,"url":"http:\/\/collectin.eu\/wp-content\/uploads\/2025\/10\/Sticker-24.png","type":"image\/png"}],"twitter_card":"summary_large_image","twitter_misc":{"Est. reading time":"1 minute"},"schema":{"@context":"https:\/\/schema.org","@graph":[{"@type":"WebPage","@id":"https:\/\/collectin.eu\/produktas\/pop-kaledinis-ernis\/","url":"https:\/\/collectin.eu\/produktas\/pop-kaledinis-ernis\/","name":"Pop! Wolverine - Collectin.eu","isPartOf":{"@id":"https:\/\/collectin.eu\/#website"},"primaryImageOfPage":{"@id":"https:\/\/collectin.eu\/produktas\/pop-kaledinis-ernis\/#primaryimage"},"image":{"@id":"https:\/\/collectin.eu\/produktas\/pop-kaledinis-ernis\/#primaryimage"},"thumbnailUrl":"https:\/\/collectin.eu\/wp-content\/uploads\/2025\/10\/Sticker-24.png","datePublished":"2025-10-18T10:58:56+00:00","dateModified":"2026-04-08T10:27:12+00:00","description":"\u0160i fig\u016br\u0117l\u0117 vaizduoja Wolverine, d\u0117vint\u012f savo \u012fprast\u0105 gelton\u0105 ir m\u0117lyn\u0105 kostium\u0105, ta\u010diau su \u0161ventiniu akcentu: ant galvos yra sniego sluoksnis, o rankose jis laiko lentel\u0119 su u\u017era\u0161u\/","breadcrumb":{"@id":"https:\/\/collectin.eu\/produktas\/pop-kaledinis-ernis\/#breadcrumb"},"inLanguage":"en-US","potentialAction":[{"@type":"ReadAction","target":["https:\/\/collectin.eu\/produktas\/pop-kaledinis-ernis\/"]}]},{"@type":"ImageObject","inLanguage":"en-US","@id":"https:\/\/collectin.eu\/produktas\/pop-kaledinis-ernis\/#primaryimage","url":"https:\/\/collectin.eu\/wp-content\/uploads\/2025\/10\/Sticker-24.png","contentUrl":"https:\/\/collectin.eu\/wp-content\/uploads\/2025\/10\/Sticker-24.png","width":1080,"height":1080},{"@type":"BreadcrumbList","@id":"https:\/\/collectin.eu\/produktas\/pop-kaledinis-ernis\/#breadcrumb","itemListElement":[{"@type":"ListItem","position":1,"name":"Home","item":"https:\/\/collectin.eu\/"},{"@type":"ListItem","position":2,"name":"Parduotuv\u0117","item":"https:\/\/collectin.eu\/parduotuve\/"},{"@type":"ListItem","position":3,"name":"Pop! Wolverine"}]},{"@type":"WebSite","@id":"https:\/\/collectin.eu\/#website","url":"https:\/\/collectin.eu\/","name":"Collectin.eu","description":"","potentialAction":[{"@type":"SearchAction","target":{"@type":"EntryPoint","urlTemplate":"https:\/\/collectin.eu\/?s={search_term_string}"},"query-input":{"@type":"PropertyValueSpecification","valueRequired":true,"valueName":"search_term_string"}}],"inLanguage":"en-US"}]}},"jetpack_sharing_enabled":true,"_links":{"self":[{"href":"https:\/\/collectin.eu\/en\/wp-json\/wp\/v2\/product\/37588","targetHints":{"allow":["GET"]}}],"collection":[{"href":"https:\/\/collectin.eu\/en\/wp-json\/wp\/v2\/product"}],"about":[{"href":"https:\/\/collectin.eu\/en\/wp-json\/wp\/v2\/types\/product"}],"replies":[{"embeddable":true,"href":"https:\/\/collectin.eu\/en\/wp-json\/wp\/v2\/comments?post=37588"}],"version-history":[{"count":3,"href":"https:\/\/collectin.eu\/en\/wp-json\/wp\/v2\/product\/37588\/revisions"}],"predecessor-version":[{"id":40147,"href":"https:\/\/collectin.eu\/en\/wp-json\/wp\/v2\/product\/37588\/revisions\/40147"}],"wp:featuredmedia":[{"embeddable":true,"href":"https:\/\/collectin.eu\/en\/wp-json\/wp\/v2\/media\/37589"}],"wp:attachment":[{"href":"https:\/\/collectin.eu\/en\/wp-json\/wp\/v2\/media?parent=37588"}],"wp:term":[{"taxonomy":"product_brand","embeddable":true,"href":"https:\/\/collectin.eu\/en\/wp-json\/wp\/v2\/product_brand?post=37588"},{"taxonomy":"product_cat","embeddable":true,"href":"https:\/\/collectin.eu\/en\/wp-json\/wp\/v2\/product_cat?post=37588"},{"taxonomy":"product_tag","embeddable":true,"href":"https:\/\/collectin.eu\/en\/wp-json\/wp\/v2\/product_tag?post=37588"}],"curies":[{"name":"wp","href":"https:\/\/api.w.org\/{rel}","templated":true}]}}