{"id":37593,"date":"2025-10-18T11:09:23","date_gmt":"2025-10-18T11:09:23","guid":{"rendered":"https:\/\/collectin.eu\/?post_type=product&#038;p=37593"},"modified":"2026-04-08T10:27:12","modified_gmt":"2026-04-08T10:27:12","slug":"pop-zemes-milzinas","status":"publish","type":"product","link":"https:\/\/collectin.eu\/en\/product\/pop-zemes-milzinas\/","title":{"rendered":"Pop! Earth Giant"},"content":{"rendered":"<p>\u017diemi\u0161kame pasaulyje, kuriame \u201eDisney\u201c filmas Frozen II su\u017eav\u0117jo \u017ei\u016brovus visame pasaulyje, atsirado kolekcin\u0117 fig\u016br\u0117l\u0117, tobulai perteikianti \u0161io filmo diding\u0105 magij\u0105 \u2013 Funko POP! fig\u016br\u0117l\u0117 Nr. 587 \u201e\u017dem\u0117s mil\u017einas\u201c. I\u0161did\u017eiai stov\u0117dama tarp ikoni\u0161k\u0173 \u201eDisney\u201c veik\u0117j\u0173, \u0161i rank\u0173 darbo 9,5 cm (3,75 colio) dyd\u017eio Pop fig\u016br\u0117l\u0117 atgaivina diding\u0105 persona\u017e\u0105 ir tampa \u012fsp\u016bdingu bet kurios Funko kolekcijos papildymu.<\/p>","protected":false},"excerpt":{"rendered":"<p>\u017diemi\u0161kame pasaulyje, kuriame \u201eDisney\u201c filmas Frozen II su\u017eav\u0117jo \u017ei\u016brovus visame pasaulyje, atsirado kolekcin\u0117 fig\u016br\u0117l\u0117, tobulai perteikianti \u0161io filmo diding\u0105 magij\u0105<\/p>","protected":false},"featured_media":37594,"comment_status":"open","ping_status":"closed","template":"","meta":[],"product_brand":[426],"product_cat":[680,409,446],"product_tag":[449],"class_list":{"0":"post-37593","1":"product","2":"type-product","3":"status-publish","4":"has-post-thumbnail","6":"product_brand-funko-pop","7":"product_cat-figureles","8":"product_cat-funko-pop","9":"product_cat-pop-disney","10":"product_tag-figureles","12":"first","13":"instock","14":"taxable","15":"shipping-taxable","16":"purchasable","17":"product-type-simple"},"yoast_head":"<!-- This site is optimized with the Yoast SEO plugin v25.9 - https:\/\/yoast.com\/wordpress\/plugins\/seo\/ -->\n<title>Pop! Earth Giant - Collectin.eu<\/title>\n<meta name=\"robots\" content=\"index, follow, max-snippet:-1, max-image-preview:large, max-video-preview:-1\" \/>\n<link rel=\"canonical\" href=\"https:\/\/collectin.eu\/en\/product\/pop-zemes-milzinas\/\" \/>\n<meta property=\"og:locale\" content=\"en_US\" \/>\n<meta property=\"og:type\" content=\"article\" \/>\n<meta property=\"og:title\" content=\"Pop! Earth Giant - Collectin.eu\" \/>\n<meta property=\"og:description\" content=\"\u017diemi\u0161kame pasaulyje, kuriame \u201eDisney\u201c filmas Frozen II su\u017eav\u0117jo \u017ei\u016brovus visame pasaulyje, atsirado kolekcin\u0117 fig\u016br\u0117l\u0117, tobulai perteikianti \u0161io filmo diding\u0105 magij\u0105\" \/>\n<meta property=\"og:url\" content=\"https:\/\/collectin.eu\/en\/product\/pop-zemes-milzinas\/\" \/>\n<meta property=\"og:site_name\" content=\"Collectin.eu\" \/>\n<meta property=\"article:modified_time\" content=\"2026-04-08T10:27:12+00:00\" \/>\n<meta property=\"og:image\" content=\"http:\/\/collectin.eu\/wp-content\/uploads\/2025\/10\/Sticker-27.png\" \/>\n\t<meta property=\"og:image:width\" content=\"1080\" \/>\n\t<meta property=\"og:image:height\" content=\"1080\" \/>\n\t<meta property=\"og:image:type\" content=\"image\/png\" \/>\n<meta name=\"twitter:card\" content=\"summary_large_image\" \/>\n<meta name=\"twitter:label1\" content=\"Est. reading time\" \/>\n\t<meta name=\"twitter:data1\" content=\"1 minute\" \/>\n<script type=\"application\/ld+json\" class=\"yoast-schema-graph\">{\"@context\":\"https:\/\/schema.org\",\"@graph\":[{\"@type\":\"WebPage\",\"@id\":\"https:\/\/collectin.eu\/produktas\/pop-zemes-milzinas\/\",\"url\":\"https:\/\/collectin.eu\/produktas\/pop-zemes-milzinas\/\",\"name\":\"Pop! Earth Giant - Collectin.eu\",\"isPartOf\":{\"@id\":\"https:\/\/collectin.eu\/#website\"},\"primaryImageOfPage\":{\"@id\":\"https:\/\/collectin.eu\/produktas\/pop-zemes-milzinas\/#primaryimage\"},\"image\":{\"@id\":\"https:\/\/collectin.eu\/produktas\/pop-zemes-milzinas\/#primaryimage\"},\"thumbnailUrl\":\"https:\/\/collectin.eu\/wp-content\/uploads\/2025\/10\/Sticker-27.png\",\"datePublished\":\"2025-10-18T11:09:23+00:00\",\"dateModified\":\"2026-04-08T10:27:12+00:00\",\"breadcrumb\":{\"@id\":\"https:\/\/collectin.eu\/produktas\/pop-zemes-milzinas\/#breadcrumb\"},\"inLanguage\":\"en-US\",\"potentialAction\":[{\"@type\":\"ReadAction\",\"target\":[\"https:\/\/collectin.eu\/produktas\/pop-zemes-milzinas\/\"]}]},{\"@type\":\"ImageObject\",\"inLanguage\":\"en-US\",\"@id\":\"https:\/\/collectin.eu\/produktas\/pop-zemes-milzinas\/#primaryimage\",\"url\":\"https:\/\/collectin.eu\/wp-content\/uploads\/2025\/10\/Sticker-27.png\",\"contentUrl\":\"https:\/\/collectin.eu\/wp-content\/uploads\/2025\/10\/Sticker-27.png\",\"width\":1080,\"height\":1080},{\"@type\":\"BreadcrumbList\",\"@id\":\"https:\/\/collectin.eu\/produktas\/pop-zemes-milzinas\/#breadcrumb\",\"itemListElement\":[{\"@type\":\"ListItem\",\"position\":1,\"name\":\"Home\",\"item\":\"https:\/\/collectin.eu\/\"},{\"@type\":\"ListItem\",\"position\":2,\"name\":\"Parduotuv\u0117\",\"item\":\"https:\/\/collectin.eu\/parduotuve\/\"},{\"@type\":\"ListItem\",\"position\":3,\"name\":\"Pop! Earth Giant\"}]},{\"@type\":\"WebSite\",\"@id\":\"https:\/\/collectin.eu\/#website\",\"url\":\"https:\/\/collectin.eu\/\",\"name\":\"Collectin.eu\",\"description\":\"\",\"potentialAction\":[{\"@type\":\"SearchAction\",\"target\":{\"@type\":\"EntryPoint\",\"urlTemplate\":\"https:\/\/collectin.eu\/?s={search_term_string}\"},\"query-input\":{\"@type\":\"PropertyValueSpecification\",\"valueRequired\":true,\"valueName\":\"search_term_string\"}}],\"inLanguage\":\"en-US\"}]}<\/script>\n<!-- \/ Yoast SEO plugin. -->","yoast_head_json":{"title":"Pop! Earth Giant - Collectin.eu","robots":{"index":"index","follow":"follow","max-snippet":"max-snippet:-1","max-image-preview":"max-image-preview:large","max-video-preview":"max-video-preview:-1"},"canonical":"https:\/\/collectin.eu\/en\/product\/pop-zemes-milzinas\/","og_locale":"en_US","og_type":"article","og_title":"Pop! Earth Giant - Collectin.eu","og_description":"\u017diemi\u0161kame pasaulyje, kuriame \u201eDisney\u201c filmas Frozen II su\u017eav\u0117jo \u017ei\u016brovus visame pasaulyje, atsirado kolekcin\u0117 fig\u016br\u0117l\u0117, tobulai perteikianti \u0161io filmo diding\u0105 magij\u0105","og_url":"https:\/\/collectin.eu\/en\/product\/pop-zemes-milzinas\/","og_site_name":"Collectin.eu","article_modified_time":"2026-04-08T10:27:12+00:00","og_image":[{"width":1080,"height":1080,"url":"http:\/\/collectin.eu\/wp-content\/uploads\/2025\/10\/Sticker-27.png","type":"image\/png"}],"twitter_card":"summary_large_image","twitter_misc":{"Est. reading time":"1 minute"},"schema":{"@context":"https:\/\/schema.org","@graph":[{"@type":"WebPage","@id":"https:\/\/collectin.eu\/produktas\/pop-zemes-milzinas\/","url":"https:\/\/collectin.eu\/produktas\/pop-zemes-milzinas\/","name":"Pop! Earth Giant - Collectin.eu","isPartOf":{"@id":"https:\/\/collectin.eu\/#website"},"primaryImageOfPage":{"@id":"https:\/\/collectin.eu\/produktas\/pop-zemes-milzinas\/#primaryimage"},"image":{"@id":"https:\/\/collectin.eu\/produktas\/pop-zemes-milzinas\/#primaryimage"},"thumbnailUrl":"https:\/\/collectin.eu\/wp-content\/uploads\/2025\/10\/Sticker-27.png","datePublished":"2025-10-18T11:09:23+00:00","dateModified":"2026-04-08T10:27:12+00:00","breadcrumb":{"@id":"https:\/\/collectin.eu\/produktas\/pop-zemes-milzinas\/#breadcrumb"},"inLanguage":"en-US","potentialAction":[{"@type":"ReadAction","target":["https:\/\/collectin.eu\/produktas\/pop-zemes-milzinas\/"]}]},{"@type":"ImageObject","inLanguage":"en-US","@id":"https:\/\/collectin.eu\/produktas\/pop-zemes-milzinas\/#primaryimage","url":"https:\/\/collectin.eu\/wp-content\/uploads\/2025\/10\/Sticker-27.png","contentUrl":"https:\/\/collectin.eu\/wp-content\/uploads\/2025\/10\/Sticker-27.png","width":1080,"height":1080},{"@type":"BreadcrumbList","@id":"https:\/\/collectin.eu\/produktas\/pop-zemes-milzinas\/#breadcrumb","itemListElement":[{"@type":"ListItem","position":1,"name":"Home","item":"https:\/\/collectin.eu\/"},{"@type":"ListItem","position":2,"name":"Parduotuv\u0117","item":"https:\/\/collectin.eu\/parduotuve\/"},{"@type":"ListItem","position":3,"name":"Pop! Earth Giant"}]},{"@type":"WebSite","@id":"https:\/\/collectin.eu\/#website","url":"https:\/\/collectin.eu\/","name":"Collectin.eu","description":"","potentialAction":[{"@type":"SearchAction","target":{"@type":"EntryPoint","urlTemplate":"https:\/\/collectin.eu\/?s={search_term_string}"},"query-input":{"@type":"PropertyValueSpecification","valueRequired":true,"valueName":"search_term_string"}}],"inLanguage":"en-US"}]}},"jetpack_sharing_enabled":true,"_links":{"self":[{"href":"https:\/\/collectin.eu\/en\/wp-json\/wp\/v2\/product\/37593","targetHints":{"allow":["GET"]}}],"collection":[{"href":"https:\/\/collectin.eu\/en\/wp-json\/wp\/v2\/product"}],"about":[{"href":"https:\/\/collectin.eu\/en\/wp-json\/wp\/v2\/types\/product"}],"replies":[{"embeddable":true,"href":"https:\/\/collectin.eu\/en\/wp-json\/wp\/v2\/comments?post=37593"}],"version-history":[{"count":3,"href":"https:\/\/collectin.eu\/en\/wp-json\/wp\/v2\/product\/37593\/revisions"}],"predecessor-version":[{"id":40149,"href":"https:\/\/collectin.eu\/en\/wp-json\/wp\/v2\/product\/37593\/revisions\/40149"}],"wp:featuredmedia":[{"embeddable":true,"href":"https:\/\/collectin.eu\/en\/wp-json\/wp\/v2\/media\/37594"}],"wp:attachment":[{"href":"https:\/\/collectin.eu\/en\/wp-json\/wp\/v2\/media?parent=37593"}],"wp:term":[{"taxonomy":"product_brand","embeddable":true,"href":"https:\/\/collectin.eu\/en\/wp-json\/wp\/v2\/product_brand?post=37593"},{"taxonomy":"product_cat","embeddable":true,"href":"https:\/\/collectin.eu\/en\/wp-json\/wp\/v2\/product_cat?post=37593"},{"taxonomy":"product_tag","embeddable":true,"href":"https:\/\/collectin.eu\/en\/wp-json\/wp\/v2\/product_tag?post=37593"}],"curies":[{"name":"wp","href":"https:\/\/api.w.org\/{rel}","templated":true}]}}