{"id":37598,"date":"2025-10-18T11:24:49","date_gmt":"2025-10-18T11:24:49","guid":{"rendered":"https:\/\/collectin.eu\/?post_type=product&#038;p=37598"},"modified":"2026-04-08T10:27:12","modified_gmt":"2026-04-08T10:27:12","slug":"pop-sventinis-flash","status":"publish","type":"product","link":"https:\/\/collectin.eu\/en\/product\/pop-sventinis-flash\/","title":{"rendered":"Pop! Gingerbread Flash"},"content":{"rendered":"<p>\u201eTarsi \u017eai\u017earuodamas per \u0161ventin\u012f snaudul\u012f, The\u202fFlash \u017eengia \u012f \u017eaidim\u0105 \u2013 \u0161i i\u0161skirtin\u0117 Holiday versija apr\u0117pia greit\u012f, d\u017eiaugsm\u0105 ir \u0161ventin\u0119 nuotaik\u0105. Jo klasikinis raudonas kostiumas papildytas \u017evak\u0117mis, keliomis dekoracijomis ir \u0161ypsena, kuri su\u017eadina Kal\u0117d\u0173 dvasi\u0105 visur, kur tik pasirodo. Paruo\u0161kite lentyn\u0105, nes \u0161is POP! herojus ne tik simbolizuoja supergreit\u012f, bet ir \u0161ventin\u012f stebukl\u0105.\u201c\u00a0Fig\u016br\u0117l\u0117 i\u0161laiko b\u016bding\u0105 Funko POP! dizain\u0105 \u2013 didel\u0117 galva, apvalios akys ir stilizuota poza, perteikianti judes\u012f, kuris idealiai atitinka veik\u0117jo esm\u0119 \u2013 greit\u012f ir energij\u0105.<\/p>","protected":false},"excerpt":{"rendered":"<p>\u201eTarsi \u017eai\u017earuodamas per \u0161ventin\u012f snaudul\u012f, The\u202fFlash \u017eengia \u012f \u017eaidim\u0105 \u2013 \u0161i i\u0161skirtin\u0117 Holiday versija apr\u0117pia greit\u012f, d\u017eiaugsm\u0105 ir \u0161ventin\u0119 nuotaik\u0105.<\/p>","protected":false},"featured_media":37599,"comment_status":"open","ping_status":"closed","template":"","meta":[],"product_brand":[426],"product_cat":[680,409,447],"product_tag":[449],"class_list":{"0":"post-37598","1":"product","2":"type-product","3":"status-publish","4":"has-post-thumbnail","6":"product_brand-funko-pop","7":"product_cat-figureles","8":"product_cat-funko-pop","9":"product_cat-pop-dc-heroes","10":"product_tag-figureles","12":"first","13":"instock","14":"taxable","15":"shipping-taxable","16":"purchasable","17":"product-type-simple"},"yoast_head":"<!-- This site is optimized with the Yoast SEO plugin v25.9 - https:\/\/yoast.com\/wordpress\/plugins\/seo\/ -->\n<title>Pop! Gingerbread Flash - Collectin.eu<\/title>\n<meta name=\"description\" content=\"\u201eTarsi \u017eai\u017earuodamas per \u0161ventin\u012f snaudul\u012f, The\u202fFlash \u017eengia \u012f \u017eaidim\u0105 \u2013 \u0161i i\u0161skirtin\u0117 Holiday versija apr\u0117pia greit\u012f, d\u017eiaugsm\u0105 ir \u0161ventin\u0119 nuotaik\u0105.\" \/>\n<meta name=\"robots\" content=\"index, follow, max-snippet:-1, max-image-preview:large, max-video-preview:-1\" \/>\n<link rel=\"canonical\" href=\"https:\/\/collectin.eu\/en\/product\/pop-sventinis-flash\/\" \/>\n<meta property=\"og:locale\" content=\"en_US\" \/>\n<meta property=\"og:type\" content=\"article\" \/>\n<meta property=\"og:title\" content=\"Pop! Gingerbread Flash - Collectin.eu\" \/>\n<meta property=\"og:description\" content=\"\u201eTarsi \u017eai\u017earuodamas per \u0161ventin\u012f snaudul\u012f, The\u202fFlash \u017eengia \u012f \u017eaidim\u0105 \u2013 \u0161i i\u0161skirtin\u0117 Holiday versija apr\u0117pia greit\u012f, d\u017eiaugsm\u0105 ir \u0161ventin\u0119 nuotaik\u0105.\" \/>\n<meta property=\"og:url\" content=\"https:\/\/collectin.eu\/en\/product\/pop-sventinis-flash\/\" \/>\n<meta property=\"og:site_name\" content=\"Collectin.eu\" \/>\n<meta property=\"article:modified_time\" content=\"2026-04-08T10:27:12+00:00\" \/>\n<meta property=\"og:image\" content=\"http:\/\/collectin.eu\/wp-content\/uploads\/2025\/10\/Sticker-30.png\" \/>\n\t<meta property=\"og:image:width\" content=\"1080\" \/>\n\t<meta property=\"og:image:height\" content=\"1080\" \/>\n\t<meta property=\"og:image:type\" content=\"image\/png\" \/>\n<meta name=\"twitter:card\" content=\"summary_large_image\" \/>\n<meta name=\"twitter:label1\" content=\"Est. reading time\" \/>\n\t<meta name=\"twitter:data1\" content=\"1 minute\" \/>\n<script type=\"application\/ld+json\" class=\"yoast-schema-graph\">{\"@context\":\"https:\/\/schema.org\",\"@graph\":[{\"@type\":\"WebPage\",\"@id\":\"https:\/\/collectin.eu\/produktas\/pop-sventinis-flash\/\",\"url\":\"https:\/\/collectin.eu\/produktas\/pop-sventinis-flash\/\",\"name\":\"Pop! Gingerbread Flash - Collectin.eu\",\"isPartOf\":{\"@id\":\"https:\/\/collectin.eu\/#website\"},\"primaryImageOfPage\":{\"@id\":\"https:\/\/collectin.eu\/produktas\/pop-sventinis-flash\/#primaryimage\"},\"image\":{\"@id\":\"https:\/\/collectin.eu\/produktas\/pop-sventinis-flash\/#primaryimage\"},\"thumbnailUrl\":\"https:\/\/collectin.eu\/wp-content\/uploads\/2025\/10\/Sticker-30.png\",\"datePublished\":\"2025-10-18T11:24:49+00:00\",\"dateModified\":\"2026-04-08T10:27:12+00:00\",\"description\":\"\u201eTarsi \u017eai\u017earuodamas per \u0161ventin\u012f snaudul\u012f, The\u202fFlash \u017eengia \u012f \u017eaidim\u0105 \u2013 \u0161i i\u0161skirtin\u0117 Holiday versija apr\u0117pia greit\u012f, d\u017eiaugsm\u0105 ir \u0161ventin\u0119 nuotaik\u0105.\",\"breadcrumb\":{\"@id\":\"https:\/\/collectin.eu\/produktas\/pop-sventinis-flash\/#breadcrumb\"},\"inLanguage\":\"en-US\",\"potentialAction\":[{\"@type\":\"ReadAction\",\"target\":[\"https:\/\/collectin.eu\/produktas\/pop-sventinis-flash\/\"]}]},{\"@type\":\"ImageObject\",\"inLanguage\":\"en-US\",\"@id\":\"https:\/\/collectin.eu\/produktas\/pop-sventinis-flash\/#primaryimage\",\"url\":\"https:\/\/collectin.eu\/wp-content\/uploads\/2025\/10\/Sticker-30.png\",\"contentUrl\":\"https:\/\/collectin.eu\/wp-content\/uploads\/2025\/10\/Sticker-30.png\",\"width\":1080,\"height\":1080},{\"@type\":\"BreadcrumbList\",\"@id\":\"https:\/\/collectin.eu\/produktas\/pop-sventinis-flash\/#breadcrumb\",\"itemListElement\":[{\"@type\":\"ListItem\",\"position\":1,\"name\":\"Home\",\"item\":\"https:\/\/collectin.eu\/\"},{\"@type\":\"ListItem\",\"position\":2,\"name\":\"Parduotuv\u0117\",\"item\":\"https:\/\/collectin.eu\/parduotuve\/\"},{\"@type\":\"ListItem\",\"position\":3,\"name\":\"Pop! Gingerbread Flash\"}]},{\"@type\":\"WebSite\",\"@id\":\"https:\/\/collectin.eu\/#website\",\"url\":\"https:\/\/collectin.eu\/\",\"name\":\"Collectin.eu\",\"description\":\"\",\"potentialAction\":[{\"@type\":\"SearchAction\",\"target\":{\"@type\":\"EntryPoint\",\"urlTemplate\":\"https:\/\/collectin.eu\/?s={search_term_string}\"},\"query-input\":{\"@type\":\"PropertyValueSpecification\",\"valueRequired\":true,\"valueName\":\"search_term_string\"}}],\"inLanguage\":\"en-US\"}]}<\/script>\n<!-- \/ Yoast SEO plugin. -->","yoast_head_json":{"title":"Pop! Gingerbread Flash - Collectin.eu","description":"\u201eTarsi \u017eai\u017earuodamas per \u0161ventin\u012f snaudul\u012f, The\u202fFlash \u017eengia \u012f \u017eaidim\u0105 \u2013 \u0161i i\u0161skirtin\u0117 Holiday versija apr\u0117pia greit\u012f, d\u017eiaugsm\u0105 ir \u0161ventin\u0119 nuotaik\u0105.","robots":{"index":"index","follow":"follow","max-snippet":"max-snippet:-1","max-image-preview":"max-image-preview:large","max-video-preview":"max-video-preview:-1"},"canonical":"https:\/\/collectin.eu\/en\/product\/pop-sventinis-flash\/","og_locale":"en_US","og_type":"article","og_title":"Pop! Gingerbread Flash - Collectin.eu","og_description":"\u201eTarsi \u017eai\u017earuodamas per \u0161ventin\u012f snaudul\u012f, The\u202fFlash \u017eengia \u012f \u017eaidim\u0105 \u2013 \u0161i i\u0161skirtin\u0117 Holiday versija apr\u0117pia greit\u012f, d\u017eiaugsm\u0105 ir \u0161ventin\u0119 nuotaik\u0105.","og_url":"https:\/\/collectin.eu\/en\/product\/pop-sventinis-flash\/","og_site_name":"Collectin.eu","article_modified_time":"2026-04-08T10:27:12+00:00","og_image":[{"width":1080,"height":1080,"url":"http:\/\/collectin.eu\/wp-content\/uploads\/2025\/10\/Sticker-30.png","type":"image\/png"}],"twitter_card":"summary_large_image","twitter_misc":{"Est. reading time":"1 minute"},"schema":{"@context":"https:\/\/schema.org","@graph":[{"@type":"WebPage","@id":"https:\/\/collectin.eu\/produktas\/pop-sventinis-flash\/","url":"https:\/\/collectin.eu\/produktas\/pop-sventinis-flash\/","name":"Pop! Gingerbread Flash - Collectin.eu","isPartOf":{"@id":"https:\/\/collectin.eu\/#website"},"primaryImageOfPage":{"@id":"https:\/\/collectin.eu\/produktas\/pop-sventinis-flash\/#primaryimage"},"image":{"@id":"https:\/\/collectin.eu\/produktas\/pop-sventinis-flash\/#primaryimage"},"thumbnailUrl":"https:\/\/collectin.eu\/wp-content\/uploads\/2025\/10\/Sticker-30.png","datePublished":"2025-10-18T11:24:49+00:00","dateModified":"2026-04-08T10:27:12+00:00","description":"\u201eTarsi \u017eai\u017earuodamas per \u0161ventin\u012f snaudul\u012f, The\u202fFlash \u017eengia \u012f \u017eaidim\u0105 \u2013 \u0161i i\u0161skirtin\u0117 Holiday versija apr\u0117pia greit\u012f, d\u017eiaugsm\u0105 ir \u0161ventin\u0119 nuotaik\u0105.","breadcrumb":{"@id":"https:\/\/collectin.eu\/produktas\/pop-sventinis-flash\/#breadcrumb"},"inLanguage":"en-US","potentialAction":[{"@type":"ReadAction","target":["https:\/\/collectin.eu\/produktas\/pop-sventinis-flash\/"]}]},{"@type":"ImageObject","inLanguage":"en-US","@id":"https:\/\/collectin.eu\/produktas\/pop-sventinis-flash\/#primaryimage","url":"https:\/\/collectin.eu\/wp-content\/uploads\/2025\/10\/Sticker-30.png","contentUrl":"https:\/\/collectin.eu\/wp-content\/uploads\/2025\/10\/Sticker-30.png","width":1080,"height":1080},{"@type":"BreadcrumbList","@id":"https:\/\/collectin.eu\/produktas\/pop-sventinis-flash\/#breadcrumb","itemListElement":[{"@type":"ListItem","position":1,"name":"Home","item":"https:\/\/collectin.eu\/"},{"@type":"ListItem","position":2,"name":"Parduotuv\u0117","item":"https:\/\/collectin.eu\/parduotuve\/"},{"@type":"ListItem","position":3,"name":"Pop! Gingerbread Flash"}]},{"@type":"WebSite","@id":"https:\/\/collectin.eu\/#website","url":"https:\/\/collectin.eu\/","name":"Collectin.eu","description":"","potentialAction":[{"@type":"SearchAction","target":{"@type":"EntryPoint","urlTemplate":"https:\/\/collectin.eu\/?s={search_term_string}"},"query-input":{"@type":"PropertyValueSpecification","valueRequired":true,"valueName":"search_term_string"}}],"inLanguage":"en-US"}]}},"jetpack_sharing_enabled":true,"_links":{"self":[{"href":"https:\/\/collectin.eu\/en\/wp-json\/wp\/v2\/product\/37598","targetHints":{"allow":["GET"]}}],"collection":[{"href":"https:\/\/collectin.eu\/en\/wp-json\/wp\/v2\/product"}],"about":[{"href":"https:\/\/collectin.eu\/en\/wp-json\/wp\/v2\/types\/product"}],"replies":[{"embeddable":true,"href":"https:\/\/collectin.eu\/en\/wp-json\/wp\/v2\/comments?post=37598"}],"version-history":[{"count":2,"href":"https:\/\/collectin.eu\/en\/wp-json\/wp\/v2\/product\/37598\/revisions"}],"predecessor-version":[{"id":40165,"href":"https:\/\/collectin.eu\/en\/wp-json\/wp\/v2\/product\/37598\/revisions\/40165"}],"wp:featuredmedia":[{"embeddable":true,"href":"https:\/\/collectin.eu\/en\/wp-json\/wp\/v2\/media\/37599"}],"wp:attachment":[{"href":"https:\/\/collectin.eu\/en\/wp-json\/wp\/v2\/media?parent=37598"}],"wp:term":[{"taxonomy":"product_brand","embeddable":true,"href":"https:\/\/collectin.eu\/en\/wp-json\/wp\/v2\/product_brand?post=37598"},{"taxonomy":"product_cat","embeddable":true,"href":"https:\/\/collectin.eu\/en\/wp-json\/wp\/v2\/product_cat?post=37598"},{"taxonomy":"product_tag","embeddable":true,"href":"https:\/\/collectin.eu\/en\/wp-json\/wp\/v2\/product_tag?post=37598"}],"curies":[{"name":"wp","href":"https:\/\/api.w.org\/{rel}","templated":true}]}}