{"id":37602,"date":"2025-10-18T11:36:22","date_gmt":"2025-10-18T11:36:22","guid":{"rendered":"https:\/\/collectin.eu\/?post_type=product&#038;p=37602"},"modified":"2026-04-08T10:27:12","modified_gmt":"2026-04-08T10:27:12","slug":"pop-akvamenas","status":"publish","type":"product","link":"https:\/\/collectin.eu\/en\/product\/pop-akvamenas\/","title":{"rendered":"Pop! Aquaman"},"content":{"rendered":"<p>Funko POP! Movies: DC Aquaman fig\u016br\u0117l\u0117 \u2013 tai kolekcin\u0117 vinilin\u0117 fig\u016br\u0117l\u0117, vaizduojanti Aquaman (tikr. vardu Arthur Curry), pagrindin\u012f veik\u0117j\u0105 i\u0161 DC komiks\u0173 ir film\u0173, toki\u0173 kaip \u201eAquaman\u201c (2018) ir \u201eAquaman and the Lost Kingdom\u201c (2023). \u0160i fig\u016br\u0117l\u0117 yra dalis Funko POP! serijos, \u017einomos d\u0117l savo unikalios stilistikos: didel\u0117s galvos, dideli\u0173 juod\u0173 aki\u0173 ir stilizuot\u0173 k\u016bno proporcij\u0173. Aquaman \u2013 tai ikoni\u0161kas DC Comics superherojus, kurio tikrasis vardas yra Arthur Curry. Jis yra pusiau \u017emogus, pusiau atlantas \u2013 \u017emoni\u0173 ir povandenin\u0117s Atlanto karalyst\u0117s gyventojas, turintis ypatingas galias, kurios leid\u017eia jam valdyti j\u016br\u0173 pasaul\u012f. Arthur gim\u0117 i\u0161 \u017emogi\u0161kosios motinos ir atlant\u0173 karaliaus, tod\u0117l paveld\u0117jo ne tik \u017emogaus charakterio bruo\u017eus, bet ir nepaprastas galias bei teis\u0119 b\u016bti Atlanto karalyst\u0117s valdovu. Jo istorija da\u017enai apipinta didingomis legendomis apie j\u016bros gyvyb\u0119 ir \u017emogaus bei gamtos ry\u0161\u012f.<\/p>","protected":false},"excerpt":{"rendered":"<p>Funko POP! Movies: DC Aquaman fig\u016br\u0117l\u0117 \u2013 tai kolekcin\u0117 vinilin\u0117 fig\u016br\u0117l\u0117, vaizduojanti Aquaman (tikr. vardu Arthur Curry), pagrindin\u012f veik\u0117j\u0105 i\u0161<\/p>","protected":false},"featured_media":37603,"comment_status":"open","ping_status":"closed","template":"","meta":[],"product_brand":[426],"product_cat":[680,409,448],"product_tag":[449],"class_list":{"0":"post-37602","1":"product","2":"type-product","3":"status-publish","4":"has-post-thumbnail","6":"product_brand-funko-pop","7":"product_cat-figureles","8":"product_cat-funko-pop","9":"product_cat-pop-movies","10":"product_tag-figureles","12":"first","13":"instock","14":"taxable","15":"shipping-taxable","16":"purchasable","17":"product-type-simple"},"yoast_head":"<!-- This site is optimized with the Yoast SEO plugin v25.9 - https:\/\/yoast.com\/wordpress\/plugins\/seo\/ -->\n<title>Pop! Aquaman - Collectin.eu<\/title>\n<meta name=\"robots\" content=\"index, follow, max-snippet:-1, max-image-preview:large, max-video-preview:-1\" \/>\n<link rel=\"canonical\" href=\"https:\/\/collectin.eu\/en\/product\/pop-akvamenas\/\" \/>\n<meta property=\"og:locale\" content=\"en_US\" \/>\n<meta property=\"og:type\" content=\"article\" \/>\n<meta property=\"og:title\" content=\"Pop! Aquaman - Collectin.eu\" \/>\n<meta property=\"og:description\" content=\"Funko POP! Movies: DC Aquaman fig\u016br\u0117l\u0117 \u2013 tai kolekcin\u0117 vinilin\u0117 fig\u016br\u0117l\u0117, vaizduojanti Aquaman (tikr. vardu Arthur Curry), pagrindin\u012f veik\u0117j\u0105 i\u0161\" \/>\n<meta property=\"og:url\" content=\"https:\/\/collectin.eu\/en\/product\/pop-akvamenas\/\" \/>\n<meta property=\"og:site_name\" content=\"Collectin.eu\" \/>\n<meta property=\"article:modified_time\" content=\"2026-04-08T10:27:12+00:00\" \/>\n<meta property=\"og:image\" content=\"http:\/\/collectin.eu\/wp-content\/uploads\/2025\/10\/Sticker-32.png\" \/>\n\t<meta property=\"og:image:width\" content=\"1080\" \/>\n\t<meta property=\"og:image:height\" content=\"1080\" \/>\n\t<meta property=\"og:image:type\" content=\"image\/png\" \/>\n<meta name=\"twitter:card\" content=\"summary_large_image\" \/>\n<meta name=\"twitter:label1\" content=\"Est. reading time\" \/>\n\t<meta name=\"twitter:data1\" content=\"1 minute\" \/>\n<script type=\"application\/ld+json\" class=\"yoast-schema-graph\">{\"@context\":\"https:\/\/schema.org\",\"@graph\":[{\"@type\":\"WebPage\",\"@id\":\"https:\/\/collectin.eu\/produktas\/pop-akvamenas\/\",\"url\":\"https:\/\/collectin.eu\/produktas\/pop-akvamenas\/\",\"name\":\"Pop! Aquaman - Collectin.eu\",\"isPartOf\":{\"@id\":\"https:\/\/collectin.eu\/#website\"},\"primaryImageOfPage\":{\"@id\":\"https:\/\/collectin.eu\/produktas\/pop-akvamenas\/#primaryimage\"},\"image\":{\"@id\":\"https:\/\/collectin.eu\/produktas\/pop-akvamenas\/#primaryimage\"},\"thumbnailUrl\":\"https:\/\/collectin.eu\/wp-content\/uploads\/2025\/10\/Sticker-32.png\",\"datePublished\":\"2025-10-18T11:36:22+00:00\",\"dateModified\":\"2026-04-08T10:27:12+00:00\",\"breadcrumb\":{\"@id\":\"https:\/\/collectin.eu\/produktas\/pop-akvamenas\/#breadcrumb\"},\"inLanguage\":\"en-US\",\"potentialAction\":[{\"@type\":\"ReadAction\",\"target\":[\"https:\/\/collectin.eu\/produktas\/pop-akvamenas\/\"]}]},{\"@type\":\"ImageObject\",\"inLanguage\":\"en-US\",\"@id\":\"https:\/\/collectin.eu\/produktas\/pop-akvamenas\/#primaryimage\",\"url\":\"https:\/\/collectin.eu\/wp-content\/uploads\/2025\/10\/Sticker-32.png\",\"contentUrl\":\"https:\/\/collectin.eu\/wp-content\/uploads\/2025\/10\/Sticker-32.png\",\"width\":1080,\"height\":1080},{\"@type\":\"BreadcrumbList\",\"@id\":\"https:\/\/collectin.eu\/produktas\/pop-akvamenas\/#breadcrumb\",\"itemListElement\":[{\"@type\":\"ListItem\",\"position\":1,\"name\":\"Home\",\"item\":\"https:\/\/collectin.eu\/\"},{\"@type\":\"ListItem\",\"position\":2,\"name\":\"Parduotuv\u0117\",\"item\":\"https:\/\/collectin.eu\/parduotuve\/\"},{\"@type\":\"ListItem\",\"position\":3,\"name\":\"Pop! Aquaman\"}]},{\"@type\":\"WebSite\",\"@id\":\"https:\/\/collectin.eu\/#website\",\"url\":\"https:\/\/collectin.eu\/\",\"name\":\"Collectin.eu\",\"description\":\"\",\"potentialAction\":[{\"@type\":\"SearchAction\",\"target\":{\"@type\":\"EntryPoint\",\"urlTemplate\":\"https:\/\/collectin.eu\/?s={search_term_string}\"},\"query-input\":{\"@type\":\"PropertyValueSpecification\",\"valueRequired\":true,\"valueName\":\"search_term_string\"}}],\"inLanguage\":\"en-US\"}]}<\/script>\n<!-- \/ Yoast SEO plugin. -->","yoast_head_json":{"title":"Pop! Aquaman - Collectin.eu","robots":{"index":"index","follow":"follow","max-snippet":"max-snippet:-1","max-image-preview":"max-image-preview:large","max-video-preview":"max-video-preview:-1"},"canonical":"https:\/\/collectin.eu\/en\/product\/pop-akvamenas\/","og_locale":"en_US","og_type":"article","og_title":"Pop! Aquaman - Collectin.eu","og_description":"Funko POP! Movies: DC Aquaman fig\u016br\u0117l\u0117 \u2013 tai kolekcin\u0117 vinilin\u0117 fig\u016br\u0117l\u0117, vaizduojanti Aquaman (tikr. vardu Arthur Curry), pagrindin\u012f veik\u0117j\u0105 i\u0161","og_url":"https:\/\/collectin.eu\/en\/product\/pop-akvamenas\/","og_site_name":"Collectin.eu","article_modified_time":"2026-04-08T10:27:12+00:00","og_image":[{"width":1080,"height":1080,"url":"http:\/\/collectin.eu\/wp-content\/uploads\/2025\/10\/Sticker-32.png","type":"image\/png"}],"twitter_card":"summary_large_image","twitter_misc":{"Est. reading time":"1 minute"},"schema":{"@context":"https:\/\/schema.org","@graph":[{"@type":"WebPage","@id":"https:\/\/collectin.eu\/produktas\/pop-akvamenas\/","url":"https:\/\/collectin.eu\/produktas\/pop-akvamenas\/","name":"Pop! Aquaman - Collectin.eu","isPartOf":{"@id":"https:\/\/collectin.eu\/#website"},"primaryImageOfPage":{"@id":"https:\/\/collectin.eu\/produktas\/pop-akvamenas\/#primaryimage"},"image":{"@id":"https:\/\/collectin.eu\/produktas\/pop-akvamenas\/#primaryimage"},"thumbnailUrl":"https:\/\/collectin.eu\/wp-content\/uploads\/2025\/10\/Sticker-32.png","datePublished":"2025-10-18T11:36:22+00:00","dateModified":"2026-04-08T10:27:12+00:00","breadcrumb":{"@id":"https:\/\/collectin.eu\/produktas\/pop-akvamenas\/#breadcrumb"},"inLanguage":"en-US","potentialAction":[{"@type":"ReadAction","target":["https:\/\/collectin.eu\/produktas\/pop-akvamenas\/"]}]},{"@type":"ImageObject","inLanguage":"en-US","@id":"https:\/\/collectin.eu\/produktas\/pop-akvamenas\/#primaryimage","url":"https:\/\/collectin.eu\/wp-content\/uploads\/2025\/10\/Sticker-32.png","contentUrl":"https:\/\/collectin.eu\/wp-content\/uploads\/2025\/10\/Sticker-32.png","width":1080,"height":1080},{"@type":"BreadcrumbList","@id":"https:\/\/collectin.eu\/produktas\/pop-akvamenas\/#breadcrumb","itemListElement":[{"@type":"ListItem","position":1,"name":"Home","item":"https:\/\/collectin.eu\/"},{"@type":"ListItem","position":2,"name":"Parduotuv\u0117","item":"https:\/\/collectin.eu\/parduotuve\/"},{"@type":"ListItem","position":3,"name":"Pop! Aquaman"}]},{"@type":"WebSite","@id":"https:\/\/collectin.eu\/#website","url":"https:\/\/collectin.eu\/","name":"Collectin.eu","description":"","potentialAction":[{"@type":"SearchAction","target":{"@type":"EntryPoint","urlTemplate":"https:\/\/collectin.eu\/?s={search_term_string}"},"query-input":{"@type":"PropertyValueSpecification","valueRequired":true,"valueName":"search_term_string"}}],"inLanguage":"en-US"}]}},"jetpack_sharing_enabled":true,"_links":{"self":[{"href":"https:\/\/collectin.eu\/en\/wp-json\/wp\/v2\/product\/37602","targetHints":{"allow":["GET"]}}],"collection":[{"href":"https:\/\/collectin.eu\/en\/wp-json\/wp\/v2\/product"}],"about":[{"href":"https:\/\/collectin.eu\/en\/wp-json\/wp\/v2\/types\/product"}],"replies":[{"embeddable":true,"href":"https:\/\/collectin.eu\/en\/wp-json\/wp\/v2\/comments?post=37602"}],"version-history":[{"count":3,"href":"https:\/\/collectin.eu\/en\/wp-json\/wp\/v2\/product\/37602\/revisions"}],"predecessor-version":[{"id":40151,"href":"https:\/\/collectin.eu\/en\/wp-json\/wp\/v2\/product\/37602\/revisions\/40151"}],"wp:featuredmedia":[{"embeddable":true,"href":"https:\/\/collectin.eu\/en\/wp-json\/wp\/v2\/media\/37603"}],"wp:attachment":[{"href":"https:\/\/collectin.eu\/en\/wp-json\/wp\/v2\/media?parent=37602"}],"wp:term":[{"taxonomy":"product_brand","embeddable":true,"href":"https:\/\/collectin.eu\/en\/wp-json\/wp\/v2\/product_brand?post=37602"},{"taxonomy":"product_cat","embeddable":true,"href":"https:\/\/collectin.eu\/en\/wp-json\/wp\/v2\/product_cat?post=37602"},{"taxonomy":"product_tag","embeddable":true,"href":"https:\/\/collectin.eu\/en\/wp-json\/wp\/v2\/product_tag?post=37602"}],"curies":[{"name":"wp","href":"https:\/\/api.w.org\/{rel}","templated":true}]}}