{"id":37915,"date":"2025-11-11T19:01:27","date_gmt":"2025-11-11T19:01:27","guid":{"rendered":"https:\/\/collectin.eu\/?post_type=product&#038;p=37915"},"modified":"2026-04-08T10:27:11","modified_gmt":"2026-04-08T10:27:11","slug":"pop-protingas-hulkas","status":"publish","type":"product","link":"https:\/\/collectin.eu\/en\/product\/pop-protingas-hulkas\/","title":{"rendered":"Pop! Smart Hulk"},"content":{"rendered":"<p>Funko POP! Vinyl \u2013 She-Hulk: Smart Hulk (#1130) yra kolekcin\u0117 vinilin\u0117 fig\u016br\u0117l\u0117 i\u0161 populiarios \u201eFunko POP!\u201c serijos, sukurta pagal \u201eMarvel\u201c pasaulio veik\u0117j\u0105 \u2013 proting\u0105j\u0105 Hulko versij\u0105, \u017einom\u0105 kaip \u201eSmart Hulk\u201c. \u0160i fig\u016br\u0117l\u0117 atvaizduoja persona\u017e\u0105 i\u0161 \u201eShe-Hulk\u201c televizijos serialo, kuriame Hulkas pasirodo ramesnis, brandesnis ir labiau valdantis savo j\u0117g\u0105 bei prot\u0105. Fig\u016br\u0117l\u0117 pagaminta i\u0161 auk\u0161tos kokyb\u0117s vinilo, yra ma\u017edaug 9,5 cm (3\u00be colio) auk\u0161\u010dio, tod\u0117l puikiai tinka tiek kolekcionavimui, tiek kaip dekoratyvinis elementas ant lentynos ar darbo stalo. Supakuota originalioje, skaidraus plastiko langel\u012f turin\u010dioje d\u0117\u017eut\u0117je, tod\u0117l i\u0161lieka puikios b\u016bkl\u0117s net nei\u0161pakuota \u2013 tai svarbu kolekcininkams.<\/p>","protected":false},"excerpt":{"rendered":"<p>Funko POP! Vinyl \u2013 She-Hulk: Smart Hulk (#1130) yra kolekcin\u0117 vinilin\u0117 fig\u016br\u0117l\u0117 i\u0161 populiarios \u201eFunko POP!\u201c serijos, sukurta pagal \u201eMarvel\u201c<\/p>","protected":false},"featured_media":37916,"comment_status":"open","ping_status":"closed","template":"","meta":[],"product_brand":[426],"product_cat":[680,409,441],"product_tag":[449],"class_list":{"0":"post-37915","1":"product","2":"type-product","3":"status-publish","4":"has-post-thumbnail","6":"product_brand-funko-pop","7":"product_cat-figureles","8":"product_cat-funko-pop","9":"product_cat-marvel-funko-pop","10":"product_tag-figureles","12":"first","13":"instock","14":"taxable","15":"shipping-taxable","16":"purchasable","17":"product-type-simple"},"yoast_head":"<!-- This site is optimized with the Yoast SEO plugin v25.9 - https:\/\/yoast.com\/wordpress\/plugins\/seo\/ -->\n<title>Pop! Smart Hulk - Collectin.eu<\/title>\n<meta name=\"description\" content=\"Oficialiai licencijuotas \u201eMarvel\u201c produktas pasi\u017eymi kruop\u0161\u010diai atkurtomis detal\u0117mis \u2013 nuo charakteringo Smart Hulko veido bruo\u017e\u0173 ir \u0161ypsenos iki jo \u017ealios odos bei sportin\u0117s aprangos, kaip matoma seriale.\" \/>\n<meta name=\"robots\" content=\"index, follow, max-snippet:-1, max-image-preview:large, max-video-preview:-1\" \/>\n<link rel=\"canonical\" href=\"https:\/\/collectin.eu\/en\/product\/pop-protingas-hulkas\/\" \/>\n<meta property=\"og:locale\" content=\"en_US\" \/>\n<meta property=\"og:type\" content=\"article\" \/>\n<meta property=\"og:title\" content=\"Pop! Smart Hulk - Collectin.eu\" \/>\n<meta property=\"og:description\" content=\"Oficialiai licencijuotas \u201eMarvel\u201c produktas pasi\u017eymi kruop\u0161\u010diai atkurtomis detal\u0117mis \u2013 nuo charakteringo Smart Hulko veido bruo\u017e\u0173 ir \u0161ypsenos iki jo \u017ealios odos bei sportin\u0117s aprangos, kaip matoma seriale.\" \/>\n<meta property=\"og:url\" content=\"https:\/\/collectin.eu\/en\/product\/pop-protingas-hulkas\/\" \/>\n<meta property=\"og:site_name\" content=\"Collectin.eu\" \/>\n<meta property=\"article:modified_time\" content=\"2026-04-08T10:27:11+00:00\" \/>\n<meta property=\"og:image\" content=\"http:\/\/collectin.eu\/wp-content\/uploads\/2025\/11\/Untitled-design-2025-11-11T205542.871.png\" \/>\n\t<meta property=\"og:image:width\" content=\"1080\" \/>\n\t<meta property=\"og:image:height\" content=\"1080\" \/>\n\t<meta property=\"og:image:type\" content=\"image\/png\" \/>\n<meta name=\"twitter:card\" content=\"summary_large_image\" \/>\n<meta name=\"twitter:label1\" content=\"Est. reading time\" \/>\n\t<meta name=\"twitter:data1\" content=\"1 minute\" \/>\n<script type=\"application\/ld+json\" class=\"yoast-schema-graph\">{\"@context\":\"https:\/\/schema.org\",\"@graph\":[{\"@type\":\"WebPage\",\"@id\":\"https:\/\/collectin.eu\/produktas\/pop-protingas-hulkas\/\",\"url\":\"https:\/\/collectin.eu\/produktas\/pop-protingas-hulkas\/\",\"name\":\"Pop! Smart Hulk - Collectin.eu\",\"isPartOf\":{\"@id\":\"https:\/\/collectin.eu\/#website\"},\"primaryImageOfPage\":{\"@id\":\"https:\/\/collectin.eu\/produktas\/pop-protingas-hulkas\/#primaryimage\"},\"image\":{\"@id\":\"https:\/\/collectin.eu\/produktas\/pop-protingas-hulkas\/#primaryimage\"},\"thumbnailUrl\":\"https:\/\/collectin.eu\/wp-content\/uploads\/2025\/11\/Untitled-design-2025-11-11T205542.871.png\",\"datePublished\":\"2025-11-11T19:01:27+00:00\",\"dateModified\":\"2026-04-08T10:27:11+00:00\",\"description\":\"Oficialiai licencijuotas \u201eMarvel\u201c produktas pasi\u017eymi kruop\u0161\u010diai atkurtomis detal\u0117mis \u2013 nuo charakteringo Smart Hulko veido bruo\u017e\u0173 ir \u0161ypsenos iki jo \u017ealios odos bei sportin\u0117s aprangos, kaip matoma seriale.\",\"breadcrumb\":{\"@id\":\"https:\/\/collectin.eu\/produktas\/pop-protingas-hulkas\/#breadcrumb\"},\"inLanguage\":\"en-US\",\"potentialAction\":[{\"@type\":\"ReadAction\",\"target\":[\"https:\/\/collectin.eu\/produktas\/pop-protingas-hulkas\/\"]}]},{\"@type\":\"ImageObject\",\"inLanguage\":\"en-US\",\"@id\":\"https:\/\/collectin.eu\/produktas\/pop-protingas-hulkas\/#primaryimage\",\"url\":\"https:\/\/collectin.eu\/wp-content\/uploads\/2025\/11\/Untitled-design-2025-11-11T205542.871.png\",\"contentUrl\":\"https:\/\/collectin.eu\/wp-content\/uploads\/2025\/11\/Untitled-design-2025-11-11T205542.871.png\",\"width\":1080,\"height\":1080},{\"@type\":\"BreadcrumbList\",\"@id\":\"https:\/\/collectin.eu\/produktas\/pop-protingas-hulkas\/#breadcrumb\",\"itemListElement\":[{\"@type\":\"ListItem\",\"position\":1,\"name\":\"Home\",\"item\":\"https:\/\/collectin.eu\/\"},{\"@type\":\"ListItem\",\"position\":2,\"name\":\"Parduotuv\u0117\",\"item\":\"https:\/\/collectin.eu\/parduotuve\/\"},{\"@type\":\"ListItem\",\"position\":3,\"name\":\"Pop! Smart Hulk\"}]},{\"@type\":\"WebSite\",\"@id\":\"https:\/\/collectin.eu\/#website\",\"url\":\"https:\/\/collectin.eu\/\",\"name\":\"Collectin.eu\",\"description\":\"\",\"potentialAction\":[{\"@type\":\"SearchAction\",\"target\":{\"@type\":\"EntryPoint\",\"urlTemplate\":\"https:\/\/collectin.eu\/?s={search_term_string}\"},\"query-input\":{\"@type\":\"PropertyValueSpecification\",\"valueRequired\":true,\"valueName\":\"search_term_string\"}}],\"inLanguage\":\"en-US\"}]}<\/script>\n<!-- \/ Yoast SEO plugin. -->","yoast_head_json":{"title":"Pop! Smart Hulk - Collectin.eu","description":"Oficialiai licencijuotas \u201eMarvel\u201c produktas pasi\u017eymi kruop\u0161\u010diai atkurtomis detal\u0117mis \u2013 nuo charakteringo Smart Hulko veido bruo\u017e\u0173 ir \u0161ypsenos iki jo \u017ealios odos bei sportin\u0117s aprangos, kaip matoma seriale.","robots":{"index":"index","follow":"follow","max-snippet":"max-snippet:-1","max-image-preview":"max-image-preview:large","max-video-preview":"max-video-preview:-1"},"canonical":"https:\/\/collectin.eu\/en\/product\/pop-protingas-hulkas\/","og_locale":"en_US","og_type":"article","og_title":"Pop! Smart Hulk - Collectin.eu","og_description":"Oficialiai licencijuotas \u201eMarvel\u201c produktas pasi\u017eymi kruop\u0161\u010diai atkurtomis detal\u0117mis \u2013 nuo charakteringo Smart Hulko veido bruo\u017e\u0173 ir \u0161ypsenos iki jo \u017ealios odos bei sportin\u0117s aprangos, kaip matoma seriale.","og_url":"https:\/\/collectin.eu\/en\/product\/pop-protingas-hulkas\/","og_site_name":"Collectin.eu","article_modified_time":"2026-04-08T10:27:11+00:00","og_image":[{"width":1080,"height":1080,"url":"http:\/\/collectin.eu\/wp-content\/uploads\/2025\/11\/Untitled-design-2025-11-11T205542.871.png","type":"image\/png"}],"twitter_card":"summary_large_image","twitter_misc":{"Est. reading time":"1 minute"},"schema":{"@context":"https:\/\/schema.org","@graph":[{"@type":"WebPage","@id":"https:\/\/collectin.eu\/produktas\/pop-protingas-hulkas\/","url":"https:\/\/collectin.eu\/produktas\/pop-protingas-hulkas\/","name":"Pop! Smart Hulk - Collectin.eu","isPartOf":{"@id":"https:\/\/collectin.eu\/#website"},"primaryImageOfPage":{"@id":"https:\/\/collectin.eu\/produktas\/pop-protingas-hulkas\/#primaryimage"},"image":{"@id":"https:\/\/collectin.eu\/produktas\/pop-protingas-hulkas\/#primaryimage"},"thumbnailUrl":"https:\/\/collectin.eu\/wp-content\/uploads\/2025\/11\/Untitled-design-2025-11-11T205542.871.png","datePublished":"2025-11-11T19:01:27+00:00","dateModified":"2026-04-08T10:27:11+00:00","description":"Oficialiai licencijuotas \u201eMarvel\u201c produktas pasi\u017eymi kruop\u0161\u010diai atkurtomis detal\u0117mis \u2013 nuo charakteringo Smart Hulko veido bruo\u017e\u0173 ir \u0161ypsenos iki jo \u017ealios odos bei sportin\u0117s aprangos, kaip matoma seriale.","breadcrumb":{"@id":"https:\/\/collectin.eu\/produktas\/pop-protingas-hulkas\/#breadcrumb"},"inLanguage":"en-US","potentialAction":[{"@type":"ReadAction","target":["https:\/\/collectin.eu\/produktas\/pop-protingas-hulkas\/"]}]},{"@type":"ImageObject","inLanguage":"en-US","@id":"https:\/\/collectin.eu\/produktas\/pop-protingas-hulkas\/#primaryimage","url":"https:\/\/collectin.eu\/wp-content\/uploads\/2025\/11\/Untitled-design-2025-11-11T205542.871.png","contentUrl":"https:\/\/collectin.eu\/wp-content\/uploads\/2025\/11\/Untitled-design-2025-11-11T205542.871.png","width":1080,"height":1080},{"@type":"BreadcrumbList","@id":"https:\/\/collectin.eu\/produktas\/pop-protingas-hulkas\/#breadcrumb","itemListElement":[{"@type":"ListItem","position":1,"name":"Home","item":"https:\/\/collectin.eu\/"},{"@type":"ListItem","position":2,"name":"Parduotuv\u0117","item":"https:\/\/collectin.eu\/parduotuve\/"},{"@type":"ListItem","position":3,"name":"Pop! Smart Hulk"}]},{"@type":"WebSite","@id":"https:\/\/collectin.eu\/#website","url":"https:\/\/collectin.eu\/","name":"Collectin.eu","description":"","potentialAction":[{"@type":"SearchAction","target":{"@type":"EntryPoint","urlTemplate":"https:\/\/collectin.eu\/?s={search_term_string}"},"query-input":{"@type":"PropertyValueSpecification","valueRequired":true,"valueName":"search_term_string"}}],"inLanguage":"en-US"}]}},"jetpack_sharing_enabled":true,"_links":{"self":[{"href":"https:\/\/collectin.eu\/en\/wp-json\/wp\/v2\/product\/37915","targetHints":{"allow":["GET"]}}],"collection":[{"href":"https:\/\/collectin.eu\/en\/wp-json\/wp\/v2\/product"}],"about":[{"href":"https:\/\/collectin.eu\/en\/wp-json\/wp\/v2\/types\/product"}],"replies":[{"embeddable":true,"href":"https:\/\/collectin.eu\/en\/wp-json\/wp\/v2\/comments?post=37915"}],"version-history":[{"count":3,"href":"https:\/\/collectin.eu\/en\/wp-json\/wp\/v2\/product\/37915\/revisions"}],"predecessor-version":[{"id":40154,"href":"https:\/\/collectin.eu\/en\/wp-json\/wp\/v2\/product\/37915\/revisions\/40154"}],"wp:featuredmedia":[{"embeddable":true,"href":"https:\/\/collectin.eu\/en\/wp-json\/wp\/v2\/media\/37916"}],"wp:attachment":[{"href":"https:\/\/collectin.eu\/en\/wp-json\/wp\/v2\/media?parent=37915"}],"wp:term":[{"taxonomy":"product_brand","embeddable":true,"href":"https:\/\/collectin.eu\/en\/wp-json\/wp\/v2\/product_brand?post=37915"},{"taxonomy":"product_cat","embeddable":true,"href":"https:\/\/collectin.eu\/en\/wp-json\/wp\/v2\/product_cat?post=37915"},{"taxonomy":"product_tag","embeddable":true,"href":"https:\/\/collectin.eu\/en\/wp-json\/wp\/v2\/product_tag?post=37915"}],"curies":[{"name":"wp","href":"https:\/\/api.w.org\/{rel}","templated":true}]}}