{"id":37921,"date":"2025-11-11T19:16:14","date_gmt":"2025-11-11T19:16:14","guid":{"rendered":"https:\/\/collectin.eu\/?post_type=product&#038;p=37921"},"modified":"2026-04-08T10:27:11","modified_gmt":"2026-04-08T10:27:11","slug":"pop-pinokis-ir-kriketas","status":"publish","type":"product","link":"https:\/\/collectin.eu\/en\/product\/pop-pinokis-ir-kriketas\/","title":{"rendered":"Pop! Pinocchio &#038; Cricket"},"content":{"rendered":"<p>Funko POP! Movies \u2013 Pinocchio &amp; Cricket (#1299) yra kolekcin\u0117 vinilin\u0117 fig\u016br\u0117l\u0117, sukurta pagal \u201eGuillermo del Toro\u2019s Pinocchio\u201c \u2013 2022 m. Netflix film\u0105, pelnius\u012f pripa\u017einim\u0105 u\u017e unikal\u0173 stili\u0173 ir emocing\u0105 pasakojim\u0105. \u0160i fig\u016br\u0117l\u0117 vaizduoja medinuk\u0105 Pinok\u012f kartu su jo ma\u017euoju draugu Cricket, simbolizuojan\u010diu s\u0105\u017ein\u0119 ir i\u0161mint\u012f. Abu persona\u017eai atkuriami Funko POP! stilistika \u2013 su didel\u0117mis galvomis, i\u0161rai\u0161kingomis akimis ir i\u0161laikant b\u016bding\u0105 minimalistin\u012f, bet i\u0161kart atpa\u017e\u012fstam\u0105 dizain\u0105. Pinokio fig\u016bra pagaminta i\u0161 auk\u0161tos kokyb\u0117s vinilo, ma\u017edaug 11 cm auk\u0161\u010dio, pasi\u017eyminti kruop\u0161\u010diai i\u0161rai\u017eyta med\u017eio tekst\u016bra, kuri pabr\u0117\u017eia jo kilm\u0119 kaip gyvos l\u0117l\u0117s. Cricket fig\u016br\u0117l\u0117, ma\u017edaug 5 cm auk\u0161\u010dio, yra \u017eaismingas, ry\u0161kiai spalvotas priedas, suteikiantis \u0161iltumo ir kontrasto pagrindiniam veik\u0117jui.<\/p>","protected":false},"excerpt":{"rendered":"<p>Funko POP! Movies \u2013 Pinocchio &amp; Cricket (#1299) yra kolekcin\u0117 vinilin\u0117 fig\u016br\u0117l\u0117, sukurta pagal \u201eGuillermo del Toro\u2019s Pinocchio\u201c \u2013 2022<\/p>","protected":false},"featured_media":37922,"comment_status":"open","ping_status":"closed","template":"","meta":[],"product_brand":[426],"product_cat":[680,409,448],"product_tag":[449],"class_list":{"0":"post-37921","1":"product","2":"type-product","3":"status-publish","4":"has-post-thumbnail","6":"product_brand-funko-pop","7":"product_cat-figureles","8":"product_cat-funko-pop","9":"product_cat-pop-movies","10":"product_tag-figureles","12":"first","13":"instock","14":"taxable","15":"shipping-taxable","16":"purchasable","17":"product-type-simple"},"yoast_head":"<!-- This site is optimized with the Yoast SEO plugin v25.9 - https:\/\/yoast.com\/wordpress\/plugins\/seo\/ -->\n<title>Pop! Pinocchio &amp; Cricket - Collectin.eu<\/title>\n<meta name=\"description\" content=\"Fig\u016bra vaizduoja ikoninius du persona\u017eus i\u0161 film\u0173 \u201ePinocchio\u201c \u2013 medinuk\u0105 Pinocchio ir jo ma\u017e\u0105 draug\u0105 Cricket.\" \/>\n<meta name=\"robots\" content=\"index, follow, max-snippet:-1, max-image-preview:large, max-video-preview:-1\" \/>\n<link rel=\"canonical\" href=\"https:\/\/collectin.eu\/en\/product\/pop-pinokis-ir-kriketas\/\" \/>\n<meta property=\"og:locale\" content=\"en_US\" \/>\n<meta property=\"og:type\" content=\"article\" \/>\n<meta property=\"og:title\" content=\"Pop! Pinocchio &amp; Cricket - Collectin.eu\" \/>\n<meta property=\"og:description\" content=\"Fig\u016bra vaizduoja ikoninius du persona\u017eus i\u0161 film\u0173 \u201ePinocchio\u201c \u2013 medinuk\u0105 Pinocchio ir jo ma\u017e\u0105 draug\u0105 Cricket.\" \/>\n<meta property=\"og:url\" content=\"https:\/\/collectin.eu\/en\/product\/pop-pinokis-ir-kriketas\/\" \/>\n<meta property=\"og:site_name\" content=\"Collectin.eu\" \/>\n<meta property=\"article:modified_time\" content=\"2026-04-08T10:27:11+00:00\" \/>\n<meta property=\"og:image\" content=\"http:\/\/collectin.eu\/wp-content\/uploads\/2025\/11\/Untitled-design-2025-11-11T210916.936.png\" \/>\n\t<meta property=\"og:image:width\" content=\"1080\" \/>\n\t<meta property=\"og:image:height\" content=\"1080\" \/>\n\t<meta property=\"og:image:type\" content=\"image\/png\" \/>\n<meta name=\"twitter:card\" content=\"summary_large_image\" \/>\n<meta name=\"twitter:label1\" content=\"Est. reading time\" \/>\n\t<meta name=\"twitter:data1\" content=\"1 minute\" \/>\n<script type=\"application\/ld+json\" class=\"yoast-schema-graph\">{\"@context\":\"https:\/\/schema.org\",\"@graph\":[{\"@type\":\"WebPage\",\"@id\":\"https:\/\/collectin.eu\/produktas\/pop-pinokis-ir-kriketas\/\",\"url\":\"https:\/\/collectin.eu\/produktas\/pop-pinokis-ir-kriketas\/\",\"name\":\"Pop! Pinocchio & Cricket - Collectin.eu\",\"isPartOf\":{\"@id\":\"https:\/\/collectin.eu\/#website\"},\"primaryImageOfPage\":{\"@id\":\"https:\/\/collectin.eu\/produktas\/pop-pinokis-ir-kriketas\/#primaryimage\"},\"image\":{\"@id\":\"https:\/\/collectin.eu\/produktas\/pop-pinokis-ir-kriketas\/#primaryimage\"},\"thumbnailUrl\":\"https:\/\/collectin.eu\/wp-content\/uploads\/2025\/11\/Untitled-design-2025-11-11T210916.936.png\",\"datePublished\":\"2025-11-11T19:16:14+00:00\",\"dateModified\":\"2026-04-08T10:27:11+00:00\",\"description\":\"Fig\u016bra vaizduoja ikoninius du persona\u017eus i\u0161 film\u0173 \u201ePinocchio\u201c \u2013 medinuk\u0105 Pinocchio ir jo ma\u017e\u0105 draug\u0105 Cricket.\",\"breadcrumb\":{\"@id\":\"https:\/\/collectin.eu\/produktas\/pop-pinokis-ir-kriketas\/#breadcrumb\"},\"inLanguage\":\"en-US\",\"potentialAction\":[{\"@type\":\"ReadAction\",\"target\":[\"https:\/\/collectin.eu\/produktas\/pop-pinokis-ir-kriketas\/\"]}]},{\"@type\":\"ImageObject\",\"inLanguage\":\"en-US\",\"@id\":\"https:\/\/collectin.eu\/produktas\/pop-pinokis-ir-kriketas\/#primaryimage\",\"url\":\"https:\/\/collectin.eu\/wp-content\/uploads\/2025\/11\/Untitled-design-2025-11-11T210916.936.png\",\"contentUrl\":\"https:\/\/collectin.eu\/wp-content\/uploads\/2025\/11\/Untitled-design-2025-11-11T210916.936.png\",\"width\":1080,\"height\":1080},{\"@type\":\"BreadcrumbList\",\"@id\":\"https:\/\/collectin.eu\/produktas\/pop-pinokis-ir-kriketas\/#breadcrumb\",\"itemListElement\":[{\"@type\":\"ListItem\",\"position\":1,\"name\":\"Home\",\"item\":\"https:\/\/collectin.eu\/\"},{\"@type\":\"ListItem\",\"position\":2,\"name\":\"Parduotuv\u0117\",\"item\":\"https:\/\/collectin.eu\/parduotuve\/\"},{\"@type\":\"ListItem\",\"position\":3,\"name\":\"Pop! Pinocchio &#038; Cricket\"}]},{\"@type\":\"WebSite\",\"@id\":\"https:\/\/collectin.eu\/#website\",\"url\":\"https:\/\/collectin.eu\/\",\"name\":\"Collectin.eu\",\"description\":\"\",\"potentialAction\":[{\"@type\":\"SearchAction\",\"target\":{\"@type\":\"EntryPoint\",\"urlTemplate\":\"https:\/\/collectin.eu\/?s={search_term_string}\"},\"query-input\":{\"@type\":\"PropertyValueSpecification\",\"valueRequired\":true,\"valueName\":\"search_term_string\"}}],\"inLanguage\":\"en-US\"}]}<\/script>\n<!-- \/ Yoast SEO plugin. -->","yoast_head_json":{"title":"Pop! Pinocchio & Cricket - Collectin.eu","description":"Fig\u016bra vaizduoja ikoninius du persona\u017eus i\u0161 film\u0173 \u201ePinocchio\u201c \u2013 medinuk\u0105 Pinocchio ir jo ma\u017e\u0105 draug\u0105 Cricket.","robots":{"index":"index","follow":"follow","max-snippet":"max-snippet:-1","max-image-preview":"max-image-preview:large","max-video-preview":"max-video-preview:-1"},"canonical":"https:\/\/collectin.eu\/en\/product\/pop-pinokis-ir-kriketas\/","og_locale":"en_US","og_type":"article","og_title":"Pop! Pinocchio & Cricket - Collectin.eu","og_description":"Fig\u016bra vaizduoja ikoninius du persona\u017eus i\u0161 film\u0173 \u201ePinocchio\u201c \u2013 medinuk\u0105 Pinocchio ir jo ma\u017e\u0105 draug\u0105 Cricket.","og_url":"https:\/\/collectin.eu\/en\/product\/pop-pinokis-ir-kriketas\/","og_site_name":"Collectin.eu","article_modified_time":"2026-04-08T10:27:11+00:00","og_image":[{"width":1080,"height":1080,"url":"http:\/\/collectin.eu\/wp-content\/uploads\/2025\/11\/Untitled-design-2025-11-11T210916.936.png","type":"image\/png"}],"twitter_card":"summary_large_image","twitter_misc":{"Est. reading time":"1 minute"},"schema":{"@context":"https:\/\/schema.org","@graph":[{"@type":"WebPage","@id":"https:\/\/collectin.eu\/produktas\/pop-pinokis-ir-kriketas\/","url":"https:\/\/collectin.eu\/produktas\/pop-pinokis-ir-kriketas\/","name":"Pop! Pinocchio & Cricket - Collectin.eu","isPartOf":{"@id":"https:\/\/collectin.eu\/#website"},"primaryImageOfPage":{"@id":"https:\/\/collectin.eu\/produktas\/pop-pinokis-ir-kriketas\/#primaryimage"},"image":{"@id":"https:\/\/collectin.eu\/produktas\/pop-pinokis-ir-kriketas\/#primaryimage"},"thumbnailUrl":"https:\/\/collectin.eu\/wp-content\/uploads\/2025\/11\/Untitled-design-2025-11-11T210916.936.png","datePublished":"2025-11-11T19:16:14+00:00","dateModified":"2026-04-08T10:27:11+00:00","description":"Fig\u016bra vaizduoja ikoninius du persona\u017eus i\u0161 film\u0173 \u201ePinocchio\u201c \u2013 medinuk\u0105 Pinocchio ir jo ma\u017e\u0105 draug\u0105 Cricket.","breadcrumb":{"@id":"https:\/\/collectin.eu\/produktas\/pop-pinokis-ir-kriketas\/#breadcrumb"},"inLanguage":"en-US","potentialAction":[{"@type":"ReadAction","target":["https:\/\/collectin.eu\/produktas\/pop-pinokis-ir-kriketas\/"]}]},{"@type":"ImageObject","inLanguage":"en-US","@id":"https:\/\/collectin.eu\/produktas\/pop-pinokis-ir-kriketas\/#primaryimage","url":"https:\/\/collectin.eu\/wp-content\/uploads\/2025\/11\/Untitled-design-2025-11-11T210916.936.png","contentUrl":"https:\/\/collectin.eu\/wp-content\/uploads\/2025\/11\/Untitled-design-2025-11-11T210916.936.png","width":1080,"height":1080},{"@type":"BreadcrumbList","@id":"https:\/\/collectin.eu\/produktas\/pop-pinokis-ir-kriketas\/#breadcrumb","itemListElement":[{"@type":"ListItem","position":1,"name":"Home","item":"https:\/\/collectin.eu\/"},{"@type":"ListItem","position":2,"name":"Parduotuv\u0117","item":"https:\/\/collectin.eu\/parduotuve\/"},{"@type":"ListItem","position":3,"name":"Pop! Pinocchio &#038; Cricket"}]},{"@type":"WebSite","@id":"https:\/\/collectin.eu\/#website","url":"https:\/\/collectin.eu\/","name":"Collectin.eu","description":"","potentialAction":[{"@type":"SearchAction","target":{"@type":"EntryPoint","urlTemplate":"https:\/\/collectin.eu\/?s={search_term_string}"},"query-input":{"@type":"PropertyValueSpecification","valueRequired":true,"valueName":"search_term_string"}}],"inLanguage":"en-US"}]}},"jetpack_sharing_enabled":true,"_links":{"self":[{"href":"https:\/\/collectin.eu\/en\/wp-json\/wp\/v2\/product\/37921","targetHints":{"allow":["GET"]}}],"collection":[{"href":"https:\/\/collectin.eu\/en\/wp-json\/wp\/v2\/product"}],"about":[{"href":"https:\/\/collectin.eu\/en\/wp-json\/wp\/v2\/types\/product"}],"replies":[{"embeddable":true,"href":"https:\/\/collectin.eu\/en\/wp-json\/wp\/v2\/comments?post=37921"}],"version-history":[{"count":3,"href":"https:\/\/collectin.eu\/en\/wp-json\/wp\/v2\/product\/37921\/revisions"}],"predecessor-version":[{"id":40155,"href":"https:\/\/collectin.eu\/en\/wp-json\/wp\/v2\/product\/37921\/revisions\/40155"}],"wp:featuredmedia":[{"embeddable":true,"href":"https:\/\/collectin.eu\/en\/wp-json\/wp\/v2\/media\/37922"}],"wp:attachment":[{"href":"https:\/\/collectin.eu\/en\/wp-json\/wp\/v2\/media?parent=37921"}],"wp:term":[{"taxonomy":"product_brand","embeddable":true,"href":"https:\/\/collectin.eu\/en\/wp-json\/wp\/v2\/product_brand?post=37921"},{"taxonomy":"product_cat","embeddable":true,"href":"https:\/\/collectin.eu\/en\/wp-json\/wp\/v2\/product_cat?post=37921"},{"taxonomy":"product_tag","embeddable":true,"href":"https:\/\/collectin.eu\/en\/wp-json\/wp\/v2\/product_tag?post=37921"}],"curies":[{"name":"wp","href":"https:\/\/api.w.org\/{rel}","templated":true}]}}