{"id":37927,"date":"2025-11-11T19:25:51","date_gmt":"2025-11-11T19:25:51","guid":{"rendered":"https:\/\/collectin.eu\/?post_type=product&#038;p=37927"},"modified":"2026-04-08T10:27:10","modified_gmt":"2026-04-08T10:27:10","slug":"pop-forge","status":"publish","type":"product","link":"https:\/\/collectin.eu\/en\/product\/pop-forge\/","title":{"rendered":"Pop! Forge"},"content":{"rendered":"<p>Funko POP! Movies: Dungeons &amp; Dragons \u2013 Forge \u2013 tai i\u0161skirtin\u0117 kolekcin\u0117 vinilin\u0117 fig\u016br\u0117l\u0117, \u012fkv\u0117pta vieno \u012fdomiausi\u0173 ir labiausiai intriguojan\u010di\u0173 persona\u017e\u0173 i\u0161 filmo \u201eDungeons &amp; Dragons: Honor Among Thieves\u201c \u2013 Forgeo Fitzwilliamo. \u0160is veik\u0117jas, filme \u012fk\u016bnytas Hugh Granto, i\u0161siskiria savo \u017eavesiu, gudrumu ir pasitik\u0117jimu savimi, o Funko POP! fig\u016br\u0117l\u0117 puikiai perteikia jo charakterio esm\u0119 \u017eaismingoje, stilizuotoje formoje. Fig\u016br\u0117l\u0117 pagaminta i\u0161 auk\u0161tos kokyb\u0117s vinilo \u2013 med\u017eiagos, u\u017etikrinan\u010dios ilgaam\u017ei\u0161kum\u0105 ir atsparum\u0105. Ji yra ma\u017edaug 9\u201310 cm (3,75 colio) auk\u0161\u010dio \u2013 standartinis POP! formatas, puikiai tinkantis tiek lentynoms, tiek vitrinin\u0117ms kolekcijoms. Forge pavaizduotas vilkintis prabang\u0173, detaliai atkurt\u0105 kostium\u0105, atspindint\u012f jo status\u0105 ir rafinuotum\u0105, o subtilios detal\u0117s \u2013 nuo veido i\u0161rai\u0161kos iki laikysenos \u2013 perteikia jo gudrum\u0105 bei manipuliacin\u0119 prigimt\u012f.<\/p>","protected":false},"excerpt":{"rendered":"<p>Funko POP! Movies: Dungeons &amp; Dragons \u2013 Forge \u2013 tai i\u0161skirtin\u0117 kolekcin\u0117 vinilin\u0117 fig\u016br\u0117l\u0117, \u012fkv\u0117pta vieno \u012fdomiausi\u0173 ir labiausiai intriguojan\u010di\u0173<\/p>","protected":false},"featured_media":37928,"comment_status":"open","ping_status":"closed","template":"","meta":[],"product_brand":[426],"product_cat":[680,409,448],"product_tag":[449],"class_list":{"0":"post-37927","1":"product","2":"type-product","3":"status-publish","4":"has-post-thumbnail","6":"product_brand-funko-pop","7":"product_cat-figureles","8":"product_cat-funko-pop","9":"product_cat-pop-movies","10":"product_tag-figureles","12":"first","13":"instock","14":"taxable","15":"shipping-taxable","16":"purchasable","17":"product-type-simple"},"yoast_head":"<!-- This site is optimized with the Yoast SEO plugin v25.9 - https:\/\/yoast.com\/wordpress\/plugins\/seo\/ -->\n<title>Pop! Forge - Collectin.eu<\/title>\n<meta name=\"description\" content=\"Funko POP! Movies: Dungeons &amp; Dragons \u2013 Forge \u2013 tai i\u0161skirtinis kolekcinis vinilinis fig\u016br\u0117l\u0117s modelis, \u012fkv\u0117ptas charizmati\u0161ko veik\u0117jo Forge Fitzwilliam i\u0161 \u201eDungeons &amp; Dragons: Honor Among Thieves\u201c filmo.\" \/>\n<meta name=\"robots\" content=\"index, follow, max-snippet:-1, max-image-preview:large, max-video-preview:-1\" \/>\n<link rel=\"canonical\" href=\"https:\/\/collectin.eu\/en\/product\/pop-forge\/\" \/>\n<meta property=\"og:locale\" content=\"en_US\" \/>\n<meta property=\"og:type\" content=\"article\" \/>\n<meta property=\"og:title\" content=\"Pop! Forge - Collectin.eu\" \/>\n<meta property=\"og:description\" content=\"Funko POP! Movies: Dungeons &amp; Dragons \u2013 Forge \u2013 tai i\u0161skirtinis kolekcinis vinilinis fig\u016br\u0117l\u0117s modelis, \u012fkv\u0117ptas charizmati\u0161ko veik\u0117jo Forge Fitzwilliam i\u0161 \u201eDungeons &amp; Dragons: Honor Among Thieves\u201c filmo.\" \/>\n<meta property=\"og:url\" content=\"https:\/\/collectin.eu\/en\/product\/pop-forge\/\" \/>\n<meta property=\"og:site_name\" content=\"Collectin.eu\" \/>\n<meta property=\"article:modified_time\" content=\"2026-04-08T10:27:10+00:00\" \/>\n<meta property=\"og:image\" content=\"http:\/\/collectin.eu\/wp-content\/uploads\/2025\/11\/Untitled-design-2025-11-11T211911.429.png\" \/>\n\t<meta property=\"og:image:width\" content=\"1080\" \/>\n\t<meta property=\"og:image:height\" content=\"1080\" \/>\n\t<meta property=\"og:image:type\" content=\"image\/png\" \/>\n<meta name=\"twitter:card\" content=\"summary_large_image\" \/>\n<meta name=\"twitter:label1\" content=\"Est. reading time\" \/>\n\t<meta name=\"twitter:data1\" content=\"1 minute\" \/>\n<script type=\"application\/ld+json\" class=\"yoast-schema-graph\">{\"@context\":\"https:\/\/schema.org\",\"@graph\":[{\"@type\":\"WebPage\",\"@id\":\"https:\/\/collectin.eu\/produktas\/pop-forge\/\",\"url\":\"https:\/\/collectin.eu\/produktas\/pop-forge\/\",\"name\":\"Pop! Forge - Collectin.eu\",\"isPartOf\":{\"@id\":\"https:\/\/collectin.eu\/#website\"},\"primaryImageOfPage\":{\"@id\":\"https:\/\/collectin.eu\/produktas\/pop-forge\/#primaryimage\"},\"image\":{\"@id\":\"https:\/\/collectin.eu\/produktas\/pop-forge\/#primaryimage\"},\"thumbnailUrl\":\"https:\/\/collectin.eu\/wp-content\/uploads\/2025\/11\/Untitled-design-2025-11-11T211911.429.png\",\"datePublished\":\"2025-11-11T19:25:51+00:00\",\"dateModified\":\"2026-04-08T10:27:10+00:00\",\"description\":\"Funko POP! Movies: Dungeons & Dragons \u2013 Forge \u2013 tai i\u0161skirtinis kolekcinis vinilinis fig\u016br\u0117l\u0117s modelis, \u012fkv\u0117ptas charizmati\u0161ko veik\u0117jo Forge Fitzwilliam i\u0161 \u201eDungeons & Dragons: Honor Among Thieves\u201c filmo.\",\"breadcrumb\":{\"@id\":\"https:\/\/collectin.eu\/produktas\/pop-forge\/#breadcrumb\"},\"inLanguage\":\"en-US\",\"potentialAction\":[{\"@type\":\"ReadAction\",\"target\":[\"https:\/\/collectin.eu\/produktas\/pop-forge\/\"]}]},{\"@type\":\"ImageObject\",\"inLanguage\":\"en-US\",\"@id\":\"https:\/\/collectin.eu\/produktas\/pop-forge\/#primaryimage\",\"url\":\"https:\/\/collectin.eu\/wp-content\/uploads\/2025\/11\/Untitled-design-2025-11-11T211911.429.png\",\"contentUrl\":\"https:\/\/collectin.eu\/wp-content\/uploads\/2025\/11\/Untitled-design-2025-11-11T211911.429.png\",\"width\":1080,\"height\":1080},{\"@type\":\"BreadcrumbList\",\"@id\":\"https:\/\/collectin.eu\/produktas\/pop-forge\/#breadcrumb\",\"itemListElement\":[{\"@type\":\"ListItem\",\"position\":1,\"name\":\"Home\",\"item\":\"https:\/\/collectin.eu\/\"},{\"@type\":\"ListItem\",\"position\":2,\"name\":\"Parduotuv\u0117\",\"item\":\"https:\/\/collectin.eu\/parduotuve\/\"},{\"@type\":\"ListItem\",\"position\":3,\"name\":\"Pop! Forge\"}]},{\"@type\":\"WebSite\",\"@id\":\"https:\/\/collectin.eu\/#website\",\"url\":\"https:\/\/collectin.eu\/\",\"name\":\"Collectin.eu\",\"description\":\"\",\"potentialAction\":[{\"@type\":\"SearchAction\",\"target\":{\"@type\":\"EntryPoint\",\"urlTemplate\":\"https:\/\/collectin.eu\/?s={search_term_string}\"},\"query-input\":{\"@type\":\"PropertyValueSpecification\",\"valueRequired\":true,\"valueName\":\"search_term_string\"}}],\"inLanguage\":\"en-US\"}]}<\/script>\n<!-- \/ Yoast SEO plugin. -->","yoast_head_json":{"title":"Pop! Forge - Collectin.eu","description":"Funko POP! Movies: Dungeons & Dragons \u2013 Forge \u2013 tai i\u0161skirtinis kolekcinis vinilinis fig\u016br\u0117l\u0117s modelis, \u012fkv\u0117ptas charizmati\u0161ko veik\u0117jo Forge Fitzwilliam i\u0161 \u201eDungeons & Dragons: Honor Among Thieves\u201c filmo.","robots":{"index":"index","follow":"follow","max-snippet":"max-snippet:-1","max-image-preview":"max-image-preview:large","max-video-preview":"max-video-preview:-1"},"canonical":"https:\/\/collectin.eu\/en\/product\/pop-forge\/","og_locale":"en_US","og_type":"article","og_title":"Pop! Forge - Collectin.eu","og_description":"Funko POP! Movies: Dungeons & Dragons \u2013 Forge \u2013 tai i\u0161skirtinis kolekcinis vinilinis fig\u016br\u0117l\u0117s modelis, \u012fkv\u0117ptas charizmati\u0161ko veik\u0117jo Forge Fitzwilliam i\u0161 \u201eDungeons & Dragons: Honor Among Thieves\u201c filmo.","og_url":"https:\/\/collectin.eu\/en\/product\/pop-forge\/","og_site_name":"Collectin.eu","article_modified_time":"2026-04-08T10:27:10+00:00","og_image":[{"width":1080,"height":1080,"url":"http:\/\/collectin.eu\/wp-content\/uploads\/2025\/11\/Untitled-design-2025-11-11T211911.429.png","type":"image\/png"}],"twitter_card":"summary_large_image","twitter_misc":{"Est. reading time":"1 minute"},"schema":{"@context":"https:\/\/schema.org","@graph":[{"@type":"WebPage","@id":"https:\/\/collectin.eu\/produktas\/pop-forge\/","url":"https:\/\/collectin.eu\/produktas\/pop-forge\/","name":"Pop! Forge - Collectin.eu","isPartOf":{"@id":"https:\/\/collectin.eu\/#website"},"primaryImageOfPage":{"@id":"https:\/\/collectin.eu\/produktas\/pop-forge\/#primaryimage"},"image":{"@id":"https:\/\/collectin.eu\/produktas\/pop-forge\/#primaryimage"},"thumbnailUrl":"https:\/\/collectin.eu\/wp-content\/uploads\/2025\/11\/Untitled-design-2025-11-11T211911.429.png","datePublished":"2025-11-11T19:25:51+00:00","dateModified":"2026-04-08T10:27:10+00:00","description":"Funko POP! Movies: Dungeons & Dragons \u2013 Forge \u2013 tai i\u0161skirtinis kolekcinis vinilinis fig\u016br\u0117l\u0117s modelis, \u012fkv\u0117ptas charizmati\u0161ko veik\u0117jo Forge Fitzwilliam i\u0161 \u201eDungeons & Dragons: Honor Among Thieves\u201c filmo.","breadcrumb":{"@id":"https:\/\/collectin.eu\/produktas\/pop-forge\/#breadcrumb"},"inLanguage":"en-US","potentialAction":[{"@type":"ReadAction","target":["https:\/\/collectin.eu\/produktas\/pop-forge\/"]}]},{"@type":"ImageObject","inLanguage":"en-US","@id":"https:\/\/collectin.eu\/produktas\/pop-forge\/#primaryimage","url":"https:\/\/collectin.eu\/wp-content\/uploads\/2025\/11\/Untitled-design-2025-11-11T211911.429.png","contentUrl":"https:\/\/collectin.eu\/wp-content\/uploads\/2025\/11\/Untitled-design-2025-11-11T211911.429.png","width":1080,"height":1080},{"@type":"BreadcrumbList","@id":"https:\/\/collectin.eu\/produktas\/pop-forge\/#breadcrumb","itemListElement":[{"@type":"ListItem","position":1,"name":"Home","item":"https:\/\/collectin.eu\/"},{"@type":"ListItem","position":2,"name":"Parduotuv\u0117","item":"https:\/\/collectin.eu\/parduotuve\/"},{"@type":"ListItem","position":3,"name":"Pop! Forge"}]},{"@type":"WebSite","@id":"https:\/\/collectin.eu\/#website","url":"https:\/\/collectin.eu\/","name":"Collectin.eu","description":"","potentialAction":[{"@type":"SearchAction","target":{"@type":"EntryPoint","urlTemplate":"https:\/\/collectin.eu\/?s={search_term_string}"},"query-input":{"@type":"PropertyValueSpecification","valueRequired":true,"valueName":"search_term_string"}}],"inLanguage":"en-US"}]}},"jetpack_sharing_enabled":true,"_links":{"self":[{"href":"https:\/\/collectin.eu\/en\/wp-json\/wp\/v2\/product\/37927","targetHints":{"allow":["GET"]}}],"collection":[{"href":"https:\/\/collectin.eu\/en\/wp-json\/wp\/v2\/product"}],"about":[{"href":"https:\/\/collectin.eu\/en\/wp-json\/wp\/v2\/types\/product"}],"replies":[{"embeddable":true,"href":"https:\/\/collectin.eu\/en\/wp-json\/wp\/v2\/comments?post=37927"}],"version-history":[{"count":2,"href":"https:\/\/collectin.eu\/en\/wp-json\/wp\/v2\/product\/37927\/revisions"}],"predecessor-version":[{"id":40156,"href":"https:\/\/collectin.eu\/en\/wp-json\/wp\/v2\/product\/37927\/revisions\/40156"}],"wp:featuredmedia":[{"embeddable":true,"href":"https:\/\/collectin.eu\/en\/wp-json\/wp\/v2\/media\/37928"}],"wp:attachment":[{"href":"https:\/\/collectin.eu\/en\/wp-json\/wp\/v2\/media?parent=37927"}],"wp:term":[{"taxonomy":"product_brand","embeddable":true,"href":"https:\/\/collectin.eu\/en\/wp-json\/wp\/v2\/product_brand?post=37927"},{"taxonomy":"product_cat","embeddable":true,"href":"https:\/\/collectin.eu\/en\/wp-json\/wp\/v2\/product_cat?post=37927"},{"taxonomy":"product_tag","embeddable":true,"href":"https:\/\/collectin.eu\/en\/wp-json\/wp\/v2\/product_tag?post=37927"}],"curies":[{"name":"wp","href":"https:\/\/api.w.org\/{rel}","templated":true}]}}