{"id":37933,"date":"2025-11-11T19:35:02","date_gmt":"2025-11-11T19:35:02","guid":{"rendered":"https:\/\/collectin.eu\/?post_type=product&#038;p=37933"},"modified":"2026-04-08T10:27:10","modified_gmt":"2026-04-08T10:27:10","slug":"pop-juodasis-triusis","status":"publish","type":"product","link":"https:\/\/collectin.eu\/en\/product\/pop-juodasis-triusis\/","title":{"rendered":"Pop! Black Rabbit"},"content":{"rendered":"<p>Funko POP! Movies: Pinocchio \u2013 Black Rabbit \u2013 tai i\u0161skirtin\u0117 kolekcin\u0117 vinilin\u0117 fig\u016br\u0117l\u0117, \u012fkv\u0117pta tamsaus, paslaptingo persona\u017eo i\u0161 filmo Pinocchio. \u0160i fig\u016br\u0117l\u0117 perteikia \u201eBlack Rabbit\u201c m\u012fsling\u0105 ir \u0161iurpok\u0105 i\u0161vaizd\u0105 stilizuotoje Funko POP! formoje: su stambesne galva, charakteringomis ausimis ir i\u0161rai\u0161kingomis detal\u0117mis, kurios pabr\u0117\u017eia persona\u017eo ni\u016bri\u0105 ir paslapting\u0105 prigimt\u012f. Pagaminta i\u0161 auk\u0161tos kokyb\u0117s vinilo, fig\u016br\u0117l\u0117 yra ma\u017edaug 9\u201310 cm auk\u0161\u010dio, tod\u0117l puikiai dera su kitomis POP! Movies serijos fig\u016br\u0117l\u0117mis. Detal\u0117s \u2013 nuo i\u0161rai\u0161kingos veido mimikos iki r\u016bpestingai i\u0161pildyt\u0173 k\u016bno linij\u0173 \u2013 suteikia fig\u016br\u0117lei charakterio ir i\u0161skirtinumo, tod\u0117l ji tampa ne tik kolekcine vertybe, bet ir vizualiai \u012fdomiu dekoratyviniu elementu.<\/p>","protected":false},"excerpt":{"rendered":"<p>Funko POP! Movies: Pinocchio \u2013 Black Rabbit \u2013 tai i\u0161skirtin\u0117 kolekcin\u0117 vinilin\u0117 fig\u016br\u0117l\u0117, \u012fkv\u0117pta tamsaus, paslaptingo persona\u017eo i\u0161 filmo Pinocchio.<\/p>","protected":false},"featured_media":37934,"comment_status":"open","ping_status":"closed","template":"","meta":[],"product_brand":[426],"product_cat":[680,409,448],"product_tag":[449],"class_list":{"0":"post-37933","1":"product","2":"type-product","3":"status-publish","4":"has-post-thumbnail","6":"product_brand-funko-pop","7":"product_cat-figureles","8":"product_cat-funko-pop","9":"product_cat-pop-movies","10":"product_tag-figureles","12":"first","13":"instock","14":"taxable","15":"shipping-taxable","16":"purchasable","17":"product-type-simple"},"yoast_head":"<!-- This site is optimized with the Yoast SEO plugin v25.9 - https:\/\/yoast.com\/wordpress\/plugins\/seo\/ -->\n<title>Pop! Black Rabbit - Collectin.eu<\/title>\n<meta name=\"description\" content=\"Funko POP! Movies: Pinocchio \u2013 Black Rabbit \u2013 tai i\u0161skirtin\u0117 kolekcin\u0117 vinilin\u0117 fig\u016br\u0117l\u0117, \u012fkv\u0117pta tamsaus, paslaptingo persona\u017eo i\u0161 filmo Pinocchio\" \/>\n<meta name=\"robots\" content=\"index, follow, max-snippet:-1, max-image-preview:large, max-video-preview:-1\" \/>\n<link rel=\"canonical\" href=\"https:\/\/collectin.eu\/en\/product\/pop-juodasis-triusis\/\" \/>\n<meta property=\"og:locale\" content=\"en_US\" \/>\n<meta property=\"og:type\" content=\"article\" \/>\n<meta property=\"og:title\" content=\"Pop! Black Rabbit - Collectin.eu\" \/>\n<meta property=\"og:description\" content=\"Funko POP! Movies: Pinocchio \u2013 Black Rabbit \u2013 tai i\u0161skirtin\u0117 kolekcin\u0117 vinilin\u0117 fig\u016br\u0117l\u0117, \u012fkv\u0117pta tamsaus, paslaptingo persona\u017eo i\u0161 filmo Pinocchio\" \/>\n<meta property=\"og:url\" content=\"https:\/\/collectin.eu\/en\/product\/pop-juodasis-triusis\/\" \/>\n<meta property=\"og:site_name\" content=\"Collectin.eu\" \/>\n<meta property=\"article:modified_time\" content=\"2026-04-08T10:27:10+00:00\" \/>\n<meta property=\"og:image\" content=\"http:\/\/collectin.eu\/wp-content\/uploads\/2025\/11\/Untitled-design-2025-11-11T212929.255.png\" \/>\n\t<meta property=\"og:image:width\" content=\"1080\" \/>\n\t<meta property=\"og:image:height\" content=\"1080\" \/>\n\t<meta property=\"og:image:type\" content=\"image\/png\" \/>\n<meta name=\"twitter:card\" content=\"summary_large_image\" \/>\n<meta name=\"twitter:label1\" content=\"Est. reading time\" \/>\n\t<meta name=\"twitter:data1\" content=\"1 minute\" \/>\n<script type=\"application\/ld+json\" class=\"yoast-schema-graph\">{\"@context\":\"https:\/\/schema.org\",\"@graph\":[{\"@type\":\"WebPage\",\"@id\":\"https:\/\/collectin.eu\/produktas\/pop-juodasis-triusis\/\",\"url\":\"https:\/\/collectin.eu\/produktas\/pop-juodasis-triusis\/\",\"name\":\"Pop! Black Rabbit - Collectin.eu\",\"isPartOf\":{\"@id\":\"https:\/\/collectin.eu\/#website\"},\"primaryImageOfPage\":{\"@id\":\"https:\/\/collectin.eu\/produktas\/pop-juodasis-triusis\/#primaryimage\"},\"image\":{\"@id\":\"https:\/\/collectin.eu\/produktas\/pop-juodasis-triusis\/#primaryimage\"},\"thumbnailUrl\":\"https:\/\/collectin.eu\/wp-content\/uploads\/2025\/11\/Untitled-design-2025-11-11T212929.255.png\",\"datePublished\":\"2025-11-11T19:35:02+00:00\",\"dateModified\":\"2026-04-08T10:27:10+00:00\",\"description\":\"Funko POP! Movies: Pinocchio \u2013 Black Rabbit \u2013 tai i\u0161skirtin\u0117 kolekcin\u0117 vinilin\u0117 fig\u016br\u0117l\u0117, \u012fkv\u0117pta tamsaus, paslaptingo persona\u017eo i\u0161 filmo Pinocchio\",\"breadcrumb\":{\"@id\":\"https:\/\/collectin.eu\/produktas\/pop-juodasis-triusis\/#breadcrumb\"},\"inLanguage\":\"en-US\",\"potentialAction\":[{\"@type\":\"ReadAction\",\"target\":[\"https:\/\/collectin.eu\/produktas\/pop-juodasis-triusis\/\"]}]},{\"@type\":\"ImageObject\",\"inLanguage\":\"en-US\",\"@id\":\"https:\/\/collectin.eu\/produktas\/pop-juodasis-triusis\/#primaryimage\",\"url\":\"https:\/\/collectin.eu\/wp-content\/uploads\/2025\/11\/Untitled-design-2025-11-11T212929.255.png\",\"contentUrl\":\"https:\/\/collectin.eu\/wp-content\/uploads\/2025\/11\/Untitled-design-2025-11-11T212929.255.png\",\"width\":1080,\"height\":1080},{\"@type\":\"BreadcrumbList\",\"@id\":\"https:\/\/collectin.eu\/produktas\/pop-juodasis-triusis\/#breadcrumb\",\"itemListElement\":[{\"@type\":\"ListItem\",\"position\":1,\"name\":\"Home\",\"item\":\"https:\/\/collectin.eu\/\"},{\"@type\":\"ListItem\",\"position\":2,\"name\":\"Parduotuv\u0117\",\"item\":\"https:\/\/collectin.eu\/parduotuve\/\"},{\"@type\":\"ListItem\",\"position\":3,\"name\":\"Pop! Black Rabbit\"}]},{\"@type\":\"WebSite\",\"@id\":\"https:\/\/collectin.eu\/#website\",\"url\":\"https:\/\/collectin.eu\/\",\"name\":\"Collectin.eu\",\"description\":\"\",\"potentialAction\":[{\"@type\":\"SearchAction\",\"target\":{\"@type\":\"EntryPoint\",\"urlTemplate\":\"https:\/\/collectin.eu\/?s={search_term_string}\"},\"query-input\":{\"@type\":\"PropertyValueSpecification\",\"valueRequired\":true,\"valueName\":\"search_term_string\"}}],\"inLanguage\":\"en-US\"}]}<\/script>\n<!-- \/ Yoast SEO plugin. -->","yoast_head_json":{"title":"Pop! Black Rabbit - Collectin.eu","description":"Funko POP! Movies: Pinocchio \u2013 Black Rabbit \u2013 tai i\u0161skirtin\u0117 kolekcin\u0117 vinilin\u0117 fig\u016br\u0117l\u0117, \u012fkv\u0117pta tamsaus, paslaptingo persona\u017eo i\u0161 filmo Pinocchio","robots":{"index":"index","follow":"follow","max-snippet":"max-snippet:-1","max-image-preview":"max-image-preview:large","max-video-preview":"max-video-preview:-1"},"canonical":"https:\/\/collectin.eu\/en\/product\/pop-juodasis-triusis\/","og_locale":"en_US","og_type":"article","og_title":"Pop! Black Rabbit - Collectin.eu","og_description":"Funko POP! Movies: Pinocchio \u2013 Black Rabbit \u2013 tai i\u0161skirtin\u0117 kolekcin\u0117 vinilin\u0117 fig\u016br\u0117l\u0117, \u012fkv\u0117pta tamsaus, paslaptingo persona\u017eo i\u0161 filmo Pinocchio","og_url":"https:\/\/collectin.eu\/en\/product\/pop-juodasis-triusis\/","og_site_name":"Collectin.eu","article_modified_time":"2026-04-08T10:27:10+00:00","og_image":[{"width":1080,"height":1080,"url":"http:\/\/collectin.eu\/wp-content\/uploads\/2025\/11\/Untitled-design-2025-11-11T212929.255.png","type":"image\/png"}],"twitter_card":"summary_large_image","twitter_misc":{"Est. reading time":"1 minute"},"schema":{"@context":"https:\/\/schema.org","@graph":[{"@type":"WebPage","@id":"https:\/\/collectin.eu\/produktas\/pop-juodasis-triusis\/","url":"https:\/\/collectin.eu\/produktas\/pop-juodasis-triusis\/","name":"Pop! Black Rabbit - Collectin.eu","isPartOf":{"@id":"https:\/\/collectin.eu\/#website"},"primaryImageOfPage":{"@id":"https:\/\/collectin.eu\/produktas\/pop-juodasis-triusis\/#primaryimage"},"image":{"@id":"https:\/\/collectin.eu\/produktas\/pop-juodasis-triusis\/#primaryimage"},"thumbnailUrl":"https:\/\/collectin.eu\/wp-content\/uploads\/2025\/11\/Untitled-design-2025-11-11T212929.255.png","datePublished":"2025-11-11T19:35:02+00:00","dateModified":"2026-04-08T10:27:10+00:00","description":"Funko POP! Movies: Pinocchio \u2013 Black Rabbit \u2013 tai i\u0161skirtin\u0117 kolekcin\u0117 vinilin\u0117 fig\u016br\u0117l\u0117, \u012fkv\u0117pta tamsaus, paslaptingo persona\u017eo i\u0161 filmo Pinocchio","breadcrumb":{"@id":"https:\/\/collectin.eu\/produktas\/pop-juodasis-triusis\/#breadcrumb"},"inLanguage":"en-US","potentialAction":[{"@type":"ReadAction","target":["https:\/\/collectin.eu\/produktas\/pop-juodasis-triusis\/"]}]},{"@type":"ImageObject","inLanguage":"en-US","@id":"https:\/\/collectin.eu\/produktas\/pop-juodasis-triusis\/#primaryimage","url":"https:\/\/collectin.eu\/wp-content\/uploads\/2025\/11\/Untitled-design-2025-11-11T212929.255.png","contentUrl":"https:\/\/collectin.eu\/wp-content\/uploads\/2025\/11\/Untitled-design-2025-11-11T212929.255.png","width":1080,"height":1080},{"@type":"BreadcrumbList","@id":"https:\/\/collectin.eu\/produktas\/pop-juodasis-triusis\/#breadcrumb","itemListElement":[{"@type":"ListItem","position":1,"name":"Home","item":"https:\/\/collectin.eu\/"},{"@type":"ListItem","position":2,"name":"Parduotuv\u0117","item":"https:\/\/collectin.eu\/parduotuve\/"},{"@type":"ListItem","position":3,"name":"Pop! Black Rabbit"}]},{"@type":"WebSite","@id":"https:\/\/collectin.eu\/#website","url":"https:\/\/collectin.eu\/","name":"Collectin.eu","description":"","potentialAction":[{"@type":"SearchAction","target":{"@type":"EntryPoint","urlTemplate":"https:\/\/collectin.eu\/?s={search_term_string}"},"query-input":{"@type":"PropertyValueSpecification","valueRequired":true,"valueName":"search_term_string"}}],"inLanguage":"en-US"}]}},"jetpack_sharing_enabled":true,"_links":{"self":[{"href":"https:\/\/collectin.eu\/en\/wp-json\/wp\/v2\/product\/37933","targetHints":{"allow":["GET"]}}],"collection":[{"href":"https:\/\/collectin.eu\/en\/wp-json\/wp\/v2\/product"}],"about":[{"href":"https:\/\/collectin.eu\/en\/wp-json\/wp\/v2\/types\/product"}],"replies":[{"embeddable":true,"href":"https:\/\/collectin.eu\/en\/wp-json\/wp\/v2\/comments?post=37933"}],"version-history":[{"count":3,"href":"https:\/\/collectin.eu\/en\/wp-json\/wp\/v2\/product\/37933\/revisions"}],"predecessor-version":[{"id":40157,"href":"https:\/\/collectin.eu\/en\/wp-json\/wp\/v2\/product\/37933\/revisions\/40157"}],"wp:featuredmedia":[{"embeddable":true,"href":"https:\/\/collectin.eu\/en\/wp-json\/wp\/v2\/media\/37934"}],"wp:attachment":[{"href":"https:\/\/collectin.eu\/en\/wp-json\/wp\/v2\/media?parent=37933"}],"wp:term":[{"taxonomy":"product_brand","embeddable":true,"href":"https:\/\/collectin.eu\/en\/wp-json\/wp\/v2\/product_brand?post=37933"},{"taxonomy":"product_cat","embeddable":true,"href":"https:\/\/collectin.eu\/en\/wp-json\/wp\/v2\/product_cat?post=37933"},{"taxonomy":"product_tag","embeddable":true,"href":"https:\/\/collectin.eu\/en\/wp-json\/wp\/v2\/product_tag?post=37933"}],"curies":[{"name":"wp","href":"https:\/\/api.w.org\/{rel}","templated":true}]}}