{"id":37939,"date":"2025-11-11T19:42:38","date_gmt":"2025-11-11T19:42:38","guid":{"rendered":"https:\/\/collectin.eu\/?post_type=product&#038;p=37939"},"modified":"2026-04-08T10:27:10","modified_gmt":"2026-04-08T10:27:10","slug":"pop-meduolinis-supermenas","status":"publish","type":"product","link":"https:\/\/collectin.eu\/en\/product\/pop-meduolinis-supermenas\/","title":{"rendered":"Pop! Gingerbread Superman"},"content":{"rendered":"<p>Pagaminta i\u0161 auk\u0161tos kokyb\u0117s vinilo, fig\u016br\u0117l\u0117 yra ma\u017edaug 9\u201310 cm auk\u0161\u010dio, standartinio Funko POP! formato, tod\u0117l puikiai dera tiek su kitomis DC fig\u016br\u0117l\u0117mis, tiek su kitais \u0161ventiniais kolekciniais leidimais. Stambesn\u0117 galva, stilizuotas k\u016bnas ir detalios veido bei kostiumo detal\u0117s suteikia fig\u016br\u0117lei charakterio, i\u0161skirtinumo ir \u017eaismingumo. Funko POP! Superman (GB) Holiday yra puikus pasirinkimas DC Universe gerb\u0117jams, kolekcininkams ar tiems, kurie nori \u012ftraukti \u0161iek tiek superheroj\u0173 dvasios \u012f savo \u0161ventin\u0119 dekoracij\u0105. Ji gali tapti ne tik kolekcin\u0117s lentynos akcentu, bet ir originalia dovana, primenan\u010dia ne tik Supermeno heroji\u0161kum\u0105, bet ir \u0161ventin\u0119 nuotaik\u0105 bei linksm\u0105, draugi\u0161k\u0105 POP! dizaino \u017eaism\u0119.<\/p>","protected":false},"excerpt":{"rendered":"<p>Pagaminta i\u0161 auk\u0161tos kokyb\u0117s vinilo, fig\u016br\u0117l\u0117 yra ma\u017edaug 9\u201310 cm auk\u0161\u010dio, standartinio Funko POP! formato, tod\u0117l puikiai dera tiek su<\/p>","protected":false},"featured_media":37940,"comment_status":"open","ping_status":"closed","template":"","meta":[],"product_brand":[426],"product_cat":[680,409,447],"product_tag":[449],"class_list":{"0":"post-37939","1":"product","2":"type-product","3":"status-publish","4":"has-post-thumbnail","6":"product_brand-funko-pop","7":"product_cat-figureles","8":"product_cat-funko-pop","9":"product_cat-pop-dc-heroes","10":"product_tag-figureles","12":"first","13":"instock","14":"taxable","15":"shipping-taxable","16":"purchasable","17":"product-type-simple"},"yoast_head":"<!-- This site is optimized with the Yoast SEO plugin v25.9 - https:\/\/yoast.com\/wordpress\/plugins\/seo\/ -->\n<title>Pop! Gingerbread Superman - Collectin.eu<\/title>\n<meta name=\"description\" content=\"Funko POP! Heroes: DC Holiday \u2013 Superman \u2013 tai i\u0161skirtin\u0117 kolekcin\u0117 vinilin\u0117 fig\u016br\u0117l\u0117, skirta DC gerb\u0117jams ir ypatingai \u0161ventiniam laikotarpiui.\" \/>\n<meta name=\"robots\" content=\"index, follow, max-snippet:-1, max-image-preview:large, max-video-preview:-1\" \/>\n<link rel=\"canonical\" href=\"https:\/\/collectin.eu\/en\/product\/pop-meduolinis-supermenas\/\" \/>\n<meta property=\"og:locale\" content=\"en_US\" \/>\n<meta property=\"og:type\" content=\"article\" \/>\n<meta property=\"og:title\" content=\"Pop! Gingerbread Superman - Collectin.eu\" \/>\n<meta property=\"og:description\" content=\"Funko POP! Heroes: DC Holiday \u2013 Superman \u2013 tai i\u0161skirtin\u0117 kolekcin\u0117 vinilin\u0117 fig\u016br\u0117l\u0117, skirta DC gerb\u0117jams ir ypatingai \u0161ventiniam laikotarpiui.\" \/>\n<meta property=\"og:url\" content=\"https:\/\/collectin.eu\/en\/product\/pop-meduolinis-supermenas\/\" \/>\n<meta property=\"og:site_name\" content=\"Collectin.eu\" \/>\n<meta property=\"article:modified_time\" content=\"2026-04-08T10:27:10+00:00\" \/>\n<meta property=\"og:image\" content=\"http:\/\/collectin.eu\/wp-content\/uploads\/2025\/11\/Untitled-design-2025-11-11T213721.910.png\" \/>\n\t<meta property=\"og:image:width\" content=\"1080\" \/>\n\t<meta property=\"og:image:height\" content=\"1080\" \/>\n\t<meta property=\"og:image:type\" content=\"image\/png\" \/>\n<meta name=\"twitter:card\" content=\"summary_large_image\" \/>\n<meta name=\"twitter:label1\" content=\"Est. reading time\" \/>\n\t<meta name=\"twitter:data1\" content=\"1 minute\" \/>\n<script type=\"application\/ld+json\" class=\"yoast-schema-graph\">{\"@context\":\"https:\/\/schema.org\",\"@graph\":[{\"@type\":\"WebPage\",\"@id\":\"https:\/\/collectin.eu\/produktas\/pop-meduolinis-supermenas\/\",\"url\":\"https:\/\/collectin.eu\/produktas\/pop-meduolinis-supermenas\/\",\"name\":\"Pop! Gingerbread Superman - Collectin.eu\",\"isPartOf\":{\"@id\":\"https:\/\/collectin.eu\/#website\"},\"primaryImageOfPage\":{\"@id\":\"https:\/\/collectin.eu\/produktas\/pop-meduolinis-supermenas\/#primaryimage\"},\"image\":{\"@id\":\"https:\/\/collectin.eu\/produktas\/pop-meduolinis-supermenas\/#primaryimage\"},\"thumbnailUrl\":\"https:\/\/collectin.eu\/wp-content\/uploads\/2025\/11\/Untitled-design-2025-11-11T213721.910.png\",\"datePublished\":\"2025-11-11T19:42:38+00:00\",\"dateModified\":\"2026-04-08T10:27:10+00:00\",\"description\":\"Funko POP! Heroes: DC Holiday \u2013 Superman \u2013 tai i\u0161skirtin\u0117 kolekcin\u0117 vinilin\u0117 fig\u016br\u0117l\u0117, skirta DC gerb\u0117jams ir ypatingai \u0161ventiniam laikotarpiui.\",\"breadcrumb\":{\"@id\":\"https:\/\/collectin.eu\/produktas\/pop-meduolinis-supermenas\/#breadcrumb\"},\"inLanguage\":\"en-US\",\"potentialAction\":[{\"@type\":\"ReadAction\",\"target\":[\"https:\/\/collectin.eu\/produktas\/pop-meduolinis-supermenas\/\"]}]},{\"@type\":\"ImageObject\",\"inLanguage\":\"en-US\",\"@id\":\"https:\/\/collectin.eu\/produktas\/pop-meduolinis-supermenas\/#primaryimage\",\"url\":\"https:\/\/collectin.eu\/wp-content\/uploads\/2025\/11\/Untitled-design-2025-11-11T213721.910.png\",\"contentUrl\":\"https:\/\/collectin.eu\/wp-content\/uploads\/2025\/11\/Untitled-design-2025-11-11T213721.910.png\",\"width\":1080,\"height\":1080},{\"@type\":\"BreadcrumbList\",\"@id\":\"https:\/\/collectin.eu\/produktas\/pop-meduolinis-supermenas\/#breadcrumb\",\"itemListElement\":[{\"@type\":\"ListItem\",\"position\":1,\"name\":\"Home\",\"item\":\"https:\/\/collectin.eu\/\"},{\"@type\":\"ListItem\",\"position\":2,\"name\":\"Parduotuv\u0117\",\"item\":\"https:\/\/collectin.eu\/parduotuve\/\"},{\"@type\":\"ListItem\",\"position\":3,\"name\":\"Pop! Gingerbread Superman\"}]},{\"@type\":\"WebSite\",\"@id\":\"https:\/\/collectin.eu\/#website\",\"url\":\"https:\/\/collectin.eu\/\",\"name\":\"Collectin.eu\",\"description\":\"\",\"potentialAction\":[{\"@type\":\"SearchAction\",\"target\":{\"@type\":\"EntryPoint\",\"urlTemplate\":\"https:\/\/collectin.eu\/?s={search_term_string}\"},\"query-input\":{\"@type\":\"PropertyValueSpecification\",\"valueRequired\":true,\"valueName\":\"search_term_string\"}}],\"inLanguage\":\"en-US\"}]}<\/script>\n<!-- \/ Yoast SEO plugin. -->","yoast_head_json":{"title":"Pop! Gingerbread Superman - Collectin.eu","description":"Funko POP! Heroes: DC Holiday \u2013 Superman \u2013 tai i\u0161skirtin\u0117 kolekcin\u0117 vinilin\u0117 fig\u016br\u0117l\u0117, skirta DC gerb\u0117jams ir ypatingai \u0161ventiniam laikotarpiui.","robots":{"index":"index","follow":"follow","max-snippet":"max-snippet:-1","max-image-preview":"max-image-preview:large","max-video-preview":"max-video-preview:-1"},"canonical":"https:\/\/collectin.eu\/en\/product\/pop-meduolinis-supermenas\/","og_locale":"en_US","og_type":"article","og_title":"Pop! Gingerbread Superman - Collectin.eu","og_description":"Funko POP! Heroes: DC Holiday \u2013 Superman \u2013 tai i\u0161skirtin\u0117 kolekcin\u0117 vinilin\u0117 fig\u016br\u0117l\u0117, skirta DC gerb\u0117jams ir ypatingai \u0161ventiniam laikotarpiui.","og_url":"https:\/\/collectin.eu\/en\/product\/pop-meduolinis-supermenas\/","og_site_name":"Collectin.eu","article_modified_time":"2026-04-08T10:27:10+00:00","og_image":[{"width":1080,"height":1080,"url":"http:\/\/collectin.eu\/wp-content\/uploads\/2025\/11\/Untitled-design-2025-11-11T213721.910.png","type":"image\/png"}],"twitter_card":"summary_large_image","twitter_misc":{"Est. reading time":"1 minute"},"schema":{"@context":"https:\/\/schema.org","@graph":[{"@type":"WebPage","@id":"https:\/\/collectin.eu\/produktas\/pop-meduolinis-supermenas\/","url":"https:\/\/collectin.eu\/produktas\/pop-meduolinis-supermenas\/","name":"Pop! Gingerbread Superman - Collectin.eu","isPartOf":{"@id":"https:\/\/collectin.eu\/#website"},"primaryImageOfPage":{"@id":"https:\/\/collectin.eu\/produktas\/pop-meduolinis-supermenas\/#primaryimage"},"image":{"@id":"https:\/\/collectin.eu\/produktas\/pop-meduolinis-supermenas\/#primaryimage"},"thumbnailUrl":"https:\/\/collectin.eu\/wp-content\/uploads\/2025\/11\/Untitled-design-2025-11-11T213721.910.png","datePublished":"2025-11-11T19:42:38+00:00","dateModified":"2026-04-08T10:27:10+00:00","description":"Funko POP! Heroes: DC Holiday \u2013 Superman \u2013 tai i\u0161skirtin\u0117 kolekcin\u0117 vinilin\u0117 fig\u016br\u0117l\u0117, skirta DC gerb\u0117jams ir ypatingai \u0161ventiniam laikotarpiui.","breadcrumb":{"@id":"https:\/\/collectin.eu\/produktas\/pop-meduolinis-supermenas\/#breadcrumb"},"inLanguage":"en-US","potentialAction":[{"@type":"ReadAction","target":["https:\/\/collectin.eu\/produktas\/pop-meduolinis-supermenas\/"]}]},{"@type":"ImageObject","inLanguage":"en-US","@id":"https:\/\/collectin.eu\/produktas\/pop-meduolinis-supermenas\/#primaryimage","url":"https:\/\/collectin.eu\/wp-content\/uploads\/2025\/11\/Untitled-design-2025-11-11T213721.910.png","contentUrl":"https:\/\/collectin.eu\/wp-content\/uploads\/2025\/11\/Untitled-design-2025-11-11T213721.910.png","width":1080,"height":1080},{"@type":"BreadcrumbList","@id":"https:\/\/collectin.eu\/produktas\/pop-meduolinis-supermenas\/#breadcrumb","itemListElement":[{"@type":"ListItem","position":1,"name":"Home","item":"https:\/\/collectin.eu\/"},{"@type":"ListItem","position":2,"name":"Parduotuv\u0117","item":"https:\/\/collectin.eu\/parduotuve\/"},{"@type":"ListItem","position":3,"name":"Pop! Gingerbread Superman"}]},{"@type":"WebSite","@id":"https:\/\/collectin.eu\/#website","url":"https:\/\/collectin.eu\/","name":"Collectin.eu","description":"","potentialAction":[{"@type":"SearchAction","target":{"@type":"EntryPoint","urlTemplate":"https:\/\/collectin.eu\/?s={search_term_string}"},"query-input":{"@type":"PropertyValueSpecification","valueRequired":true,"valueName":"search_term_string"}}],"inLanguage":"en-US"}]}},"jetpack_sharing_enabled":true,"_links":{"self":[{"href":"https:\/\/collectin.eu\/en\/wp-json\/wp\/v2\/product\/37939","targetHints":{"allow":["GET"]}}],"collection":[{"href":"https:\/\/collectin.eu\/en\/wp-json\/wp\/v2\/product"}],"about":[{"href":"https:\/\/collectin.eu\/en\/wp-json\/wp\/v2\/types\/product"}],"replies":[{"embeddable":true,"href":"https:\/\/collectin.eu\/en\/wp-json\/wp\/v2\/comments?post=37939"}],"version-history":[{"count":3,"href":"https:\/\/collectin.eu\/en\/wp-json\/wp\/v2\/product\/37939\/revisions"}],"predecessor-version":[{"id":40164,"href":"https:\/\/collectin.eu\/en\/wp-json\/wp\/v2\/product\/37939\/revisions\/40164"}],"wp:featuredmedia":[{"embeddable":true,"href":"https:\/\/collectin.eu\/en\/wp-json\/wp\/v2\/media\/37940"}],"wp:attachment":[{"href":"https:\/\/collectin.eu\/en\/wp-json\/wp\/v2\/media?parent=37939"}],"wp:term":[{"taxonomy":"product_brand","embeddable":true,"href":"https:\/\/collectin.eu\/en\/wp-json\/wp\/v2\/product_brand?post=37939"},{"taxonomy":"product_cat","embeddable":true,"href":"https:\/\/collectin.eu\/en\/wp-json\/wp\/v2\/product_cat?post=37939"},{"taxonomy":"product_tag","embeddable":true,"href":"https:\/\/collectin.eu\/en\/wp-json\/wp\/v2\/product_tag?post=37939"}],"curies":[{"name":"wp","href":"https:\/\/api.w.org\/{rel}","templated":true}]}}