{"id":37946,"date":"2025-11-11T19:56:10","date_gmt":"2025-11-11T19:56:10","guid":{"rendered":"https:\/\/collectin.eu\/?post_type=product&#038;p=37946"},"modified":"2026-04-08T10:27:09","modified_gmt":"2026-04-08T10:27:09","slug":"pop-spider-byte","status":"publish","type":"product","link":"https:\/\/collectin.eu\/en\/product\/pop-spider-byte\/","title":{"rendered":"Pop! Spider-byte"},"content":{"rendered":"<p>Fig\u016br\u0117l\u0117 pagaminta i\u0161 auk\u0161tos kokyb\u0117s vinilo ir yra ma\u017edaug 9\u201310 cm auk\u0161\u010dio, standartinio Funko POP! formato, tod\u0117l idealiai tinka tiek lentynoms, tiek vitrinin\u0117ms kolekcijoms. Detal\u0117s, tokios kaip kostiumo ra\u0161tai, spalvos ir futuristiniai akcentai, suteikia fig\u016br\u0117lei i\u0161skirtinumo ir \u017eaismingumo, perteikdamos \u201eSpider-Verse\u201c universumo energij\u0105 ir nuotyki\u0173 dvasi\u0105. Funko POP! Spider-Byte yra puikus pasirinkimas \u201eSpider-Man\u201c gerb\u0117jams, film\u0173 kolekcininkams ar tiesiog Funko entuziastams, norintiems \u012ftraukti \u012f savo kolekcij\u0105 vien\u0105 i\u0161 vizualiai labiausiai intriguojan\u010di\u0173 persona\u017e\u0173. Ji gali tapti ne tik lentynos akcentu, bet ir originalia dovana, primenan\u010dia spalving\u0105, k\u016brybi\u0161k\u0105 ir nuotyki\u0173 kupin\u0105 \u201eSpider-Verse\u201c pasaul\u012f.<\/p>","protected":false},"excerpt":{"rendered":"<p>Fig\u016br\u0117l\u0117 pagaminta i\u0161 auk\u0161tos kokyb\u0117s vinilo ir yra ma\u017edaug 9\u201310 cm auk\u0161\u010dio, standartinio Funko POP! formato, tod\u0117l idealiai tinka tiek<\/p>","protected":false},"featured_media":37947,"comment_status":"open","ping_status":"closed","template":"","meta":[],"product_brand":[426],"product_cat":[680,409,441],"product_tag":[449],"class_list":{"0":"post-37946","1":"product","2":"type-product","3":"status-publish","4":"has-post-thumbnail","6":"product_brand-funko-pop","7":"product_cat-figureles","8":"product_cat-funko-pop","9":"product_cat-marvel-funko-pop","10":"product_tag-figureles","12":"first","13":"instock","14":"taxable","15":"shipping-taxable","16":"purchasable","17":"product-type-simple"},"yoast_head":"<!-- This site is optimized with the Yoast SEO plugin v25.9 - https:\/\/yoast.com\/wordpress\/plugins\/seo\/ -->\n<title>Pop! Spider-byte - Collectin.eu<\/title>\n<meta name=\"description\" content=\"Funko POP! Vinyl: Spider-Man: Across The Spider-Verse \u2013 Spider-Byte \u2013 tai i\u0161skirtin\u0117 kolekcin\u0117 vinilin\u0117 fig\u016br\u0117l\u0117, \u012fkv\u0117pta vieno i\u0161 naujausi\u0173 ir vizualiai \u012fsp\u016bdingiausi\u0173 \u201eSpider-Man\u201c film\u0173 \u2013 Across The Spider-Verse.\" \/>\n<meta name=\"robots\" content=\"index, follow, max-snippet:-1, max-image-preview:large, max-video-preview:-1\" \/>\n<link rel=\"canonical\" href=\"https:\/\/collectin.eu\/en\/product\/pop-spider-byte\/\" \/>\n<meta property=\"og:locale\" content=\"en_US\" \/>\n<meta property=\"og:type\" content=\"article\" \/>\n<meta property=\"og:title\" content=\"Pop! Spider-byte - Collectin.eu\" \/>\n<meta property=\"og:description\" content=\"Funko POP! Vinyl: Spider-Man: Across The Spider-Verse \u2013 Spider-Byte \u2013 tai i\u0161skirtin\u0117 kolekcin\u0117 vinilin\u0117 fig\u016br\u0117l\u0117, \u012fkv\u0117pta vieno i\u0161 naujausi\u0173 ir vizualiai \u012fsp\u016bdingiausi\u0173 \u201eSpider-Man\u201c film\u0173 \u2013 Across The Spider-Verse.\" \/>\n<meta property=\"og:url\" content=\"https:\/\/collectin.eu\/en\/product\/pop-spider-byte\/\" \/>\n<meta property=\"og:site_name\" content=\"Collectin.eu\" \/>\n<meta property=\"article:modified_time\" content=\"2026-04-08T10:27:09+00:00\" \/>\n<meta property=\"og:image\" content=\"http:\/\/collectin.eu\/wp-content\/uploads\/2025\/11\/Untitled-design-2025-11-11T215136.894.png\" \/>\n\t<meta property=\"og:image:width\" content=\"1080\" \/>\n\t<meta property=\"og:image:height\" content=\"1080\" \/>\n\t<meta property=\"og:image:type\" content=\"image\/png\" \/>\n<meta name=\"twitter:card\" content=\"summary_large_image\" \/>\n<meta name=\"twitter:label1\" content=\"Est. reading time\" \/>\n\t<meta name=\"twitter:data1\" content=\"1 minute\" \/>\n<script type=\"application\/ld+json\" class=\"yoast-schema-graph\">{\"@context\":\"https:\/\/schema.org\",\"@graph\":[{\"@type\":\"WebPage\",\"@id\":\"https:\/\/collectin.eu\/produktas\/pop-spider-byte\/\",\"url\":\"https:\/\/collectin.eu\/produktas\/pop-spider-byte\/\",\"name\":\"Pop! Spider-byte - Collectin.eu\",\"isPartOf\":{\"@id\":\"https:\/\/collectin.eu\/#website\"},\"primaryImageOfPage\":{\"@id\":\"https:\/\/collectin.eu\/produktas\/pop-spider-byte\/#primaryimage\"},\"image\":{\"@id\":\"https:\/\/collectin.eu\/produktas\/pop-spider-byte\/#primaryimage\"},\"thumbnailUrl\":\"https:\/\/collectin.eu\/wp-content\/uploads\/2025\/11\/Untitled-design-2025-11-11T215136.894.png\",\"datePublished\":\"2025-11-11T19:56:10+00:00\",\"dateModified\":\"2026-04-08T10:27:09+00:00\",\"description\":\"Funko POP! Vinyl: Spider-Man: Across The Spider-Verse \u2013 Spider-Byte \u2013 tai i\u0161skirtin\u0117 kolekcin\u0117 vinilin\u0117 fig\u016br\u0117l\u0117, \u012fkv\u0117pta vieno i\u0161 naujausi\u0173 ir vizualiai \u012fsp\u016bdingiausi\u0173 \u201eSpider-Man\u201c film\u0173 \u2013 Across The Spider-Verse.\",\"breadcrumb\":{\"@id\":\"https:\/\/collectin.eu\/produktas\/pop-spider-byte\/#breadcrumb\"},\"inLanguage\":\"en-US\",\"potentialAction\":[{\"@type\":\"ReadAction\",\"target\":[\"https:\/\/collectin.eu\/produktas\/pop-spider-byte\/\"]}]},{\"@type\":\"ImageObject\",\"inLanguage\":\"en-US\",\"@id\":\"https:\/\/collectin.eu\/produktas\/pop-spider-byte\/#primaryimage\",\"url\":\"https:\/\/collectin.eu\/wp-content\/uploads\/2025\/11\/Untitled-design-2025-11-11T215136.894.png\",\"contentUrl\":\"https:\/\/collectin.eu\/wp-content\/uploads\/2025\/11\/Untitled-design-2025-11-11T215136.894.png\",\"width\":1080,\"height\":1080},{\"@type\":\"BreadcrumbList\",\"@id\":\"https:\/\/collectin.eu\/produktas\/pop-spider-byte\/#breadcrumb\",\"itemListElement\":[{\"@type\":\"ListItem\",\"position\":1,\"name\":\"Home\",\"item\":\"https:\/\/collectin.eu\/\"},{\"@type\":\"ListItem\",\"position\":2,\"name\":\"Parduotuv\u0117\",\"item\":\"https:\/\/collectin.eu\/parduotuve\/\"},{\"@type\":\"ListItem\",\"position\":3,\"name\":\"Pop! Spider-byte\"}]},{\"@type\":\"WebSite\",\"@id\":\"https:\/\/collectin.eu\/#website\",\"url\":\"https:\/\/collectin.eu\/\",\"name\":\"Collectin.eu\",\"description\":\"\",\"potentialAction\":[{\"@type\":\"SearchAction\",\"target\":{\"@type\":\"EntryPoint\",\"urlTemplate\":\"https:\/\/collectin.eu\/?s={search_term_string}\"},\"query-input\":{\"@type\":\"PropertyValueSpecification\",\"valueRequired\":true,\"valueName\":\"search_term_string\"}}],\"inLanguage\":\"en-US\"}]}<\/script>\n<!-- \/ Yoast SEO plugin. -->","yoast_head_json":{"title":"Pop! Spider-byte - Collectin.eu","description":"Funko POP! Vinyl: Spider-Man: Across The Spider-Verse \u2013 Spider-Byte \u2013 tai i\u0161skirtin\u0117 kolekcin\u0117 vinilin\u0117 fig\u016br\u0117l\u0117, \u012fkv\u0117pta vieno i\u0161 naujausi\u0173 ir vizualiai \u012fsp\u016bdingiausi\u0173 \u201eSpider-Man\u201c film\u0173 \u2013 Across The Spider-Verse.","robots":{"index":"index","follow":"follow","max-snippet":"max-snippet:-1","max-image-preview":"max-image-preview:large","max-video-preview":"max-video-preview:-1"},"canonical":"https:\/\/collectin.eu\/en\/product\/pop-spider-byte\/","og_locale":"en_US","og_type":"article","og_title":"Pop! Spider-byte - Collectin.eu","og_description":"Funko POP! Vinyl: Spider-Man: Across The Spider-Verse \u2013 Spider-Byte \u2013 tai i\u0161skirtin\u0117 kolekcin\u0117 vinilin\u0117 fig\u016br\u0117l\u0117, \u012fkv\u0117pta vieno i\u0161 naujausi\u0173 ir vizualiai \u012fsp\u016bdingiausi\u0173 \u201eSpider-Man\u201c film\u0173 \u2013 Across The Spider-Verse.","og_url":"https:\/\/collectin.eu\/en\/product\/pop-spider-byte\/","og_site_name":"Collectin.eu","article_modified_time":"2026-04-08T10:27:09+00:00","og_image":[{"width":1080,"height":1080,"url":"http:\/\/collectin.eu\/wp-content\/uploads\/2025\/11\/Untitled-design-2025-11-11T215136.894.png","type":"image\/png"}],"twitter_card":"summary_large_image","twitter_misc":{"Est. reading time":"1 minute"},"schema":{"@context":"https:\/\/schema.org","@graph":[{"@type":"WebPage","@id":"https:\/\/collectin.eu\/produktas\/pop-spider-byte\/","url":"https:\/\/collectin.eu\/produktas\/pop-spider-byte\/","name":"Pop! Spider-byte - Collectin.eu","isPartOf":{"@id":"https:\/\/collectin.eu\/#website"},"primaryImageOfPage":{"@id":"https:\/\/collectin.eu\/produktas\/pop-spider-byte\/#primaryimage"},"image":{"@id":"https:\/\/collectin.eu\/produktas\/pop-spider-byte\/#primaryimage"},"thumbnailUrl":"https:\/\/collectin.eu\/wp-content\/uploads\/2025\/11\/Untitled-design-2025-11-11T215136.894.png","datePublished":"2025-11-11T19:56:10+00:00","dateModified":"2026-04-08T10:27:09+00:00","description":"Funko POP! Vinyl: Spider-Man: Across The Spider-Verse \u2013 Spider-Byte \u2013 tai i\u0161skirtin\u0117 kolekcin\u0117 vinilin\u0117 fig\u016br\u0117l\u0117, \u012fkv\u0117pta vieno i\u0161 naujausi\u0173 ir vizualiai \u012fsp\u016bdingiausi\u0173 \u201eSpider-Man\u201c film\u0173 \u2013 Across The Spider-Verse.","breadcrumb":{"@id":"https:\/\/collectin.eu\/produktas\/pop-spider-byte\/#breadcrumb"},"inLanguage":"en-US","potentialAction":[{"@type":"ReadAction","target":["https:\/\/collectin.eu\/produktas\/pop-spider-byte\/"]}]},{"@type":"ImageObject","inLanguage":"en-US","@id":"https:\/\/collectin.eu\/produktas\/pop-spider-byte\/#primaryimage","url":"https:\/\/collectin.eu\/wp-content\/uploads\/2025\/11\/Untitled-design-2025-11-11T215136.894.png","contentUrl":"https:\/\/collectin.eu\/wp-content\/uploads\/2025\/11\/Untitled-design-2025-11-11T215136.894.png","width":1080,"height":1080},{"@type":"BreadcrumbList","@id":"https:\/\/collectin.eu\/produktas\/pop-spider-byte\/#breadcrumb","itemListElement":[{"@type":"ListItem","position":1,"name":"Home","item":"https:\/\/collectin.eu\/"},{"@type":"ListItem","position":2,"name":"Parduotuv\u0117","item":"https:\/\/collectin.eu\/parduotuve\/"},{"@type":"ListItem","position":3,"name":"Pop! Spider-byte"}]},{"@type":"WebSite","@id":"https:\/\/collectin.eu\/#website","url":"https:\/\/collectin.eu\/","name":"Collectin.eu","description":"","potentialAction":[{"@type":"SearchAction","target":{"@type":"EntryPoint","urlTemplate":"https:\/\/collectin.eu\/?s={search_term_string}"},"query-input":{"@type":"PropertyValueSpecification","valueRequired":true,"valueName":"search_term_string"}}],"inLanguage":"en-US"}]}},"jetpack_sharing_enabled":true,"_links":{"self":[{"href":"https:\/\/collectin.eu\/en\/wp-json\/wp\/v2\/product\/37946","targetHints":{"allow":["GET"]}}],"collection":[{"href":"https:\/\/collectin.eu\/en\/wp-json\/wp\/v2\/product"}],"about":[{"href":"https:\/\/collectin.eu\/en\/wp-json\/wp\/v2\/types\/product"}],"replies":[{"embeddable":true,"href":"https:\/\/collectin.eu\/en\/wp-json\/wp\/v2\/comments?post=37946"}],"version-history":[{"count":3,"href":"https:\/\/collectin.eu\/en\/wp-json\/wp\/v2\/product\/37946\/revisions"}],"predecessor-version":[{"id":40158,"href":"https:\/\/collectin.eu\/en\/wp-json\/wp\/v2\/product\/37946\/revisions\/40158"}],"wp:featuredmedia":[{"embeddable":true,"href":"https:\/\/collectin.eu\/en\/wp-json\/wp\/v2\/media\/37947"}],"wp:attachment":[{"href":"https:\/\/collectin.eu\/en\/wp-json\/wp\/v2\/media?parent=37946"}],"wp:term":[{"taxonomy":"product_brand","embeddable":true,"href":"https:\/\/collectin.eu\/en\/wp-json\/wp\/v2\/product_brand?post=37946"},{"taxonomy":"product_cat","embeddable":true,"href":"https:\/\/collectin.eu\/en\/wp-json\/wp\/v2\/product_cat?post=37946"},{"taxonomy":"product_tag","embeddable":true,"href":"https:\/\/collectin.eu\/en\/wp-json\/wp\/v2\/product_tag?post=37946"}],"curies":[{"name":"wp","href":"https:\/\/api.w.org\/{rel}","templated":true}]}}