{"id":37962,"date":"2025-11-11T20:16:06","date_gmt":"2025-11-11T20:16:06","guid":{"rendered":"https:\/\/collectin.eu\/?post_type=product&#038;p=37962"},"modified":"2026-04-08T10:27:09","modified_gmt":"2026-04-08T10:27:09","slug":"pop-gi-hun-456","status":"publish","type":"product","link":"https:\/\/collectin.eu\/en\/product\/pop-gi-hun-456\/","title":{"rendered":"Pop! Gi-hun 456"},"content":{"rendered":"<p>Funko POP! stilistika suteikia \u0161iam persona\u017eui \u017eaismingumo, ta\u010diau kartu i\u0161laiko atpa\u017e\u012fstamus bruo\u017eus \u2013 Gi-hun vilki \u017eali\u0105 sportin\u012f kostium\u0105 su numeriu 456, o jo veido i\u0161rai\u0161ka atspindi charaktering\u0105 ry\u017et\u0105 ir emocin\u0119 \u012ftamp\u0105, pa\u017e\u012fstam\u0105 visiems serialo gerb\u0117jams. Fig\u016br\u0117l\u0117 pagaminta i\u0161 auk\u0161tos kokyb\u0117s vinilo, yra ma\u017edaug 9\u201310 cm auk\u0161\u010dio, tod\u0117l puikiai tinka tiek kolekcionavimui, tiek kaip dekoratyvinis akcentas ant lentynos ar stalo. Funko POP! Gi-hun 456 \u2013 b\u016btinas pirkinys kiekvienam Squid Game gerb\u0117jui ar Funko kolekcininkui, norin\u010diam \u012fam\u017einti \u0161io kultinio serialo atmosfer\u0105. Tai i\u0161skirtinis suvenyras, simbolizuojantis i\u0161gyvenim\u0105, \u017emogi\u0161kum\u0105 ir kov\u0105 su likimu \u2013 temos, kurios padar\u0117 Squid Game tikru pasauliniu fenomenu.<\/p>","protected":false},"excerpt":{"rendered":"<p>Funko POP! stilistika suteikia \u0161iam persona\u017eui \u017eaismingumo, ta\u010diau kartu i\u0161laiko atpa\u017e\u012fstamus bruo\u017eus \u2013 Gi-hun vilki \u017eali\u0105 sportin\u012f kostium\u0105 su numeriu<\/p>","protected":false},"featured_media":37963,"comment_status":"open","ping_status":"closed","template":"","meta":[],"product_brand":[426],"product_cat":[680,409,448],"product_tag":[449],"class_list":{"0":"post-37962","1":"product","2":"type-product","3":"status-publish","4":"has-post-thumbnail","6":"product_brand-funko-pop","7":"product_cat-figureles","8":"product_cat-funko-pop","9":"product_cat-pop-movies","10":"product_tag-figureles","12":"first","13":"instock","14":"taxable","15":"shipping-taxable","16":"purchasable","17":"product-type-simple"},"yoast_head":"<!-- This site is optimized with the Yoast SEO plugin v25.9 - https:\/\/yoast.com\/wordpress\/plugins\/seo\/ -->\n<title>Pop! Gi-hun 456 - Collectin.eu<\/title>\n<meta name=\"robots\" content=\"index, follow, max-snippet:-1, max-image-preview:large, max-video-preview:-1\" \/>\n<link rel=\"canonical\" href=\"https:\/\/collectin.eu\/en\/product\/pop-gi-hun-456\/\" \/>\n<meta property=\"og:locale\" content=\"en_US\" \/>\n<meta property=\"og:type\" content=\"article\" \/>\n<meta property=\"og:title\" content=\"Pop! Gi-hun 456 - Collectin.eu\" \/>\n<meta property=\"og:description\" content=\"Funko POP! stilistika suteikia \u0161iam persona\u017eui \u017eaismingumo, ta\u010diau kartu i\u0161laiko atpa\u017e\u012fstamus bruo\u017eus \u2013 Gi-hun vilki \u017eali\u0105 sportin\u012f kostium\u0105 su numeriu\" \/>\n<meta property=\"og:url\" content=\"https:\/\/collectin.eu\/en\/product\/pop-gi-hun-456\/\" \/>\n<meta property=\"og:site_name\" content=\"Collectin.eu\" \/>\n<meta property=\"article:modified_time\" content=\"2026-04-08T10:27:09+00:00\" \/>\n<meta property=\"og:image\" content=\"http:\/\/collectin.eu\/wp-content\/uploads\/2025\/11\/Untitled-design-2025-11-11T221241.736.png\" \/>\n\t<meta property=\"og:image:width\" content=\"1080\" \/>\n\t<meta property=\"og:image:height\" content=\"1080\" \/>\n\t<meta property=\"og:image:type\" content=\"image\/png\" \/>\n<meta name=\"twitter:card\" content=\"summary_large_image\" \/>\n<meta name=\"twitter:label1\" content=\"Est. reading time\" \/>\n\t<meta name=\"twitter:data1\" content=\"1 minute\" \/>\n<script type=\"application\/ld+json\" class=\"yoast-schema-graph\">{\"@context\":\"https:\/\/schema.org\",\"@graph\":[{\"@type\":\"WebPage\",\"@id\":\"https:\/\/collectin.eu\/produktas\/pop-gi-hun-456\/\",\"url\":\"https:\/\/collectin.eu\/produktas\/pop-gi-hun-456\/\",\"name\":\"Pop! Gi-hun 456 - Collectin.eu\",\"isPartOf\":{\"@id\":\"https:\/\/collectin.eu\/#website\"},\"primaryImageOfPage\":{\"@id\":\"https:\/\/collectin.eu\/produktas\/pop-gi-hun-456\/#primaryimage\"},\"image\":{\"@id\":\"https:\/\/collectin.eu\/produktas\/pop-gi-hun-456\/#primaryimage\"},\"thumbnailUrl\":\"https:\/\/collectin.eu\/wp-content\/uploads\/2025\/11\/Untitled-design-2025-11-11T221241.736.png\",\"datePublished\":\"2025-11-11T20:16:06+00:00\",\"dateModified\":\"2026-04-08T10:27:09+00:00\",\"breadcrumb\":{\"@id\":\"https:\/\/collectin.eu\/produktas\/pop-gi-hun-456\/#breadcrumb\"},\"inLanguage\":\"en-US\",\"potentialAction\":[{\"@type\":\"ReadAction\",\"target\":[\"https:\/\/collectin.eu\/produktas\/pop-gi-hun-456\/\"]}]},{\"@type\":\"ImageObject\",\"inLanguage\":\"en-US\",\"@id\":\"https:\/\/collectin.eu\/produktas\/pop-gi-hun-456\/#primaryimage\",\"url\":\"https:\/\/collectin.eu\/wp-content\/uploads\/2025\/11\/Untitled-design-2025-11-11T221241.736.png\",\"contentUrl\":\"https:\/\/collectin.eu\/wp-content\/uploads\/2025\/11\/Untitled-design-2025-11-11T221241.736.png\",\"width\":1080,\"height\":1080},{\"@type\":\"BreadcrumbList\",\"@id\":\"https:\/\/collectin.eu\/produktas\/pop-gi-hun-456\/#breadcrumb\",\"itemListElement\":[{\"@type\":\"ListItem\",\"position\":1,\"name\":\"Home\",\"item\":\"https:\/\/collectin.eu\/\"},{\"@type\":\"ListItem\",\"position\":2,\"name\":\"Parduotuv\u0117\",\"item\":\"https:\/\/collectin.eu\/parduotuve\/\"},{\"@type\":\"ListItem\",\"position\":3,\"name\":\"Pop! Gi-hun 456\"}]},{\"@type\":\"WebSite\",\"@id\":\"https:\/\/collectin.eu\/#website\",\"url\":\"https:\/\/collectin.eu\/\",\"name\":\"Collectin.eu\",\"description\":\"\",\"potentialAction\":[{\"@type\":\"SearchAction\",\"target\":{\"@type\":\"EntryPoint\",\"urlTemplate\":\"https:\/\/collectin.eu\/?s={search_term_string}\"},\"query-input\":{\"@type\":\"PropertyValueSpecification\",\"valueRequired\":true,\"valueName\":\"search_term_string\"}}],\"inLanguage\":\"en-US\"}]}<\/script>\n<!-- \/ Yoast SEO plugin. -->","yoast_head_json":{"title":"Pop! Gi-hun 456 - Collectin.eu","robots":{"index":"index","follow":"follow","max-snippet":"max-snippet:-1","max-image-preview":"max-image-preview:large","max-video-preview":"max-video-preview:-1"},"canonical":"https:\/\/collectin.eu\/en\/product\/pop-gi-hun-456\/","og_locale":"en_US","og_type":"article","og_title":"Pop! Gi-hun 456 - Collectin.eu","og_description":"Funko POP! stilistika suteikia \u0161iam persona\u017eui \u017eaismingumo, ta\u010diau kartu i\u0161laiko atpa\u017e\u012fstamus bruo\u017eus \u2013 Gi-hun vilki \u017eali\u0105 sportin\u012f kostium\u0105 su numeriu","og_url":"https:\/\/collectin.eu\/en\/product\/pop-gi-hun-456\/","og_site_name":"Collectin.eu","article_modified_time":"2026-04-08T10:27:09+00:00","og_image":[{"width":1080,"height":1080,"url":"http:\/\/collectin.eu\/wp-content\/uploads\/2025\/11\/Untitled-design-2025-11-11T221241.736.png","type":"image\/png"}],"twitter_card":"summary_large_image","twitter_misc":{"Est. reading time":"1 minute"},"schema":{"@context":"https:\/\/schema.org","@graph":[{"@type":"WebPage","@id":"https:\/\/collectin.eu\/produktas\/pop-gi-hun-456\/","url":"https:\/\/collectin.eu\/produktas\/pop-gi-hun-456\/","name":"Pop! Gi-hun 456 - Collectin.eu","isPartOf":{"@id":"https:\/\/collectin.eu\/#website"},"primaryImageOfPage":{"@id":"https:\/\/collectin.eu\/produktas\/pop-gi-hun-456\/#primaryimage"},"image":{"@id":"https:\/\/collectin.eu\/produktas\/pop-gi-hun-456\/#primaryimage"},"thumbnailUrl":"https:\/\/collectin.eu\/wp-content\/uploads\/2025\/11\/Untitled-design-2025-11-11T221241.736.png","datePublished":"2025-11-11T20:16:06+00:00","dateModified":"2026-04-08T10:27:09+00:00","breadcrumb":{"@id":"https:\/\/collectin.eu\/produktas\/pop-gi-hun-456\/#breadcrumb"},"inLanguage":"en-US","potentialAction":[{"@type":"ReadAction","target":["https:\/\/collectin.eu\/produktas\/pop-gi-hun-456\/"]}]},{"@type":"ImageObject","inLanguage":"en-US","@id":"https:\/\/collectin.eu\/produktas\/pop-gi-hun-456\/#primaryimage","url":"https:\/\/collectin.eu\/wp-content\/uploads\/2025\/11\/Untitled-design-2025-11-11T221241.736.png","contentUrl":"https:\/\/collectin.eu\/wp-content\/uploads\/2025\/11\/Untitled-design-2025-11-11T221241.736.png","width":1080,"height":1080},{"@type":"BreadcrumbList","@id":"https:\/\/collectin.eu\/produktas\/pop-gi-hun-456\/#breadcrumb","itemListElement":[{"@type":"ListItem","position":1,"name":"Home","item":"https:\/\/collectin.eu\/"},{"@type":"ListItem","position":2,"name":"Parduotuv\u0117","item":"https:\/\/collectin.eu\/parduotuve\/"},{"@type":"ListItem","position":3,"name":"Pop! Gi-hun 456"}]},{"@type":"WebSite","@id":"https:\/\/collectin.eu\/#website","url":"https:\/\/collectin.eu\/","name":"Collectin.eu","description":"","potentialAction":[{"@type":"SearchAction","target":{"@type":"EntryPoint","urlTemplate":"https:\/\/collectin.eu\/?s={search_term_string}"},"query-input":{"@type":"PropertyValueSpecification","valueRequired":true,"valueName":"search_term_string"}}],"inLanguage":"en-US"}]}},"jetpack_sharing_enabled":true,"_links":{"self":[{"href":"https:\/\/collectin.eu\/en\/wp-json\/wp\/v2\/product\/37962","targetHints":{"allow":["GET"]}}],"collection":[{"href":"https:\/\/collectin.eu\/en\/wp-json\/wp\/v2\/product"}],"about":[{"href":"https:\/\/collectin.eu\/en\/wp-json\/wp\/v2\/types\/product"}],"replies":[{"embeddable":true,"href":"https:\/\/collectin.eu\/en\/wp-json\/wp\/v2\/comments?post=37962"}],"version-history":[{"count":3,"href":"https:\/\/collectin.eu\/en\/wp-json\/wp\/v2\/product\/37962\/revisions"}],"predecessor-version":[{"id":40160,"href":"https:\/\/collectin.eu\/en\/wp-json\/wp\/v2\/product\/37962\/revisions\/40160"}],"wp:featuredmedia":[{"embeddable":true,"href":"https:\/\/collectin.eu\/en\/wp-json\/wp\/v2\/media\/37963"}],"wp:attachment":[{"href":"https:\/\/collectin.eu\/en\/wp-json\/wp\/v2\/media?parent=37962"}],"wp:term":[{"taxonomy":"product_brand","embeddable":true,"href":"https:\/\/collectin.eu\/en\/wp-json\/wp\/v2\/product_brand?post=37962"},{"taxonomy":"product_cat","embeddable":true,"href":"https:\/\/collectin.eu\/en\/wp-json\/wp\/v2\/product_cat?post=37962"},{"taxonomy":"product_tag","embeddable":true,"href":"https:\/\/collectin.eu\/en\/wp-json\/wp\/v2\/product_tag?post=37962"}],"curies":[{"name":"wp","href":"https:\/\/api.w.org\/{rel}","templated":true}]}}