{"id":37968,"date":"2025-11-11T20:33:35","date_gmt":"2025-11-11T20:33:35","guid":{"rendered":"https:\/\/collectin.eu\/?post_type=product&#038;p=37968"},"modified":"2026-04-08T10:31:31","modified_gmt":"2026-04-08T10:31:31","slug":"mickey-mouse-spalio-leidimas","status":"publish","type":"product","link":"https:\/\/collectin.eu\/en\/product\/mickey-mouse-spalio-leidimas\/","title":{"rendered":"Mickey Mouse \u2013 October Limited Edition"},"content":{"rendered":"<p>This limited-edition, 35 cm tall plush toy is a special Amazon exclusive for the month of October, inspired by the legendary Disney character, Mickey Mouse. This collectible edition stands out with its unique design\u2014a modern take on the classic Mickey, crafted from high-quality denim fabric with subtle decorative stitching that gives him a truly distinctive style.\n\nThe toy comes in an elegant gift box, making it a perfect gift for children, adult collectors, and Disney fans alike. Soft to the touch, plush, and safe even for the youngest, it is suitable from the first months of life. Standing 35 centimeters tall, this plush Mickey becomes not only a sweet playmate but also a stylish accent for your interior or collection. This is an exclusive, limited-edition release that perfectly combines classic Disney magic with contemporary design.<\/p>","protected":false},"excerpt":{"rendered":"<p>Mickey Mouse \u2013 tai riboto leidimo, spalio m\u0117nesio Amazon i\u0161skirtinis 35 cm auk\u0161\u010dio pliu\u0161inis \u017eaislas, sukurtas pagal legendin\u012f \u201eDisney\u201c persona\u017e\u0105<\/p>","protected":false},"featured_media":37969,"comment_status":"open","ping_status":"closed","template":"","meta":[],"product_brand":[425],"product_cat":[413,584,678],"product_tag":[462],"class_list":{"0":"post-37968","1":"product","2":"type-product","3":"status-publish","4":"has-post-thumbnail","6":"product_brand-disney","7":"product_cat-disney","8":"product_cat-disney-zaislai","9":"product_cat-pliusiniai-zaislai","10":"product_tag-disney-pliusiniai-zaislai","12":"first","13":"instock","14":"taxable","15":"shipping-taxable","16":"purchasable","17":"product-type-simple"},"yoast_head":"<!-- This site is optimized with the Yoast SEO plugin v25.9 - https:\/\/yoast.com\/wordpress\/plugins\/seo\/ -->\n<title>Mickey Mouse \u2013 October Limited Edition - Collectin.eu<\/title>\n<meta name=\"description\" content=\"Mickey Mouse \u2013 tai riboto leidimo, spalio m\u0117nesio Amazon i\u0161skirtinis 35 cm auk\u0161\u010dio pliu\u0161inis \u017eaislas, sukurtas pagal legendin\u012f \u201eDisney\u201c persona\u017e\u0105 Mik\u012f Peliuk\u0105.\" \/>\n<meta name=\"robots\" content=\"index, follow, max-snippet:-1, max-image-preview:large, max-video-preview:-1\" \/>\n<link rel=\"canonical\" href=\"https:\/\/collectin.eu\/en\/product\/mickey-mouse-spalio-leidimas\/\" \/>\n<meta property=\"og:locale\" content=\"en_US\" \/>\n<meta property=\"og:type\" content=\"article\" \/>\n<meta property=\"og:title\" content=\"Mickey Mouse \u2013 October Limited Edition - Collectin.eu\" \/>\n<meta property=\"og:description\" content=\"Mickey Mouse \u2013 tai riboto leidimo, spalio m\u0117nesio Amazon i\u0161skirtinis 35 cm auk\u0161\u010dio pliu\u0161inis \u017eaislas, sukurtas pagal legendin\u012f \u201eDisney\u201c persona\u017e\u0105 Mik\u012f Peliuk\u0105.\" \/>\n<meta property=\"og:url\" content=\"https:\/\/collectin.eu\/en\/product\/mickey-mouse-spalio-leidimas\/\" \/>\n<meta property=\"og:site_name\" content=\"Collectin.eu\" \/>\n<meta property=\"article:modified_time\" content=\"2026-04-08T10:31:31+00:00\" \/>\n<meta property=\"og:image\" content=\"http:\/\/collectin.eu\/wp-content\/uploads\/2025\/11\/Untitled-design-2025-11-11T222702.022.png\" \/>\n\t<meta property=\"og:image:width\" content=\"1080\" \/>\n\t<meta property=\"og:image:height\" content=\"1080\" \/>\n\t<meta property=\"og:image:type\" content=\"image\/png\" \/>\n<meta name=\"twitter:card\" content=\"summary_large_image\" \/>\n<meta name=\"twitter:label1\" content=\"Est. reading time\" \/>\n\t<meta name=\"twitter:data1\" content=\"1 minute\" \/>\n<script type=\"application\/ld+json\" class=\"yoast-schema-graph\">{\"@context\":\"https:\/\/schema.org\",\"@graph\":[{\"@type\":\"WebPage\",\"@id\":\"https:\/\/collectin.eu\/produktas\/mickey-mouse-spalio-leidimas\/\",\"url\":\"https:\/\/collectin.eu\/produktas\/mickey-mouse-spalio-leidimas\/\",\"name\":\"Mickey Mouse \u2013 October Limited Edition - Collectin.eu\",\"isPartOf\":{\"@id\":\"https:\/\/collectin.eu\/#website\"},\"primaryImageOfPage\":{\"@id\":\"https:\/\/collectin.eu\/produktas\/mickey-mouse-spalio-leidimas\/#primaryimage\"},\"image\":{\"@id\":\"https:\/\/collectin.eu\/produktas\/mickey-mouse-spalio-leidimas\/#primaryimage\"},\"thumbnailUrl\":\"https:\/\/collectin.eu\/wp-content\/uploads\/2025\/11\/Untitled-design-2025-11-11T222702.022.png\",\"datePublished\":\"2025-11-11T20:33:35+00:00\",\"dateModified\":\"2026-04-08T10:31:31+00:00\",\"description\":\"Mickey Mouse \u2013 tai riboto leidimo, spalio m\u0117nesio Amazon i\u0161skirtinis 35 cm auk\u0161\u010dio pliu\u0161inis \u017eaislas, sukurtas pagal legendin\u012f \u201eDisney\u201c persona\u017e\u0105 Mik\u012f Peliuk\u0105.\",\"breadcrumb\":{\"@id\":\"https:\/\/collectin.eu\/produktas\/mickey-mouse-spalio-leidimas\/#breadcrumb\"},\"inLanguage\":\"en-US\",\"potentialAction\":[{\"@type\":\"ReadAction\",\"target\":[\"https:\/\/collectin.eu\/produktas\/mickey-mouse-spalio-leidimas\/\"]}]},{\"@type\":\"ImageObject\",\"inLanguage\":\"en-US\",\"@id\":\"https:\/\/collectin.eu\/produktas\/mickey-mouse-spalio-leidimas\/#primaryimage\",\"url\":\"https:\/\/collectin.eu\/wp-content\/uploads\/2025\/11\/Untitled-design-2025-11-11T222702.022.png\",\"contentUrl\":\"https:\/\/collectin.eu\/wp-content\/uploads\/2025\/11\/Untitled-design-2025-11-11T222702.022.png\",\"width\":1080,\"height\":1080},{\"@type\":\"BreadcrumbList\",\"@id\":\"https:\/\/collectin.eu\/produktas\/mickey-mouse-spalio-leidimas\/#breadcrumb\",\"itemListElement\":[{\"@type\":\"ListItem\",\"position\":1,\"name\":\"Home\",\"item\":\"https:\/\/collectin.eu\/\"},{\"@type\":\"ListItem\",\"position\":2,\"name\":\"Parduotuv\u0117\",\"item\":\"https:\/\/collectin.eu\/parduotuve\/\"},{\"@type\":\"ListItem\",\"position\":3,\"name\":\"Mickey Mouse \u2013 October Limited Edition\"}]},{\"@type\":\"WebSite\",\"@id\":\"https:\/\/collectin.eu\/#website\",\"url\":\"https:\/\/collectin.eu\/\",\"name\":\"Collectin.eu\",\"description\":\"\",\"potentialAction\":[{\"@type\":\"SearchAction\",\"target\":{\"@type\":\"EntryPoint\",\"urlTemplate\":\"https:\/\/collectin.eu\/?s={search_term_string}\"},\"query-input\":{\"@type\":\"PropertyValueSpecification\",\"valueRequired\":true,\"valueName\":\"search_term_string\"}}],\"inLanguage\":\"en-US\"}]}<\/script>\n<!-- \/ Yoast SEO plugin. -->","yoast_head_json":{"title":"Mickey Mouse \u2013 October Limited Edition - Collectin.eu","description":"Mickey Mouse \u2013 tai riboto leidimo, spalio m\u0117nesio Amazon i\u0161skirtinis 35 cm auk\u0161\u010dio pliu\u0161inis \u017eaislas, sukurtas pagal legendin\u012f \u201eDisney\u201c persona\u017e\u0105 Mik\u012f Peliuk\u0105.","robots":{"index":"index","follow":"follow","max-snippet":"max-snippet:-1","max-image-preview":"max-image-preview:large","max-video-preview":"max-video-preview:-1"},"canonical":"https:\/\/collectin.eu\/en\/product\/mickey-mouse-spalio-leidimas\/","og_locale":"en_US","og_type":"article","og_title":"Mickey Mouse \u2013 October Limited Edition - Collectin.eu","og_description":"Mickey Mouse \u2013 tai riboto leidimo, spalio m\u0117nesio Amazon i\u0161skirtinis 35 cm auk\u0161\u010dio pliu\u0161inis \u017eaislas, sukurtas pagal legendin\u012f \u201eDisney\u201c persona\u017e\u0105 Mik\u012f Peliuk\u0105.","og_url":"https:\/\/collectin.eu\/en\/product\/mickey-mouse-spalio-leidimas\/","og_site_name":"Collectin.eu","article_modified_time":"2026-04-08T10:31:31+00:00","og_image":[{"width":1080,"height":1080,"url":"http:\/\/collectin.eu\/wp-content\/uploads\/2025\/11\/Untitled-design-2025-11-11T222702.022.png","type":"image\/png"}],"twitter_card":"summary_large_image","twitter_misc":{"Est. reading time":"1 minute"},"schema":{"@context":"https:\/\/schema.org","@graph":[{"@type":"WebPage","@id":"https:\/\/collectin.eu\/produktas\/mickey-mouse-spalio-leidimas\/","url":"https:\/\/collectin.eu\/produktas\/mickey-mouse-spalio-leidimas\/","name":"Mickey Mouse \u2013 October Limited Edition - Collectin.eu","isPartOf":{"@id":"https:\/\/collectin.eu\/#website"},"primaryImageOfPage":{"@id":"https:\/\/collectin.eu\/produktas\/mickey-mouse-spalio-leidimas\/#primaryimage"},"image":{"@id":"https:\/\/collectin.eu\/produktas\/mickey-mouse-spalio-leidimas\/#primaryimage"},"thumbnailUrl":"https:\/\/collectin.eu\/wp-content\/uploads\/2025\/11\/Untitled-design-2025-11-11T222702.022.png","datePublished":"2025-11-11T20:33:35+00:00","dateModified":"2026-04-08T10:31:31+00:00","description":"Mickey Mouse \u2013 tai riboto leidimo, spalio m\u0117nesio Amazon i\u0161skirtinis 35 cm auk\u0161\u010dio pliu\u0161inis \u017eaislas, sukurtas pagal legendin\u012f \u201eDisney\u201c persona\u017e\u0105 Mik\u012f Peliuk\u0105.","breadcrumb":{"@id":"https:\/\/collectin.eu\/produktas\/mickey-mouse-spalio-leidimas\/#breadcrumb"},"inLanguage":"en-US","potentialAction":[{"@type":"ReadAction","target":["https:\/\/collectin.eu\/produktas\/mickey-mouse-spalio-leidimas\/"]}]},{"@type":"ImageObject","inLanguage":"en-US","@id":"https:\/\/collectin.eu\/produktas\/mickey-mouse-spalio-leidimas\/#primaryimage","url":"https:\/\/collectin.eu\/wp-content\/uploads\/2025\/11\/Untitled-design-2025-11-11T222702.022.png","contentUrl":"https:\/\/collectin.eu\/wp-content\/uploads\/2025\/11\/Untitled-design-2025-11-11T222702.022.png","width":1080,"height":1080},{"@type":"BreadcrumbList","@id":"https:\/\/collectin.eu\/produktas\/mickey-mouse-spalio-leidimas\/#breadcrumb","itemListElement":[{"@type":"ListItem","position":1,"name":"Home","item":"https:\/\/collectin.eu\/"},{"@type":"ListItem","position":2,"name":"Parduotuv\u0117","item":"https:\/\/collectin.eu\/parduotuve\/"},{"@type":"ListItem","position":3,"name":"Mickey Mouse \u2013 October Limited Edition"}]},{"@type":"WebSite","@id":"https:\/\/collectin.eu\/#website","url":"https:\/\/collectin.eu\/","name":"Collectin.eu","description":"","potentialAction":[{"@type":"SearchAction","target":{"@type":"EntryPoint","urlTemplate":"https:\/\/collectin.eu\/?s={search_term_string}"},"query-input":{"@type":"PropertyValueSpecification","valueRequired":true,"valueName":"search_term_string"}}],"inLanguage":"en-US"}]}},"jetpack_sharing_enabled":true,"_links":{"self":[{"href":"https:\/\/collectin.eu\/en\/wp-json\/wp\/v2\/product\/37968","targetHints":{"allow":["GET"]}}],"collection":[{"href":"https:\/\/collectin.eu\/en\/wp-json\/wp\/v2\/product"}],"about":[{"href":"https:\/\/collectin.eu\/en\/wp-json\/wp\/v2\/types\/product"}],"replies":[{"embeddable":true,"href":"https:\/\/collectin.eu\/en\/wp-json\/wp\/v2\/comments?post=37968"}],"version-history":[{"count":4,"href":"https:\/\/collectin.eu\/en\/wp-json\/wp\/v2\/product\/37968\/revisions"}],"predecessor-version":[{"id":40134,"href":"https:\/\/collectin.eu\/en\/wp-json\/wp\/v2\/product\/37968\/revisions\/40134"}],"wp:featuredmedia":[{"embeddable":true,"href":"https:\/\/collectin.eu\/en\/wp-json\/wp\/v2\/media\/37969"}],"wp:attachment":[{"href":"https:\/\/collectin.eu\/en\/wp-json\/wp\/v2\/media?parent=37968"}],"wp:term":[{"taxonomy":"product_brand","embeddable":true,"href":"https:\/\/collectin.eu\/en\/wp-json\/wp\/v2\/product_brand?post=37968"},{"taxonomy":"product_cat","embeddable":true,"href":"https:\/\/collectin.eu\/en\/wp-json\/wp\/v2\/product_cat?post=37968"},{"taxonomy":"product_tag","embeddable":true,"href":"https:\/\/collectin.eu\/en\/wp-json\/wp\/v2\/product_tag?post=37968"}],"curies":[{"name":"wp","href":"https:\/\/api.w.org\/{rel}","templated":true}]}}