{"id":38079,"date":"2025-11-16T13:13:25","date_gmt":"2025-11-16T13:13:25","guid":{"rendered":"https:\/\/collectin.eu\/?post_type=product&#038;p=38079"},"modified":"2026-04-08T10:29:05","modified_gmt":"2026-04-08T10:29:05","slug":"2023-pokemon-sv2a-jp-nidoking","status":"publish","type":"product","link":"https:\/\/collectin.eu\/en\/product\/2023-pokemon-sv2a-jp-nidoking\/","title":{"rendered":"2023 Pokemon SV2a JP Nidoking"},"content":{"rendered":"<p>The illustration portrays Nidoking\u2014a massive, powerful Poison-type Pok\u00e9mon with rugged, armor-like skin\u2014standing in his natural domain. The Art Rare imagery captures a wild, untamed atmosphere where Nidoking stands poised, ready to battle or defend his territory. The artist utilized a rich, highly detailed color palette that highlights both the Pok\u00e9mon's raw strength and the ambient mood of the surrounding landscape. The signature Art Rare holographic finish adds depth to the illustration, creating a dynamic play of light.<\/p>","protected":false},"excerpt":{"rendered":"<p>Iliustracijoje matomas Nidoking \u2014 masyvus, galingas, uol\u0117tos odos nuod\u0173 tipo Pok\u00e9monas \u2014 vaizduojamas tarsi nat\u016bralioje jo karalyst\u0117je. Da\u017eniausiai \u0161ios kortos<\/p>","protected":false},"featured_media":38086,"comment_status":"open","ping_status":"closed","template":"","meta":[],"product_brand":[430],"product_cat":[679,407,483],"product_tag":[],"class_list":{"0":"post-38079","1":"product","2":"type-product","3":"status-publish","4":"has-post-thumbnail","6":"product_brand-pokemon","7":"product_cat-kolekcines-korteles","8":"product_cat-pokemon","9":"product_cat-graded","11":"first","12":"instock","13":"taxable","14":"shipping-taxable","15":"purchasable","16":"product-type-simple"},"yoast_head":"<!-- This site is optimized with the Yoast SEO plugin v25.9 - https:\/\/yoast.com\/wordpress\/plugins\/seo\/ -->\n<title>2023 Pokemon SV2a JP Nidoking - Collectin.eu<\/title>\n<meta name=\"description\" content=\"\u201e2023 Pok\u00e9mon SV2a JP Nidoking (174\/165, Art Rare)\u201c yra viena i\u0161 i\u0161rai\u0161kingiausi\u0173 ir kolekcinink\u0173 vertinam\u0173 Scarlet &amp; Violet serijos \u201e151\u201c rinkinio korteli\u0173.\" \/>\n<meta name=\"robots\" content=\"index, follow, max-snippet:-1, max-image-preview:large, max-video-preview:-1\" \/>\n<link rel=\"canonical\" href=\"https:\/\/collectin.eu\/en\/product\/2023-pokemon-sv2a-jp-nidoking\/\" \/>\n<meta property=\"og:locale\" content=\"en_US\" \/>\n<meta property=\"og:type\" content=\"article\" \/>\n<meta property=\"og:title\" content=\"2023 Pokemon SV2a JP Nidoking - Collectin.eu\" \/>\n<meta property=\"og:description\" content=\"\u201e2023 Pok\u00e9mon SV2a JP Nidoking (174\/165, Art Rare)\u201c yra viena i\u0161 i\u0161rai\u0161kingiausi\u0173 ir kolekcinink\u0173 vertinam\u0173 Scarlet &amp; Violet serijos \u201e151\u201c rinkinio korteli\u0173.\" \/>\n<meta property=\"og:url\" content=\"https:\/\/collectin.eu\/en\/product\/2023-pokemon-sv2a-jp-nidoking\/\" \/>\n<meta property=\"og:site_name\" content=\"Collectin.eu\" \/>\n<meta property=\"article:modified_time\" content=\"2026-04-08T10:29:05+00:00\" \/>\n<meta property=\"og:image\" content=\"http:\/\/collectin.eu\/wp-content\/uploads\/2025\/11\/Untitled-design-2025-11-16T151522.239.png\" \/>\n\t<meta property=\"og:image:width\" content=\"1080\" \/>\n\t<meta property=\"og:image:height\" content=\"1080\" \/>\n\t<meta property=\"og:image:type\" content=\"image\/png\" \/>\n<meta name=\"twitter:card\" content=\"summary_large_image\" \/>\n<meta name=\"twitter:label1\" content=\"Est. reading time\" \/>\n\t<meta name=\"twitter:data1\" content=\"1 minute\" \/>\n<script type=\"application\/ld+json\" class=\"yoast-schema-graph\">{\"@context\":\"https:\/\/schema.org\",\"@graph\":[{\"@type\":\"WebPage\",\"@id\":\"https:\/\/collectin.eu\/produktas\/2023-pokemon-sv2a-jp-nidoking\/\",\"url\":\"https:\/\/collectin.eu\/produktas\/2023-pokemon-sv2a-jp-nidoking\/\",\"name\":\"2023 Pokemon SV2a JP Nidoking - Collectin.eu\",\"isPartOf\":{\"@id\":\"https:\/\/collectin.eu\/#website\"},\"primaryImageOfPage\":{\"@id\":\"https:\/\/collectin.eu\/produktas\/2023-pokemon-sv2a-jp-nidoking\/#primaryimage\"},\"image\":{\"@id\":\"https:\/\/collectin.eu\/produktas\/2023-pokemon-sv2a-jp-nidoking\/#primaryimage\"},\"thumbnailUrl\":\"https:\/\/collectin.eu\/wp-content\/uploads\/2025\/11\/Untitled-design-2025-11-16T151522.239.png\",\"datePublished\":\"2025-11-16T13:13:25+00:00\",\"dateModified\":\"2026-04-08T10:29:05+00:00\",\"description\":\"\u201e2023 Pok\u00e9mon SV2a JP Nidoking (174\/165, Art Rare)\u201c yra viena i\u0161 i\u0161rai\u0161kingiausi\u0173 ir kolekcinink\u0173 vertinam\u0173 Scarlet & Violet serijos \u201e151\u201c rinkinio korteli\u0173.\",\"breadcrumb\":{\"@id\":\"https:\/\/collectin.eu\/produktas\/2023-pokemon-sv2a-jp-nidoking\/#breadcrumb\"},\"inLanguage\":\"en-US\",\"potentialAction\":[{\"@type\":\"ReadAction\",\"target\":[\"https:\/\/collectin.eu\/produktas\/2023-pokemon-sv2a-jp-nidoking\/\"]}]},{\"@type\":\"ImageObject\",\"inLanguage\":\"en-US\",\"@id\":\"https:\/\/collectin.eu\/produktas\/2023-pokemon-sv2a-jp-nidoking\/#primaryimage\",\"url\":\"https:\/\/collectin.eu\/wp-content\/uploads\/2025\/11\/Untitled-design-2025-11-16T151522.239.png\",\"contentUrl\":\"https:\/\/collectin.eu\/wp-content\/uploads\/2025\/11\/Untitled-design-2025-11-16T151522.239.png\",\"width\":1080,\"height\":1080},{\"@type\":\"BreadcrumbList\",\"@id\":\"https:\/\/collectin.eu\/produktas\/2023-pokemon-sv2a-jp-nidoking\/#breadcrumb\",\"itemListElement\":[{\"@type\":\"ListItem\",\"position\":1,\"name\":\"Home\",\"item\":\"https:\/\/collectin.eu\/\"},{\"@type\":\"ListItem\",\"position\":2,\"name\":\"Parduotuv\u0117\",\"item\":\"https:\/\/collectin.eu\/parduotuve\/\"},{\"@type\":\"ListItem\",\"position\":3,\"name\":\"2023 Pokemon SV2a JP Nidoking\"}]},{\"@type\":\"WebSite\",\"@id\":\"https:\/\/collectin.eu\/#website\",\"url\":\"https:\/\/collectin.eu\/\",\"name\":\"Collectin.eu\",\"description\":\"\",\"potentialAction\":[{\"@type\":\"SearchAction\",\"target\":{\"@type\":\"EntryPoint\",\"urlTemplate\":\"https:\/\/collectin.eu\/?s={search_term_string}\"},\"query-input\":{\"@type\":\"PropertyValueSpecification\",\"valueRequired\":true,\"valueName\":\"search_term_string\"}}],\"inLanguage\":\"en-US\"}]}<\/script>\n<!-- \/ Yoast SEO plugin. -->","yoast_head_json":{"title":"2023 Pokemon SV2a JP Nidoking - Collectin.eu","description":"\u201e2023 Pok\u00e9mon SV2a JP Nidoking (174\/165, Art Rare)\u201c yra viena i\u0161 i\u0161rai\u0161kingiausi\u0173 ir kolekcinink\u0173 vertinam\u0173 Scarlet & Violet serijos \u201e151\u201c rinkinio korteli\u0173.","robots":{"index":"index","follow":"follow","max-snippet":"max-snippet:-1","max-image-preview":"max-image-preview:large","max-video-preview":"max-video-preview:-1"},"canonical":"https:\/\/collectin.eu\/en\/product\/2023-pokemon-sv2a-jp-nidoking\/","og_locale":"en_US","og_type":"article","og_title":"2023 Pokemon SV2a JP Nidoking - Collectin.eu","og_description":"\u201e2023 Pok\u00e9mon SV2a JP Nidoking (174\/165, Art Rare)\u201c yra viena i\u0161 i\u0161rai\u0161kingiausi\u0173 ir kolekcinink\u0173 vertinam\u0173 Scarlet & Violet serijos \u201e151\u201c rinkinio korteli\u0173.","og_url":"https:\/\/collectin.eu\/en\/product\/2023-pokemon-sv2a-jp-nidoking\/","og_site_name":"Collectin.eu","article_modified_time":"2026-04-08T10:29:05+00:00","og_image":[{"width":1080,"height":1080,"url":"http:\/\/collectin.eu\/wp-content\/uploads\/2025\/11\/Untitled-design-2025-11-16T151522.239.png","type":"image\/png"}],"twitter_card":"summary_large_image","twitter_misc":{"Est. reading time":"1 minute"},"schema":{"@context":"https:\/\/schema.org","@graph":[{"@type":"WebPage","@id":"https:\/\/collectin.eu\/produktas\/2023-pokemon-sv2a-jp-nidoking\/","url":"https:\/\/collectin.eu\/produktas\/2023-pokemon-sv2a-jp-nidoking\/","name":"2023 Pokemon SV2a JP Nidoking - Collectin.eu","isPartOf":{"@id":"https:\/\/collectin.eu\/#website"},"primaryImageOfPage":{"@id":"https:\/\/collectin.eu\/produktas\/2023-pokemon-sv2a-jp-nidoking\/#primaryimage"},"image":{"@id":"https:\/\/collectin.eu\/produktas\/2023-pokemon-sv2a-jp-nidoking\/#primaryimage"},"thumbnailUrl":"https:\/\/collectin.eu\/wp-content\/uploads\/2025\/11\/Untitled-design-2025-11-16T151522.239.png","datePublished":"2025-11-16T13:13:25+00:00","dateModified":"2026-04-08T10:29:05+00:00","description":"\u201e2023 Pok\u00e9mon SV2a JP Nidoking (174\/165, Art Rare)\u201c yra viena i\u0161 i\u0161rai\u0161kingiausi\u0173 ir kolekcinink\u0173 vertinam\u0173 Scarlet & Violet serijos \u201e151\u201c rinkinio korteli\u0173.","breadcrumb":{"@id":"https:\/\/collectin.eu\/produktas\/2023-pokemon-sv2a-jp-nidoking\/#breadcrumb"},"inLanguage":"en-US","potentialAction":[{"@type":"ReadAction","target":["https:\/\/collectin.eu\/produktas\/2023-pokemon-sv2a-jp-nidoking\/"]}]},{"@type":"ImageObject","inLanguage":"en-US","@id":"https:\/\/collectin.eu\/produktas\/2023-pokemon-sv2a-jp-nidoking\/#primaryimage","url":"https:\/\/collectin.eu\/wp-content\/uploads\/2025\/11\/Untitled-design-2025-11-16T151522.239.png","contentUrl":"https:\/\/collectin.eu\/wp-content\/uploads\/2025\/11\/Untitled-design-2025-11-16T151522.239.png","width":1080,"height":1080},{"@type":"BreadcrumbList","@id":"https:\/\/collectin.eu\/produktas\/2023-pokemon-sv2a-jp-nidoking\/#breadcrumb","itemListElement":[{"@type":"ListItem","position":1,"name":"Home","item":"https:\/\/collectin.eu\/"},{"@type":"ListItem","position":2,"name":"Parduotuv\u0117","item":"https:\/\/collectin.eu\/parduotuve\/"},{"@type":"ListItem","position":3,"name":"2023 Pokemon SV2a JP Nidoking"}]},{"@type":"WebSite","@id":"https:\/\/collectin.eu\/#website","url":"https:\/\/collectin.eu\/","name":"Collectin.eu","description":"","potentialAction":[{"@type":"SearchAction","target":{"@type":"EntryPoint","urlTemplate":"https:\/\/collectin.eu\/?s={search_term_string}"},"query-input":{"@type":"PropertyValueSpecification","valueRequired":true,"valueName":"search_term_string"}}],"inLanguage":"en-US"}]}},"jetpack_sharing_enabled":true,"_links":{"self":[{"href":"https:\/\/collectin.eu\/en\/wp-json\/wp\/v2\/product\/38079","targetHints":{"allow":["GET"]}}],"collection":[{"href":"https:\/\/collectin.eu\/en\/wp-json\/wp\/v2\/product"}],"about":[{"href":"https:\/\/collectin.eu\/en\/wp-json\/wp\/v2\/types\/product"}],"replies":[{"embeddable":true,"href":"https:\/\/collectin.eu\/en\/wp-json\/wp\/v2\/comments?post=38079"}],"version-history":[{"count":4,"href":"https:\/\/collectin.eu\/en\/wp-json\/wp\/v2\/product\/38079\/revisions"}],"predecessor-version":[{"id":40246,"href":"https:\/\/collectin.eu\/en\/wp-json\/wp\/v2\/product\/38079\/revisions\/40246"}],"wp:featuredmedia":[{"embeddable":true,"href":"https:\/\/collectin.eu\/en\/wp-json\/wp\/v2\/media\/38086"}],"wp:attachment":[{"href":"https:\/\/collectin.eu\/en\/wp-json\/wp\/v2\/media?parent=38079"}],"wp:term":[{"taxonomy":"product_brand","embeddable":true,"href":"https:\/\/collectin.eu\/en\/wp-json\/wp\/v2\/product_brand?post=38079"},{"taxonomy":"product_cat","embeddable":true,"href":"https:\/\/collectin.eu\/en\/wp-json\/wp\/v2\/product_cat?post=38079"},{"taxonomy":"product_tag","embeddable":true,"href":"https:\/\/collectin.eu\/en\/wp-json\/wp\/v2\/product_tag?post=38079"}],"curies":[{"name":"wp","href":"https:\/\/api.w.org\/{rel}","templated":true}]}}