{"id":38091,"date":"2025-11-16T13:22:23","date_gmt":"2025-11-16T13:22:23","guid":{"rendered":"https:\/\/collectin.eu\/?post_type=product&#038;p=38091"},"modified":"2026-04-08T10:29:05","modified_gmt":"2026-04-08T10:29:05","slug":"2023-pokemon-sv2a-jp-charmander","status":"publish","type":"product","link":"https:\/\/collectin.eu\/en\/product\/2023-pokemon-sv2a-jp-charmander\/","title":{"rendered":"2023 Pokemon SV2a JP Charmander"},"content":{"rendered":"<p>The 2023 Japanese Pok\u00e9mon Card 151 (SV2a) Charmander is a Fire-type Basic Pok\u00e9mon card classified under the Common rarity. It features 70 HP, with a double weakness to Water-type attacks and a single-energy retreat cost. The card depicts a playful Charmander painted in warm tones, evoking the classic aesthetic of the original first-generation cards.\n\nIts moveset includes \"Scratch,\" dealing light damage, and a signature Fire attack like \"Flare\" or \"Ember,\" reflecting the Pok\u00e9mon's fiery nature. This card is highly sought after due to its inclusion in the immensely popular Pok\u00e9mon Card 151 set, created as a tribute to the original 151 Pok\u00e9mon. As one of the most iconic starters, Charmander is a cornerstone of any collection. Japanese SV2a cards are also prized for their superior print quality, making this a nostalgic and essential piece to complete the Charmeleon and Charizard evolutionary line.<\/p>","protected":false},"excerpt":{"rendered":"<p>2023 m. japoni\u0161ka \u201ePok\u00e9mon Card 151\u201c (SV2a) Charmander korta \u2013 tai Fire tipo Basic Pok\u00e9mon kortel\u0117, \u017eymima kaip Common rariteto.<\/p>","protected":false},"featured_media":38092,"comment_status":"open","ping_status":"closed","template":"","meta":[],"product_brand":[430],"product_cat":[679,407,483],"product_tag":[],"class_list":{"0":"post-38091","1":"product","2":"type-product","3":"status-publish","4":"has-post-thumbnail","6":"product_brand-pokemon","7":"product_cat-kolekcines-korteles","8":"product_cat-pokemon","9":"product_cat-graded","11":"first","12":"instock","13":"taxable","14":"shipping-taxable","15":"purchasable","16":"product-type-simple"},"yoast_head":"<!-- This site is optimized with the Yoast SEO plugin v25.9 - https:\/\/yoast.com\/wordpress\/plugins\/seo\/ -->\n<title>2023 Pokemon SV2a JP Charmander - Collectin.eu<\/title>\n<meta name=\"description\" content=\"2023 m. japoni\u0161ka \u201ePok\u00e9mon Card 151\u201c (SV2a) Charmander korta yra Common rariteto Fire tipo Basic Pok\u00e9mon su 70 HP.\" \/>\n<meta name=\"robots\" content=\"index, follow, max-snippet:-1, max-image-preview:large, max-video-preview:-1\" \/>\n<link rel=\"canonical\" href=\"https:\/\/collectin.eu\/en\/product\/2023-pokemon-sv2a-jp-charmander\/\" \/>\n<meta property=\"og:locale\" content=\"en_US\" \/>\n<meta property=\"og:type\" content=\"article\" \/>\n<meta property=\"og:title\" content=\"2023 Pokemon SV2a JP Charmander - Collectin.eu\" \/>\n<meta property=\"og:description\" content=\"2023 m. japoni\u0161ka \u201ePok\u00e9mon Card 151\u201c (SV2a) Charmander korta yra Common rariteto Fire tipo Basic Pok\u00e9mon su 70 HP.\" \/>\n<meta property=\"og:url\" content=\"https:\/\/collectin.eu\/en\/product\/2023-pokemon-sv2a-jp-charmander\/\" \/>\n<meta property=\"og:site_name\" content=\"Collectin.eu\" \/>\n<meta property=\"article:modified_time\" content=\"2026-04-08T10:29:05+00:00\" \/>\n<meta property=\"og:image\" content=\"http:\/\/collectin.eu\/wp-content\/uploads\/2025\/11\/Untitled-design-2025-11-16T152115.744.png\" \/>\n\t<meta property=\"og:image:width\" content=\"1080\" \/>\n\t<meta property=\"og:image:height\" content=\"1080\" \/>\n\t<meta property=\"og:image:type\" content=\"image\/png\" \/>\n<meta name=\"twitter:card\" content=\"summary_large_image\" \/>\n<meta name=\"twitter:label1\" content=\"Est. reading time\" \/>\n\t<meta name=\"twitter:data1\" content=\"1 minute\" \/>\n<script type=\"application\/ld+json\" class=\"yoast-schema-graph\">{\"@context\":\"https:\/\/schema.org\",\"@graph\":[{\"@type\":\"WebPage\",\"@id\":\"https:\/\/collectin.eu\/produktas\/2023-pokemon-sv2a-jp-charmander\/\",\"url\":\"https:\/\/collectin.eu\/produktas\/2023-pokemon-sv2a-jp-charmander\/\",\"name\":\"2023 Pokemon SV2a JP Charmander - Collectin.eu\",\"isPartOf\":{\"@id\":\"https:\/\/collectin.eu\/#website\"},\"primaryImageOfPage\":{\"@id\":\"https:\/\/collectin.eu\/produktas\/2023-pokemon-sv2a-jp-charmander\/#primaryimage\"},\"image\":{\"@id\":\"https:\/\/collectin.eu\/produktas\/2023-pokemon-sv2a-jp-charmander\/#primaryimage\"},\"thumbnailUrl\":\"https:\/\/collectin.eu\/wp-content\/uploads\/2025\/11\/Untitled-design-2025-11-16T152115.744.png\",\"datePublished\":\"2025-11-16T13:22:23+00:00\",\"dateModified\":\"2026-04-08T10:29:05+00:00\",\"description\":\"2023 m. japoni\u0161ka \u201ePok\u00e9mon Card 151\u201c (SV2a) Charmander korta yra Common rariteto Fire tipo Basic Pok\u00e9mon su 70 HP.\",\"breadcrumb\":{\"@id\":\"https:\/\/collectin.eu\/produktas\/2023-pokemon-sv2a-jp-charmander\/#breadcrumb\"},\"inLanguage\":\"en-US\",\"potentialAction\":[{\"@type\":\"ReadAction\",\"target\":[\"https:\/\/collectin.eu\/produktas\/2023-pokemon-sv2a-jp-charmander\/\"]}]},{\"@type\":\"ImageObject\",\"inLanguage\":\"en-US\",\"@id\":\"https:\/\/collectin.eu\/produktas\/2023-pokemon-sv2a-jp-charmander\/#primaryimage\",\"url\":\"https:\/\/collectin.eu\/wp-content\/uploads\/2025\/11\/Untitled-design-2025-11-16T152115.744.png\",\"contentUrl\":\"https:\/\/collectin.eu\/wp-content\/uploads\/2025\/11\/Untitled-design-2025-11-16T152115.744.png\",\"width\":1080,\"height\":1080},{\"@type\":\"BreadcrumbList\",\"@id\":\"https:\/\/collectin.eu\/produktas\/2023-pokemon-sv2a-jp-charmander\/#breadcrumb\",\"itemListElement\":[{\"@type\":\"ListItem\",\"position\":1,\"name\":\"Home\",\"item\":\"https:\/\/collectin.eu\/\"},{\"@type\":\"ListItem\",\"position\":2,\"name\":\"Parduotuv\u0117\",\"item\":\"https:\/\/collectin.eu\/parduotuve\/\"},{\"@type\":\"ListItem\",\"position\":3,\"name\":\"2023 Pokemon SV2a JP Charmander\"}]},{\"@type\":\"WebSite\",\"@id\":\"https:\/\/collectin.eu\/#website\",\"url\":\"https:\/\/collectin.eu\/\",\"name\":\"Collectin.eu\",\"description\":\"\",\"potentialAction\":[{\"@type\":\"SearchAction\",\"target\":{\"@type\":\"EntryPoint\",\"urlTemplate\":\"https:\/\/collectin.eu\/?s={search_term_string}\"},\"query-input\":{\"@type\":\"PropertyValueSpecification\",\"valueRequired\":true,\"valueName\":\"search_term_string\"}}],\"inLanguage\":\"en-US\"}]}<\/script>\n<!-- \/ Yoast SEO plugin. -->","yoast_head_json":{"title":"2023 Pokemon SV2a JP Charmander - Collectin.eu","description":"2023 m. japoni\u0161ka \u201ePok\u00e9mon Card 151\u201c (SV2a) Charmander korta yra Common rariteto Fire tipo Basic Pok\u00e9mon su 70 HP.","robots":{"index":"index","follow":"follow","max-snippet":"max-snippet:-1","max-image-preview":"max-image-preview:large","max-video-preview":"max-video-preview:-1"},"canonical":"https:\/\/collectin.eu\/en\/product\/2023-pokemon-sv2a-jp-charmander\/","og_locale":"en_US","og_type":"article","og_title":"2023 Pokemon SV2a JP Charmander - Collectin.eu","og_description":"2023 m. japoni\u0161ka \u201ePok\u00e9mon Card 151\u201c (SV2a) Charmander korta yra Common rariteto Fire tipo Basic Pok\u00e9mon su 70 HP.","og_url":"https:\/\/collectin.eu\/en\/product\/2023-pokemon-sv2a-jp-charmander\/","og_site_name":"Collectin.eu","article_modified_time":"2026-04-08T10:29:05+00:00","og_image":[{"width":1080,"height":1080,"url":"http:\/\/collectin.eu\/wp-content\/uploads\/2025\/11\/Untitled-design-2025-11-16T152115.744.png","type":"image\/png"}],"twitter_card":"summary_large_image","twitter_misc":{"Est. reading time":"1 minute"},"schema":{"@context":"https:\/\/schema.org","@graph":[{"@type":"WebPage","@id":"https:\/\/collectin.eu\/produktas\/2023-pokemon-sv2a-jp-charmander\/","url":"https:\/\/collectin.eu\/produktas\/2023-pokemon-sv2a-jp-charmander\/","name":"2023 Pokemon SV2a JP Charmander - Collectin.eu","isPartOf":{"@id":"https:\/\/collectin.eu\/#website"},"primaryImageOfPage":{"@id":"https:\/\/collectin.eu\/produktas\/2023-pokemon-sv2a-jp-charmander\/#primaryimage"},"image":{"@id":"https:\/\/collectin.eu\/produktas\/2023-pokemon-sv2a-jp-charmander\/#primaryimage"},"thumbnailUrl":"https:\/\/collectin.eu\/wp-content\/uploads\/2025\/11\/Untitled-design-2025-11-16T152115.744.png","datePublished":"2025-11-16T13:22:23+00:00","dateModified":"2026-04-08T10:29:05+00:00","description":"2023 m. japoni\u0161ka \u201ePok\u00e9mon Card 151\u201c (SV2a) Charmander korta yra Common rariteto Fire tipo Basic Pok\u00e9mon su 70 HP.","breadcrumb":{"@id":"https:\/\/collectin.eu\/produktas\/2023-pokemon-sv2a-jp-charmander\/#breadcrumb"},"inLanguage":"en-US","potentialAction":[{"@type":"ReadAction","target":["https:\/\/collectin.eu\/produktas\/2023-pokemon-sv2a-jp-charmander\/"]}]},{"@type":"ImageObject","inLanguage":"en-US","@id":"https:\/\/collectin.eu\/produktas\/2023-pokemon-sv2a-jp-charmander\/#primaryimage","url":"https:\/\/collectin.eu\/wp-content\/uploads\/2025\/11\/Untitled-design-2025-11-16T152115.744.png","contentUrl":"https:\/\/collectin.eu\/wp-content\/uploads\/2025\/11\/Untitled-design-2025-11-16T152115.744.png","width":1080,"height":1080},{"@type":"BreadcrumbList","@id":"https:\/\/collectin.eu\/produktas\/2023-pokemon-sv2a-jp-charmander\/#breadcrumb","itemListElement":[{"@type":"ListItem","position":1,"name":"Home","item":"https:\/\/collectin.eu\/"},{"@type":"ListItem","position":2,"name":"Parduotuv\u0117","item":"https:\/\/collectin.eu\/parduotuve\/"},{"@type":"ListItem","position":3,"name":"2023 Pokemon SV2a JP Charmander"}]},{"@type":"WebSite","@id":"https:\/\/collectin.eu\/#website","url":"https:\/\/collectin.eu\/","name":"Collectin.eu","description":"","potentialAction":[{"@type":"SearchAction","target":{"@type":"EntryPoint","urlTemplate":"https:\/\/collectin.eu\/?s={search_term_string}"},"query-input":{"@type":"PropertyValueSpecification","valueRequired":true,"valueName":"search_term_string"}}],"inLanguage":"en-US"}]}},"jetpack_sharing_enabled":true,"_links":{"self":[{"href":"https:\/\/collectin.eu\/en\/wp-json\/wp\/v2\/product\/38091","targetHints":{"allow":["GET"]}}],"collection":[{"href":"https:\/\/collectin.eu\/en\/wp-json\/wp\/v2\/product"}],"about":[{"href":"https:\/\/collectin.eu\/en\/wp-json\/wp\/v2\/types\/product"}],"replies":[{"embeddable":true,"href":"https:\/\/collectin.eu\/en\/wp-json\/wp\/v2\/comments?post=38091"}],"version-history":[{"count":3,"href":"https:\/\/collectin.eu\/en\/wp-json\/wp\/v2\/product\/38091\/revisions"}],"predecessor-version":[{"id":40247,"href":"https:\/\/collectin.eu\/en\/wp-json\/wp\/v2\/product\/38091\/revisions\/40247"}],"wp:featuredmedia":[{"embeddable":true,"href":"https:\/\/collectin.eu\/en\/wp-json\/wp\/v2\/media\/38092"}],"wp:attachment":[{"href":"https:\/\/collectin.eu\/en\/wp-json\/wp\/v2\/media?parent=38091"}],"wp:term":[{"taxonomy":"product_brand","embeddable":true,"href":"https:\/\/collectin.eu\/en\/wp-json\/wp\/v2\/product_brand?post=38091"},{"taxonomy":"product_cat","embeddable":true,"href":"https:\/\/collectin.eu\/en\/wp-json\/wp\/v2\/product_cat?post=38091"},{"taxonomy":"product_tag","embeddable":true,"href":"https:\/\/collectin.eu\/en\/wp-json\/wp\/v2\/product_tag?post=38091"}],"curies":[{"name":"wp","href":"https:\/\/api.w.org\/{rel}","templated":true}]}}