{"id":38247,"date":"2025-12-03T16:07:10","date_gmt":"2025-12-03T16:07:10","guid":{"rendered":"https:\/\/collectin.eu\/?post_type=product&#038;p=38247"},"modified":"2026-04-14T18:19:35","modified_gmt":"2026-04-14T18:19:35","slug":"lego-40422-frankenstein","status":"publish","type":"product","link":"https:\/\/collectin.eu\/en\/product\/lego-40422-frankenstein\/","title":{"rendered":"LEGO\u00ae 40422 Frankenstein"},"content":{"rendered":"<p>LEGO\u00ae BrickHeadz\u2122 Franken\u0161teinas (40422) yra smagi \u017eymiojo literat\u016bros persona\u017eo versija. \u0160i LEGO BrickHeadz kolekcijos fig\u016br\u0117l\u0117 turi nuosav\u0105 persona\u017eo ID ir tvirt\u0105 pagrindo plok\u0161tel\u0119 patogiam demonstravimui atskirai arba drauge su kitais BrickHeadz modeliais. Tai puiki dovana vaikams, BrickHeadz kolekcionieriams ir Franken\u0161teino gerb\u0117jams!<\/p>\n<ul>\n<li>\u0160is kolekcinis konstravimo rinkinys suteikia vaikams galimyb\u0119 konstruoti smag\u0173 vieno \u012f\u017eymiausi\u0173 siaubo \u017eanro persona\u017e\u0173 LEGO\u00ae BrickHeadz\u2122 model\u012f: Franken\u0161teino pabais\u0105.<\/li>\n<li>Puiki dovana LEGO\u00ae kalad\u0117li\u0173 ir smagi\u0173 pabais\u0173 gerb\u0117jams. \u0160is rinkinys yra pagal am\u017ei\u0173 tinkama konstravimo ir \u017eaidimo pramoga vaikams nuo 10 met\u0173.<\/li>\n<li>Pastatykite greta kit\u0173 LEGO\u00ae BrickHeadz\u2122 modeli\u0173, kad surinktum\u0117te \u012fsp\u016bding\u0105 kolekcij\u0105.<\/li>\n<li>\u0160is 9 cm auk\u0161\u010dio ir 108 dali\u0173 konstruojamas \u017eaislas suteiks vaikams beproti\u0161k\u0105 pramog\u0105 bet kuriuo met\u0173 laiku.LEGO\u00ae 40422 Franken\u0161teinas \u2013 tai i\u0161 BrickHeadz serijos kil\u0119s kolekcinis rinkinys, atkuriantis klasikin\u012f siaubo literat\u016bros ir kino monstr\u0105 i\u0161skirtiniu LEGO kubeli\u0173 stiliumi. \u0160iame rinkinyje vaizduojamas Franken\u0161teino k\u016brinys su visomis b\u016bdingomis detal\u0117mis: masyvia galva, ry\u0161kiomis veido linijomis, giliai \u012fstatytomis akimis, tamsiais plaukais ir ikonine juoda striuke.<\/li>\n<\/ul>","protected":false},"excerpt":{"rendered":"<p>LEGO\u00ae BrickHeadz\u2122 Franken\u0161teinas (40422) yra smagi \u017eymiojo literat\u016bros persona\u017eo versija. \u0160i LEGO BrickHeadz kolekcijos fig\u016br\u0117l\u0117 turi nuosav\u0105 persona\u017eo ID ir<\/p>","protected":false},"featured_media":38250,"comment_status":"open","ping_status":"closed","template":"","meta":[],"product_brand":[423],"product_cat":[583,677,406,432],"product_tag":[],"class_list":{"0":"post-38247","1":"product","2":"type-product","3":"status-publish","4":"has-post-thumbnail","6":"product_brand-lego","7":"product_cat-akcijos","8":"product_cat-lego-konstruktoriai","9":"product_cat-lego","10":"product_cat-lego-brickheadz","12":"first","13":"instock","14":"sale","15":"taxable","16":"shipping-taxable","17":"purchasable","18":"product-type-simple"},"yoast_head":"<!-- This site is optimized with the Yoast SEO plugin v25.9 - https:\/\/yoast.com\/wordpress\/plugins\/seo\/ -->\n<title>LEGO\u00ae 40422 Frankenstein - Collectin.eu<\/title>\n<meta name=\"description\" content=\"LEGO\u00ae 40422 Franken\u0161teinas \u2013 tai i\u0161 BrickHeadz serijos kil\u0119s kolekcinis rinkinys, atkuriantis klasikin\u012f siaubo literat\u016bros ir kino monstr\u0105 i\u0161skirtiniu LEGO kubeli\u0173 stiliumi.\" \/>\n<meta name=\"robots\" content=\"index, follow, max-snippet:-1, max-image-preview:large, max-video-preview:-1\" \/>\n<link rel=\"canonical\" href=\"https:\/\/collectin.eu\/en\/product\/lego-40422-frankenstein\/\" \/>\n<meta property=\"og:locale\" content=\"en_US\" \/>\n<meta property=\"og:type\" content=\"article\" \/>\n<meta property=\"og:title\" content=\"LEGO\u00ae 40422 Frankenstein - Collectin.eu\" \/>\n<meta property=\"og:description\" content=\"LEGO\u00ae 40422 Franken\u0161teinas \u2013 tai i\u0161 BrickHeadz serijos kil\u0119s kolekcinis rinkinys, atkuriantis klasikin\u012f siaubo literat\u016bros ir kino monstr\u0105 i\u0161skirtiniu LEGO kubeli\u0173 stiliumi.\" \/>\n<meta property=\"og:url\" content=\"https:\/\/collectin.eu\/en\/product\/lego-40422-frankenstein\/\" \/>\n<meta property=\"og:site_name\" content=\"Collectin.eu\" \/>\n<meta property=\"article:modified_time\" content=\"2026-04-14T18:19:35+00:00\" \/>\n<meta property=\"og:image\" content=\"http:\/\/collectin.eu\/wp-content\/uploads\/2025\/12\/Untitled-design-2025-12-03T180637.549.png\" \/>\n\t<meta property=\"og:image:width\" content=\"1080\" \/>\n\t<meta property=\"og:image:height\" content=\"1080\" \/>\n\t<meta property=\"og:image:type\" content=\"image\/png\" \/>\n<meta name=\"twitter:card\" content=\"summary_large_image\" \/>\n<meta name=\"twitter:label1\" content=\"Est. reading time\" \/>\n\t<meta name=\"twitter:data1\" content=\"2 minutes\" \/>\n<script type=\"application\/ld+json\" class=\"yoast-schema-graph\">{\"@context\":\"https:\/\/schema.org\",\"@graph\":[{\"@type\":\"WebPage\",\"@id\":\"https:\/\/collectin.eu\/produktas\/lego-40422-frankenstein\/\",\"url\":\"https:\/\/collectin.eu\/produktas\/lego-40422-frankenstein\/\",\"name\":\"LEGO\u00ae 40422 Frankenstein - Collectin.eu\",\"isPartOf\":{\"@id\":\"https:\/\/collectin.eu\/#website\"},\"primaryImageOfPage\":{\"@id\":\"https:\/\/collectin.eu\/produktas\/lego-40422-frankenstein\/#primaryimage\"},\"image\":{\"@id\":\"https:\/\/collectin.eu\/produktas\/lego-40422-frankenstein\/#primaryimage\"},\"thumbnailUrl\":\"https:\/\/collectin.eu\/wp-content\/uploads\/2025\/12\/Untitled-design-2025-12-03T180637.549.png\",\"datePublished\":\"2025-12-03T16:07:10+00:00\",\"dateModified\":\"2026-04-14T18:19:35+00:00\",\"description\":\"LEGO\u00ae 40422 Franken\u0161teinas \u2013 tai i\u0161 BrickHeadz serijos kil\u0119s kolekcinis rinkinys, atkuriantis klasikin\u012f siaubo literat\u016bros ir kino monstr\u0105 i\u0161skirtiniu LEGO kubeli\u0173 stiliumi.\",\"breadcrumb\":{\"@id\":\"https:\/\/collectin.eu\/produktas\/lego-40422-frankenstein\/#breadcrumb\"},\"inLanguage\":\"en-US\",\"potentialAction\":[{\"@type\":\"ReadAction\",\"target\":[\"https:\/\/collectin.eu\/produktas\/lego-40422-frankenstein\/\"]}]},{\"@type\":\"ImageObject\",\"inLanguage\":\"en-US\",\"@id\":\"https:\/\/collectin.eu\/produktas\/lego-40422-frankenstein\/#primaryimage\",\"url\":\"https:\/\/collectin.eu\/wp-content\/uploads\/2025\/12\/Untitled-design-2025-12-03T180637.549.png\",\"contentUrl\":\"https:\/\/collectin.eu\/wp-content\/uploads\/2025\/12\/Untitled-design-2025-12-03T180637.549.png\",\"width\":1080,\"height\":1080},{\"@type\":\"BreadcrumbList\",\"@id\":\"https:\/\/collectin.eu\/produktas\/lego-40422-frankenstein\/#breadcrumb\",\"itemListElement\":[{\"@type\":\"ListItem\",\"position\":1,\"name\":\"Home\",\"item\":\"https:\/\/collectin.eu\/\"},{\"@type\":\"ListItem\",\"position\":2,\"name\":\"Parduotuv\u0117\",\"item\":\"https:\/\/collectin.eu\/parduotuve\/\"},{\"@type\":\"ListItem\",\"position\":3,\"name\":\"LEGO\u00ae 40422 Frankenstein\"}]},{\"@type\":\"WebSite\",\"@id\":\"https:\/\/collectin.eu\/#website\",\"url\":\"https:\/\/collectin.eu\/\",\"name\":\"Collectin.eu\",\"description\":\"\",\"potentialAction\":[{\"@type\":\"SearchAction\",\"target\":{\"@type\":\"EntryPoint\",\"urlTemplate\":\"https:\/\/collectin.eu\/?s={search_term_string}\"},\"query-input\":{\"@type\":\"PropertyValueSpecification\",\"valueRequired\":true,\"valueName\":\"search_term_string\"}}],\"inLanguage\":\"en-US\"}]}<\/script>\n<!-- \/ Yoast SEO plugin. -->","yoast_head_json":{"title":"LEGO\u00ae 40422 Frankenstein - Collectin.eu","description":"LEGO\u00ae 40422 Franken\u0161teinas \u2013 tai i\u0161 BrickHeadz serijos kil\u0119s kolekcinis rinkinys, atkuriantis klasikin\u012f siaubo literat\u016bros ir kino monstr\u0105 i\u0161skirtiniu LEGO kubeli\u0173 stiliumi.","robots":{"index":"index","follow":"follow","max-snippet":"max-snippet:-1","max-image-preview":"max-image-preview:large","max-video-preview":"max-video-preview:-1"},"canonical":"https:\/\/collectin.eu\/en\/product\/lego-40422-frankenstein\/","og_locale":"en_US","og_type":"article","og_title":"LEGO\u00ae 40422 Frankenstein - Collectin.eu","og_description":"LEGO\u00ae 40422 Franken\u0161teinas \u2013 tai i\u0161 BrickHeadz serijos kil\u0119s kolekcinis rinkinys, atkuriantis klasikin\u012f siaubo literat\u016bros ir kino monstr\u0105 i\u0161skirtiniu LEGO kubeli\u0173 stiliumi.","og_url":"https:\/\/collectin.eu\/en\/product\/lego-40422-frankenstein\/","og_site_name":"Collectin.eu","article_modified_time":"2026-04-14T18:19:35+00:00","og_image":[{"width":1080,"height":1080,"url":"http:\/\/collectin.eu\/wp-content\/uploads\/2025\/12\/Untitled-design-2025-12-03T180637.549.png","type":"image\/png"}],"twitter_card":"summary_large_image","twitter_misc":{"Est. reading time":"2 minutes"},"schema":{"@context":"https:\/\/schema.org","@graph":[{"@type":"WebPage","@id":"https:\/\/collectin.eu\/produktas\/lego-40422-frankenstein\/","url":"https:\/\/collectin.eu\/produktas\/lego-40422-frankenstein\/","name":"LEGO\u00ae 40422 Frankenstein - Collectin.eu","isPartOf":{"@id":"https:\/\/collectin.eu\/#website"},"primaryImageOfPage":{"@id":"https:\/\/collectin.eu\/produktas\/lego-40422-frankenstein\/#primaryimage"},"image":{"@id":"https:\/\/collectin.eu\/produktas\/lego-40422-frankenstein\/#primaryimage"},"thumbnailUrl":"https:\/\/collectin.eu\/wp-content\/uploads\/2025\/12\/Untitled-design-2025-12-03T180637.549.png","datePublished":"2025-12-03T16:07:10+00:00","dateModified":"2026-04-14T18:19:35+00:00","description":"LEGO\u00ae 40422 Franken\u0161teinas \u2013 tai i\u0161 BrickHeadz serijos kil\u0119s kolekcinis rinkinys, atkuriantis klasikin\u012f siaubo literat\u016bros ir kino monstr\u0105 i\u0161skirtiniu LEGO kubeli\u0173 stiliumi.","breadcrumb":{"@id":"https:\/\/collectin.eu\/produktas\/lego-40422-frankenstein\/#breadcrumb"},"inLanguage":"en-US","potentialAction":[{"@type":"ReadAction","target":["https:\/\/collectin.eu\/produktas\/lego-40422-frankenstein\/"]}]},{"@type":"ImageObject","inLanguage":"en-US","@id":"https:\/\/collectin.eu\/produktas\/lego-40422-frankenstein\/#primaryimage","url":"https:\/\/collectin.eu\/wp-content\/uploads\/2025\/12\/Untitled-design-2025-12-03T180637.549.png","contentUrl":"https:\/\/collectin.eu\/wp-content\/uploads\/2025\/12\/Untitled-design-2025-12-03T180637.549.png","width":1080,"height":1080},{"@type":"BreadcrumbList","@id":"https:\/\/collectin.eu\/produktas\/lego-40422-frankenstein\/#breadcrumb","itemListElement":[{"@type":"ListItem","position":1,"name":"Home","item":"https:\/\/collectin.eu\/"},{"@type":"ListItem","position":2,"name":"Parduotuv\u0117","item":"https:\/\/collectin.eu\/parduotuve\/"},{"@type":"ListItem","position":3,"name":"LEGO\u00ae 40422 Frankenstein"}]},{"@type":"WebSite","@id":"https:\/\/collectin.eu\/#website","url":"https:\/\/collectin.eu\/","name":"Collectin.eu","description":"","potentialAction":[{"@type":"SearchAction","target":{"@type":"EntryPoint","urlTemplate":"https:\/\/collectin.eu\/?s={search_term_string}"},"query-input":{"@type":"PropertyValueSpecification","valueRequired":true,"valueName":"search_term_string"}}],"inLanguage":"en-US"}]}},"jetpack_sharing_enabled":true,"_links":{"self":[{"href":"https:\/\/collectin.eu\/en\/wp-json\/wp\/v2\/product\/38247","targetHints":{"allow":["GET"]}}],"collection":[{"href":"https:\/\/collectin.eu\/en\/wp-json\/wp\/v2\/product"}],"about":[{"href":"https:\/\/collectin.eu\/en\/wp-json\/wp\/v2\/types\/product"}],"replies":[{"embeddable":true,"href":"https:\/\/collectin.eu\/en\/wp-json\/wp\/v2\/comments?post=38247"}],"version-history":[{"count":4,"href":"https:\/\/collectin.eu\/en\/wp-json\/wp\/v2\/product\/38247\/revisions"}],"predecessor-version":[{"id":40298,"href":"https:\/\/collectin.eu\/en\/wp-json\/wp\/v2\/product\/38247\/revisions\/40298"}],"wp:featuredmedia":[{"embeddable":true,"href":"https:\/\/collectin.eu\/en\/wp-json\/wp\/v2\/media\/38250"}],"wp:attachment":[{"href":"https:\/\/collectin.eu\/en\/wp-json\/wp\/v2\/media?parent=38247"}],"wp:term":[{"taxonomy":"product_brand","embeddable":true,"href":"https:\/\/collectin.eu\/en\/wp-json\/wp\/v2\/product_brand?post=38247"},{"taxonomy":"product_cat","embeddable":true,"href":"https:\/\/collectin.eu\/en\/wp-json\/wp\/v2\/product_cat?post=38247"},{"taxonomy":"product_tag","embeddable":true,"href":"https:\/\/collectin.eu\/en\/wp-json\/wp\/v2\/product_tag?post=38247"}],"curies":[{"name":"wp","href":"https:\/\/api.w.org\/{rel}","templated":true}]}}