{"id":38254,"date":"2025-12-03T17:42:40","date_gmt":"2025-12-03T17:42:40","guid":{"rendered":"https:\/\/collectin.eu\/?post_type=product&#038;p=38254"},"modified":"2026-04-08T10:25:52","modified_gmt":"2026-04-08T10:25:52","slug":"lego-76426-hogwarts-castle-boathouse","status":"publish","type":"product","link":"https:\/\/collectin.eu\/en\/product\/lego-76426-hogwarts-castle-boathouse\/","title":{"rendered":"LEGO\u00ae 76426 Hogwarts Castle Boathouse"},"content":{"rendered":"<p>Su \u0161iuo fantastiniu konstravimo rinkiniu vaikams atkurkite neu\u017emir\u0161tam\u0105 filmo Haris Poteris ir I\u0161minties akmuo scen\u0105, kurioje Haris Poteris ir jo draugai atvyksta \u012f Hogvartso pilies val\u010di\u0173 prieplauk\u0105 (76426). Jame yra 2 konstruojamos valtys, kuriose telpa po 2 minifig\u016br\u0117les, ir val\u010di\u0173 prieplauka su erdve valtims pri\u0161vartuoti, sl\u0117ptuve Nevilio Nev\u0117k\u0161los rup\u016b\u017eiui Trevorui ir 1 i\u0161 14 kolekcini\u0173 Hogvartso portret\u0173.<\/p>\n<p>Smagus ir \u012ftraukiantis \u017eaidimo rinkinys, geriausia burtinink\u0173 pasaulio dovanos id\u0117ja vaikams nuo 8 met\u0173, apima 7 \u201eLEGO\u00ae Harry Potter\u201c veik\u0117jus, \u012fskaitant profesor\u0117s Makgonagal minifig\u016br\u0117l\u0119 su specialiu papuo\u0161imu ant rankos, smagiems \u017eaidimams vaidmenimis. Tai pirmasis rinkinys i\u0161 b\u016bsimos modulini\u0173 rinkini\u0173 serijos, skirtos detaliausiai iki \u0161iol LEGO Hogvartso pilies scenai sukurti.<\/p>\n<p>Su program\u0117le \u201eLEGO Builder\u201c jaunieji k\u016br\u0117jai patirs lengvai perprantamo konstravimo nuotyk\u012f, kurio metu gal\u0117s priartinti ir sukioti trima\u010dius modelius, i\u0161saugoti rinkinius bei steb\u0117ti savo pa\u017eang\u0105.<\/p>\n<ul>\n<li>Fantastinis \u017eaidimo rinkinys konstruojamiems nuotykiams \u2013 suteikite vaikams galimyb\u0119 atkurti legendin\u0119 scen\u0105 i\u0161 filmo Haris Poteris ir I\u0161minties akmuo, kurioje Haris Poteris ir jo draugai atvyksta \u012f Hogvartso pilies val\u010di\u0173 prieplauk\u0105<\/li>\n<li>7 \u201eLEGO\u00ae Harry Potter\u2122\u201c veik\u0117jai \u2013 Hario Poterio, Nevilio Nev\u0117k\u0161los, Dino Tomo, Hermionos \u012ekyr\u0117l\u0117s bei profesor\u0117s Makgonagal minifig\u016br\u0117l\u0117s ir pel\u0117dos Hedvigos bei rup\u016b\u017eiaus Trevoro fig\u016br\u0117l\u0117s<\/li>\n<li>Viduram\u017ei\u0173 pilies val\u010di\u0173 prieplauka su 2 \u017eaislin\u0117mis valtimis \u2013 val\u010di\u0173 prieplaukoje yra vieta valtims pri\u0161vartuoti, v\u0117jarodis ir sl\u0117ptuv\u0117 Trevorui, o kiekviena valtis turi konstruojam\u0105 \u017eibint\u0105 ir vietos 2 minifig\u016br\u0117l\u0117ms<\/li>\n<li>1 i\u0161 14 kolekcini\u0173 Hogvartso portret\u0173 \u2013 vaikams skirtame konstravimo rinkinyje yra aukso spalvos elementas, ant kurio atspausdintas 1 atsitiktinai parinktas Hogvartso portretas (viso yra 14), skirtas pilies val\u010di\u0173 prieplaukai papuo\u0161ti<\/li>\n<\/ul>","protected":false},"excerpt":{"rendered":"<p>Su \u0161iuo fantastiniu konstravimo rinkiniu vaikams atkurkite neu\u017emir\u0161tam\u0105 filmo Haris Poteris ir I\u0161minties akmuo scen\u0105, kurioje Haris Poteris ir jo<\/p>","protected":false},"featured_media":38589,"comment_status":"open","ping_status":"closed","template":"","meta":[],"product_brand":[423],"product_cat":[677,406,438],"product_tag":[],"class_list":{"0":"post-38254","1":"product","2":"type-product","3":"status-publish","4":"has-post-thumbnail","6":"product_brand-lego","7":"product_cat-lego-konstruktoriai","8":"product_cat-lego","9":"product_cat-lego-harry-potter","11":"first","12":"instock","13":"taxable","14":"shipping-taxable","15":"purchasable","16":"product-type-simple"},"yoast_head":"<!-- This site is optimized with the Yoast SEO plugin v25.9 - https:\/\/yoast.com\/wordpress\/plugins\/seo\/ -->\n<title>LEGO\u00ae 76426 Hogwarts Castle Boathouse - Collectin.eu<\/title>\n<meta name=\"description\" content=\"Su \u0161iuo fantastiniu konstravimo rinkiniu vaikams atkurkite neu\u017emir\u0161tam\u0105 filmo Haris Poteris ir I\u0161minties akmuo scen\u0105.\" \/>\n<meta name=\"robots\" content=\"index, follow, max-snippet:-1, max-image-preview:large, max-video-preview:-1\" \/>\n<link rel=\"canonical\" href=\"https:\/\/collectin.eu\/en\/product\/lego-76426-hogwarts-castle-boathouse\/\" \/>\n<meta property=\"og:locale\" content=\"en_US\" \/>\n<meta property=\"og:type\" content=\"article\" \/>\n<meta property=\"og:title\" content=\"LEGO\u00ae 76426 Hogwarts Castle Boathouse - Collectin.eu\" \/>\n<meta property=\"og:description\" content=\"Su \u0161iuo fantastiniu konstravimo rinkiniu vaikams atkurkite neu\u017emir\u0161tam\u0105 filmo Haris Poteris ir I\u0161minties akmuo scen\u0105.\" \/>\n<meta property=\"og:url\" content=\"https:\/\/collectin.eu\/en\/product\/lego-76426-hogwarts-castle-boathouse\/\" \/>\n<meta property=\"og:site_name\" content=\"Collectin.eu\" \/>\n<meta property=\"article:modified_time\" content=\"2026-04-08T10:25:52+00:00\" \/>\n<meta property=\"og:image\" content=\"http:\/\/collectin.eu\/wp-content\/uploads\/2025\/12\/Untitled-design-53.png\" \/>\n\t<meta property=\"og:image:width\" content=\"1080\" \/>\n\t<meta property=\"og:image:height\" content=\"1080\" \/>\n\t<meta property=\"og:image:type\" content=\"image\/png\" \/>\n<meta name=\"twitter:card\" content=\"summary_large_image\" \/>\n<meta name=\"twitter:label1\" content=\"Est. reading time\" \/>\n\t<meta name=\"twitter:data1\" content=\"2 minutes\" \/>\n<script type=\"application\/ld+json\" class=\"yoast-schema-graph\">{\"@context\":\"https:\/\/schema.org\",\"@graph\":[{\"@type\":\"WebPage\",\"@id\":\"https:\/\/collectin.eu\/produktas\/lego-76426-hogwarts-castle-boathouse\/\",\"url\":\"https:\/\/collectin.eu\/produktas\/lego-76426-hogwarts-castle-boathouse\/\",\"name\":\"LEGO\u00ae 76426 Hogwarts Castle Boathouse - Collectin.eu\",\"isPartOf\":{\"@id\":\"https:\/\/collectin.eu\/#website\"},\"primaryImageOfPage\":{\"@id\":\"https:\/\/collectin.eu\/produktas\/lego-76426-hogwarts-castle-boathouse\/#primaryimage\"},\"image\":{\"@id\":\"https:\/\/collectin.eu\/produktas\/lego-76426-hogwarts-castle-boathouse\/#primaryimage\"},\"thumbnailUrl\":\"https:\/\/collectin.eu\/wp-content\/uploads\/2025\/12\/Untitled-design-53.png\",\"datePublished\":\"2025-12-03T17:42:40+00:00\",\"dateModified\":\"2026-04-08T10:25:52+00:00\",\"description\":\"Su \u0161iuo fantastiniu konstravimo rinkiniu vaikams atkurkite neu\u017emir\u0161tam\u0105 filmo Haris Poteris ir I\u0161minties akmuo scen\u0105.\",\"breadcrumb\":{\"@id\":\"https:\/\/collectin.eu\/produktas\/lego-76426-hogwarts-castle-boathouse\/#breadcrumb\"},\"inLanguage\":\"en-US\",\"potentialAction\":[{\"@type\":\"ReadAction\",\"target\":[\"https:\/\/collectin.eu\/produktas\/lego-76426-hogwarts-castle-boathouse\/\"]}]},{\"@type\":\"ImageObject\",\"inLanguage\":\"en-US\",\"@id\":\"https:\/\/collectin.eu\/produktas\/lego-76426-hogwarts-castle-boathouse\/#primaryimage\",\"url\":\"https:\/\/collectin.eu\/wp-content\/uploads\/2025\/12\/Untitled-design-53.png\",\"contentUrl\":\"https:\/\/collectin.eu\/wp-content\/uploads\/2025\/12\/Untitled-design-53.png\",\"width\":1080,\"height\":1080},{\"@type\":\"BreadcrumbList\",\"@id\":\"https:\/\/collectin.eu\/produktas\/lego-76426-hogwarts-castle-boathouse\/#breadcrumb\",\"itemListElement\":[{\"@type\":\"ListItem\",\"position\":1,\"name\":\"Home\",\"item\":\"https:\/\/collectin.eu\/\"},{\"@type\":\"ListItem\",\"position\":2,\"name\":\"Parduotuv\u0117\",\"item\":\"https:\/\/collectin.eu\/parduotuve\/\"},{\"@type\":\"ListItem\",\"position\":3,\"name\":\"LEGO\u00ae 76426 Hogwarts Castle Boathouse\"}]},{\"@type\":\"WebSite\",\"@id\":\"https:\/\/collectin.eu\/#website\",\"url\":\"https:\/\/collectin.eu\/\",\"name\":\"Collectin.eu\",\"description\":\"\",\"potentialAction\":[{\"@type\":\"SearchAction\",\"target\":{\"@type\":\"EntryPoint\",\"urlTemplate\":\"https:\/\/collectin.eu\/?s={search_term_string}\"},\"query-input\":{\"@type\":\"PropertyValueSpecification\",\"valueRequired\":true,\"valueName\":\"search_term_string\"}}],\"inLanguage\":\"en-US\"}]}<\/script>\n<!-- \/ Yoast SEO plugin. -->","yoast_head_json":{"title":"LEGO\u00ae 76426 Hogwarts Castle Boathouse - Collectin.eu","description":"Su \u0161iuo fantastiniu konstravimo rinkiniu vaikams atkurkite neu\u017emir\u0161tam\u0105 filmo Haris Poteris ir I\u0161minties akmuo scen\u0105.","robots":{"index":"index","follow":"follow","max-snippet":"max-snippet:-1","max-image-preview":"max-image-preview:large","max-video-preview":"max-video-preview:-1"},"canonical":"https:\/\/collectin.eu\/en\/product\/lego-76426-hogwarts-castle-boathouse\/","og_locale":"en_US","og_type":"article","og_title":"LEGO\u00ae 76426 Hogwarts Castle Boathouse - Collectin.eu","og_description":"Su \u0161iuo fantastiniu konstravimo rinkiniu vaikams atkurkite neu\u017emir\u0161tam\u0105 filmo Haris Poteris ir I\u0161minties akmuo scen\u0105.","og_url":"https:\/\/collectin.eu\/en\/product\/lego-76426-hogwarts-castle-boathouse\/","og_site_name":"Collectin.eu","article_modified_time":"2026-04-08T10:25:52+00:00","og_image":[{"width":1080,"height":1080,"url":"http:\/\/collectin.eu\/wp-content\/uploads\/2025\/12\/Untitled-design-53.png","type":"image\/png"}],"twitter_card":"summary_large_image","twitter_misc":{"Est. reading time":"2 minutes"},"schema":{"@context":"https:\/\/schema.org","@graph":[{"@type":"WebPage","@id":"https:\/\/collectin.eu\/produktas\/lego-76426-hogwarts-castle-boathouse\/","url":"https:\/\/collectin.eu\/produktas\/lego-76426-hogwarts-castle-boathouse\/","name":"LEGO\u00ae 76426 Hogwarts Castle Boathouse - Collectin.eu","isPartOf":{"@id":"https:\/\/collectin.eu\/#website"},"primaryImageOfPage":{"@id":"https:\/\/collectin.eu\/produktas\/lego-76426-hogwarts-castle-boathouse\/#primaryimage"},"image":{"@id":"https:\/\/collectin.eu\/produktas\/lego-76426-hogwarts-castle-boathouse\/#primaryimage"},"thumbnailUrl":"https:\/\/collectin.eu\/wp-content\/uploads\/2025\/12\/Untitled-design-53.png","datePublished":"2025-12-03T17:42:40+00:00","dateModified":"2026-04-08T10:25:52+00:00","description":"Su \u0161iuo fantastiniu konstravimo rinkiniu vaikams atkurkite neu\u017emir\u0161tam\u0105 filmo Haris Poteris ir I\u0161minties akmuo scen\u0105.","breadcrumb":{"@id":"https:\/\/collectin.eu\/produktas\/lego-76426-hogwarts-castle-boathouse\/#breadcrumb"},"inLanguage":"en-US","potentialAction":[{"@type":"ReadAction","target":["https:\/\/collectin.eu\/produktas\/lego-76426-hogwarts-castle-boathouse\/"]}]},{"@type":"ImageObject","inLanguage":"en-US","@id":"https:\/\/collectin.eu\/produktas\/lego-76426-hogwarts-castle-boathouse\/#primaryimage","url":"https:\/\/collectin.eu\/wp-content\/uploads\/2025\/12\/Untitled-design-53.png","contentUrl":"https:\/\/collectin.eu\/wp-content\/uploads\/2025\/12\/Untitled-design-53.png","width":1080,"height":1080},{"@type":"BreadcrumbList","@id":"https:\/\/collectin.eu\/produktas\/lego-76426-hogwarts-castle-boathouse\/#breadcrumb","itemListElement":[{"@type":"ListItem","position":1,"name":"Home","item":"https:\/\/collectin.eu\/"},{"@type":"ListItem","position":2,"name":"Parduotuv\u0117","item":"https:\/\/collectin.eu\/parduotuve\/"},{"@type":"ListItem","position":3,"name":"LEGO\u00ae 76426 Hogwarts Castle Boathouse"}]},{"@type":"WebSite","@id":"https:\/\/collectin.eu\/#website","url":"https:\/\/collectin.eu\/","name":"Collectin.eu","description":"","potentialAction":[{"@type":"SearchAction","target":{"@type":"EntryPoint","urlTemplate":"https:\/\/collectin.eu\/?s={search_term_string}"},"query-input":{"@type":"PropertyValueSpecification","valueRequired":true,"valueName":"search_term_string"}}],"inLanguage":"en-US"}]}},"jetpack_sharing_enabled":true,"_links":{"self":[{"href":"https:\/\/collectin.eu\/en\/wp-json\/wp\/v2\/product\/38254","targetHints":{"allow":["GET"]}}],"collection":[{"href":"https:\/\/collectin.eu\/en\/wp-json\/wp\/v2\/product"}],"about":[{"href":"https:\/\/collectin.eu\/en\/wp-json\/wp\/v2\/types\/product"}],"replies":[{"embeddable":true,"href":"https:\/\/collectin.eu\/en\/wp-json\/wp\/v2\/comments?post=38254"}],"version-history":[{"count":4,"href":"https:\/\/collectin.eu\/en\/wp-json\/wp\/v2\/product\/38254\/revisions"}],"predecessor-version":[{"id":40299,"href":"https:\/\/collectin.eu\/en\/wp-json\/wp\/v2\/product\/38254\/revisions\/40299"}],"wp:featuredmedia":[{"embeddable":true,"href":"https:\/\/collectin.eu\/en\/wp-json\/wp\/v2\/media\/38589"}],"wp:attachment":[{"href":"https:\/\/collectin.eu\/en\/wp-json\/wp\/v2\/media?parent=38254"}],"wp:term":[{"taxonomy":"product_brand","embeddable":true,"href":"https:\/\/collectin.eu\/en\/wp-json\/wp\/v2\/product_brand?post=38254"},{"taxonomy":"product_cat","embeddable":true,"href":"https:\/\/collectin.eu\/en\/wp-json\/wp\/v2\/product_cat?post=38254"},{"taxonomy":"product_tag","embeddable":true,"href":"https:\/\/collectin.eu\/en\/wp-json\/wp\/v2\/product_tag?post=38254"}],"curies":[{"name":"wp","href":"https:\/\/api.w.org\/{rel}","templated":true}]}}