{"id":38260,"date":"2025-12-03T17:49:59","date_gmt":"2025-12-03T17:49:59","guid":{"rendered":"https:\/\/collectin.eu\/?post_type=product&#038;p=38260"},"modified":"2026-04-08T10:25:52","modified_gmt":"2026-04-08T10:25:52","slug":"lego-76410-slytherin-house-banner","status":"publish","type":"product","link":"https:\/\/collectin.eu\/en\/product\/lego-76410-slytherin-house-banner\/","title":{"rendered":"LEGO\u00ae 76410 Slytherin House Banner"},"content":{"rendered":"<p>Harry Potter gerb\u0117jai gali i\u0161reik\u0161ti savo pasidid\u017eiavim\u0105 Klast\u016bnyno draugija su \u0161ia i\u0161 LEGO\u00ae kalad\u0117li\u0173 konstruojama nam\u0173 juosta (76410). Tai kasdien\u0117 dovana vaikams nuo 9 met\u0173, kurioje yra plytel\u0117 su spausdintu Klast\u016bnyno draugijos herbu ir pakabinamas elementas tvirtinti prie sienos. Be to, juosta atsidaro ir atveria kerin\u010di\u0105 Klast\u016bnyno draugijos bendrojo kambario reprodukcij\u0105 su konstruojama sofa, lempomis ir laiptais. Stumdoma i\u0161kilusi nugar\u0117l\u0117 sukuria \u012fsp\u016bdingus trima\u010dius judan\u010di\u0173 pabais\u0173 aki\u0173, u\u017esidegan\u010dios bei u\u017eg\u0119stan\u010dios \u0161viesos, spintoje pasirodan\u010dios slaptos \u017einut\u0117s ir kitus efektus.\u0160is ne\u0161iojamas \u017eaidimo rinkinys yra 1 i\u0161 4 Hogvartso kolekcini\u0173 nam\u0173 juost\u0173 rinkini\u0173. Jame yra Drako Smird\u017eiaus minifig\u016br\u0117l\u0117 bei nuo 2023 m. kovo m\u0117nesio pasirodysian\u010dios Pens\u0117s Parkinson ir Bleizo Zabinio minifig\u016br\u0117l\u0117s, taip pat Klast\u016bnyno draugijos medalionas, \u012fkv\u0117psiantis \u017eaidimui vaidmenimis..<\/p>\n<ul>\n<li>LEGO\u00ae Harry Potter Klast\u016bnyno draugijos juosta (76410). Vaikai gali i\u0161reik\u0161ti savo lojalum\u0105 Klast\u016bnyno draugijai sukonstruodami \u0161i\u0105 juost\u0105. Pakabinkite j\u0105 arba atverskite, kad gal\u0117tum\u0117te \u017eaisti detalizuotame bendrajame kambaryje<\/li>\n<li>3 Klast\u016bnyno draugijos persona\u017eai su priedais \u017eaidimui vaidmenimis \u2013 Drako Smird\u017eiaus, Pens\u0117s Parkinson ir Bleizo Zabinio fig\u016br\u0117l\u0117s, taip pat Klast\u016bnyno draugijos medaliono ir gyvat\u0117s elementai<\/li>\n<li>Autenti\u0161kos detal\u0117s. Ant juostos pavaizduotas Klast\u016bnyno draugijos herbas. J\u0105 atidarius atsiskleid\u017eia bendrasis kambarys, kuriame yra stalas, sofa, 2 lempos, laiptai ir spinta, kuri\u0105 prav\u0117rus pasirodo slapta \u017einut\u0117<\/li>\n<\/ul>","protected":false},"excerpt":{"rendered":"<p>Harry Potter gerb\u0117jai gali i\u0161reik\u0161ti savo pasidid\u017eiavim\u0105 Klast\u016bnyno draugija su \u0161ia i\u0161 LEGO\u00ae kalad\u0117li\u0173 konstruojama nam\u0173 juosta (76410). Tai kasdien\u0117<\/p>","protected":false},"featured_media":38590,"comment_status":"open","ping_status":"closed","template":"","meta":[],"product_brand":[423],"product_cat":[677,406,438],"product_tag":[],"class_list":{"0":"post-38260","1":"product","2":"type-product","3":"status-publish","4":"has-post-thumbnail","6":"product_brand-lego","7":"product_cat-lego-konstruktoriai","8":"product_cat-lego","9":"product_cat-lego-harry-potter","11":"first","12":"instock","13":"taxable","14":"shipping-taxable","15":"purchasable","16":"product-type-simple"},"yoast_head":"<!-- This site is optimized with the Yoast SEO plugin v25.9 - https:\/\/yoast.com\/wordpress\/plugins\/seo\/ -->\n<title>LEGO\u00ae 76410 Slytherin House Banner - Collectin.eu<\/title>\n<meta name=\"description\" content=\"\u0160is ne\u0161iojamas \u017eaidimo rinkinys yra 1 i\u0161 4 Hogvartso kolekcini\u0173 nam\u0173 juost\u0173 rinkini\u0173. Jame yra Drako Smird\u017eiaus minifig\u016br\u0117l\u0117 bei nuo 2023 m. kovo m\u0117nesio pasirodysian\u010dios Pens\u0117s Parkinson ir Bleizo Zabinio minifig\u016br\u0117l\u0117s, taip pat Klast\u016bnyno draugijos medalionas, \u012fkv\u0117psiantis \u017eaidimui vaidmenimis.\" \/>\n<meta name=\"robots\" content=\"index, follow, max-snippet:-1, max-image-preview:large, max-video-preview:-1\" \/>\n<link rel=\"canonical\" href=\"https:\/\/collectin.eu\/en\/product\/lego-76410-slytherin-house-banner\/\" \/>\n<meta property=\"og:locale\" content=\"en_US\" \/>\n<meta property=\"og:type\" content=\"article\" \/>\n<meta property=\"og:title\" content=\"LEGO\u00ae 76410 Slytherin House Banner - Collectin.eu\" \/>\n<meta property=\"og:description\" content=\"\u0160is ne\u0161iojamas \u017eaidimo rinkinys yra 1 i\u0161 4 Hogvartso kolekcini\u0173 nam\u0173 juost\u0173 rinkini\u0173. Jame yra Drako Smird\u017eiaus minifig\u016br\u0117l\u0117 bei nuo 2023 m. kovo m\u0117nesio pasirodysian\u010dios Pens\u0117s Parkinson ir Bleizo Zabinio minifig\u016br\u0117l\u0117s, taip pat Klast\u016bnyno draugijos medalionas, \u012fkv\u0117psiantis \u017eaidimui vaidmenimis.\" \/>\n<meta property=\"og:url\" content=\"https:\/\/collectin.eu\/en\/product\/lego-76410-slytherin-house-banner\/\" \/>\n<meta property=\"og:site_name\" content=\"Collectin.eu\" \/>\n<meta property=\"article:modified_time\" content=\"2026-04-08T10:25:52+00:00\" \/>\n<meta property=\"og:image\" content=\"http:\/\/collectin.eu\/wp-content\/uploads\/2025\/12\/Untitled-design-54.png\" \/>\n\t<meta property=\"og:image:width\" content=\"1080\" \/>\n\t<meta property=\"og:image:height\" content=\"1080\" \/>\n\t<meta property=\"og:image:type\" content=\"image\/png\" \/>\n<meta name=\"twitter:card\" content=\"summary_large_image\" \/>\n<meta name=\"twitter:label1\" content=\"Est. reading time\" \/>\n\t<meta name=\"twitter:data1\" content=\"2 minutes\" \/>\n<script type=\"application\/ld+json\" class=\"yoast-schema-graph\">{\"@context\":\"https:\/\/schema.org\",\"@graph\":[{\"@type\":\"WebPage\",\"@id\":\"https:\/\/collectin.eu\/produktas\/lego-76410-slytherin-house-banner\/\",\"url\":\"https:\/\/collectin.eu\/produktas\/lego-76410-slytherin-house-banner\/\",\"name\":\"LEGO\u00ae 76410 Slytherin House Banner - Collectin.eu\",\"isPartOf\":{\"@id\":\"https:\/\/collectin.eu\/#website\"},\"primaryImageOfPage\":{\"@id\":\"https:\/\/collectin.eu\/produktas\/lego-76410-slytherin-house-banner\/#primaryimage\"},\"image\":{\"@id\":\"https:\/\/collectin.eu\/produktas\/lego-76410-slytherin-house-banner\/#primaryimage\"},\"thumbnailUrl\":\"https:\/\/collectin.eu\/wp-content\/uploads\/2025\/12\/Untitled-design-54.png\",\"datePublished\":\"2025-12-03T17:49:59+00:00\",\"dateModified\":\"2026-04-08T10:25:52+00:00\",\"description\":\"\u0160is ne\u0161iojamas \u017eaidimo rinkinys yra 1 i\u0161 4 Hogvartso kolekcini\u0173 nam\u0173 juost\u0173 rinkini\u0173. Jame yra Drako Smird\u017eiaus minifig\u016br\u0117l\u0117 bei nuo 2023 m. kovo m\u0117nesio pasirodysian\u010dios Pens\u0117s Parkinson ir Bleizo Zabinio minifig\u016br\u0117l\u0117s, taip pat Klast\u016bnyno draugijos medalionas, \u012fkv\u0117psiantis \u017eaidimui vaidmenimis.\",\"breadcrumb\":{\"@id\":\"https:\/\/collectin.eu\/produktas\/lego-76410-slytherin-house-banner\/#breadcrumb\"},\"inLanguage\":\"en-US\",\"potentialAction\":[{\"@type\":\"ReadAction\",\"target\":[\"https:\/\/collectin.eu\/produktas\/lego-76410-slytherin-house-banner\/\"]}]},{\"@type\":\"ImageObject\",\"inLanguage\":\"en-US\",\"@id\":\"https:\/\/collectin.eu\/produktas\/lego-76410-slytherin-house-banner\/#primaryimage\",\"url\":\"https:\/\/collectin.eu\/wp-content\/uploads\/2025\/12\/Untitled-design-54.png\",\"contentUrl\":\"https:\/\/collectin.eu\/wp-content\/uploads\/2025\/12\/Untitled-design-54.png\",\"width\":1080,\"height\":1080},{\"@type\":\"BreadcrumbList\",\"@id\":\"https:\/\/collectin.eu\/produktas\/lego-76410-slytherin-house-banner\/#breadcrumb\",\"itemListElement\":[{\"@type\":\"ListItem\",\"position\":1,\"name\":\"Home\",\"item\":\"https:\/\/collectin.eu\/\"},{\"@type\":\"ListItem\",\"position\":2,\"name\":\"Parduotuv\u0117\",\"item\":\"https:\/\/collectin.eu\/parduotuve\/\"},{\"@type\":\"ListItem\",\"position\":3,\"name\":\"LEGO\u00ae 76410 Slytherin House Banner\"}]},{\"@type\":\"WebSite\",\"@id\":\"https:\/\/collectin.eu\/#website\",\"url\":\"https:\/\/collectin.eu\/\",\"name\":\"Collectin.eu\",\"description\":\"\",\"potentialAction\":[{\"@type\":\"SearchAction\",\"target\":{\"@type\":\"EntryPoint\",\"urlTemplate\":\"https:\/\/collectin.eu\/?s={search_term_string}\"},\"query-input\":{\"@type\":\"PropertyValueSpecification\",\"valueRequired\":true,\"valueName\":\"search_term_string\"}}],\"inLanguage\":\"en-US\"}]}<\/script>\n<!-- \/ Yoast SEO plugin. -->","yoast_head_json":{"title":"LEGO\u00ae 76410 Slytherin House Banner - Collectin.eu","description":"\u0160is ne\u0161iojamas \u017eaidimo rinkinys yra 1 i\u0161 4 Hogvartso kolekcini\u0173 nam\u0173 juost\u0173 rinkini\u0173. Jame yra Drako Smird\u017eiaus minifig\u016br\u0117l\u0117 bei nuo 2023 m. kovo m\u0117nesio pasirodysian\u010dios Pens\u0117s Parkinson ir Bleizo Zabinio minifig\u016br\u0117l\u0117s, taip pat Klast\u016bnyno draugijos medalionas, \u012fkv\u0117psiantis \u017eaidimui vaidmenimis.","robots":{"index":"index","follow":"follow","max-snippet":"max-snippet:-1","max-image-preview":"max-image-preview:large","max-video-preview":"max-video-preview:-1"},"canonical":"https:\/\/collectin.eu\/en\/product\/lego-76410-slytherin-house-banner\/","og_locale":"en_US","og_type":"article","og_title":"LEGO\u00ae 76410 Slytherin House Banner - Collectin.eu","og_description":"\u0160is ne\u0161iojamas \u017eaidimo rinkinys yra 1 i\u0161 4 Hogvartso kolekcini\u0173 nam\u0173 juost\u0173 rinkini\u0173. Jame yra Drako Smird\u017eiaus minifig\u016br\u0117l\u0117 bei nuo 2023 m. kovo m\u0117nesio pasirodysian\u010dios Pens\u0117s Parkinson ir Bleizo Zabinio minifig\u016br\u0117l\u0117s, taip pat Klast\u016bnyno draugijos medalionas, \u012fkv\u0117psiantis \u017eaidimui vaidmenimis.","og_url":"https:\/\/collectin.eu\/en\/product\/lego-76410-slytherin-house-banner\/","og_site_name":"Collectin.eu","article_modified_time":"2026-04-08T10:25:52+00:00","og_image":[{"width":1080,"height":1080,"url":"http:\/\/collectin.eu\/wp-content\/uploads\/2025\/12\/Untitled-design-54.png","type":"image\/png"}],"twitter_card":"summary_large_image","twitter_misc":{"Est. reading time":"2 minutes"},"schema":{"@context":"https:\/\/schema.org","@graph":[{"@type":"WebPage","@id":"https:\/\/collectin.eu\/produktas\/lego-76410-slytherin-house-banner\/","url":"https:\/\/collectin.eu\/produktas\/lego-76410-slytherin-house-banner\/","name":"LEGO\u00ae 76410 Slytherin House Banner - Collectin.eu","isPartOf":{"@id":"https:\/\/collectin.eu\/#website"},"primaryImageOfPage":{"@id":"https:\/\/collectin.eu\/produktas\/lego-76410-slytherin-house-banner\/#primaryimage"},"image":{"@id":"https:\/\/collectin.eu\/produktas\/lego-76410-slytherin-house-banner\/#primaryimage"},"thumbnailUrl":"https:\/\/collectin.eu\/wp-content\/uploads\/2025\/12\/Untitled-design-54.png","datePublished":"2025-12-03T17:49:59+00:00","dateModified":"2026-04-08T10:25:52+00:00","description":"\u0160is ne\u0161iojamas \u017eaidimo rinkinys yra 1 i\u0161 4 Hogvartso kolekcini\u0173 nam\u0173 juost\u0173 rinkini\u0173. Jame yra Drako Smird\u017eiaus minifig\u016br\u0117l\u0117 bei nuo 2023 m. kovo m\u0117nesio pasirodysian\u010dios Pens\u0117s Parkinson ir Bleizo Zabinio minifig\u016br\u0117l\u0117s, taip pat Klast\u016bnyno draugijos medalionas, \u012fkv\u0117psiantis \u017eaidimui vaidmenimis.","breadcrumb":{"@id":"https:\/\/collectin.eu\/produktas\/lego-76410-slytherin-house-banner\/#breadcrumb"},"inLanguage":"en-US","potentialAction":[{"@type":"ReadAction","target":["https:\/\/collectin.eu\/produktas\/lego-76410-slytherin-house-banner\/"]}]},{"@type":"ImageObject","inLanguage":"en-US","@id":"https:\/\/collectin.eu\/produktas\/lego-76410-slytherin-house-banner\/#primaryimage","url":"https:\/\/collectin.eu\/wp-content\/uploads\/2025\/12\/Untitled-design-54.png","contentUrl":"https:\/\/collectin.eu\/wp-content\/uploads\/2025\/12\/Untitled-design-54.png","width":1080,"height":1080},{"@type":"BreadcrumbList","@id":"https:\/\/collectin.eu\/produktas\/lego-76410-slytherin-house-banner\/#breadcrumb","itemListElement":[{"@type":"ListItem","position":1,"name":"Home","item":"https:\/\/collectin.eu\/"},{"@type":"ListItem","position":2,"name":"Parduotuv\u0117","item":"https:\/\/collectin.eu\/parduotuve\/"},{"@type":"ListItem","position":3,"name":"LEGO\u00ae 76410 Slytherin House Banner"}]},{"@type":"WebSite","@id":"https:\/\/collectin.eu\/#website","url":"https:\/\/collectin.eu\/","name":"Collectin.eu","description":"","potentialAction":[{"@type":"SearchAction","target":{"@type":"EntryPoint","urlTemplate":"https:\/\/collectin.eu\/?s={search_term_string}"},"query-input":{"@type":"PropertyValueSpecification","valueRequired":true,"valueName":"search_term_string"}}],"inLanguage":"en-US"}]}},"jetpack_sharing_enabled":true,"_links":{"self":[{"href":"https:\/\/collectin.eu\/en\/wp-json\/wp\/v2\/product\/38260","targetHints":{"allow":["GET"]}}],"collection":[{"href":"https:\/\/collectin.eu\/en\/wp-json\/wp\/v2\/product"}],"about":[{"href":"https:\/\/collectin.eu\/en\/wp-json\/wp\/v2\/types\/product"}],"replies":[{"embeddable":true,"href":"https:\/\/collectin.eu\/en\/wp-json\/wp\/v2\/comments?post=38260"}],"version-history":[{"count":4,"href":"https:\/\/collectin.eu\/en\/wp-json\/wp\/v2\/product\/38260\/revisions"}],"predecessor-version":[{"id":40300,"href":"https:\/\/collectin.eu\/en\/wp-json\/wp\/v2\/product\/38260\/revisions\/40300"}],"wp:featuredmedia":[{"embeddable":true,"href":"https:\/\/collectin.eu\/en\/wp-json\/wp\/v2\/media\/38590"}],"wp:attachment":[{"href":"https:\/\/collectin.eu\/en\/wp-json\/wp\/v2\/media?parent=38260"}],"wp:term":[{"taxonomy":"product_brand","embeddable":true,"href":"https:\/\/collectin.eu\/en\/wp-json\/wp\/v2\/product_brand?post=38260"},{"taxonomy":"product_cat","embeddable":true,"href":"https:\/\/collectin.eu\/en\/wp-json\/wp\/v2\/product_cat?post=38260"},{"taxonomy":"product_tag","embeddable":true,"href":"https:\/\/collectin.eu\/en\/wp-json\/wp\/v2\/product_tag?post=38260"}],"curies":[{"name":"wp","href":"https:\/\/api.w.org\/{rel}","templated":true}]}}