{"id":38266,"date":"2025-12-03T17:58:44","date_gmt":"2025-12-03T17:58:44","guid":{"rendered":"https:\/\/collectin.eu\/?post_type=product&#038;p=38266"},"modified":"2026-04-08T10:25:51","modified_gmt":"2026-04-08T10:25:51","slug":"lego-76382-hogwarts-moment-transfiguration-class","status":"publish","type":"product","link":"https:\/\/collectin.eu\/en\/product\/lego-76382-hogwarts-moment-transfiguration-class\/","title":{"rendered":"LEGO\u00ae 76382 Hogwarts Moment: Transfiguration Class"},"content":{"rendered":"<p>LEGO\u00ae Harry Potter\u2122 Hogvartso\u2122 akimirka: atsimainymo klas\u0117 (76382) \u2013 tai paruo\u0161tas \u017eaidimo rinkinys konstruojamoje knygoje. Vos j\u0105 atvertus vaikai persikelia \u012f profesor\u0117s Makgonagal atsimainymo klas\u0119.<\/p>\n<p>Hogvartso magija, kuri\u0105 vaikai gali nuolat ne\u0161iotis su savimi<br \/>\n\u0160is u\u017eburiantis rinkinys yra kupinas ypatybi\u0173 ir pried\u0173, kurie \u012fkvepia nesibaigian\u010diam kerin\u010diam \u017eaidimui. Kai kurie j\u0173 yra integruoti, pvz., spintel\u0117, o kai kurie palaidi, pvz., baldai ir lenta, kuriuos galima i\u0161kelti, kad b\u016bt\u0173 daugiau vietos. \u0160is stebuklingas Hario Poterio rinkinys taip pat dera su kitais kolekcijos modeliais. Kiekvienas j\u0173 i\u0161siskiria savo spalva ir unikaliu akcentu, o j\u012f atvertus vaikai perkeliami \u012f skirting\u0173 Hogvartso klasi\u0173 nuotykius. Visas asortimentas taip pat sukuria 360 laipsni\u0173 Hogvarsto \u017eaidimo patirt\u012f.<\/p>\n<ul>\n<li>LEGO\u00ae Harry Potter\u2122 Hogvartso\u2122 akimirka: atsimainymo klas\u0117 (76382) yra konstruojama \u017eaidimo knyga, kuri\u0105 atvertus pasirodo Hogvartso atsimainymo klas\u0117s \u017eaidimo rinkinys i\u0161 Hario Poterio film\u0173.<\/li>\n<li>Su Hermionos \u012ekyr\u0117l\u0117s\u2122, Ronio Vizlio\u2122 ir profesor\u0117s Makgonagal\u2122 minifig\u016br\u0117l\u0117mis, lenta, 2 stalais, 2 k\u0117d\u0117mis, lobi\u0173 skrynia, spintele, burt\u0173 knyga bei daugybe autenti\u0161k\u0173 pried\u0173.<\/li>\n<li>Atvert\u0119 rinkinio vir\u0161el\u012f vaikai patenka \u012f profesor\u0117s Makgonagal atsimainymo pamok\u0105. Galima mokytis su daugybe magi\u0161k\u0173 reikmen\u0173, bet Roniui reikia pad\u0117ti paversti jo augintin\u0119 \u017eiurk\u0119 \u012f taur\u0119!<\/li>\n<li>Nuo 8 met\u0173 am\u017eiaus. Tinka ma\u017eiesiems burtininkams ir raganoms, kurie nori leistis \u012f naujus Hario Poterio\u2122 nuotykius.<\/li>\n<\/ul>","protected":false},"excerpt":{"rendered":"<p>&nbsp;<\/p>","protected":false},"featured_media":38269,"comment_status":"open","ping_status":"closed","template":"","meta":[],"product_brand":[423],"product_cat":[677,406,438],"product_tag":[],"class_list":{"0":"post-38266","1":"product","2":"type-product","3":"status-publish","4":"has-post-thumbnail","6":"product_brand-lego","7":"product_cat-lego-konstruktoriai","8":"product_cat-lego","9":"product_cat-lego-harry-potter","11":"first","12":"instock","13":"taxable","14":"shipping-taxable","15":"purchasable","16":"product-type-simple"},"yoast_head":"<!-- This site is optimized with the Yoast SEO plugin v25.9 - https:\/\/yoast.com\/wordpress\/plugins\/seo\/ -->\n<title>LEGO\u00ae 76382 Hogwarts Moment: Transfiguration Class - Collectin.eu<\/title>\n<meta name=\"description\" content=\"\u0160is u\u017eburiantis rinkinys yra kupinas ypatybi\u0173 ir pried\u0173, kurie \u012fkvepia nesibaigian\u010diam kerin\u010diam \u017eaidimui.\" \/>\n<meta name=\"robots\" content=\"index, follow, max-snippet:-1, max-image-preview:large, max-video-preview:-1\" \/>\n<link rel=\"canonical\" href=\"https:\/\/collectin.eu\/en\/product\/lego-76382-hogwarts-moment-transfiguration-class\/\" \/>\n<meta property=\"og:locale\" content=\"en_US\" \/>\n<meta property=\"og:type\" content=\"article\" \/>\n<meta property=\"og:title\" content=\"LEGO\u00ae 76382 Hogwarts Moment: Transfiguration Class - Collectin.eu\" \/>\n<meta property=\"og:description\" content=\"\u0160is u\u017eburiantis rinkinys yra kupinas ypatybi\u0173 ir pried\u0173, kurie \u012fkvepia nesibaigian\u010diam kerin\u010diam \u017eaidimui.\" \/>\n<meta property=\"og:url\" content=\"https:\/\/collectin.eu\/en\/product\/lego-76382-hogwarts-moment-transfiguration-class\/\" \/>\n<meta property=\"og:site_name\" content=\"Collectin.eu\" \/>\n<meta property=\"article:modified_time\" content=\"2026-04-08T10:25:51+00:00\" \/>\n<meta property=\"og:image\" content=\"http:\/\/collectin.eu\/wp-content\/uploads\/2025\/12\/Untitled-design-7.png\" \/>\n\t<meta property=\"og:image:width\" content=\"1080\" \/>\n\t<meta property=\"og:image:height\" content=\"1080\" \/>\n\t<meta property=\"og:image:type\" content=\"image\/png\" \/>\n<meta name=\"twitter:card\" content=\"summary_large_image\" \/>\n<meta name=\"twitter:label1\" content=\"Est. reading time\" \/>\n\t<meta name=\"twitter:data1\" content=\"2 minutes\" \/>\n<script type=\"application\/ld+json\" class=\"yoast-schema-graph\">{\"@context\":\"https:\/\/schema.org\",\"@graph\":[{\"@type\":\"WebPage\",\"@id\":\"https:\/\/collectin.eu\/produktas\/lego-76382-hogwarts-moment-transfiguration-class\/\",\"url\":\"https:\/\/collectin.eu\/produktas\/lego-76382-hogwarts-moment-transfiguration-class\/\",\"name\":\"LEGO\u00ae 76382 Hogwarts Moment: Transfiguration Class - Collectin.eu\",\"isPartOf\":{\"@id\":\"https:\/\/collectin.eu\/#website\"},\"primaryImageOfPage\":{\"@id\":\"https:\/\/collectin.eu\/produktas\/lego-76382-hogwarts-moment-transfiguration-class\/#primaryimage\"},\"image\":{\"@id\":\"https:\/\/collectin.eu\/produktas\/lego-76382-hogwarts-moment-transfiguration-class\/#primaryimage\"},\"thumbnailUrl\":\"https:\/\/collectin.eu\/wp-content\/uploads\/2025\/12\/Untitled-design-7.png\",\"datePublished\":\"2025-12-03T17:58:44+00:00\",\"dateModified\":\"2026-04-08T10:25:51+00:00\",\"description\":\"\u0160is u\u017eburiantis rinkinys yra kupinas ypatybi\u0173 ir pried\u0173, kurie \u012fkvepia nesibaigian\u010diam kerin\u010diam \u017eaidimui.\",\"breadcrumb\":{\"@id\":\"https:\/\/collectin.eu\/produktas\/lego-76382-hogwarts-moment-transfiguration-class\/#breadcrumb\"},\"inLanguage\":\"en-US\",\"potentialAction\":[{\"@type\":\"ReadAction\",\"target\":[\"https:\/\/collectin.eu\/produktas\/lego-76382-hogwarts-moment-transfiguration-class\/\"]}]},{\"@type\":\"ImageObject\",\"inLanguage\":\"en-US\",\"@id\":\"https:\/\/collectin.eu\/produktas\/lego-76382-hogwarts-moment-transfiguration-class\/#primaryimage\",\"url\":\"https:\/\/collectin.eu\/wp-content\/uploads\/2025\/12\/Untitled-design-7.png\",\"contentUrl\":\"https:\/\/collectin.eu\/wp-content\/uploads\/2025\/12\/Untitled-design-7.png\",\"width\":1080,\"height\":1080},{\"@type\":\"BreadcrumbList\",\"@id\":\"https:\/\/collectin.eu\/produktas\/lego-76382-hogwarts-moment-transfiguration-class\/#breadcrumb\",\"itemListElement\":[{\"@type\":\"ListItem\",\"position\":1,\"name\":\"Home\",\"item\":\"https:\/\/collectin.eu\/\"},{\"@type\":\"ListItem\",\"position\":2,\"name\":\"Parduotuv\u0117\",\"item\":\"https:\/\/collectin.eu\/parduotuve\/\"},{\"@type\":\"ListItem\",\"position\":3,\"name\":\"LEGO\u00ae 76382 Hogwarts Moment: Transfiguration Class\"}]},{\"@type\":\"WebSite\",\"@id\":\"https:\/\/collectin.eu\/#website\",\"url\":\"https:\/\/collectin.eu\/\",\"name\":\"Collectin.eu\",\"description\":\"\",\"potentialAction\":[{\"@type\":\"SearchAction\",\"target\":{\"@type\":\"EntryPoint\",\"urlTemplate\":\"https:\/\/collectin.eu\/?s={search_term_string}\"},\"query-input\":{\"@type\":\"PropertyValueSpecification\",\"valueRequired\":true,\"valueName\":\"search_term_string\"}}],\"inLanguage\":\"en-US\"}]}<\/script>\n<!-- \/ Yoast SEO plugin. -->","yoast_head_json":{"title":"LEGO\u00ae 76382 Hogwarts Moment: Transfiguration Class - Collectin.eu","description":"\u0160is u\u017eburiantis rinkinys yra kupinas ypatybi\u0173 ir pried\u0173, kurie \u012fkvepia nesibaigian\u010diam kerin\u010diam \u017eaidimui.","robots":{"index":"index","follow":"follow","max-snippet":"max-snippet:-1","max-image-preview":"max-image-preview:large","max-video-preview":"max-video-preview:-1"},"canonical":"https:\/\/collectin.eu\/en\/product\/lego-76382-hogwarts-moment-transfiguration-class\/","og_locale":"en_US","og_type":"article","og_title":"LEGO\u00ae 76382 Hogwarts Moment: Transfiguration Class - Collectin.eu","og_description":"\u0160is u\u017eburiantis rinkinys yra kupinas ypatybi\u0173 ir pried\u0173, kurie \u012fkvepia nesibaigian\u010diam kerin\u010diam \u017eaidimui.","og_url":"https:\/\/collectin.eu\/en\/product\/lego-76382-hogwarts-moment-transfiguration-class\/","og_site_name":"Collectin.eu","article_modified_time":"2026-04-08T10:25:51+00:00","og_image":[{"width":1080,"height":1080,"url":"http:\/\/collectin.eu\/wp-content\/uploads\/2025\/12\/Untitled-design-7.png","type":"image\/png"}],"twitter_card":"summary_large_image","twitter_misc":{"Est. reading time":"2 minutes"},"schema":{"@context":"https:\/\/schema.org","@graph":[{"@type":"WebPage","@id":"https:\/\/collectin.eu\/produktas\/lego-76382-hogwarts-moment-transfiguration-class\/","url":"https:\/\/collectin.eu\/produktas\/lego-76382-hogwarts-moment-transfiguration-class\/","name":"LEGO\u00ae 76382 Hogwarts Moment: Transfiguration Class - Collectin.eu","isPartOf":{"@id":"https:\/\/collectin.eu\/#website"},"primaryImageOfPage":{"@id":"https:\/\/collectin.eu\/produktas\/lego-76382-hogwarts-moment-transfiguration-class\/#primaryimage"},"image":{"@id":"https:\/\/collectin.eu\/produktas\/lego-76382-hogwarts-moment-transfiguration-class\/#primaryimage"},"thumbnailUrl":"https:\/\/collectin.eu\/wp-content\/uploads\/2025\/12\/Untitled-design-7.png","datePublished":"2025-12-03T17:58:44+00:00","dateModified":"2026-04-08T10:25:51+00:00","description":"\u0160is u\u017eburiantis rinkinys yra kupinas ypatybi\u0173 ir pried\u0173, kurie \u012fkvepia nesibaigian\u010diam kerin\u010diam \u017eaidimui.","breadcrumb":{"@id":"https:\/\/collectin.eu\/produktas\/lego-76382-hogwarts-moment-transfiguration-class\/#breadcrumb"},"inLanguage":"en-US","potentialAction":[{"@type":"ReadAction","target":["https:\/\/collectin.eu\/produktas\/lego-76382-hogwarts-moment-transfiguration-class\/"]}]},{"@type":"ImageObject","inLanguage":"en-US","@id":"https:\/\/collectin.eu\/produktas\/lego-76382-hogwarts-moment-transfiguration-class\/#primaryimage","url":"https:\/\/collectin.eu\/wp-content\/uploads\/2025\/12\/Untitled-design-7.png","contentUrl":"https:\/\/collectin.eu\/wp-content\/uploads\/2025\/12\/Untitled-design-7.png","width":1080,"height":1080},{"@type":"BreadcrumbList","@id":"https:\/\/collectin.eu\/produktas\/lego-76382-hogwarts-moment-transfiguration-class\/#breadcrumb","itemListElement":[{"@type":"ListItem","position":1,"name":"Home","item":"https:\/\/collectin.eu\/"},{"@type":"ListItem","position":2,"name":"Parduotuv\u0117","item":"https:\/\/collectin.eu\/parduotuve\/"},{"@type":"ListItem","position":3,"name":"LEGO\u00ae 76382 Hogwarts Moment: Transfiguration Class"}]},{"@type":"WebSite","@id":"https:\/\/collectin.eu\/#website","url":"https:\/\/collectin.eu\/","name":"Collectin.eu","description":"","potentialAction":[{"@type":"SearchAction","target":{"@type":"EntryPoint","urlTemplate":"https:\/\/collectin.eu\/?s={search_term_string}"},"query-input":{"@type":"PropertyValueSpecification","valueRequired":true,"valueName":"search_term_string"}}],"inLanguage":"en-US"}]}},"jetpack_sharing_enabled":true,"_links":{"self":[{"href":"https:\/\/collectin.eu\/en\/wp-json\/wp\/v2\/product\/38266","targetHints":{"allow":["GET"]}}],"collection":[{"href":"https:\/\/collectin.eu\/en\/wp-json\/wp\/v2\/product"}],"about":[{"href":"https:\/\/collectin.eu\/en\/wp-json\/wp\/v2\/types\/product"}],"replies":[{"embeddable":true,"href":"https:\/\/collectin.eu\/en\/wp-json\/wp\/v2\/comments?post=38266"}],"version-history":[{"count":4,"href":"https:\/\/collectin.eu\/en\/wp-json\/wp\/v2\/product\/38266\/revisions"}],"predecessor-version":[{"id":40301,"href":"https:\/\/collectin.eu\/en\/wp-json\/wp\/v2\/product\/38266\/revisions\/40301"}],"wp:featuredmedia":[{"embeddable":true,"href":"https:\/\/collectin.eu\/en\/wp-json\/wp\/v2\/media\/38269"}],"wp:attachment":[{"href":"https:\/\/collectin.eu\/en\/wp-json\/wp\/v2\/media?parent=38266"}],"wp:term":[{"taxonomy":"product_brand","embeddable":true,"href":"https:\/\/collectin.eu\/en\/wp-json\/wp\/v2\/product_brand?post=38266"},{"taxonomy":"product_cat","embeddable":true,"href":"https:\/\/collectin.eu\/en\/wp-json\/wp\/v2\/product_cat?post=38266"},{"taxonomy":"product_tag","embeddable":true,"href":"https:\/\/collectin.eu\/en\/wp-json\/wp\/v2\/product_tag?post=38266"}],"curies":[{"name":"wp","href":"https:\/\/api.w.org\/{rel}","templated":true}]}}