{"id":38272,"date":"2025-12-03T18:04:40","date_gmt":"2025-12-03T18:04:40","guid":{"rendered":"https:\/\/collectin.eu\/?post_type=product&#038;p=38272"},"modified":"2026-04-08T10:25:51","modified_gmt":"2026-04-08T10:25:51","slug":"lego-76382-hogvartso-akimirka-gynybos-pamoka","status":"publish","type":"product","link":"https:\/\/collectin.eu\/en\/product\/lego-76382-hogvartso-akimirka-gynybos-pamoka\/","title":{"rendered":"LEGO\u00ae 76397 Hogwarts Moment: Defence Against the Dark Arts Class"},"content":{"rendered":"<p>LEGO\u00ae Harry Potter\u2122 Hogvartso\u2122 akimirka: gynybos pamoka (76397) yra pramog\u0173 kupinas \u017eaidimo rinkinys konstruojamoje knygoje bet kokio am\u017eiaus vaikams nuo 8 met\u0173 am\u017eiaus. Jis kupinas smagi\u0173 persona\u017e\u0173 ir autenti\u0161k\u0173 ypatybi\u0173 ir populiarios Hogvartso pamokos.<\/p>\n<p>Nesibaigian\u010dios magi\u0161kos pramogos<br \/>\nTarp dekoruot\u0173 vir\u0161eli\u0173 slypi kerinti magi\u0161k\u0173 nuotyki\u0173 kupina pamoka. I\u0161 viso yra 3 minifig\u016br\u0117l\u0117s \u2013 Baisioji akis, Hermiona \u012ekyr\u0117l\u0117\u2122 ir Nevilis Nev\u0117k\u0161la\u2122 \u2013 bei daugyb\u0117 nuostabi\u0173 pried\u0173. Kai kurie elementaiyra integruoti, pvz., lentynos ir \u017eidinys, o kitos atskirtos, pvz., ra\u0161ymo lenta, skrynia, eliksyro buteliukai, stalas ir k\u0117d\u0117s, kurias i\u0161\u0117mus galima prapl\u0117sti \u017eaidimo erdv\u0119. Rinkin\u012f galima sujungti su kitais kolekcijos modeliais ir jis tvarkingai susideda u\u017everstoje \u017eaidimo knygoje, tad vaikai gali j\u0105 visuomet ne\u0161tis su savimi ir pasid\u0117ti \u012f lentyn\u0105 iki kitos pamokos.<\/p>\n<ul>\n<li>Magi\u0161kos \u017eaidimo galimyb\u0117s. \u017daidimo knygoje LEGO\u00ae Harry Potter\u2122 Hogvartso\u2122 akimirka: gynybos pamoka (76397) yra klas\u0117, kupina ypatybi\u0173, \u012fkv\u0117psian\u010di\u0173 i\u0161radingam \u017eaidimui vaidmenimis.<\/li>\n<li>Hogvartso\u2122 pamoka\u00a0su Baisiosios Akies, Hermionos \u012ekyr\u0117l\u0117s\u2122 ir Nevilio Nev\u0117k\u0161los\u2122 minifig\u016br\u0117l\u0117mis, bei daugybe autenti\u0161k\u0173 pried\u0173, \u012fskaitant ra\u0161ymo lent\u0105, skryni\u0105, eliksyro buteliukus, stal\u0105 ir k\u0117des.<\/li>\n<li>Kerin\u010dios pramogos. Vaikams atvertus savo LEGO\u00ae \u017eaidimo knyg\u0105 jie akimirksniu persikelia \u012f profesoriaus Baisiosios Akies gynybos nuo juodosios magijos pamok\u0105. U\u017e dur\u0173 yra jo kabinetas, su skrynia, kurioje slypi mini Baisioji Akis!<\/li>\n<\/ul>","protected":false},"excerpt":{"rendered":"<p>LEGO\u00ae Harry Potter\u2122 Hogvartso\u2122 akimirka: gynybos pamoka (76397) yra pramog\u0173 kupinas \u017eaidimo rinkinys konstruojamoje knygoje bet kokio am\u017eiaus vaikams nuo<\/p>","protected":false},"featured_media":38275,"comment_status":"open","ping_status":"closed","template":"","meta":[],"product_brand":[423],"product_cat":[677,406,438],"product_tag":[],"class_list":{"0":"post-38272","1":"product","2":"type-product","3":"status-publish","4":"has-post-thumbnail","6":"product_brand-lego","7":"product_cat-lego-konstruktoriai","8":"product_cat-lego","9":"product_cat-lego-harry-potter","11":"first","12":"instock","13":"taxable","14":"shipping-taxable","15":"purchasable","16":"product-type-simple"},"yoast_head":"<!-- This site is optimized with the Yoast SEO plugin v25.9 - https:\/\/yoast.com\/wordpress\/plugins\/seo\/ -->\n<title>LEGO\u00ae 76397 Hogwarts Moment: Defence Against the Dark Arts Class - Collectin.eu<\/title>\n<meta name=\"description\" content=\"Tarp dekoruot\u0173 vir\u0161eli\u0173 slypi kerinti magi\u0161k\u0173 nuotyki\u0173 kupina pamoka. I\u0161 viso yra 3 minifig\u016br\u0117l\u0117s \u2013 Baisioji akis, Hermiona \u012ekyr\u0117l\u0117\u2122 ir Nevilis Nev\u0117k\u0161la\u2122 \u2013 bei daugyb\u0117 nuostabi\u0173 pried\u0173.\" \/>\n<meta name=\"robots\" content=\"index, follow, max-snippet:-1, max-image-preview:large, max-video-preview:-1\" \/>\n<link rel=\"canonical\" href=\"https:\/\/collectin.eu\/en\/product\/lego-76382-hogvartso-akimirka-gynybos-pamoka\/\" \/>\n<meta property=\"og:locale\" content=\"en_US\" \/>\n<meta property=\"og:type\" content=\"article\" \/>\n<meta property=\"og:title\" content=\"LEGO\u00ae 76397 Hogwarts Moment: Defence Against the Dark Arts Class - Collectin.eu\" \/>\n<meta property=\"og:description\" content=\"Tarp dekoruot\u0173 vir\u0161eli\u0173 slypi kerinti magi\u0161k\u0173 nuotyki\u0173 kupina pamoka. I\u0161 viso yra 3 minifig\u016br\u0117l\u0117s \u2013 Baisioji akis, Hermiona \u012ekyr\u0117l\u0117\u2122 ir Nevilis Nev\u0117k\u0161la\u2122 \u2013 bei daugyb\u0117 nuostabi\u0173 pried\u0173.\" \/>\n<meta property=\"og:url\" content=\"https:\/\/collectin.eu\/en\/product\/lego-76382-hogvartso-akimirka-gynybos-pamoka\/\" \/>\n<meta property=\"og:site_name\" content=\"Collectin.eu\" \/>\n<meta property=\"article:modified_time\" content=\"2026-04-08T10:25:51+00:00\" \/>\n<meta property=\"og:image\" content=\"http:\/\/collectin.eu\/wp-content\/uploads\/2025\/12\/Untitled-design-10.png\" \/>\n\t<meta property=\"og:image:width\" content=\"1080\" \/>\n\t<meta property=\"og:image:height\" content=\"1080\" \/>\n\t<meta property=\"og:image:type\" content=\"image\/png\" \/>\n<meta name=\"twitter:card\" content=\"summary_large_image\" \/>\n<meta name=\"twitter:label1\" content=\"Est. reading time\" \/>\n\t<meta name=\"twitter:data1\" content=\"2 minutes\" \/>\n<script type=\"application\/ld+json\" class=\"yoast-schema-graph\">{\"@context\":\"https:\/\/schema.org\",\"@graph\":[{\"@type\":\"WebPage\",\"@id\":\"https:\/\/collectin.eu\/produktas\/lego-76382-hogvartso-akimirka-gynybos-pamoka\/\",\"url\":\"https:\/\/collectin.eu\/produktas\/lego-76382-hogvartso-akimirka-gynybos-pamoka\/\",\"name\":\"LEGO\u00ae 76397 Hogwarts Moment: Defence Against the Dark Arts Class - Collectin.eu\",\"isPartOf\":{\"@id\":\"https:\/\/collectin.eu\/#website\"},\"primaryImageOfPage\":{\"@id\":\"https:\/\/collectin.eu\/produktas\/lego-76382-hogvartso-akimirka-gynybos-pamoka\/#primaryimage\"},\"image\":{\"@id\":\"https:\/\/collectin.eu\/produktas\/lego-76382-hogvartso-akimirka-gynybos-pamoka\/#primaryimage\"},\"thumbnailUrl\":\"https:\/\/collectin.eu\/wp-content\/uploads\/2025\/12\/Untitled-design-10.png\",\"datePublished\":\"2025-12-03T18:04:40+00:00\",\"dateModified\":\"2026-04-08T10:25:51+00:00\",\"description\":\"Tarp dekoruot\u0173 vir\u0161eli\u0173 slypi kerinti magi\u0161k\u0173 nuotyki\u0173 kupina pamoka. I\u0161 viso yra 3 minifig\u016br\u0117l\u0117s \u2013 Baisioji akis, Hermiona \u012ekyr\u0117l\u0117\u2122 ir Nevilis Nev\u0117k\u0161la\u2122 \u2013 bei daugyb\u0117 nuostabi\u0173 pried\u0173.\",\"breadcrumb\":{\"@id\":\"https:\/\/collectin.eu\/produktas\/lego-76382-hogvartso-akimirka-gynybos-pamoka\/#breadcrumb\"},\"inLanguage\":\"en-US\",\"potentialAction\":[{\"@type\":\"ReadAction\",\"target\":[\"https:\/\/collectin.eu\/produktas\/lego-76382-hogvartso-akimirka-gynybos-pamoka\/\"]}]},{\"@type\":\"ImageObject\",\"inLanguage\":\"en-US\",\"@id\":\"https:\/\/collectin.eu\/produktas\/lego-76382-hogvartso-akimirka-gynybos-pamoka\/#primaryimage\",\"url\":\"https:\/\/collectin.eu\/wp-content\/uploads\/2025\/12\/Untitled-design-10.png\",\"contentUrl\":\"https:\/\/collectin.eu\/wp-content\/uploads\/2025\/12\/Untitled-design-10.png\",\"width\":1080,\"height\":1080},{\"@type\":\"BreadcrumbList\",\"@id\":\"https:\/\/collectin.eu\/produktas\/lego-76382-hogvartso-akimirka-gynybos-pamoka\/#breadcrumb\",\"itemListElement\":[{\"@type\":\"ListItem\",\"position\":1,\"name\":\"Home\",\"item\":\"https:\/\/collectin.eu\/\"},{\"@type\":\"ListItem\",\"position\":2,\"name\":\"Parduotuv\u0117\",\"item\":\"https:\/\/collectin.eu\/parduotuve\/\"},{\"@type\":\"ListItem\",\"position\":3,\"name\":\"LEGO\u00ae 76397 Hogwarts Moment: Defence Against the Dark Arts Class\"}]},{\"@type\":\"WebSite\",\"@id\":\"https:\/\/collectin.eu\/#website\",\"url\":\"https:\/\/collectin.eu\/\",\"name\":\"Collectin.eu\",\"description\":\"\",\"potentialAction\":[{\"@type\":\"SearchAction\",\"target\":{\"@type\":\"EntryPoint\",\"urlTemplate\":\"https:\/\/collectin.eu\/?s={search_term_string}\"},\"query-input\":{\"@type\":\"PropertyValueSpecification\",\"valueRequired\":true,\"valueName\":\"search_term_string\"}}],\"inLanguage\":\"en-US\"}]}<\/script>\n<!-- \/ Yoast SEO plugin. -->","yoast_head_json":{"title":"LEGO\u00ae 76397 Hogwarts Moment: Defence Against the Dark Arts Class - Collectin.eu","description":"Tarp dekoruot\u0173 vir\u0161eli\u0173 slypi kerinti magi\u0161k\u0173 nuotyki\u0173 kupina pamoka. I\u0161 viso yra 3 minifig\u016br\u0117l\u0117s \u2013 Baisioji akis, Hermiona \u012ekyr\u0117l\u0117\u2122 ir Nevilis Nev\u0117k\u0161la\u2122 \u2013 bei daugyb\u0117 nuostabi\u0173 pried\u0173.","robots":{"index":"index","follow":"follow","max-snippet":"max-snippet:-1","max-image-preview":"max-image-preview:large","max-video-preview":"max-video-preview:-1"},"canonical":"https:\/\/collectin.eu\/en\/product\/lego-76382-hogvartso-akimirka-gynybos-pamoka\/","og_locale":"en_US","og_type":"article","og_title":"LEGO\u00ae 76397 Hogwarts Moment: Defence Against the Dark Arts Class - Collectin.eu","og_description":"Tarp dekoruot\u0173 vir\u0161eli\u0173 slypi kerinti magi\u0161k\u0173 nuotyki\u0173 kupina pamoka. I\u0161 viso yra 3 minifig\u016br\u0117l\u0117s \u2013 Baisioji akis, Hermiona \u012ekyr\u0117l\u0117\u2122 ir Nevilis Nev\u0117k\u0161la\u2122 \u2013 bei daugyb\u0117 nuostabi\u0173 pried\u0173.","og_url":"https:\/\/collectin.eu\/en\/product\/lego-76382-hogvartso-akimirka-gynybos-pamoka\/","og_site_name":"Collectin.eu","article_modified_time":"2026-04-08T10:25:51+00:00","og_image":[{"width":1080,"height":1080,"url":"http:\/\/collectin.eu\/wp-content\/uploads\/2025\/12\/Untitled-design-10.png","type":"image\/png"}],"twitter_card":"summary_large_image","twitter_misc":{"Est. reading time":"2 minutes"},"schema":{"@context":"https:\/\/schema.org","@graph":[{"@type":"WebPage","@id":"https:\/\/collectin.eu\/produktas\/lego-76382-hogvartso-akimirka-gynybos-pamoka\/","url":"https:\/\/collectin.eu\/produktas\/lego-76382-hogvartso-akimirka-gynybos-pamoka\/","name":"LEGO\u00ae 76397 Hogwarts Moment: Defence Against the Dark Arts Class - Collectin.eu","isPartOf":{"@id":"https:\/\/collectin.eu\/#website"},"primaryImageOfPage":{"@id":"https:\/\/collectin.eu\/produktas\/lego-76382-hogvartso-akimirka-gynybos-pamoka\/#primaryimage"},"image":{"@id":"https:\/\/collectin.eu\/produktas\/lego-76382-hogvartso-akimirka-gynybos-pamoka\/#primaryimage"},"thumbnailUrl":"https:\/\/collectin.eu\/wp-content\/uploads\/2025\/12\/Untitled-design-10.png","datePublished":"2025-12-03T18:04:40+00:00","dateModified":"2026-04-08T10:25:51+00:00","description":"Tarp dekoruot\u0173 vir\u0161eli\u0173 slypi kerinti magi\u0161k\u0173 nuotyki\u0173 kupina pamoka. I\u0161 viso yra 3 minifig\u016br\u0117l\u0117s \u2013 Baisioji akis, Hermiona \u012ekyr\u0117l\u0117\u2122 ir Nevilis Nev\u0117k\u0161la\u2122 \u2013 bei daugyb\u0117 nuostabi\u0173 pried\u0173.","breadcrumb":{"@id":"https:\/\/collectin.eu\/produktas\/lego-76382-hogvartso-akimirka-gynybos-pamoka\/#breadcrumb"},"inLanguage":"en-US","potentialAction":[{"@type":"ReadAction","target":["https:\/\/collectin.eu\/produktas\/lego-76382-hogvartso-akimirka-gynybos-pamoka\/"]}]},{"@type":"ImageObject","inLanguage":"en-US","@id":"https:\/\/collectin.eu\/produktas\/lego-76382-hogvartso-akimirka-gynybos-pamoka\/#primaryimage","url":"https:\/\/collectin.eu\/wp-content\/uploads\/2025\/12\/Untitled-design-10.png","contentUrl":"https:\/\/collectin.eu\/wp-content\/uploads\/2025\/12\/Untitled-design-10.png","width":1080,"height":1080},{"@type":"BreadcrumbList","@id":"https:\/\/collectin.eu\/produktas\/lego-76382-hogvartso-akimirka-gynybos-pamoka\/#breadcrumb","itemListElement":[{"@type":"ListItem","position":1,"name":"Home","item":"https:\/\/collectin.eu\/"},{"@type":"ListItem","position":2,"name":"Parduotuv\u0117","item":"https:\/\/collectin.eu\/parduotuve\/"},{"@type":"ListItem","position":3,"name":"LEGO\u00ae 76397 Hogwarts Moment: Defence Against the Dark Arts Class"}]},{"@type":"WebSite","@id":"https:\/\/collectin.eu\/#website","url":"https:\/\/collectin.eu\/","name":"Collectin.eu","description":"","potentialAction":[{"@type":"SearchAction","target":{"@type":"EntryPoint","urlTemplate":"https:\/\/collectin.eu\/?s={search_term_string}"},"query-input":{"@type":"PropertyValueSpecification","valueRequired":true,"valueName":"search_term_string"}}],"inLanguage":"en-US"}]}},"jetpack_sharing_enabled":true,"_links":{"self":[{"href":"https:\/\/collectin.eu\/en\/wp-json\/wp\/v2\/product\/38272","targetHints":{"allow":["GET"]}}],"collection":[{"href":"https:\/\/collectin.eu\/en\/wp-json\/wp\/v2\/product"}],"about":[{"href":"https:\/\/collectin.eu\/en\/wp-json\/wp\/v2\/types\/product"}],"replies":[{"embeddable":true,"href":"https:\/\/collectin.eu\/en\/wp-json\/wp\/v2\/comments?post=38272"}],"version-history":[{"count":5,"href":"https:\/\/collectin.eu\/en\/wp-json\/wp\/v2\/product\/38272\/revisions"}],"predecessor-version":[{"id":40302,"href":"https:\/\/collectin.eu\/en\/wp-json\/wp\/v2\/product\/38272\/revisions\/40302"}],"wp:featuredmedia":[{"embeddable":true,"href":"https:\/\/collectin.eu\/en\/wp-json\/wp\/v2\/media\/38275"}],"wp:attachment":[{"href":"https:\/\/collectin.eu\/en\/wp-json\/wp\/v2\/media?parent=38272"}],"wp:term":[{"taxonomy":"product_brand","embeddable":true,"href":"https:\/\/collectin.eu\/en\/wp-json\/wp\/v2\/product_brand?post=38272"},{"taxonomy":"product_cat","embeddable":true,"href":"https:\/\/collectin.eu\/en\/wp-json\/wp\/v2\/product_cat?post=38272"},{"taxonomy":"product_tag","embeddable":true,"href":"https:\/\/collectin.eu\/en\/wp-json\/wp\/v2\/product_tag?post=38272"}],"curies":[{"name":"wp","href":"https:\/\/api.w.org\/{rel}","templated":true}]}}