{"id":38282,"date":"2025-12-08T05:45:39","date_gmt":"2025-12-08T05:45:39","guid":{"rendered":"https:\/\/collectin.eu\/?post_type=product&#038;p=38282"},"modified":"2026-04-08T10:27:09","modified_gmt":"2026-04-08T10:27:09","slug":"pop-sketched-pinokis","status":"publish","type":"product","link":"https:\/\/collectin.eu\/en\/product\/pop-sketched-pinokis\/","title":{"rendered":"Pop! Sketched \u2013 Pinocchio"},"content":{"rendered":"<p>Funko POP Disney: Sketched \u2013 Pinocchio yra kolekcin\u0117 vinilin\u0117 fig\u016br\u0117l\u0117 i\u0161 \u201eSketched\u201c serijos, pasi\u017eyminti unikaliu eskizo stiliaus dizainu. Ji atrodo tarsi nupie\u0161ta pie\u0161tuku \u2013 dominuoja pilki, juodai balti tonai, kurie suteikia fig\u016br\u0117lei i\u0161skirtin\u0119, minimalistin\u0119 estetik\u0105. Pinokis perteiktas su visais jam b\u016bdingais bruo\u017eais, ta\u010diau stilizuotas taip, kad primint\u0173 ankstyv\u0105 animacijos arba eskizinio pie\u0161inio versij\u0105.Fig\u016br\u0117l\u0117s auk\u0161tis yra ma\u017edaug 10\u201311 centimetr\u0173 \u2013 tai standartinis POP! linijos dydis, tod\u0117l ji lengvai \u012fsilieja \u012f bet kuri\u0105 kolekcij\u0105. Pagaminta i\u0161 kokybi\u0161ko vinilo ir pateikiama su klasikine \u201ewindow box\u201c d\u0117\u017eute, kuri leid\u017eia j\u0105 saugiai eksponuoti nei\u0161imant i\u0161 pakuot\u0117s. \u0160i Pinokio versija ypa\u010d patiks kolekcionieriams ir Disney gerb\u0117jams, ie\u0161kantiems ka\u017eko i\u0161skirtinio \u2013 eskizo stilius i\u0161siskiria i\u0161 \u012fprast\u0173 spalvot\u0173 fig\u016br\u0117li\u0173, tod\u0117l puikiai tinka dekorui ar kolekcijos akcentui.<\/p>","protected":false},"excerpt":{"rendered":"<p>Funko POP Disney: Sketched \u2013 Pinocchio yra kolekcin\u0117 vinilin\u0117 fig\u016br\u0117l\u0117 i\u0161 \u201eSketched\u201c serijos, pasi\u017eyminti unikaliu eskizo stiliaus dizainu. Ji atrodo<\/p>","protected":false},"featured_media":38283,"comment_status":"open","ping_status":"closed","template":"","meta":[],"product_brand":[426],"product_cat":[680,409,446],"product_tag":[],"class_list":{"0":"post-38282","1":"product","2":"type-product","3":"status-publish","4":"has-post-thumbnail","6":"product_brand-funko-pop","7":"product_cat-figureles","8":"product_cat-funko-pop","9":"product_cat-pop-disney","11":"first","12":"instock","13":"taxable","14":"shipping-taxable","15":"purchasable","16":"product-type-simple"},"yoast_head":"<!-- This site is optimized with the Yoast SEO plugin v25.9 - https:\/\/yoast.com\/wordpress\/plugins\/seo\/ -->\n<title>Pop! Sketched \u2013 Pinocchio - Collectin.eu<\/title>\n<meta name=\"description\" content=\"Funko POP Disney: Sketched \u2013 Pinocchio yra kolekcin\u0117 vinilin\u0117 fig\u016br\u0117l\u0117 i\u0161 \u201eSketched\u201c serijos, pasi\u017eyminti unikaliu eskizo stiliaus dizainu.\" \/>\n<meta name=\"robots\" content=\"index, follow, max-snippet:-1, max-image-preview:large, max-video-preview:-1\" \/>\n<link rel=\"canonical\" href=\"https:\/\/collectin.eu\/en\/product\/pop-sketched-pinokis\/\" \/>\n<meta property=\"og:locale\" content=\"en_US\" \/>\n<meta property=\"og:type\" content=\"article\" \/>\n<meta property=\"og:title\" content=\"Pop! Sketched \u2013 Pinocchio - Collectin.eu\" \/>\n<meta property=\"og:description\" content=\"Funko POP Disney: Sketched \u2013 Pinocchio yra kolekcin\u0117 vinilin\u0117 fig\u016br\u0117l\u0117 i\u0161 \u201eSketched\u201c serijos, pasi\u017eyminti unikaliu eskizo stiliaus dizainu.\" \/>\n<meta property=\"og:url\" content=\"https:\/\/collectin.eu\/en\/product\/pop-sketched-pinokis\/\" \/>\n<meta property=\"og:site_name\" content=\"Collectin.eu\" \/>\n<meta property=\"article:modified_time\" content=\"2026-04-08T10:27:09+00:00\" \/>\n<meta property=\"og:image\" content=\"http:\/\/collectin.eu\/wp-content\/uploads\/2025\/12\/Untitled-design-12.png\" \/>\n\t<meta property=\"og:image:width\" content=\"1080\" \/>\n\t<meta property=\"og:image:height\" content=\"1080\" \/>\n\t<meta property=\"og:image:type\" content=\"image\/png\" \/>\n<meta name=\"twitter:card\" content=\"summary_large_image\" \/>\n<meta name=\"twitter:label1\" content=\"Est. reading time\" \/>\n\t<meta name=\"twitter:data1\" content=\"1 minute\" \/>\n<script type=\"application\/ld+json\" class=\"yoast-schema-graph\">{\"@context\":\"https:\/\/schema.org\",\"@graph\":[{\"@type\":\"WebPage\",\"@id\":\"https:\/\/collectin.eu\/produktas\/pop-sketched-pinokis\/\",\"url\":\"https:\/\/collectin.eu\/produktas\/pop-sketched-pinokis\/\",\"name\":\"Pop! Sketched \u2013 Pinocchio - Collectin.eu\",\"isPartOf\":{\"@id\":\"https:\/\/collectin.eu\/#website\"},\"primaryImageOfPage\":{\"@id\":\"https:\/\/collectin.eu\/produktas\/pop-sketched-pinokis\/#primaryimage\"},\"image\":{\"@id\":\"https:\/\/collectin.eu\/produktas\/pop-sketched-pinokis\/#primaryimage\"},\"thumbnailUrl\":\"https:\/\/collectin.eu\/wp-content\/uploads\/2025\/12\/Untitled-design-12.png\",\"datePublished\":\"2025-12-08T05:45:39+00:00\",\"dateModified\":\"2026-04-08T10:27:09+00:00\",\"description\":\"Funko POP Disney: Sketched \u2013 Pinocchio yra kolekcin\u0117 vinilin\u0117 fig\u016br\u0117l\u0117 i\u0161 \u201eSketched\u201c serijos, pasi\u017eyminti unikaliu eskizo stiliaus dizainu.\",\"breadcrumb\":{\"@id\":\"https:\/\/collectin.eu\/produktas\/pop-sketched-pinokis\/#breadcrumb\"},\"inLanguage\":\"en-US\",\"potentialAction\":[{\"@type\":\"ReadAction\",\"target\":[\"https:\/\/collectin.eu\/produktas\/pop-sketched-pinokis\/\"]}]},{\"@type\":\"ImageObject\",\"inLanguage\":\"en-US\",\"@id\":\"https:\/\/collectin.eu\/produktas\/pop-sketched-pinokis\/#primaryimage\",\"url\":\"https:\/\/collectin.eu\/wp-content\/uploads\/2025\/12\/Untitled-design-12.png\",\"contentUrl\":\"https:\/\/collectin.eu\/wp-content\/uploads\/2025\/12\/Untitled-design-12.png\",\"width\":1080,\"height\":1080},{\"@type\":\"BreadcrumbList\",\"@id\":\"https:\/\/collectin.eu\/produktas\/pop-sketched-pinokis\/#breadcrumb\",\"itemListElement\":[{\"@type\":\"ListItem\",\"position\":1,\"name\":\"Home\",\"item\":\"https:\/\/collectin.eu\/\"},{\"@type\":\"ListItem\",\"position\":2,\"name\":\"Parduotuv\u0117\",\"item\":\"https:\/\/collectin.eu\/parduotuve\/\"},{\"@type\":\"ListItem\",\"position\":3,\"name\":\"Pop! Sketched \u2013 Pinocchio\"}]},{\"@type\":\"WebSite\",\"@id\":\"https:\/\/collectin.eu\/#website\",\"url\":\"https:\/\/collectin.eu\/\",\"name\":\"Collectin.eu\",\"description\":\"\",\"potentialAction\":[{\"@type\":\"SearchAction\",\"target\":{\"@type\":\"EntryPoint\",\"urlTemplate\":\"https:\/\/collectin.eu\/?s={search_term_string}\"},\"query-input\":{\"@type\":\"PropertyValueSpecification\",\"valueRequired\":true,\"valueName\":\"search_term_string\"}}],\"inLanguage\":\"en-US\"}]}<\/script>\n<!-- \/ Yoast SEO plugin. -->","yoast_head_json":{"title":"Pop! Sketched \u2013 Pinocchio - Collectin.eu","description":"Funko POP Disney: Sketched \u2013 Pinocchio yra kolekcin\u0117 vinilin\u0117 fig\u016br\u0117l\u0117 i\u0161 \u201eSketched\u201c serijos, pasi\u017eyminti unikaliu eskizo stiliaus dizainu.","robots":{"index":"index","follow":"follow","max-snippet":"max-snippet:-1","max-image-preview":"max-image-preview:large","max-video-preview":"max-video-preview:-1"},"canonical":"https:\/\/collectin.eu\/en\/product\/pop-sketched-pinokis\/","og_locale":"en_US","og_type":"article","og_title":"Pop! Sketched \u2013 Pinocchio - Collectin.eu","og_description":"Funko POP Disney: Sketched \u2013 Pinocchio yra kolekcin\u0117 vinilin\u0117 fig\u016br\u0117l\u0117 i\u0161 \u201eSketched\u201c serijos, pasi\u017eyminti unikaliu eskizo stiliaus dizainu.","og_url":"https:\/\/collectin.eu\/en\/product\/pop-sketched-pinokis\/","og_site_name":"Collectin.eu","article_modified_time":"2026-04-08T10:27:09+00:00","og_image":[{"width":1080,"height":1080,"url":"http:\/\/collectin.eu\/wp-content\/uploads\/2025\/12\/Untitled-design-12.png","type":"image\/png"}],"twitter_card":"summary_large_image","twitter_misc":{"Est. reading time":"1 minute"},"schema":{"@context":"https:\/\/schema.org","@graph":[{"@type":"WebPage","@id":"https:\/\/collectin.eu\/produktas\/pop-sketched-pinokis\/","url":"https:\/\/collectin.eu\/produktas\/pop-sketched-pinokis\/","name":"Pop! Sketched \u2013 Pinocchio - Collectin.eu","isPartOf":{"@id":"https:\/\/collectin.eu\/#website"},"primaryImageOfPage":{"@id":"https:\/\/collectin.eu\/produktas\/pop-sketched-pinokis\/#primaryimage"},"image":{"@id":"https:\/\/collectin.eu\/produktas\/pop-sketched-pinokis\/#primaryimage"},"thumbnailUrl":"https:\/\/collectin.eu\/wp-content\/uploads\/2025\/12\/Untitled-design-12.png","datePublished":"2025-12-08T05:45:39+00:00","dateModified":"2026-04-08T10:27:09+00:00","description":"Funko POP Disney: Sketched \u2013 Pinocchio yra kolekcin\u0117 vinilin\u0117 fig\u016br\u0117l\u0117 i\u0161 \u201eSketched\u201c serijos, pasi\u017eyminti unikaliu eskizo stiliaus dizainu.","breadcrumb":{"@id":"https:\/\/collectin.eu\/produktas\/pop-sketched-pinokis\/#breadcrumb"},"inLanguage":"en-US","potentialAction":[{"@type":"ReadAction","target":["https:\/\/collectin.eu\/produktas\/pop-sketched-pinokis\/"]}]},{"@type":"ImageObject","inLanguage":"en-US","@id":"https:\/\/collectin.eu\/produktas\/pop-sketched-pinokis\/#primaryimage","url":"https:\/\/collectin.eu\/wp-content\/uploads\/2025\/12\/Untitled-design-12.png","contentUrl":"https:\/\/collectin.eu\/wp-content\/uploads\/2025\/12\/Untitled-design-12.png","width":1080,"height":1080},{"@type":"BreadcrumbList","@id":"https:\/\/collectin.eu\/produktas\/pop-sketched-pinokis\/#breadcrumb","itemListElement":[{"@type":"ListItem","position":1,"name":"Home","item":"https:\/\/collectin.eu\/"},{"@type":"ListItem","position":2,"name":"Parduotuv\u0117","item":"https:\/\/collectin.eu\/parduotuve\/"},{"@type":"ListItem","position":3,"name":"Pop! Sketched \u2013 Pinocchio"}]},{"@type":"WebSite","@id":"https:\/\/collectin.eu\/#website","url":"https:\/\/collectin.eu\/","name":"Collectin.eu","description":"","potentialAction":[{"@type":"SearchAction","target":{"@type":"EntryPoint","urlTemplate":"https:\/\/collectin.eu\/?s={search_term_string}"},"query-input":{"@type":"PropertyValueSpecification","valueRequired":true,"valueName":"search_term_string"}}],"inLanguage":"en-US"}]}},"jetpack_sharing_enabled":true,"_links":{"self":[{"href":"https:\/\/collectin.eu\/en\/wp-json\/wp\/v2\/product\/38282","targetHints":{"allow":["GET"]}}],"collection":[{"href":"https:\/\/collectin.eu\/en\/wp-json\/wp\/v2\/product"}],"about":[{"href":"https:\/\/collectin.eu\/en\/wp-json\/wp\/v2\/types\/product"}],"replies":[{"embeddable":true,"href":"https:\/\/collectin.eu\/en\/wp-json\/wp\/v2\/comments?post=38282"}],"version-history":[{"count":3,"href":"https:\/\/collectin.eu\/en\/wp-json\/wp\/v2\/product\/38282\/revisions"}],"predecessor-version":[{"id":40161,"href":"https:\/\/collectin.eu\/en\/wp-json\/wp\/v2\/product\/38282\/revisions\/40161"}],"wp:featuredmedia":[{"embeddable":true,"href":"https:\/\/collectin.eu\/en\/wp-json\/wp\/v2\/media\/38283"}],"wp:attachment":[{"href":"https:\/\/collectin.eu\/en\/wp-json\/wp\/v2\/media?parent=38282"}],"wp:term":[{"taxonomy":"product_brand","embeddable":true,"href":"https:\/\/collectin.eu\/en\/wp-json\/wp\/v2\/product_brand?post=38282"},{"taxonomy":"product_cat","embeddable":true,"href":"https:\/\/collectin.eu\/en\/wp-json\/wp\/v2\/product_cat?post=38282"},{"taxonomy":"product_tag","embeddable":true,"href":"https:\/\/collectin.eu\/en\/wp-json\/wp\/v2\/product_tag?post=38282"}],"curies":[{"name":"wp","href":"https:\/\/api.w.org\/{rel}","templated":true}]}}