{"id":38288,"date":"2025-12-08T05:52:15","date_gmt":"2025-12-08T05:52:15","guid":{"rendered":"https:\/\/collectin.eu\/?post_type=product&#038;p=38288"},"modified":"2026-04-08T10:27:08","modified_gmt":"2026-04-08T10:27:08","slug":"pop-rafaelis","status":"publish","type":"product","link":"https:\/\/collectin.eu\/en\/product\/pop-rafaelis\/","title":{"rendered":"Pop! Raphael (The Last Ronin)"},"content":{"rendered":"<p>Funko POP! Raphael (The Last Ronin) yra kolekcin\u0117 vinilin\u0117 fig\u016br\u0117l\u0117, sukurta pagal tamsesn\u0119, brandesn\u0119 \u201eTeenage Mutant Ninja Turtles: The Last Ronin\u201c komiks\u0173 istorij\u0105, kurioje Raphael vaizduojamas kaip vienas paskutini\u0173j\u0173 kovotoj\u0173 po broli\u0173 netekties. Fig\u016br\u0117l\u0117 i\u0161laiko ikonines POP! linijos proporcijas \u2013 didesn\u0119 galv\u0105, stilizuotas veido ir k\u016bno formas, ta\u010diau tuo pa\u010diu perteikia ni\u016bresn\u0119, dramati\u0161kesn\u0119 \u0161io persona\u017eo versij\u0105. Raphael pavaizduotas su savo klasikiniais ginklais \u2014 sais, d\u0117vintis tamsesn\u0119, kovai pritaikyt\u0105 aprang\u0105, o jo poza i\u0161rei\u0161kia ry\u017et\u0105 ir kovin\u0119 dvasi\u0105. Fig\u016br\u0117l\u0117s auk\u0161tis yra apie 9\u201310 cm, tad ji puikiai tinka tiek kolekcionavimui, tiek eksponavimui ant lentynos. Standartin\u0117 \u201ewindow box\u201c pakuot\u0117 leid\u017eia prek\u0119 saugiai laikyti nei\u0161pakuot\u0105 arba eksponuoti d\u0117\u017eut\u0117je kartu su likusia kolekcija.<\/p>","protected":false},"excerpt":{"rendered":"<p>Funko POP! Raphael (The Last Ronin) yra kolekcin\u0117 vinilin\u0117 fig\u016br\u0117l\u0117, sukurta pagal tamsesn\u0119, brandesn\u0119 \u201eTeenage Mutant Ninja Turtles: The Last<\/p>","protected":false},"featured_media":38289,"comment_status":"open","ping_status":"closed","template":"","meta":[],"product_brand":[426],"product_cat":[680,409,448],"product_tag":[],"class_list":{"0":"post-38288","1":"product","2":"type-product","3":"status-publish","4":"has-post-thumbnail","6":"product_brand-funko-pop","7":"product_cat-figureles","8":"product_cat-funko-pop","9":"product_cat-pop-movies","11":"first","12":"instock","13":"taxable","14":"shipping-taxable","15":"purchasable","16":"product-type-simple"},"yoast_head":"<!-- This site is optimized with the Yoast SEO plugin v25.9 - https:\/\/yoast.com\/wordpress\/plugins\/seo\/ -->\n<title>Pop! Raphael (The Last Ronin) - Collectin.eu<\/title>\n<meta name=\"description\" content=\"Funko POP! Raphael (The Last Ronin) yra kolekcin\u0117 vinilin\u0117 fig\u016br\u0117l\u0117, sukurta pagal tamsesn\u0119, brandesn\u0119 \u201eTeenage Mutant Ninja Turtles: The Last Ronin\u201c komiks\u0173 istorij\u0105\" \/>\n<meta name=\"robots\" content=\"index, follow, max-snippet:-1, max-image-preview:large, max-video-preview:-1\" \/>\n<link rel=\"canonical\" href=\"https:\/\/collectin.eu\/en\/product\/pop-rafaelis\/\" \/>\n<meta property=\"og:locale\" content=\"en_US\" \/>\n<meta property=\"og:type\" content=\"article\" \/>\n<meta property=\"og:title\" content=\"Pop! Raphael (The Last Ronin) - Collectin.eu\" \/>\n<meta property=\"og:description\" content=\"Funko POP! Raphael (The Last Ronin) yra kolekcin\u0117 vinilin\u0117 fig\u016br\u0117l\u0117, sukurta pagal tamsesn\u0119, brandesn\u0119 \u201eTeenage Mutant Ninja Turtles: The Last Ronin\u201c komiks\u0173 istorij\u0105\" \/>\n<meta property=\"og:url\" content=\"https:\/\/collectin.eu\/en\/product\/pop-rafaelis\/\" \/>\n<meta property=\"og:site_name\" content=\"Collectin.eu\" \/>\n<meta property=\"article:modified_time\" content=\"2026-04-08T10:27:08+00:00\" \/>\n<meta property=\"og:image\" content=\"http:\/\/collectin.eu\/wp-content\/uploads\/2025\/12\/Untitled-design-3-1.png\" \/>\n\t<meta property=\"og:image:width\" content=\"1080\" \/>\n\t<meta property=\"og:image:height\" content=\"1080\" \/>\n\t<meta property=\"og:image:type\" content=\"image\/png\" \/>\n<meta name=\"twitter:card\" content=\"summary_large_image\" \/>\n<meta name=\"twitter:label1\" content=\"Est. reading time\" \/>\n\t<meta name=\"twitter:data1\" content=\"1 minute\" \/>\n<script type=\"application\/ld+json\" class=\"yoast-schema-graph\">{\"@context\":\"https:\/\/schema.org\",\"@graph\":[{\"@type\":\"WebPage\",\"@id\":\"https:\/\/collectin.eu\/produktas\/pop-rafaelis\/\",\"url\":\"https:\/\/collectin.eu\/produktas\/pop-rafaelis\/\",\"name\":\"Pop! Raphael (The Last Ronin) - Collectin.eu\",\"isPartOf\":{\"@id\":\"https:\/\/collectin.eu\/#website\"},\"primaryImageOfPage\":{\"@id\":\"https:\/\/collectin.eu\/produktas\/pop-rafaelis\/#primaryimage\"},\"image\":{\"@id\":\"https:\/\/collectin.eu\/produktas\/pop-rafaelis\/#primaryimage\"},\"thumbnailUrl\":\"https:\/\/collectin.eu\/wp-content\/uploads\/2025\/12\/Untitled-design-3-1.png\",\"datePublished\":\"2025-12-08T05:52:15+00:00\",\"dateModified\":\"2026-04-08T10:27:08+00:00\",\"description\":\"Funko POP! Raphael (The Last Ronin) yra kolekcin\u0117 vinilin\u0117 fig\u016br\u0117l\u0117, sukurta pagal tamsesn\u0119, brandesn\u0119 \u201eTeenage Mutant Ninja Turtles: The Last Ronin\u201c komiks\u0173 istorij\u0105\",\"breadcrumb\":{\"@id\":\"https:\/\/collectin.eu\/produktas\/pop-rafaelis\/#breadcrumb\"},\"inLanguage\":\"en-US\",\"potentialAction\":[{\"@type\":\"ReadAction\",\"target\":[\"https:\/\/collectin.eu\/produktas\/pop-rafaelis\/\"]}]},{\"@type\":\"ImageObject\",\"inLanguage\":\"en-US\",\"@id\":\"https:\/\/collectin.eu\/produktas\/pop-rafaelis\/#primaryimage\",\"url\":\"https:\/\/collectin.eu\/wp-content\/uploads\/2025\/12\/Untitled-design-3-1.png\",\"contentUrl\":\"https:\/\/collectin.eu\/wp-content\/uploads\/2025\/12\/Untitled-design-3-1.png\",\"width\":1080,\"height\":1080},{\"@type\":\"BreadcrumbList\",\"@id\":\"https:\/\/collectin.eu\/produktas\/pop-rafaelis\/#breadcrumb\",\"itemListElement\":[{\"@type\":\"ListItem\",\"position\":1,\"name\":\"Home\",\"item\":\"https:\/\/collectin.eu\/\"},{\"@type\":\"ListItem\",\"position\":2,\"name\":\"Parduotuv\u0117\",\"item\":\"https:\/\/collectin.eu\/parduotuve\/\"},{\"@type\":\"ListItem\",\"position\":3,\"name\":\"Pop! Raphael (The Last Ronin)\"}]},{\"@type\":\"WebSite\",\"@id\":\"https:\/\/collectin.eu\/#website\",\"url\":\"https:\/\/collectin.eu\/\",\"name\":\"Collectin.eu\",\"description\":\"\",\"potentialAction\":[{\"@type\":\"SearchAction\",\"target\":{\"@type\":\"EntryPoint\",\"urlTemplate\":\"https:\/\/collectin.eu\/?s={search_term_string}\"},\"query-input\":{\"@type\":\"PropertyValueSpecification\",\"valueRequired\":true,\"valueName\":\"search_term_string\"}}],\"inLanguage\":\"en-US\"}]}<\/script>\n<!-- \/ Yoast SEO plugin. -->","yoast_head_json":{"title":"Pop! Raphael (The Last Ronin) - Collectin.eu","description":"Funko POP! Raphael (The Last Ronin) yra kolekcin\u0117 vinilin\u0117 fig\u016br\u0117l\u0117, sukurta pagal tamsesn\u0119, brandesn\u0119 \u201eTeenage Mutant Ninja Turtles: The Last Ronin\u201c komiks\u0173 istorij\u0105","robots":{"index":"index","follow":"follow","max-snippet":"max-snippet:-1","max-image-preview":"max-image-preview:large","max-video-preview":"max-video-preview:-1"},"canonical":"https:\/\/collectin.eu\/en\/product\/pop-rafaelis\/","og_locale":"en_US","og_type":"article","og_title":"Pop! Raphael (The Last Ronin) - Collectin.eu","og_description":"Funko POP! Raphael (The Last Ronin) yra kolekcin\u0117 vinilin\u0117 fig\u016br\u0117l\u0117, sukurta pagal tamsesn\u0119, brandesn\u0119 \u201eTeenage Mutant Ninja Turtles: The Last Ronin\u201c komiks\u0173 istorij\u0105","og_url":"https:\/\/collectin.eu\/en\/product\/pop-rafaelis\/","og_site_name":"Collectin.eu","article_modified_time":"2026-04-08T10:27:08+00:00","og_image":[{"width":1080,"height":1080,"url":"http:\/\/collectin.eu\/wp-content\/uploads\/2025\/12\/Untitled-design-3-1.png","type":"image\/png"}],"twitter_card":"summary_large_image","twitter_misc":{"Est. reading time":"1 minute"},"schema":{"@context":"https:\/\/schema.org","@graph":[{"@type":"WebPage","@id":"https:\/\/collectin.eu\/produktas\/pop-rafaelis\/","url":"https:\/\/collectin.eu\/produktas\/pop-rafaelis\/","name":"Pop! Raphael (The Last Ronin) - Collectin.eu","isPartOf":{"@id":"https:\/\/collectin.eu\/#website"},"primaryImageOfPage":{"@id":"https:\/\/collectin.eu\/produktas\/pop-rafaelis\/#primaryimage"},"image":{"@id":"https:\/\/collectin.eu\/produktas\/pop-rafaelis\/#primaryimage"},"thumbnailUrl":"https:\/\/collectin.eu\/wp-content\/uploads\/2025\/12\/Untitled-design-3-1.png","datePublished":"2025-12-08T05:52:15+00:00","dateModified":"2026-04-08T10:27:08+00:00","description":"Funko POP! Raphael (The Last Ronin) yra kolekcin\u0117 vinilin\u0117 fig\u016br\u0117l\u0117, sukurta pagal tamsesn\u0119, brandesn\u0119 \u201eTeenage Mutant Ninja Turtles: The Last Ronin\u201c komiks\u0173 istorij\u0105","breadcrumb":{"@id":"https:\/\/collectin.eu\/produktas\/pop-rafaelis\/#breadcrumb"},"inLanguage":"en-US","potentialAction":[{"@type":"ReadAction","target":["https:\/\/collectin.eu\/produktas\/pop-rafaelis\/"]}]},{"@type":"ImageObject","inLanguage":"en-US","@id":"https:\/\/collectin.eu\/produktas\/pop-rafaelis\/#primaryimage","url":"https:\/\/collectin.eu\/wp-content\/uploads\/2025\/12\/Untitled-design-3-1.png","contentUrl":"https:\/\/collectin.eu\/wp-content\/uploads\/2025\/12\/Untitled-design-3-1.png","width":1080,"height":1080},{"@type":"BreadcrumbList","@id":"https:\/\/collectin.eu\/produktas\/pop-rafaelis\/#breadcrumb","itemListElement":[{"@type":"ListItem","position":1,"name":"Home","item":"https:\/\/collectin.eu\/"},{"@type":"ListItem","position":2,"name":"Parduotuv\u0117","item":"https:\/\/collectin.eu\/parduotuve\/"},{"@type":"ListItem","position":3,"name":"Pop! Raphael (The Last Ronin)"}]},{"@type":"WebSite","@id":"https:\/\/collectin.eu\/#website","url":"https:\/\/collectin.eu\/","name":"Collectin.eu","description":"","potentialAction":[{"@type":"SearchAction","target":{"@type":"EntryPoint","urlTemplate":"https:\/\/collectin.eu\/?s={search_term_string}"},"query-input":{"@type":"PropertyValueSpecification","valueRequired":true,"valueName":"search_term_string"}}],"inLanguage":"en-US"}]}},"jetpack_sharing_enabled":true,"_links":{"self":[{"href":"https:\/\/collectin.eu\/en\/wp-json\/wp\/v2\/product\/38288","targetHints":{"allow":["GET"]}}],"collection":[{"href":"https:\/\/collectin.eu\/en\/wp-json\/wp\/v2\/product"}],"about":[{"href":"https:\/\/collectin.eu\/en\/wp-json\/wp\/v2\/types\/product"}],"replies":[{"embeddable":true,"href":"https:\/\/collectin.eu\/en\/wp-json\/wp\/v2\/comments?post=38288"}],"version-history":[{"count":3,"href":"https:\/\/collectin.eu\/en\/wp-json\/wp\/v2\/product\/38288\/revisions"}],"predecessor-version":[{"id":40162,"href":"https:\/\/collectin.eu\/en\/wp-json\/wp\/v2\/product\/38288\/revisions\/40162"}],"wp:featuredmedia":[{"embeddable":true,"href":"https:\/\/collectin.eu\/en\/wp-json\/wp\/v2\/media\/38289"}],"wp:attachment":[{"href":"https:\/\/collectin.eu\/en\/wp-json\/wp\/v2\/media?parent=38288"}],"wp:term":[{"taxonomy":"product_brand","embeddable":true,"href":"https:\/\/collectin.eu\/en\/wp-json\/wp\/v2\/product_brand?post=38288"},{"taxonomy":"product_cat","embeddable":true,"href":"https:\/\/collectin.eu\/en\/wp-json\/wp\/v2\/product_cat?post=38288"},{"taxonomy":"product_tag","embeddable":true,"href":"https:\/\/collectin.eu\/en\/wp-json\/wp\/v2\/product_tag?post=38288"}],"curies":[{"name":"wp","href":"https:\/\/api.w.org\/{rel}","templated":true}]}}