{"id":38293,"date":"2025-12-08T05:57:56","date_gmt":"2025-12-08T05:57:56","guid":{"rendered":"https:\/\/collectin.eu\/?post_type=product&#038;p=38293"},"modified":"2026-04-08T10:27:08","modified_gmt":"2026-04-08T10:27:08","slug":"pop-luke-skywalker","status":"publish","type":"product","link":"https:\/\/collectin.eu\/en\/product\/pop-luke-skywalker\/","title":{"rendered":"Pop! Luke Skywalker"},"content":{"rendered":"<div class=\"text-base my-auto mx-auto [--thread-content-margin:--spacing(4)] @w-sm\/main:[--thread-content-margin:--spacing(6)] @w-lg\/main:[--thread-content-margin:--spacing(16)] px-(--thread-content-margin)\">\n<div class=\"[--thread-content-max-width:40rem] @w-lg\/main:[--thread-content-max-width:48rem] mx-auto max-w-(--thread-content-max-width) flex-1 group\/turn-messages focus-visible:outline-hidden relative flex w-full min-w-0 flex-col agent-turn\" tabindex=\"-1\">\n<div class=\"flex max-w-full flex-col grow\">\n<div class=\"min-h-8 text-message relative flex w-full flex-col items-end gap-2 text-start break-words whitespace-normal [.text-message+&amp;]:mt-1\" dir=\"auto\" data-message-author-role=\"assistant\" data-message-id=\"e05bae0f-1727-4daf-8c57-4f424d2260e2\" data-message-model-slug=\"gpt-5-1\">\n<div class=\"flex w-full flex-col gap-1 empty:hidden first:pt-[1px]\">\n<div class=\"streaming-animation markdown prose dark:prose-invert w-full break-words dark markdown-new-styling\">\n<p data-start=\"0\" data-end=\"768\" data-is-last-node=\"\" data-is-only-node=\"\">Funko Pop Star Wars: Luke Skywalker #764 yra kolekcin\u0117 vinilin\u0117 fig\u016br\u0117l\u0117, vaizduojanti jaun\u0105 Luk\u0105 i\u0161 originalios \u201eStar Wars: A New Hope\u201c trilogijos laikotarpio. \u0160i fig\u016br\u0117l\u0117 perteikia ikonin\u012f Luko \u012fvaizd\u012f su sm\u0117lio spalvos Tatooine apranga, dir\u017eu ir minimalistine aprangos detale, kuri atspindi jo ankstyv\u0105j\u0105 kelion\u0117s prad\u017ei\u0105 prie\u0161 tampant d\u017eedajumi. Kaip ir visos POP! serijos fig\u016br\u0117l\u0117s, \u0161i turi didesn\u0119, stilizuot\u0105 galv\u0105, ry\u0161kias proporcijas ir \u0161varias linijas, tod\u0117l atrodo \u017eaismingai, ta\u010diau i\u0161laiko atpa\u017e\u012fstam\u0105 persona\u017eo charakter\u012f. Fig\u016br\u0117l\u0117s auk\u0161tis yra apie 10\u201311 cm, tod\u0117l ji lengvai telpa lentynoje ar vitrinoje. Prek\u0117 pateikiama \u201ewindow box\u201c tipo pakuot\u0117je, tinkamoje tiek kolekcionavimui nei\u0161pakuot\u0105, tiek eksponavimui kartu su kitomis Star Wars fig\u016br\u0117l\u0117mis.<\/p>\n<\/div>\n<\/div>\n<\/div>\n<\/div>\n<\/div>\n<\/div>\n","protected":false},"excerpt":{"rendered":"<p>Funko Pop Star Wars: Luke Skywalker #764 yra kolekcin\u0117 vinilin\u0117 fig\u016br\u0117l\u0117, vaizduojanti jaun\u0105 Luk\u0105 i\u0161 originalios \u201eStar Wars: A New<\/p>","protected":false},"featured_media":38294,"comment_status":"open","ping_status":"closed","template":"","meta":[],"product_brand":[426],"product_cat":[680,409,448],"product_tag":[],"class_list":{"0":"post-38293","1":"product","2":"type-product","3":"status-publish","4":"has-post-thumbnail","6":"product_brand-funko-pop","7":"product_cat-figureles","8":"product_cat-funko-pop","9":"product_cat-pop-movies","11":"first","12":"instock","13":"taxable","14":"shipping-taxable","15":"purchasable","16":"product-type-simple"},"yoast_head":"<!-- This site is optimized with the Yoast SEO plugin v25.9 - https:\/\/yoast.com\/wordpress\/plugins\/seo\/ -->\n<title>Pop! Luke Skywalker - Collectin.eu<\/title>\n<meta name=\"description\" content=\"Fig\u016br\u0117l\u0117 yra klasikinio POP! formato \u2014 su stilingai perd\u0117ta galva ir k\u016bno proporcijomis, b\u016bdingomis visiems POP!, ta\u010diau subtiliai i\u0161rei\u0161kianti Luko jaunatvi\u0161k\u0105 ir optimisti\u0161k\u0105 i\u0161vaizd\u0105.\" \/>\n<meta name=\"robots\" content=\"index, follow, max-snippet:-1, max-image-preview:large, max-video-preview:-1\" \/>\n<link rel=\"canonical\" href=\"https:\/\/collectin.eu\/en\/product\/pop-luke-skywalker\/\" \/>\n<meta property=\"og:locale\" content=\"en_US\" \/>\n<meta property=\"og:type\" content=\"article\" \/>\n<meta property=\"og:title\" content=\"Pop! Luke Skywalker - Collectin.eu\" \/>\n<meta property=\"og:description\" content=\"Fig\u016br\u0117l\u0117 yra klasikinio POP! formato \u2014 su stilingai perd\u0117ta galva ir k\u016bno proporcijomis, b\u016bdingomis visiems POP!, ta\u010diau subtiliai i\u0161rei\u0161kianti Luko jaunatvi\u0161k\u0105 ir optimisti\u0161k\u0105 i\u0161vaizd\u0105.\" \/>\n<meta property=\"og:url\" content=\"https:\/\/collectin.eu\/en\/product\/pop-luke-skywalker\/\" \/>\n<meta property=\"og:site_name\" content=\"Collectin.eu\" \/>\n<meta property=\"article:modified_time\" content=\"2026-04-08T10:27:08+00:00\" \/>\n<meta property=\"og:image\" content=\"http:\/\/collectin.eu\/wp-content\/uploads\/2025\/12\/Untitled-design-5-1.png\" \/>\n\t<meta property=\"og:image:width\" content=\"1080\" \/>\n\t<meta property=\"og:image:height\" content=\"1080\" \/>\n\t<meta property=\"og:image:type\" content=\"image\/png\" \/>\n<meta name=\"twitter:card\" content=\"summary_large_image\" \/>\n<meta name=\"twitter:label1\" content=\"Est. reading time\" \/>\n\t<meta name=\"twitter:data1\" content=\"1 minute\" \/>\n<script type=\"application\/ld+json\" class=\"yoast-schema-graph\">{\"@context\":\"https:\/\/schema.org\",\"@graph\":[{\"@type\":\"WebPage\",\"@id\":\"https:\/\/collectin.eu\/produktas\/pop-luke-skywalker\/\",\"url\":\"https:\/\/collectin.eu\/produktas\/pop-luke-skywalker\/\",\"name\":\"Pop! Luke Skywalker - Collectin.eu\",\"isPartOf\":{\"@id\":\"https:\/\/collectin.eu\/#website\"},\"primaryImageOfPage\":{\"@id\":\"https:\/\/collectin.eu\/produktas\/pop-luke-skywalker\/#primaryimage\"},\"image\":{\"@id\":\"https:\/\/collectin.eu\/produktas\/pop-luke-skywalker\/#primaryimage\"},\"thumbnailUrl\":\"https:\/\/collectin.eu\/wp-content\/uploads\/2025\/12\/Untitled-design-5-1.png\",\"datePublished\":\"2025-12-08T05:57:56+00:00\",\"dateModified\":\"2026-04-08T10:27:08+00:00\",\"description\":\"Fig\u016br\u0117l\u0117 yra klasikinio POP! formato \u2014 su stilingai perd\u0117ta galva ir k\u016bno proporcijomis, b\u016bdingomis visiems POP!, ta\u010diau subtiliai i\u0161rei\u0161kianti Luko jaunatvi\u0161k\u0105 ir optimisti\u0161k\u0105 i\u0161vaizd\u0105.\",\"breadcrumb\":{\"@id\":\"https:\/\/collectin.eu\/produktas\/pop-luke-skywalker\/#breadcrumb\"},\"inLanguage\":\"en-US\",\"potentialAction\":[{\"@type\":\"ReadAction\",\"target\":[\"https:\/\/collectin.eu\/produktas\/pop-luke-skywalker\/\"]}]},{\"@type\":\"ImageObject\",\"inLanguage\":\"en-US\",\"@id\":\"https:\/\/collectin.eu\/produktas\/pop-luke-skywalker\/#primaryimage\",\"url\":\"https:\/\/collectin.eu\/wp-content\/uploads\/2025\/12\/Untitled-design-5-1.png\",\"contentUrl\":\"https:\/\/collectin.eu\/wp-content\/uploads\/2025\/12\/Untitled-design-5-1.png\",\"width\":1080,\"height\":1080},{\"@type\":\"BreadcrumbList\",\"@id\":\"https:\/\/collectin.eu\/produktas\/pop-luke-skywalker\/#breadcrumb\",\"itemListElement\":[{\"@type\":\"ListItem\",\"position\":1,\"name\":\"Home\",\"item\":\"https:\/\/collectin.eu\/\"},{\"@type\":\"ListItem\",\"position\":2,\"name\":\"Parduotuv\u0117\",\"item\":\"https:\/\/collectin.eu\/parduotuve\/\"},{\"@type\":\"ListItem\",\"position\":3,\"name\":\"Pop! Luke Skywalker\"}]},{\"@type\":\"WebSite\",\"@id\":\"https:\/\/collectin.eu\/#website\",\"url\":\"https:\/\/collectin.eu\/\",\"name\":\"Collectin.eu\",\"description\":\"\",\"potentialAction\":[{\"@type\":\"SearchAction\",\"target\":{\"@type\":\"EntryPoint\",\"urlTemplate\":\"https:\/\/collectin.eu\/?s={search_term_string}\"},\"query-input\":{\"@type\":\"PropertyValueSpecification\",\"valueRequired\":true,\"valueName\":\"search_term_string\"}}],\"inLanguage\":\"en-US\"}]}<\/script>\n<!-- \/ Yoast SEO plugin. -->","yoast_head_json":{"title":"Pop! Luke Skywalker - Collectin.eu","description":"Fig\u016br\u0117l\u0117 yra klasikinio POP! formato \u2014 su stilingai perd\u0117ta galva ir k\u016bno proporcijomis, b\u016bdingomis visiems POP!, ta\u010diau subtiliai i\u0161rei\u0161kianti Luko jaunatvi\u0161k\u0105 ir optimisti\u0161k\u0105 i\u0161vaizd\u0105.","robots":{"index":"index","follow":"follow","max-snippet":"max-snippet:-1","max-image-preview":"max-image-preview:large","max-video-preview":"max-video-preview:-1"},"canonical":"https:\/\/collectin.eu\/en\/product\/pop-luke-skywalker\/","og_locale":"en_US","og_type":"article","og_title":"Pop! Luke Skywalker - Collectin.eu","og_description":"Fig\u016br\u0117l\u0117 yra klasikinio POP! formato \u2014 su stilingai perd\u0117ta galva ir k\u016bno proporcijomis, b\u016bdingomis visiems POP!, ta\u010diau subtiliai i\u0161rei\u0161kianti Luko jaunatvi\u0161k\u0105 ir optimisti\u0161k\u0105 i\u0161vaizd\u0105.","og_url":"https:\/\/collectin.eu\/en\/product\/pop-luke-skywalker\/","og_site_name":"Collectin.eu","article_modified_time":"2026-04-08T10:27:08+00:00","og_image":[{"width":1080,"height":1080,"url":"http:\/\/collectin.eu\/wp-content\/uploads\/2025\/12\/Untitled-design-5-1.png","type":"image\/png"}],"twitter_card":"summary_large_image","twitter_misc":{"Est. reading time":"1 minute"},"schema":{"@context":"https:\/\/schema.org","@graph":[{"@type":"WebPage","@id":"https:\/\/collectin.eu\/produktas\/pop-luke-skywalker\/","url":"https:\/\/collectin.eu\/produktas\/pop-luke-skywalker\/","name":"Pop! Luke Skywalker - Collectin.eu","isPartOf":{"@id":"https:\/\/collectin.eu\/#website"},"primaryImageOfPage":{"@id":"https:\/\/collectin.eu\/produktas\/pop-luke-skywalker\/#primaryimage"},"image":{"@id":"https:\/\/collectin.eu\/produktas\/pop-luke-skywalker\/#primaryimage"},"thumbnailUrl":"https:\/\/collectin.eu\/wp-content\/uploads\/2025\/12\/Untitled-design-5-1.png","datePublished":"2025-12-08T05:57:56+00:00","dateModified":"2026-04-08T10:27:08+00:00","description":"Fig\u016br\u0117l\u0117 yra klasikinio POP! formato \u2014 su stilingai perd\u0117ta galva ir k\u016bno proporcijomis, b\u016bdingomis visiems POP!, ta\u010diau subtiliai i\u0161rei\u0161kianti Luko jaunatvi\u0161k\u0105 ir optimisti\u0161k\u0105 i\u0161vaizd\u0105.","breadcrumb":{"@id":"https:\/\/collectin.eu\/produktas\/pop-luke-skywalker\/#breadcrumb"},"inLanguage":"en-US","potentialAction":[{"@type":"ReadAction","target":["https:\/\/collectin.eu\/produktas\/pop-luke-skywalker\/"]}]},{"@type":"ImageObject","inLanguage":"en-US","@id":"https:\/\/collectin.eu\/produktas\/pop-luke-skywalker\/#primaryimage","url":"https:\/\/collectin.eu\/wp-content\/uploads\/2025\/12\/Untitled-design-5-1.png","contentUrl":"https:\/\/collectin.eu\/wp-content\/uploads\/2025\/12\/Untitled-design-5-1.png","width":1080,"height":1080},{"@type":"BreadcrumbList","@id":"https:\/\/collectin.eu\/produktas\/pop-luke-skywalker\/#breadcrumb","itemListElement":[{"@type":"ListItem","position":1,"name":"Home","item":"https:\/\/collectin.eu\/"},{"@type":"ListItem","position":2,"name":"Parduotuv\u0117","item":"https:\/\/collectin.eu\/parduotuve\/"},{"@type":"ListItem","position":3,"name":"Pop! Luke Skywalker"}]},{"@type":"WebSite","@id":"https:\/\/collectin.eu\/#website","url":"https:\/\/collectin.eu\/","name":"Collectin.eu","description":"","potentialAction":[{"@type":"SearchAction","target":{"@type":"EntryPoint","urlTemplate":"https:\/\/collectin.eu\/?s={search_term_string}"},"query-input":{"@type":"PropertyValueSpecification","valueRequired":true,"valueName":"search_term_string"}}],"inLanguage":"en-US"}]}},"jetpack_sharing_enabled":true,"_links":{"self":[{"href":"https:\/\/collectin.eu\/en\/wp-json\/wp\/v2\/product\/38293","targetHints":{"allow":["GET"]}}],"collection":[{"href":"https:\/\/collectin.eu\/en\/wp-json\/wp\/v2\/product"}],"about":[{"href":"https:\/\/collectin.eu\/en\/wp-json\/wp\/v2\/types\/product"}],"replies":[{"embeddable":true,"href":"https:\/\/collectin.eu\/en\/wp-json\/wp\/v2\/comments?post=38293"}],"version-history":[{"count":3,"href":"https:\/\/collectin.eu\/en\/wp-json\/wp\/v2\/product\/38293\/revisions"}],"predecessor-version":[{"id":40163,"href":"https:\/\/collectin.eu\/en\/wp-json\/wp\/v2\/product\/38293\/revisions\/40163"}],"wp:featuredmedia":[{"embeddable":true,"href":"https:\/\/collectin.eu\/en\/wp-json\/wp\/v2\/media\/38294"}],"wp:attachment":[{"href":"https:\/\/collectin.eu\/en\/wp-json\/wp\/v2\/media?parent=38293"}],"wp:term":[{"taxonomy":"product_brand","embeddable":true,"href":"https:\/\/collectin.eu\/en\/wp-json\/wp\/v2\/product_brand?post=38293"},{"taxonomy":"product_cat","embeddable":true,"href":"https:\/\/collectin.eu\/en\/wp-json\/wp\/v2\/product_cat?post=38293"},{"taxonomy":"product_tag","embeddable":true,"href":"https:\/\/collectin.eu\/en\/wp-json\/wp\/v2\/product_tag?post=38293"}],"curies":[{"name":"wp","href":"https:\/\/api.w.org\/{rel}","templated":true}]}}