{"id":38298,"date":"2025-12-08T06:03:49","date_gmt":"2025-12-08T06:03:49","guid":{"rendered":"https:\/\/collectin.eu\/?post_type=product&#038;p=38298"},"modified":"2026-04-08T10:26:46","modified_gmt":"2026-04-08T10:26:46","slug":"pop-snieguole","status":"publish","type":"product","link":"https:\/\/collectin.eu\/en\/product\/pop-snieguole\/","title":{"rendered":"Pop! Snow White"},"content":{"rendered":"<p>Fig\u016br\u0117l\u0117s auk\u0161tis siekia apie 11,4 cm, tod\u0117l ji puikiai tinka lentynoje, vitrinoje ar darbo stalo kampelyje. Pakuot\u0117 su \u201ewindow box\u201c langeliu leid\u017eia fig\u016br\u0117l\u0119 saugiai laikyti nei\u0161pakuot\u0105 arba eksponuoti kartu su d\u0117\u017eute, kas ypa\u010d aktualu kolekcionieriams, siekiantiems i\u0161laikyti fig\u016br\u0117l\u0117s b\u016bkl\u0119. \u0160i Snieguol\u0117s versija yra puikus pasirinkimas tiek kaip dekoracija, tiek kaip kolekcijos dalis, o taip pat simbolizuoja nostalgij\u0105 klasikin\u0117ms Disney pasakoms.<\/p>","protected":false},"excerpt":{"rendered":"<p>Fig\u016br\u0117l\u0117s auk\u0161tis siekia apie 11,4 cm, tod\u0117l ji puikiai tinka lentynoje, vitrinoje ar darbo stalo kampelyje. Pakuot\u0117 su \u201ewindow box\u201c<\/p>","protected":false},"featured_media":38299,"comment_status":"open","ping_status":"closed","template":"","meta":[],"product_brand":[426],"product_cat":[680,409,446],"product_tag":[],"class_list":{"0":"post-38298","1":"product","2":"type-product","3":"status-publish","4":"has-post-thumbnail","6":"product_brand-funko-pop","7":"product_cat-figureles","8":"product_cat-funko-pop","9":"product_cat-pop-disney","11":"first","12":"instock","13":"taxable","14":"shipping-taxable","15":"purchasable","16":"product-type-simple"},"yoast_head":"<!-- This site is optimized with the Yoast SEO plugin v25.9 - https:\/\/yoast.com\/wordpress\/plugins\/seo\/ -->\n<title>Pop! Snow White - Collectin.eu<\/title>\n<meta name=\"description\" content=\"Funko Pop! Disney: Snow White yra kolekcin\u0117 vinilin\u0117 fig\u016br\u0117l\u0117, vaizduojanti vien\u0105 i\u0161 mylimiausi\u0173 Disney princesi\u0173 \u2013 Snieguol\u0119.\" \/>\n<meta name=\"robots\" content=\"index, follow, max-snippet:-1, max-image-preview:large, max-video-preview:-1\" \/>\n<link rel=\"canonical\" href=\"https:\/\/collectin.eu\/en\/product\/pop-snieguole\/\" \/>\n<meta property=\"og:locale\" content=\"en_US\" \/>\n<meta property=\"og:type\" content=\"article\" \/>\n<meta property=\"og:title\" content=\"Pop! Snow White - Collectin.eu\" \/>\n<meta property=\"og:description\" content=\"Funko Pop! Disney: Snow White yra kolekcin\u0117 vinilin\u0117 fig\u016br\u0117l\u0117, vaizduojanti vien\u0105 i\u0161 mylimiausi\u0173 Disney princesi\u0173 \u2013 Snieguol\u0119.\" \/>\n<meta property=\"og:url\" content=\"https:\/\/collectin.eu\/en\/product\/pop-snieguole\/\" \/>\n<meta property=\"og:site_name\" content=\"Collectin.eu\" \/>\n<meta property=\"article:modified_time\" content=\"2026-04-08T10:26:46+00:00\" \/>\n<meta property=\"og:image\" content=\"http:\/\/collectin.eu\/wp-content\/uploads\/2025\/12\/Untitled-design-7-1.png\" \/>\n\t<meta property=\"og:image:width\" content=\"1080\" \/>\n\t<meta property=\"og:image:height\" content=\"1080\" \/>\n\t<meta property=\"og:image:type\" content=\"image\/png\" \/>\n<meta name=\"twitter:card\" content=\"summary_large_image\" \/>\n<meta name=\"twitter:label1\" content=\"Est. reading time\" \/>\n\t<meta name=\"twitter:data1\" content=\"1 minute\" \/>\n<script type=\"application\/ld+json\" class=\"yoast-schema-graph\">{\"@context\":\"https:\/\/schema.org\",\"@graph\":[{\"@type\":\"WebPage\",\"@id\":\"https:\/\/collectin.eu\/produktas\/pop-snieguole\/\",\"url\":\"https:\/\/collectin.eu\/produktas\/pop-snieguole\/\",\"name\":\"Pop! Snow White - Collectin.eu\",\"isPartOf\":{\"@id\":\"https:\/\/collectin.eu\/#website\"},\"primaryImageOfPage\":{\"@id\":\"https:\/\/collectin.eu\/produktas\/pop-snieguole\/#primaryimage\"},\"image\":{\"@id\":\"https:\/\/collectin.eu\/produktas\/pop-snieguole\/#primaryimage\"},\"thumbnailUrl\":\"https:\/\/collectin.eu\/wp-content\/uploads\/2025\/12\/Untitled-design-7-1.png\",\"datePublished\":\"2025-12-08T06:03:49+00:00\",\"dateModified\":\"2026-04-08T10:26:46+00:00\",\"description\":\"Funko Pop! Disney: Snow White yra kolekcin\u0117 vinilin\u0117 fig\u016br\u0117l\u0117, vaizduojanti vien\u0105 i\u0161 mylimiausi\u0173 Disney princesi\u0173 \u2013 Snieguol\u0119.\",\"breadcrumb\":{\"@id\":\"https:\/\/collectin.eu\/produktas\/pop-snieguole\/#breadcrumb\"},\"inLanguage\":\"en-US\",\"potentialAction\":[{\"@type\":\"ReadAction\",\"target\":[\"https:\/\/collectin.eu\/produktas\/pop-snieguole\/\"]}]},{\"@type\":\"ImageObject\",\"inLanguage\":\"en-US\",\"@id\":\"https:\/\/collectin.eu\/produktas\/pop-snieguole\/#primaryimage\",\"url\":\"https:\/\/collectin.eu\/wp-content\/uploads\/2025\/12\/Untitled-design-7-1.png\",\"contentUrl\":\"https:\/\/collectin.eu\/wp-content\/uploads\/2025\/12\/Untitled-design-7-1.png\",\"width\":1080,\"height\":1080},{\"@type\":\"BreadcrumbList\",\"@id\":\"https:\/\/collectin.eu\/produktas\/pop-snieguole\/#breadcrumb\",\"itemListElement\":[{\"@type\":\"ListItem\",\"position\":1,\"name\":\"Home\",\"item\":\"https:\/\/collectin.eu\/\"},{\"@type\":\"ListItem\",\"position\":2,\"name\":\"Parduotuv\u0117\",\"item\":\"https:\/\/collectin.eu\/parduotuve\/\"},{\"@type\":\"ListItem\",\"position\":3,\"name\":\"Pop! Snow White\"}]},{\"@type\":\"WebSite\",\"@id\":\"https:\/\/collectin.eu\/#website\",\"url\":\"https:\/\/collectin.eu\/\",\"name\":\"Collectin.eu\",\"description\":\"\",\"potentialAction\":[{\"@type\":\"SearchAction\",\"target\":{\"@type\":\"EntryPoint\",\"urlTemplate\":\"https:\/\/collectin.eu\/?s={search_term_string}\"},\"query-input\":{\"@type\":\"PropertyValueSpecification\",\"valueRequired\":true,\"valueName\":\"search_term_string\"}}],\"inLanguage\":\"en-US\"}]}<\/script>\n<!-- \/ Yoast SEO plugin. -->","yoast_head_json":{"title":"Pop! Snow White - Collectin.eu","description":"Funko Pop! Disney: Snow White yra kolekcin\u0117 vinilin\u0117 fig\u016br\u0117l\u0117, vaizduojanti vien\u0105 i\u0161 mylimiausi\u0173 Disney princesi\u0173 \u2013 Snieguol\u0119.","robots":{"index":"index","follow":"follow","max-snippet":"max-snippet:-1","max-image-preview":"max-image-preview:large","max-video-preview":"max-video-preview:-1"},"canonical":"https:\/\/collectin.eu\/en\/product\/pop-snieguole\/","og_locale":"en_US","og_type":"article","og_title":"Pop! Snow White - Collectin.eu","og_description":"Funko Pop! Disney: Snow White yra kolekcin\u0117 vinilin\u0117 fig\u016br\u0117l\u0117, vaizduojanti vien\u0105 i\u0161 mylimiausi\u0173 Disney princesi\u0173 \u2013 Snieguol\u0119.","og_url":"https:\/\/collectin.eu\/en\/product\/pop-snieguole\/","og_site_name":"Collectin.eu","article_modified_time":"2026-04-08T10:26:46+00:00","og_image":[{"width":1080,"height":1080,"url":"http:\/\/collectin.eu\/wp-content\/uploads\/2025\/12\/Untitled-design-7-1.png","type":"image\/png"}],"twitter_card":"summary_large_image","twitter_misc":{"Est. reading time":"1 minute"},"schema":{"@context":"https:\/\/schema.org","@graph":[{"@type":"WebPage","@id":"https:\/\/collectin.eu\/produktas\/pop-snieguole\/","url":"https:\/\/collectin.eu\/produktas\/pop-snieguole\/","name":"Pop! Snow White - Collectin.eu","isPartOf":{"@id":"https:\/\/collectin.eu\/#website"},"primaryImageOfPage":{"@id":"https:\/\/collectin.eu\/produktas\/pop-snieguole\/#primaryimage"},"image":{"@id":"https:\/\/collectin.eu\/produktas\/pop-snieguole\/#primaryimage"},"thumbnailUrl":"https:\/\/collectin.eu\/wp-content\/uploads\/2025\/12\/Untitled-design-7-1.png","datePublished":"2025-12-08T06:03:49+00:00","dateModified":"2026-04-08T10:26:46+00:00","description":"Funko Pop! Disney: Snow White yra kolekcin\u0117 vinilin\u0117 fig\u016br\u0117l\u0117, vaizduojanti vien\u0105 i\u0161 mylimiausi\u0173 Disney princesi\u0173 \u2013 Snieguol\u0119.","breadcrumb":{"@id":"https:\/\/collectin.eu\/produktas\/pop-snieguole\/#breadcrumb"},"inLanguage":"en-US","potentialAction":[{"@type":"ReadAction","target":["https:\/\/collectin.eu\/produktas\/pop-snieguole\/"]}]},{"@type":"ImageObject","inLanguage":"en-US","@id":"https:\/\/collectin.eu\/produktas\/pop-snieguole\/#primaryimage","url":"https:\/\/collectin.eu\/wp-content\/uploads\/2025\/12\/Untitled-design-7-1.png","contentUrl":"https:\/\/collectin.eu\/wp-content\/uploads\/2025\/12\/Untitled-design-7-1.png","width":1080,"height":1080},{"@type":"BreadcrumbList","@id":"https:\/\/collectin.eu\/produktas\/pop-snieguole\/#breadcrumb","itemListElement":[{"@type":"ListItem","position":1,"name":"Home","item":"https:\/\/collectin.eu\/"},{"@type":"ListItem","position":2,"name":"Parduotuv\u0117","item":"https:\/\/collectin.eu\/parduotuve\/"},{"@type":"ListItem","position":3,"name":"Pop! Snow White"}]},{"@type":"WebSite","@id":"https:\/\/collectin.eu\/#website","url":"https:\/\/collectin.eu\/","name":"Collectin.eu","description":"","potentialAction":[{"@type":"SearchAction","target":{"@type":"EntryPoint","urlTemplate":"https:\/\/collectin.eu\/?s={search_term_string}"},"query-input":{"@type":"PropertyValueSpecification","valueRequired":true,"valueName":"search_term_string"}}],"inLanguage":"en-US"}]}},"jetpack_sharing_enabled":true,"_links":{"self":[{"href":"https:\/\/collectin.eu\/en\/wp-json\/wp\/v2\/product\/38298","targetHints":{"allow":["GET"]}}],"collection":[{"href":"https:\/\/collectin.eu\/en\/wp-json\/wp\/v2\/product"}],"about":[{"href":"https:\/\/collectin.eu\/en\/wp-json\/wp\/v2\/types\/product"}],"replies":[{"embeddable":true,"href":"https:\/\/collectin.eu\/en\/wp-json\/wp\/v2\/comments?post=38298"}],"version-history":[{"count":3,"href":"https:\/\/collectin.eu\/en\/wp-json\/wp\/v2\/product\/38298\/revisions"}],"predecessor-version":[{"id":40166,"href":"https:\/\/collectin.eu\/en\/wp-json\/wp\/v2\/product\/38298\/revisions\/40166"}],"wp:featuredmedia":[{"embeddable":true,"href":"https:\/\/collectin.eu\/en\/wp-json\/wp\/v2\/media\/38299"}],"wp:attachment":[{"href":"https:\/\/collectin.eu\/en\/wp-json\/wp\/v2\/media?parent=38298"}],"wp:term":[{"taxonomy":"product_brand","embeddable":true,"href":"https:\/\/collectin.eu\/en\/wp-json\/wp\/v2\/product_brand?post=38298"},{"taxonomy":"product_cat","embeddable":true,"href":"https:\/\/collectin.eu\/en\/wp-json\/wp\/v2\/product_cat?post=38298"},{"taxonomy":"product_tag","embeddable":true,"href":"https:\/\/collectin.eu\/en\/wp-json\/wp\/v2\/product_tag?post=38298"}],"curies":[{"name":"wp","href":"https:\/\/api.w.org\/{rel}","templated":true}]}}