{"id":38303,"date":"2025-12-10T07:23:13","date_gmt":"2025-12-10T07:23:13","guid":{"rendered":"https:\/\/collectin.eu\/?post_type=product&#038;p=38303"},"modified":"2026-04-08T10:26:46","modified_gmt":"2026-04-08T10:26:46","slug":"pop-raudonasis-sergetojas","status":"publish","type":"product","link":"https:\/\/collectin.eu\/en\/product\/pop-raudonasis-sergetojas\/","title":{"rendered":"Pop! Red Guardian"},"content":{"rendered":"<article class=\"text-token-text-primary w-full focus:outline-none [--shadow-height:45px] has-data-writing-block:pointer-events-none has-data-writing-block:-mt-(--shadow-height) has-data-writing-block:pt-(--shadow-height) [&amp;:has([data-writing-block])&gt;*]:pointer-events-auto [content-visibility:auto] supports-[content-visibility:auto]:[contain-intrinsic-size:auto_100lvh] scroll-mt-[calc(var(--header-height)+min(200px,max(70px,20svh)))]\" dir=\"auto\" tabindex=\"-1\" data-turn-id=\"b5f8b395-3c18-4ca4-b12d-7e7eb973c24b\" data-testid=\"conversation-turn-2\" data-scroll-anchor=\"true\" data-turn=\"assistant\">\n<div class=\"text-base my-auto mx-auto pb-10 [--thread-content-margin:--spacing(4)] @w-sm\/main:[--thread-content-margin:--spacing(6)] @w-lg\/main:[--thread-content-margin:--spacing(16)] px-(--thread-content-margin)\">\n<div class=\"[--thread-content-max-width:40rem] @w-lg\/main:[--thread-content-max-width:48rem] mx-auto max-w-(--thread-content-max-width) flex-1 group\/turn-messages focus-visible:outline-hidden relative flex w-full min-w-0 flex-col agent-turn\" tabindex=\"-1\">\n<div class=\"flex max-w-full flex-col grow\">\n<div class=\"min-h-8 text-message relative flex w-full flex-col items-end gap-2 text-start break-words whitespace-normal [.text-message+&amp;]:mt-1\" dir=\"auto\" data-message-author-role=\"assistant\" data-message-id=\"e1b8573c-7846-415a-8cb1-ed4d27ffcb3b\" data-message-model-slug=\"gpt-5-1\">\n<div class=\"flex w-full flex-col gap-1 empty:hidden first:pt-[1px]\">\n<div class=\"markdown prose dark:prose-invert w-full break-words dark markdown-new-styling\">\n<p data-start=\"0\" data-end=\"703\" data-is-last-node=\"\" data-is-only-node=\"\">Pop! Red Guardian (Thunderbolts) \u2013 tai \u012fsp\u016bdingai atrodanti kolekcin\u0117 fig\u016br\u0117l\u0117, \u012fkv\u0117pta \u201eThunderbolts\u201c komandos herojaus, gars\u0117jan\u010dio savo j\u0117ga, ry\u017etu ir nepalau\u017eiama i\u0161tikimybe. Pagaminta i\u0161 auk\u0161tos kokyb\u0117s vinilo, \u0161i fig\u016br\u0117l\u0117 tiksliai atkuria persona\u017eo kostiumo detales \u2013 nuo tamsiai raudon\u0173 \u0161arv\u0173 iki simbolini\u0173 \u017evaig\u017ed\u017ei\u0173 akcent\u0173, suteikian\u010di\u0173 jai autenti\u0161k\u0105 ir i\u0161 karto atpa\u017e\u012fstam\u0105 i\u0161vaizd\u0105. Kompakti\u0161kas dydis leid\u017eia lengvai priderinti j\u0105 prie kit\u0173 \u201eFunko Pop!\u201c kolekcijos nari\u0173, o i\u0161rai\u0161kinga poza suteikia ekspresijos ir heroji\u0161ko charakterio. Tai puikus pasirinkimas tiek \u201eMarvel\u201c visatos gerb\u0117jams, tiek kolekcionieriams, ie\u0161kantiems unikalios ir kokybi\u0161kos detal\u0117s savo lentynai ar vitrinai.<\/p>\n<\/div>\n<\/div>\n<\/div>\n<\/div>\n<div class=\"z-0 flex min-h-[46px] justify-start\"><\/div>\n<div class=\"mt-3 w-full empty:hidden\">\n<div class=\"text-center\"><\/div>\n<\/div>\n<\/div>\n<\/div>\n<\/article>\n<div class=\"pointer-events-none h-px w-px\" aria-hidden=\"true\" data-edge=\"true\"><\/div>\n","protected":false},"excerpt":{"rendered":"<p>Pop! Red Guardian (Thunderbolts) \u2013 tai \u012fsp\u016bdingai atrodanti kolekcin\u0117 fig\u016br\u0117l\u0117, \u012fkv\u0117pta \u201eThunderbolts\u201c komandos herojaus, gars\u0117jan\u010dio savo j\u0117ga, ry\u017etu ir nepalau\u017eiama<\/p>","protected":false},"featured_media":38304,"comment_status":"open","ping_status":"closed","template":"","meta":[],"product_brand":[426],"product_cat":[680,409,441],"product_tag":[],"class_list":{"0":"post-38303","1":"product","2":"type-product","3":"status-publish","4":"has-post-thumbnail","6":"product_brand-funko-pop","7":"product_cat-figureles","8":"product_cat-funko-pop","9":"product_cat-marvel-funko-pop","11":"first","12":"instock","13":"taxable","14":"shipping-taxable","15":"purchasable","16":"product-type-simple"},"yoast_head":"<!-- This site is optimized with the Yoast SEO plugin v25.9 - https:\/\/yoast.com\/wordpress\/plugins\/seo\/ -->\n<title>Pop! Red Guardian - Collectin.eu<\/title>\n<meta name=\"description\" content=\"Pop! Red Guardian (Thunderbolts) \u2013 tai i\u0161skirtin\u0117 \u201eFunko Pop!\u201c kolekcijos fig\u016br\u0117l\u0117, vaizduojanti Raudon\u0105j\u012f serg\u0117toj\u0105, vien\u0105 ry\u0161kiausi\u0173 \u201eThunderbolts\u201c komandos nari\u0173.\" \/>\n<meta name=\"robots\" content=\"index, follow, max-snippet:-1, max-image-preview:large, max-video-preview:-1\" \/>\n<link rel=\"canonical\" href=\"https:\/\/collectin.eu\/en\/product\/pop-raudonasis-sergetojas\/\" \/>\n<meta property=\"og:locale\" content=\"en_US\" \/>\n<meta property=\"og:type\" content=\"article\" \/>\n<meta property=\"og:title\" content=\"Pop! Red Guardian - Collectin.eu\" \/>\n<meta property=\"og:description\" content=\"Pop! Red Guardian (Thunderbolts) \u2013 tai i\u0161skirtin\u0117 \u201eFunko Pop!\u201c kolekcijos fig\u016br\u0117l\u0117, vaizduojanti Raudon\u0105j\u012f serg\u0117toj\u0105, vien\u0105 ry\u0161kiausi\u0173 \u201eThunderbolts\u201c komandos nari\u0173.\" \/>\n<meta property=\"og:url\" content=\"https:\/\/collectin.eu\/en\/product\/pop-raudonasis-sergetojas\/\" \/>\n<meta property=\"og:site_name\" content=\"Collectin.eu\" \/>\n<meta property=\"article:modified_time\" content=\"2026-04-08T10:26:46+00:00\" \/>\n<meta property=\"og:image\" content=\"http:\/\/collectin.eu\/wp-content\/uploads\/2025\/12\/Untitled-design-9-1.png\" \/>\n\t<meta property=\"og:image:width\" content=\"1080\" \/>\n\t<meta property=\"og:image:height\" content=\"1080\" \/>\n\t<meta property=\"og:image:type\" content=\"image\/png\" \/>\n<meta name=\"twitter:card\" content=\"summary_large_image\" \/>\n<meta name=\"twitter:label1\" content=\"Est. reading time\" \/>\n\t<meta name=\"twitter:data1\" content=\"1 minute\" \/>\n<script type=\"application\/ld+json\" class=\"yoast-schema-graph\">{\"@context\":\"https:\/\/schema.org\",\"@graph\":[{\"@type\":\"WebPage\",\"@id\":\"https:\/\/collectin.eu\/produktas\/pop-raudonasis-sergetojas\/\",\"url\":\"https:\/\/collectin.eu\/produktas\/pop-raudonasis-sergetojas\/\",\"name\":\"Pop! Red Guardian - Collectin.eu\",\"isPartOf\":{\"@id\":\"https:\/\/collectin.eu\/#website\"},\"primaryImageOfPage\":{\"@id\":\"https:\/\/collectin.eu\/produktas\/pop-raudonasis-sergetojas\/#primaryimage\"},\"image\":{\"@id\":\"https:\/\/collectin.eu\/produktas\/pop-raudonasis-sergetojas\/#primaryimage\"},\"thumbnailUrl\":\"https:\/\/collectin.eu\/wp-content\/uploads\/2025\/12\/Untitled-design-9-1.png\",\"datePublished\":\"2025-12-10T07:23:13+00:00\",\"dateModified\":\"2026-04-08T10:26:46+00:00\",\"description\":\"Pop! Red Guardian (Thunderbolts) \u2013 tai i\u0161skirtin\u0117 \u201eFunko Pop!\u201c kolekcijos fig\u016br\u0117l\u0117, vaizduojanti Raudon\u0105j\u012f serg\u0117toj\u0105, vien\u0105 ry\u0161kiausi\u0173 \u201eThunderbolts\u201c komandos nari\u0173.\",\"breadcrumb\":{\"@id\":\"https:\/\/collectin.eu\/produktas\/pop-raudonasis-sergetojas\/#breadcrumb\"},\"inLanguage\":\"en-US\",\"potentialAction\":[{\"@type\":\"ReadAction\",\"target\":[\"https:\/\/collectin.eu\/produktas\/pop-raudonasis-sergetojas\/\"]}]},{\"@type\":\"ImageObject\",\"inLanguage\":\"en-US\",\"@id\":\"https:\/\/collectin.eu\/produktas\/pop-raudonasis-sergetojas\/#primaryimage\",\"url\":\"https:\/\/collectin.eu\/wp-content\/uploads\/2025\/12\/Untitled-design-9-1.png\",\"contentUrl\":\"https:\/\/collectin.eu\/wp-content\/uploads\/2025\/12\/Untitled-design-9-1.png\",\"width\":1080,\"height\":1080},{\"@type\":\"BreadcrumbList\",\"@id\":\"https:\/\/collectin.eu\/produktas\/pop-raudonasis-sergetojas\/#breadcrumb\",\"itemListElement\":[{\"@type\":\"ListItem\",\"position\":1,\"name\":\"Home\",\"item\":\"https:\/\/collectin.eu\/\"},{\"@type\":\"ListItem\",\"position\":2,\"name\":\"Parduotuv\u0117\",\"item\":\"https:\/\/collectin.eu\/parduotuve\/\"},{\"@type\":\"ListItem\",\"position\":3,\"name\":\"Pop! Red Guardian\"}]},{\"@type\":\"WebSite\",\"@id\":\"https:\/\/collectin.eu\/#website\",\"url\":\"https:\/\/collectin.eu\/\",\"name\":\"Collectin.eu\",\"description\":\"\",\"potentialAction\":[{\"@type\":\"SearchAction\",\"target\":{\"@type\":\"EntryPoint\",\"urlTemplate\":\"https:\/\/collectin.eu\/?s={search_term_string}\"},\"query-input\":{\"@type\":\"PropertyValueSpecification\",\"valueRequired\":true,\"valueName\":\"search_term_string\"}}],\"inLanguage\":\"en-US\"}]}<\/script>\n<!-- \/ Yoast SEO plugin. -->","yoast_head_json":{"title":"Pop! Red Guardian - Collectin.eu","description":"Pop! Red Guardian (Thunderbolts) \u2013 tai i\u0161skirtin\u0117 \u201eFunko Pop!\u201c kolekcijos fig\u016br\u0117l\u0117, vaizduojanti Raudon\u0105j\u012f serg\u0117toj\u0105, vien\u0105 ry\u0161kiausi\u0173 \u201eThunderbolts\u201c komandos nari\u0173.","robots":{"index":"index","follow":"follow","max-snippet":"max-snippet:-1","max-image-preview":"max-image-preview:large","max-video-preview":"max-video-preview:-1"},"canonical":"https:\/\/collectin.eu\/en\/product\/pop-raudonasis-sergetojas\/","og_locale":"en_US","og_type":"article","og_title":"Pop! Red Guardian - Collectin.eu","og_description":"Pop! Red Guardian (Thunderbolts) \u2013 tai i\u0161skirtin\u0117 \u201eFunko Pop!\u201c kolekcijos fig\u016br\u0117l\u0117, vaizduojanti Raudon\u0105j\u012f serg\u0117toj\u0105, vien\u0105 ry\u0161kiausi\u0173 \u201eThunderbolts\u201c komandos nari\u0173.","og_url":"https:\/\/collectin.eu\/en\/product\/pop-raudonasis-sergetojas\/","og_site_name":"Collectin.eu","article_modified_time":"2026-04-08T10:26:46+00:00","og_image":[{"width":1080,"height":1080,"url":"http:\/\/collectin.eu\/wp-content\/uploads\/2025\/12\/Untitled-design-9-1.png","type":"image\/png"}],"twitter_card":"summary_large_image","twitter_misc":{"Est. reading time":"1 minute"},"schema":{"@context":"https:\/\/schema.org","@graph":[{"@type":"WebPage","@id":"https:\/\/collectin.eu\/produktas\/pop-raudonasis-sergetojas\/","url":"https:\/\/collectin.eu\/produktas\/pop-raudonasis-sergetojas\/","name":"Pop! Red Guardian - Collectin.eu","isPartOf":{"@id":"https:\/\/collectin.eu\/#website"},"primaryImageOfPage":{"@id":"https:\/\/collectin.eu\/produktas\/pop-raudonasis-sergetojas\/#primaryimage"},"image":{"@id":"https:\/\/collectin.eu\/produktas\/pop-raudonasis-sergetojas\/#primaryimage"},"thumbnailUrl":"https:\/\/collectin.eu\/wp-content\/uploads\/2025\/12\/Untitled-design-9-1.png","datePublished":"2025-12-10T07:23:13+00:00","dateModified":"2026-04-08T10:26:46+00:00","description":"Pop! Red Guardian (Thunderbolts) \u2013 tai i\u0161skirtin\u0117 \u201eFunko Pop!\u201c kolekcijos fig\u016br\u0117l\u0117, vaizduojanti Raudon\u0105j\u012f serg\u0117toj\u0105, vien\u0105 ry\u0161kiausi\u0173 \u201eThunderbolts\u201c komandos nari\u0173.","breadcrumb":{"@id":"https:\/\/collectin.eu\/produktas\/pop-raudonasis-sergetojas\/#breadcrumb"},"inLanguage":"en-US","potentialAction":[{"@type":"ReadAction","target":["https:\/\/collectin.eu\/produktas\/pop-raudonasis-sergetojas\/"]}]},{"@type":"ImageObject","inLanguage":"en-US","@id":"https:\/\/collectin.eu\/produktas\/pop-raudonasis-sergetojas\/#primaryimage","url":"https:\/\/collectin.eu\/wp-content\/uploads\/2025\/12\/Untitled-design-9-1.png","contentUrl":"https:\/\/collectin.eu\/wp-content\/uploads\/2025\/12\/Untitled-design-9-1.png","width":1080,"height":1080},{"@type":"BreadcrumbList","@id":"https:\/\/collectin.eu\/produktas\/pop-raudonasis-sergetojas\/#breadcrumb","itemListElement":[{"@type":"ListItem","position":1,"name":"Home","item":"https:\/\/collectin.eu\/"},{"@type":"ListItem","position":2,"name":"Parduotuv\u0117","item":"https:\/\/collectin.eu\/parduotuve\/"},{"@type":"ListItem","position":3,"name":"Pop! Red Guardian"}]},{"@type":"WebSite","@id":"https:\/\/collectin.eu\/#website","url":"https:\/\/collectin.eu\/","name":"Collectin.eu","description":"","potentialAction":[{"@type":"SearchAction","target":{"@type":"EntryPoint","urlTemplate":"https:\/\/collectin.eu\/?s={search_term_string}"},"query-input":{"@type":"PropertyValueSpecification","valueRequired":true,"valueName":"search_term_string"}}],"inLanguage":"en-US"}]}},"jetpack_sharing_enabled":true,"_links":{"self":[{"href":"https:\/\/collectin.eu\/en\/wp-json\/wp\/v2\/product\/38303","targetHints":{"allow":["GET"]}}],"collection":[{"href":"https:\/\/collectin.eu\/en\/wp-json\/wp\/v2\/product"}],"about":[{"href":"https:\/\/collectin.eu\/en\/wp-json\/wp\/v2\/types\/product"}],"replies":[{"embeddable":true,"href":"https:\/\/collectin.eu\/en\/wp-json\/wp\/v2\/comments?post=38303"}],"version-history":[{"count":3,"href":"https:\/\/collectin.eu\/en\/wp-json\/wp\/v2\/product\/38303\/revisions"}],"predecessor-version":[{"id":40167,"href":"https:\/\/collectin.eu\/en\/wp-json\/wp\/v2\/product\/38303\/revisions\/40167"}],"wp:featuredmedia":[{"embeddable":true,"href":"https:\/\/collectin.eu\/en\/wp-json\/wp\/v2\/media\/38304"}],"wp:attachment":[{"href":"https:\/\/collectin.eu\/en\/wp-json\/wp\/v2\/media?parent=38303"}],"wp:term":[{"taxonomy":"product_brand","embeddable":true,"href":"https:\/\/collectin.eu\/en\/wp-json\/wp\/v2\/product_brand?post=38303"},{"taxonomy":"product_cat","embeddable":true,"href":"https:\/\/collectin.eu\/en\/wp-json\/wp\/v2\/product_cat?post=38303"},{"taxonomy":"product_tag","embeddable":true,"href":"https:\/\/collectin.eu\/en\/wp-json\/wp\/v2\/product_tag?post=38303"}],"curies":[{"name":"wp","href":"https:\/\/api.w.org\/{rel}","templated":true}]}}