{"id":38315,"date":"2025-12-10T07:38:13","date_gmt":"2025-12-10T07:38:13","guid":{"rendered":"https:\/\/collectin.eu\/?post_type=product&#038;p=38315"},"modified":"2026-04-08T10:26:45","modified_gmt":"2026-04-08T10:26:45","slug":"pop-lewandowski","status":"publish","type":"product","link":"https:\/\/collectin.eu\/en\/product\/pop-lewandowski\/","title":{"rendered":"Pop! Robert Lewandowski"},"content":{"rendered":"<p>Pop! Lewandowski \u2013 tai kolekcin\u0117 \u201eFunko Pop!\u201c vinilin\u0117 fig\u016br\u0117l\u0117, vaizduojanti vien\u0105 ry\u0161kiausi\u0173 \u0161iuolaikinio futbolo \u017eaid\u0117j\u0173 su FC \u201eBarcelona\u201c apranga. Fig\u016br\u0117l\u0117 atkartoja Roberto Lewandowskio \u017eaisming\u0105, sporti\u0161k\u0105 poz\u0105 su futbolo kamuoliu, o kruop\u0161\u010diai atkurti aprangos spalviniai akcentai suteikia jai autenti\u0161kumo. Ma\u017edaug 10\u201311 cm auk\u0161\u010dio vinilin\u0117 fig\u016br\u0117l\u0117 pasi\u017eymi klasikiniu \u201eFunko\u201c stiliumi \u2013 didesne galva, ry\u0161kiomis spalvomis ir tvirta konstrukcija, tinkama eksponuoti tiek lentynoje, tiek vitrin\u0117l\u0117je. Tai oficialiai licencijuotas produktas, skirtas tiek futbolo fanams, tiek kolekcionieriams, norintiems papildyti savo \u201ePop! Football\u201c kolekcij\u0105 i\u0161skirtine \u017eaid\u0117jo fig\u016bra.<\/p>","protected":false},"excerpt":{"rendered":"<p>Pop! Lewandowski \u2013 tai kolekcin\u0117 \u201eFunko Pop!\u201c vinilin\u0117 fig\u016br\u0117l\u0117, vaizduojanti vien\u0105 ry\u0161kiausi\u0173 \u0161iuolaikinio futbolo \u017eaid\u0117j\u0173 su FC \u201eBarcelona\u201c apranga. Fig\u016br\u0117l\u0117<\/p>","protected":false},"featured_media":38316,"comment_status":"open","ping_status":"closed","template":"","meta":[],"product_brand":[426],"product_cat":[680,409,497],"product_tag":[],"class_list":{"0":"post-38315","1":"product","2":"type-product","3":"status-publish","4":"has-post-thumbnail","6":"product_brand-funko-pop","7":"product_cat-figureles","8":"product_cat-funko-pop","9":"product_cat-pop-sports","11":"first","12":"instock","13":"taxable","14":"shipping-taxable","15":"purchasable","16":"product-type-simple"},"yoast_head":"<!-- This site is optimized with the Yoast SEO plugin v25.9 - https:\/\/yoast.com\/wordpress\/plugins\/seo\/ -->\n<title>Pop! Robert Lewandowski - Collectin.eu<\/title>\n<meta name=\"description\" content=\"Pop! Lewandowski \u2013 tai detalus ir i\u0161rai\u0161kingas \u201eFunko Pop!\u201c vinilinis modelis, skirtas vienam garsiausi\u0173 \u0161iuolaikinio futbolo \u017eaid\u0117j\u0173, Roberto Lewandowski, gerb\u0117jams.\" \/>\n<meta name=\"robots\" content=\"index, follow, max-snippet:-1, max-image-preview:large, max-video-preview:-1\" \/>\n<link rel=\"canonical\" href=\"https:\/\/collectin.eu\/en\/product\/pop-lewandowski\/\" \/>\n<meta property=\"og:locale\" content=\"en_US\" \/>\n<meta property=\"og:type\" content=\"article\" \/>\n<meta property=\"og:title\" content=\"Pop! Robert Lewandowski - Collectin.eu\" \/>\n<meta property=\"og:description\" content=\"Pop! Lewandowski \u2013 tai detalus ir i\u0161rai\u0161kingas \u201eFunko Pop!\u201c vinilinis modelis, skirtas vienam garsiausi\u0173 \u0161iuolaikinio futbolo \u017eaid\u0117j\u0173, Roberto Lewandowski, gerb\u0117jams.\" \/>\n<meta property=\"og:url\" content=\"https:\/\/collectin.eu\/en\/product\/pop-lewandowski\/\" \/>\n<meta property=\"og:site_name\" content=\"Collectin.eu\" \/>\n<meta property=\"article:modified_time\" content=\"2026-04-08T10:26:45+00:00\" \/>\n<meta property=\"og:image\" content=\"http:\/\/collectin.eu\/wp-content\/uploads\/2025\/12\/Untitled-design-13.png\" \/>\n\t<meta property=\"og:image:width\" content=\"1080\" \/>\n\t<meta property=\"og:image:height\" content=\"1080\" \/>\n\t<meta property=\"og:image:type\" content=\"image\/png\" \/>\n<meta name=\"twitter:card\" content=\"summary_large_image\" \/>\n<meta name=\"twitter:label1\" content=\"Est. reading time\" \/>\n\t<meta name=\"twitter:data1\" content=\"1 minute\" \/>\n<script type=\"application\/ld+json\" class=\"yoast-schema-graph\">{\"@context\":\"https:\/\/schema.org\",\"@graph\":[{\"@type\":\"WebPage\",\"@id\":\"https:\/\/collectin.eu\/produktas\/pop-lewandowski\/\",\"url\":\"https:\/\/collectin.eu\/produktas\/pop-lewandowski\/\",\"name\":\"Pop! Robert Lewandowski - Collectin.eu\",\"isPartOf\":{\"@id\":\"https:\/\/collectin.eu\/#website\"},\"primaryImageOfPage\":{\"@id\":\"https:\/\/collectin.eu\/produktas\/pop-lewandowski\/#primaryimage\"},\"image\":{\"@id\":\"https:\/\/collectin.eu\/produktas\/pop-lewandowski\/#primaryimage\"},\"thumbnailUrl\":\"https:\/\/collectin.eu\/wp-content\/uploads\/2025\/12\/Untitled-design-13.png\",\"datePublished\":\"2025-12-10T07:38:13+00:00\",\"dateModified\":\"2026-04-08T10:26:45+00:00\",\"description\":\"Pop! Lewandowski \u2013 tai detalus ir i\u0161rai\u0161kingas \u201eFunko Pop!\u201c vinilinis modelis, skirtas vienam garsiausi\u0173 \u0161iuolaikinio futbolo \u017eaid\u0117j\u0173, Roberto Lewandowski, gerb\u0117jams.\",\"breadcrumb\":{\"@id\":\"https:\/\/collectin.eu\/produktas\/pop-lewandowski\/#breadcrumb\"},\"inLanguage\":\"en-US\",\"potentialAction\":[{\"@type\":\"ReadAction\",\"target\":[\"https:\/\/collectin.eu\/produktas\/pop-lewandowski\/\"]}]},{\"@type\":\"ImageObject\",\"inLanguage\":\"en-US\",\"@id\":\"https:\/\/collectin.eu\/produktas\/pop-lewandowski\/#primaryimage\",\"url\":\"https:\/\/collectin.eu\/wp-content\/uploads\/2025\/12\/Untitled-design-13.png\",\"contentUrl\":\"https:\/\/collectin.eu\/wp-content\/uploads\/2025\/12\/Untitled-design-13.png\",\"width\":1080,\"height\":1080},{\"@type\":\"BreadcrumbList\",\"@id\":\"https:\/\/collectin.eu\/produktas\/pop-lewandowski\/#breadcrumb\",\"itemListElement\":[{\"@type\":\"ListItem\",\"position\":1,\"name\":\"Home\",\"item\":\"https:\/\/collectin.eu\/\"},{\"@type\":\"ListItem\",\"position\":2,\"name\":\"Parduotuv\u0117\",\"item\":\"https:\/\/collectin.eu\/parduotuve\/\"},{\"@type\":\"ListItem\",\"position\":3,\"name\":\"Pop! Robert Lewandowski\"}]},{\"@type\":\"WebSite\",\"@id\":\"https:\/\/collectin.eu\/#website\",\"url\":\"https:\/\/collectin.eu\/\",\"name\":\"Collectin.eu\",\"description\":\"\",\"potentialAction\":[{\"@type\":\"SearchAction\",\"target\":{\"@type\":\"EntryPoint\",\"urlTemplate\":\"https:\/\/collectin.eu\/?s={search_term_string}\"},\"query-input\":{\"@type\":\"PropertyValueSpecification\",\"valueRequired\":true,\"valueName\":\"search_term_string\"}}],\"inLanguage\":\"en-US\"}]}<\/script>\n<!-- \/ Yoast SEO plugin. -->","yoast_head_json":{"title":"Pop! Robert Lewandowski - Collectin.eu","description":"Pop! Lewandowski \u2013 tai detalus ir i\u0161rai\u0161kingas \u201eFunko Pop!\u201c vinilinis modelis, skirtas vienam garsiausi\u0173 \u0161iuolaikinio futbolo \u017eaid\u0117j\u0173, Roberto Lewandowski, gerb\u0117jams.","robots":{"index":"index","follow":"follow","max-snippet":"max-snippet:-1","max-image-preview":"max-image-preview:large","max-video-preview":"max-video-preview:-1"},"canonical":"https:\/\/collectin.eu\/en\/product\/pop-lewandowski\/","og_locale":"en_US","og_type":"article","og_title":"Pop! Robert Lewandowski - Collectin.eu","og_description":"Pop! Lewandowski \u2013 tai detalus ir i\u0161rai\u0161kingas \u201eFunko Pop!\u201c vinilinis modelis, skirtas vienam garsiausi\u0173 \u0161iuolaikinio futbolo \u017eaid\u0117j\u0173, Roberto Lewandowski, gerb\u0117jams.","og_url":"https:\/\/collectin.eu\/en\/product\/pop-lewandowski\/","og_site_name":"Collectin.eu","article_modified_time":"2026-04-08T10:26:45+00:00","og_image":[{"width":1080,"height":1080,"url":"http:\/\/collectin.eu\/wp-content\/uploads\/2025\/12\/Untitled-design-13.png","type":"image\/png"}],"twitter_card":"summary_large_image","twitter_misc":{"Est. reading time":"1 minute"},"schema":{"@context":"https:\/\/schema.org","@graph":[{"@type":"WebPage","@id":"https:\/\/collectin.eu\/produktas\/pop-lewandowski\/","url":"https:\/\/collectin.eu\/produktas\/pop-lewandowski\/","name":"Pop! Robert Lewandowski - Collectin.eu","isPartOf":{"@id":"https:\/\/collectin.eu\/#website"},"primaryImageOfPage":{"@id":"https:\/\/collectin.eu\/produktas\/pop-lewandowski\/#primaryimage"},"image":{"@id":"https:\/\/collectin.eu\/produktas\/pop-lewandowski\/#primaryimage"},"thumbnailUrl":"https:\/\/collectin.eu\/wp-content\/uploads\/2025\/12\/Untitled-design-13.png","datePublished":"2025-12-10T07:38:13+00:00","dateModified":"2026-04-08T10:26:45+00:00","description":"Pop! Lewandowski \u2013 tai detalus ir i\u0161rai\u0161kingas \u201eFunko Pop!\u201c vinilinis modelis, skirtas vienam garsiausi\u0173 \u0161iuolaikinio futbolo \u017eaid\u0117j\u0173, Roberto Lewandowski, gerb\u0117jams.","breadcrumb":{"@id":"https:\/\/collectin.eu\/produktas\/pop-lewandowski\/#breadcrumb"},"inLanguage":"en-US","potentialAction":[{"@type":"ReadAction","target":["https:\/\/collectin.eu\/produktas\/pop-lewandowski\/"]}]},{"@type":"ImageObject","inLanguage":"en-US","@id":"https:\/\/collectin.eu\/produktas\/pop-lewandowski\/#primaryimage","url":"https:\/\/collectin.eu\/wp-content\/uploads\/2025\/12\/Untitled-design-13.png","contentUrl":"https:\/\/collectin.eu\/wp-content\/uploads\/2025\/12\/Untitled-design-13.png","width":1080,"height":1080},{"@type":"BreadcrumbList","@id":"https:\/\/collectin.eu\/produktas\/pop-lewandowski\/#breadcrumb","itemListElement":[{"@type":"ListItem","position":1,"name":"Home","item":"https:\/\/collectin.eu\/"},{"@type":"ListItem","position":2,"name":"Parduotuv\u0117","item":"https:\/\/collectin.eu\/parduotuve\/"},{"@type":"ListItem","position":3,"name":"Pop! Robert Lewandowski"}]},{"@type":"WebSite","@id":"https:\/\/collectin.eu\/#website","url":"https:\/\/collectin.eu\/","name":"Collectin.eu","description":"","potentialAction":[{"@type":"SearchAction","target":{"@type":"EntryPoint","urlTemplate":"https:\/\/collectin.eu\/?s={search_term_string}"},"query-input":{"@type":"PropertyValueSpecification","valueRequired":true,"valueName":"search_term_string"}}],"inLanguage":"en-US"}]}},"jetpack_sharing_enabled":true,"_links":{"self":[{"href":"https:\/\/collectin.eu\/en\/wp-json\/wp\/v2\/product\/38315","targetHints":{"allow":["GET"]}}],"collection":[{"href":"https:\/\/collectin.eu\/en\/wp-json\/wp\/v2\/product"}],"about":[{"href":"https:\/\/collectin.eu\/en\/wp-json\/wp\/v2\/types\/product"}],"replies":[{"embeddable":true,"href":"https:\/\/collectin.eu\/en\/wp-json\/wp\/v2\/comments?post=38315"}],"version-history":[{"count":3,"href":"https:\/\/collectin.eu\/en\/wp-json\/wp\/v2\/product\/38315\/revisions"}],"predecessor-version":[{"id":40169,"href":"https:\/\/collectin.eu\/en\/wp-json\/wp\/v2\/product\/38315\/revisions\/40169"}],"wp:featuredmedia":[{"embeddable":true,"href":"https:\/\/collectin.eu\/en\/wp-json\/wp\/v2\/media\/38316"}],"wp:attachment":[{"href":"https:\/\/collectin.eu\/en\/wp-json\/wp\/v2\/media?parent=38315"}],"wp:term":[{"taxonomy":"product_brand","embeddable":true,"href":"https:\/\/collectin.eu\/en\/wp-json\/wp\/v2\/product_brand?post=38315"},{"taxonomy":"product_cat","embeddable":true,"href":"https:\/\/collectin.eu\/en\/wp-json\/wp\/v2\/product_cat?post=38315"},{"taxonomy":"product_tag","embeddable":true,"href":"https:\/\/collectin.eu\/en\/wp-json\/wp\/v2\/product_tag?post=38315"}],"curies":[{"name":"wp","href":"https:\/\/api.w.org\/{rel}","templated":true}]}}