{"id":38322,"date":"2025-12-10T07:45:15","date_gmt":"2025-12-10T07:45:15","guid":{"rendered":"https:\/\/collectin.eu\/?post_type=product&#038;p=38322"},"modified":"2026-04-08T10:26:45","modified_gmt":"2026-04-08T10:26:45","slug":"pop-vito-corleone-su-ranksluosciu","status":"publish","type":"product","link":"https:\/\/collectin.eu\/en\/product\/pop-vito-corleone-su-ranksluosciu\/","title":{"rendered":"Pop! Vito Corleone with Towel Silencer"},"content":{"rendered":"<p>Pop! Vito Corleone with Towel Silencer \u2013 tai kolekcin\u0117 \u201eFunko Pop!\u201c vinilin\u0117 fig\u016br\u0117l\u0117, skirta legendiniam \u201eThe Godfather\u201c (Krik\u0161tat\u0117vis) persona\u017eui. Fig\u016br\u0117l\u0117 vaizduoja Don\u0105 Vito Corleone su ikoni\u0161ka ranka, laikant\u012f pistolet\u0105 su rank\u0161luos\u010diu slopintuvu \u2013 detal\u0117, tiesiogiai primenanti klasikines kino scenas ir i\u0161ry\u0161kinanti jo grie\u017et\u0105, strategin\u012f persona\u017e\u0105. Vinilin\u0117 fig\u016br\u0117l\u0117 i\u0161laiko klasikin\u012f \u201eFunko Pop!\u201c stili\u0173: didel\u0119 galv\u0105, minimalistin\u012f veid\u0105 ir tvirt\u0105, stabiliai stovin\u010di\u0105 k\u016bno poz\u0105, tod\u0117l puikiai tinka lentynoje, vitrinoje ar kolekcijos stenduose. Pagaminta i\u0161 patvaraus vinilo, fig\u016br\u0117l\u0117 tiksliai atkartoja Vito kostium\u0105, jo detales ir charaktering\u0105 laikysen\u0105, suteikdama autenti\u0161kumo ir i\u0161skirtinumo. Tai oficialiai licencijuotas produktas, skirtas tiek \u201eThe Godfather\u201c gerb\u0117jams, tiek \u201eFunko Pop!\u201c kolekcionieriams, siekiantiems tur\u0117ti savo rinkin\u012f papildan\u010di\u0105 ikoni\u0161k\u0105 kino legend\u0105.<\/p>","protected":false},"excerpt":{"rendered":"<p>Pop! Vito Corleone with Towel Silencer \u2013 tai kolekcin\u0117 \u201eFunko Pop!\u201c vinilin\u0117 fig\u016br\u0117l\u0117, skirta legendiniam \u201eThe Godfather\u201c (Krik\u0161tat\u0117vis) persona\u017eui. Fig\u016br\u0117l\u0117<\/p>","protected":false},"featured_media":38323,"comment_status":"open","ping_status":"closed","template":"","meta":[],"product_brand":[426],"product_cat":[680,409,448],"product_tag":[],"class_list":{"0":"post-38322","1":"product","2":"type-product","3":"status-publish","4":"has-post-thumbnail","6":"product_brand-funko-pop","7":"product_cat-figureles","8":"product_cat-funko-pop","9":"product_cat-pop-movies","11":"first","12":"instock","13":"taxable","14":"shipping-taxable","15":"purchasable","16":"product-type-simple"},"yoast_head":"<!-- This site is optimized with the Yoast SEO plugin v25.9 - https:\/\/yoast.com\/wordpress\/plugins\/seo\/ -->\n<title>Pop! Vito Corleone with Towel Silencer - Collectin.eu<\/title>\n<meta name=\"description\" content=\"Pop! Vito Corleone with Towel Silencer \u2013 tai kolekcin\u0117 \u201eFunko Pop!\u201c vinilin\u0117 fig\u016br\u0117l\u0117, skirta legendiniam \u201eThe Godfather\u201c (Krik\u0161tat\u0117vis) persona\u017eui. Fig\u016br\u0117l\u0117 vaizduoja Don\u0105 Vito Corleone su ikoni\u0161ka ranka, laikant\u012f pistolet\u0105 su rank\u0161luos\u010diu slopintuvu\" \/>\n<meta name=\"robots\" content=\"index, follow, max-snippet:-1, max-image-preview:large, max-video-preview:-1\" \/>\n<link rel=\"canonical\" href=\"https:\/\/collectin.eu\/en\/product\/pop-vito-corleone-su-ranksluosciu\/\" \/>\n<meta property=\"og:locale\" content=\"en_US\" \/>\n<meta property=\"og:type\" content=\"article\" \/>\n<meta property=\"og:title\" content=\"Pop! Vito Corleone with Towel Silencer - Collectin.eu\" \/>\n<meta property=\"og:description\" content=\"Pop! Vito Corleone with Towel Silencer \u2013 tai kolekcin\u0117 \u201eFunko Pop!\u201c vinilin\u0117 fig\u016br\u0117l\u0117, skirta legendiniam \u201eThe Godfather\u201c (Krik\u0161tat\u0117vis) persona\u017eui. Fig\u016br\u0117l\u0117 vaizduoja Don\u0105 Vito Corleone su ikoni\u0161ka ranka, laikant\u012f pistolet\u0105 su rank\u0161luos\u010diu slopintuvu\" \/>\n<meta property=\"og:url\" content=\"https:\/\/collectin.eu\/en\/product\/pop-vito-corleone-su-ranksluosciu\/\" \/>\n<meta property=\"og:site_name\" content=\"Collectin.eu\" \/>\n<meta property=\"article:modified_time\" content=\"2026-04-08T10:26:45+00:00\" \/>\n<meta property=\"og:image\" content=\"http:\/\/collectin.eu\/wp-content\/uploads\/2025\/12\/Untitled-design-16.png\" \/>\n\t<meta property=\"og:image:width\" content=\"1080\" \/>\n\t<meta property=\"og:image:height\" content=\"1080\" \/>\n\t<meta property=\"og:image:type\" content=\"image\/png\" \/>\n<meta name=\"twitter:card\" content=\"summary_large_image\" \/>\n<meta name=\"twitter:label1\" content=\"Est. reading time\" \/>\n\t<meta name=\"twitter:data1\" content=\"1 minute\" \/>\n<script type=\"application\/ld+json\" class=\"yoast-schema-graph\">{\"@context\":\"https:\/\/schema.org\",\"@graph\":[{\"@type\":\"WebPage\",\"@id\":\"https:\/\/collectin.eu\/produktas\/pop-vito-corleone-su-ranksluosciu\/\",\"url\":\"https:\/\/collectin.eu\/produktas\/pop-vito-corleone-su-ranksluosciu\/\",\"name\":\"Pop! Vito Corleone with Towel Silencer - Collectin.eu\",\"isPartOf\":{\"@id\":\"https:\/\/collectin.eu\/#website\"},\"primaryImageOfPage\":{\"@id\":\"https:\/\/collectin.eu\/produktas\/pop-vito-corleone-su-ranksluosciu\/#primaryimage\"},\"image\":{\"@id\":\"https:\/\/collectin.eu\/produktas\/pop-vito-corleone-su-ranksluosciu\/#primaryimage\"},\"thumbnailUrl\":\"https:\/\/collectin.eu\/wp-content\/uploads\/2025\/12\/Untitled-design-16.png\",\"datePublished\":\"2025-12-10T07:45:15+00:00\",\"dateModified\":\"2026-04-08T10:26:45+00:00\",\"description\":\"Pop! Vito Corleone with Towel Silencer \u2013 tai kolekcin\u0117 \u201eFunko Pop!\u201c vinilin\u0117 fig\u016br\u0117l\u0117, skirta legendiniam \u201eThe Godfather\u201c (Krik\u0161tat\u0117vis) persona\u017eui. Fig\u016br\u0117l\u0117 vaizduoja Don\u0105 Vito Corleone su ikoni\u0161ka ranka, laikant\u012f pistolet\u0105 su rank\u0161luos\u010diu slopintuvu\",\"breadcrumb\":{\"@id\":\"https:\/\/collectin.eu\/produktas\/pop-vito-corleone-su-ranksluosciu\/#breadcrumb\"},\"inLanguage\":\"en-US\",\"potentialAction\":[{\"@type\":\"ReadAction\",\"target\":[\"https:\/\/collectin.eu\/produktas\/pop-vito-corleone-su-ranksluosciu\/\"]}]},{\"@type\":\"ImageObject\",\"inLanguage\":\"en-US\",\"@id\":\"https:\/\/collectin.eu\/produktas\/pop-vito-corleone-su-ranksluosciu\/#primaryimage\",\"url\":\"https:\/\/collectin.eu\/wp-content\/uploads\/2025\/12\/Untitled-design-16.png\",\"contentUrl\":\"https:\/\/collectin.eu\/wp-content\/uploads\/2025\/12\/Untitled-design-16.png\",\"width\":1080,\"height\":1080},{\"@type\":\"BreadcrumbList\",\"@id\":\"https:\/\/collectin.eu\/produktas\/pop-vito-corleone-su-ranksluosciu\/#breadcrumb\",\"itemListElement\":[{\"@type\":\"ListItem\",\"position\":1,\"name\":\"Home\",\"item\":\"https:\/\/collectin.eu\/\"},{\"@type\":\"ListItem\",\"position\":2,\"name\":\"Parduotuv\u0117\",\"item\":\"https:\/\/collectin.eu\/parduotuve\/\"},{\"@type\":\"ListItem\",\"position\":3,\"name\":\"Pop! Vito Corleone with Towel Silencer\"}]},{\"@type\":\"WebSite\",\"@id\":\"https:\/\/collectin.eu\/#website\",\"url\":\"https:\/\/collectin.eu\/\",\"name\":\"Collectin.eu\",\"description\":\"\",\"potentialAction\":[{\"@type\":\"SearchAction\",\"target\":{\"@type\":\"EntryPoint\",\"urlTemplate\":\"https:\/\/collectin.eu\/?s={search_term_string}\"},\"query-input\":{\"@type\":\"PropertyValueSpecification\",\"valueRequired\":true,\"valueName\":\"search_term_string\"}}],\"inLanguage\":\"en-US\"}]}<\/script>\n<!-- \/ Yoast SEO plugin. -->","yoast_head_json":{"title":"Pop! Vito Corleone with Towel Silencer - Collectin.eu","description":"Pop! Vito Corleone with Towel Silencer \u2013 tai kolekcin\u0117 \u201eFunko Pop!\u201c vinilin\u0117 fig\u016br\u0117l\u0117, skirta legendiniam \u201eThe Godfather\u201c (Krik\u0161tat\u0117vis) persona\u017eui. Fig\u016br\u0117l\u0117 vaizduoja Don\u0105 Vito Corleone su ikoni\u0161ka ranka, laikant\u012f pistolet\u0105 su rank\u0161luos\u010diu slopintuvu","robots":{"index":"index","follow":"follow","max-snippet":"max-snippet:-1","max-image-preview":"max-image-preview:large","max-video-preview":"max-video-preview:-1"},"canonical":"https:\/\/collectin.eu\/en\/product\/pop-vito-corleone-su-ranksluosciu\/","og_locale":"en_US","og_type":"article","og_title":"Pop! Vito Corleone with Towel Silencer - Collectin.eu","og_description":"Pop! Vito Corleone with Towel Silencer \u2013 tai kolekcin\u0117 \u201eFunko Pop!\u201c vinilin\u0117 fig\u016br\u0117l\u0117, skirta legendiniam \u201eThe Godfather\u201c (Krik\u0161tat\u0117vis) persona\u017eui. Fig\u016br\u0117l\u0117 vaizduoja Don\u0105 Vito Corleone su ikoni\u0161ka ranka, laikant\u012f pistolet\u0105 su rank\u0161luos\u010diu slopintuvu","og_url":"https:\/\/collectin.eu\/en\/product\/pop-vito-corleone-su-ranksluosciu\/","og_site_name":"Collectin.eu","article_modified_time":"2026-04-08T10:26:45+00:00","og_image":[{"width":1080,"height":1080,"url":"http:\/\/collectin.eu\/wp-content\/uploads\/2025\/12\/Untitled-design-16.png","type":"image\/png"}],"twitter_card":"summary_large_image","twitter_misc":{"Est. reading time":"1 minute"},"schema":{"@context":"https:\/\/schema.org","@graph":[{"@type":"WebPage","@id":"https:\/\/collectin.eu\/produktas\/pop-vito-corleone-su-ranksluosciu\/","url":"https:\/\/collectin.eu\/produktas\/pop-vito-corleone-su-ranksluosciu\/","name":"Pop! Vito Corleone with Towel Silencer - Collectin.eu","isPartOf":{"@id":"https:\/\/collectin.eu\/#website"},"primaryImageOfPage":{"@id":"https:\/\/collectin.eu\/produktas\/pop-vito-corleone-su-ranksluosciu\/#primaryimage"},"image":{"@id":"https:\/\/collectin.eu\/produktas\/pop-vito-corleone-su-ranksluosciu\/#primaryimage"},"thumbnailUrl":"https:\/\/collectin.eu\/wp-content\/uploads\/2025\/12\/Untitled-design-16.png","datePublished":"2025-12-10T07:45:15+00:00","dateModified":"2026-04-08T10:26:45+00:00","description":"Pop! Vito Corleone with Towel Silencer \u2013 tai kolekcin\u0117 \u201eFunko Pop!\u201c vinilin\u0117 fig\u016br\u0117l\u0117, skirta legendiniam \u201eThe Godfather\u201c (Krik\u0161tat\u0117vis) persona\u017eui. Fig\u016br\u0117l\u0117 vaizduoja Don\u0105 Vito Corleone su ikoni\u0161ka ranka, laikant\u012f pistolet\u0105 su rank\u0161luos\u010diu slopintuvu","breadcrumb":{"@id":"https:\/\/collectin.eu\/produktas\/pop-vito-corleone-su-ranksluosciu\/#breadcrumb"},"inLanguage":"en-US","potentialAction":[{"@type":"ReadAction","target":["https:\/\/collectin.eu\/produktas\/pop-vito-corleone-su-ranksluosciu\/"]}]},{"@type":"ImageObject","inLanguage":"en-US","@id":"https:\/\/collectin.eu\/produktas\/pop-vito-corleone-su-ranksluosciu\/#primaryimage","url":"https:\/\/collectin.eu\/wp-content\/uploads\/2025\/12\/Untitled-design-16.png","contentUrl":"https:\/\/collectin.eu\/wp-content\/uploads\/2025\/12\/Untitled-design-16.png","width":1080,"height":1080},{"@type":"BreadcrumbList","@id":"https:\/\/collectin.eu\/produktas\/pop-vito-corleone-su-ranksluosciu\/#breadcrumb","itemListElement":[{"@type":"ListItem","position":1,"name":"Home","item":"https:\/\/collectin.eu\/"},{"@type":"ListItem","position":2,"name":"Parduotuv\u0117","item":"https:\/\/collectin.eu\/parduotuve\/"},{"@type":"ListItem","position":3,"name":"Pop! Vito Corleone with Towel Silencer"}]},{"@type":"WebSite","@id":"https:\/\/collectin.eu\/#website","url":"https:\/\/collectin.eu\/","name":"Collectin.eu","description":"","potentialAction":[{"@type":"SearchAction","target":{"@type":"EntryPoint","urlTemplate":"https:\/\/collectin.eu\/?s={search_term_string}"},"query-input":{"@type":"PropertyValueSpecification","valueRequired":true,"valueName":"search_term_string"}}],"inLanguage":"en-US"}]}},"jetpack_sharing_enabled":true,"_links":{"self":[{"href":"https:\/\/collectin.eu\/en\/wp-json\/wp\/v2\/product\/38322","targetHints":{"allow":["GET"]}}],"collection":[{"href":"https:\/\/collectin.eu\/en\/wp-json\/wp\/v2\/product"}],"about":[{"href":"https:\/\/collectin.eu\/en\/wp-json\/wp\/v2\/types\/product"}],"replies":[{"embeddable":true,"href":"https:\/\/collectin.eu\/en\/wp-json\/wp\/v2\/comments?post=38322"}],"version-history":[{"count":3,"href":"https:\/\/collectin.eu\/en\/wp-json\/wp\/v2\/product\/38322\/revisions"}],"predecessor-version":[{"id":40185,"href":"https:\/\/collectin.eu\/en\/wp-json\/wp\/v2\/product\/38322\/revisions\/40185"}],"wp:featuredmedia":[{"embeddable":true,"href":"https:\/\/collectin.eu\/en\/wp-json\/wp\/v2\/media\/38323"}],"wp:attachment":[{"href":"https:\/\/collectin.eu\/en\/wp-json\/wp\/v2\/media?parent=38322"}],"wp:term":[{"taxonomy":"product_brand","embeddable":true,"href":"https:\/\/collectin.eu\/en\/wp-json\/wp\/v2\/product_brand?post=38322"},{"taxonomy":"product_cat","embeddable":true,"href":"https:\/\/collectin.eu\/en\/wp-json\/wp\/v2\/product_cat?post=38322"},{"taxonomy":"product_tag","embeddable":true,"href":"https:\/\/collectin.eu\/en\/wp-json\/wp\/v2\/product_tag?post=38322"}],"curies":[{"name":"wp","href":"https:\/\/api.w.org\/{rel}","templated":true}]}}