{"id":38328,"date":"2025-12-10T07:53:23","date_gmt":"2025-12-10T07:53:23","guid":{"rendered":"https:\/\/collectin.eu\/?post_type=product&#038;p=38328"},"modified":"2026-04-08T10:26:45","modified_gmt":"2026-04-08T10:26:45","slug":"pop-mikelandzelas-su-velyku-krepsiu","status":"publish","type":"product","link":"https:\/\/collectin.eu\/en\/product\/pop-mikelandzelas-su-velyku-krepsiu\/","title":{"rendered":"Pop! Michelangelo with Easter Basket"},"content":{"rendered":"<p>Pop! Michelangelo with Easter Basket \u2013 tai spalvinga ir \u017eaisminga \u201eFunko Pop!\u201c vinilin\u0117 fig\u016br\u0117l\u0117, skirta vienam i\u0161 \u201eTeenage Mutant Ninja Turtles\u201c (Nindz\u0117s v\u0117\u017eliai) heroj\u0173 \u2013 Michelangelo. Fig\u016br\u0117l\u0117 vaizduoja j\u012f su \u0161ventiniu Velyk\u0173 krep\u0161eliu, pripildytu spalving\u0173 kiau\u0161ini\u0173, pabr\u0117\u017eiant jo linksmybi\u0173 ir nuotyki\u0173 kupin\u0105 charakter\u012f. Michelangelo i\u0161laiko savo ikoni\u0161k\u0105 oran\u017ein\u0119 kauk\u0119, nindzi\u0173 kostium\u0105 ir charaktering\u0105 linksmas laikysen\u0105, kuri perteikia energing\u0105, smalsi\u0105 ir juoking\u0105 jo asmenyb\u0119. Pagaminta i\u0161 patvaraus vinilo, fig\u016br\u0117l\u0117 yra ma\u017edaug 9\u201310\u202fcm auk\u0161\u010dio, tod\u0117l ji puikiai tinka eksponuoti lentynoje, vitrinoje ar kolekcijos stenduose. Jos dizainas i\u0161siskiria ry\u0161kiomis spalvomis, detaliai atkurtomis fig\u016bros ir krep\u0161elio detal\u0117mis, suteikian\u010diomis i\u0161skirtinumo ir \u017eaismingumo. Tai oficialiai licencijuotas produktas, skirtas tiek \u201eTeenage Mutant Ninja Turtles\u201c gerb\u0117jams, tiek \u201eFunko Pop!\u201c kolekcionieriams, ie\u0161kantiems \u0161venti\u0161kos, linksmos ir ak\u012f traukian\u010dios fig\u016br\u0117l\u0117s savo kolekcijai.<\/p>","protected":false},"excerpt":{"rendered":"<p>Pop! Michelangelo with Easter Basket \u2013 tai spalvinga ir \u017eaisminga \u201eFunko Pop!\u201c vinilin\u0117 fig\u016br\u0117l\u0117, skirta vienam i\u0161 \u201eTeenage Mutant Ninja<\/p>","protected":false},"featured_media":38329,"comment_status":"open","ping_status":"closed","template":"","meta":[],"product_brand":[426],"product_cat":[680,409,448],"product_tag":[],"class_list":{"0":"post-38328","1":"product","2":"type-product","3":"status-publish","4":"has-post-thumbnail","6":"product_brand-funko-pop","7":"product_cat-figureles","8":"product_cat-funko-pop","9":"product_cat-pop-movies","11":"first","12":"instock","13":"taxable","14":"shipping-taxable","15":"purchasable","16":"product-type-simple"},"yoast_head":"<!-- This site is optimized with the Yoast SEO plugin v25.9 - https:\/\/yoast.com\/wordpress\/plugins\/seo\/ -->\n<title>Pop! Michelangelo with Easter Basket - Collectin.eu<\/title>\n<meta name=\"description\" content=\"Pop! Michelangelo with Easter Basket \u2013 tai spalvinga ir \u017eaisminga \u201eFunko Pop!\u201c vinilin\u0117 fig\u016br\u0117l\u0117, skirta vienam i\u0161 \u201eTeenage Mutant Ninja Turtles\u201c (Nindz\u0117s v\u0117\u017eliai) heroj\u0173 \u2013 Michelangelo.\" \/>\n<meta name=\"robots\" content=\"index, follow, max-snippet:-1, max-image-preview:large, max-video-preview:-1\" \/>\n<link rel=\"canonical\" href=\"https:\/\/collectin.eu\/en\/product\/pop-mikelandzelas-su-velyku-krepsiu\/\" \/>\n<meta property=\"og:locale\" content=\"en_US\" \/>\n<meta property=\"og:type\" content=\"article\" \/>\n<meta property=\"og:title\" content=\"Pop! Michelangelo with Easter Basket - Collectin.eu\" \/>\n<meta property=\"og:description\" content=\"Pop! Michelangelo with Easter Basket \u2013 tai spalvinga ir \u017eaisminga \u201eFunko Pop!\u201c vinilin\u0117 fig\u016br\u0117l\u0117, skirta vienam i\u0161 \u201eTeenage Mutant Ninja Turtles\u201c (Nindz\u0117s v\u0117\u017eliai) heroj\u0173 \u2013 Michelangelo.\" \/>\n<meta property=\"og:url\" content=\"https:\/\/collectin.eu\/en\/product\/pop-mikelandzelas-su-velyku-krepsiu\/\" \/>\n<meta property=\"og:site_name\" content=\"Collectin.eu\" \/>\n<meta property=\"article:modified_time\" content=\"2026-04-08T10:26:45+00:00\" \/>\n<meta property=\"og:image\" content=\"http:\/\/collectin.eu\/wp-content\/uploads\/2025\/12\/Untitled-design-19.png\" \/>\n\t<meta property=\"og:image:width\" content=\"1080\" \/>\n\t<meta property=\"og:image:height\" content=\"1080\" \/>\n\t<meta property=\"og:image:type\" content=\"image\/png\" \/>\n<meta name=\"twitter:card\" content=\"summary_large_image\" \/>\n<meta name=\"twitter:label1\" content=\"Est. reading time\" \/>\n\t<meta name=\"twitter:data1\" content=\"1 minute\" \/>\n<script type=\"application\/ld+json\" class=\"yoast-schema-graph\">{\"@context\":\"https:\/\/schema.org\",\"@graph\":[{\"@type\":\"WebPage\",\"@id\":\"https:\/\/collectin.eu\/produktas\/pop-mikelandzelas-su-velyku-krepsiu\/\",\"url\":\"https:\/\/collectin.eu\/produktas\/pop-mikelandzelas-su-velyku-krepsiu\/\",\"name\":\"Pop! Michelangelo with Easter Basket - Collectin.eu\",\"isPartOf\":{\"@id\":\"https:\/\/collectin.eu\/#website\"},\"primaryImageOfPage\":{\"@id\":\"https:\/\/collectin.eu\/produktas\/pop-mikelandzelas-su-velyku-krepsiu\/#primaryimage\"},\"image\":{\"@id\":\"https:\/\/collectin.eu\/produktas\/pop-mikelandzelas-su-velyku-krepsiu\/#primaryimage\"},\"thumbnailUrl\":\"https:\/\/collectin.eu\/wp-content\/uploads\/2025\/12\/Untitled-design-19.png\",\"datePublished\":\"2025-12-10T07:53:23+00:00\",\"dateModified\":\"2026-04-08T10:26:45+00:00\",\"description\":\"Pop! Michelangelo with Easter Basket \u2013 tai spalvinga ir \u017eaisminga \u201eFunko Pop!\u201c vinilin\u0117 fig\u016br\u0117l\u0117, skirta vienam i\u0161 \u201eTeenage Mutant Ninja Turtles\u201c (Nindz\u0117s v\u0117\u017eliai) heroj\u0173 \u2013 Michelangelo.\",\"breadcrumb\":{\"@id\":\"https:\/\/collectin.eu\/produktas\/pop-mikelandzelas-su-velyku-krepsiu\/#breadcrumb\"},\"inLanguage\":\"en-US\",\"potentialAction\":[{\"@type\":\"ReadAction\",\"target\":[\"https:\/\/collectin.eu\/produktas\/pop-mikelandzelas-su-velyku-krepsiu\/\"]}]},{\"@type\":\"ImageObject\",\"inLanguage\":\"en-US\",\"@id\":\"https:\/\/collectin.eu\/produktas\/pop-mikelandzelas-su-velyku-krepsiu\/#primaryimage\",\"url\":\"https:\/\/collectin.eu\/wp-content\/uploads\/2025\/12\/Untitled-design-19.png\",\"contentUrl\":\"https:\/\/collectin.eu\/wp-content\/uploads\/2025\/12\/Untitled-design-19.png\",\"width\":1080,\"height\":1080},{\"@type\":\"BreadcrumbList\",\"@id\":\"https:\/\/collectin.eu\/produktas\/pop-mikelandzelas-su-velyku-krepsiu\/#breadcrumb\",\"itemListElement\":[{\"@type\":\"ListItem\",\"position\":1,\"name\":\"Home\",\"item\":\"https:\/\/collectin.eu\/\"},{\"@type\":\"ListItem\",\"position\":2,\"name\":\"Parduotuv\u0117\",\"item\":\"https:\/\/collectin.eu\/parduotuve\/\"},{\"@type\":\"ListItem\",\"position\":3,\"name\":\"Pop! Michelangelo with Easter Basket\"}]},{\"@type\":\"WebSite\",\"@id\":\"https:\/\/collectin.eu\/#website\",\"url\":\"https:\/\/collectin.eu\/\",\"name\":\"Collectin.eu\",\"description\":\"\",\"potentialAction\":[{\"@type\":\"SearchAction\",\"target\":{\"@type\":\"EntryPoint\",\"urlTemplate\":\"https:\/\/collectin.eu\/?s={search_term_string}\"},\"query-input\":{\"@type\":\"PropertyValueSpecification\",\"valueRequired\":true,\"valueName\":\"search_term_string\"}}],\"inLanguage\":\"en-US\"}]}<\/script>\n<!-- \/ Yoast SEO plugin. -->","yoast_head_json":{"title":"Pop! Michelangelo with Easter Basket - Collectin.eu","description":"Pop! Michelangelo with Easter Basket \u2013 tai spalvinga ir \u017eaisminga \u201eFunko Pop!\u201c vinilin\u0117 fig\u016br\u0117l\u0117, skirta vienam i\u0161 \u201eTeenage Mutant Ninja Turtles\u201c (Nindz\u0117s v\u0117\u017eliai) heroj\u0173 \u2013 Michelangelo.","robots":{"index":"index","follow":"follow","max-snippet":"max-snippet:-1","max-image-preview":"max-image-preview:large","max-video-preview":"max-video-preview:-1"},"canonical":"https:\/\/collectin.eu\/en\/product\/pop-mikelandzelas-su-velyku-krepsiu\/","og_locale":"en_US","og_type":"article","og_title":"Pop! Michelangelo with Easter Basket - Collectin.eu","og_description":"Pop! Michelangelo with Easter Basket \u2013 tai spalvinga ir \u017eaisminga \u201eFunko Pop!\u201c vinilin\u0117 fig\u016br\u0117l\u0117, skirta vienam i\u0161 \u201eTeenage Mutant Ninja Turtles\u201c (Nindz\u0117s v\u0117\u017eliai) heroj\u0173 \u2013 Michelangelo.","og_url":"https:\/\/collectin.eu\/en\/product\/pop-mikelandzelas-su-velyku-krepsiu\/","og_site_name":"Collectin.eu","article_modified_time":"2026-04-08T10:26:45+00:00","og_image":[{"width":1080,"height":1080,"url":"http:\/\/collectin.eu\/wp-content\/uploads\/2025\/12\/Untitled-design-19.png","type":"image\/png"}],"twitter_card":"summary_large_image","twitter_misc":{"Est. reading time":"1 minute"},"schema":{"@context":"https:\/\/schema.org","@graph":[{"@type":"WebPage","@id":"https:\/\/collectin.eu\/produktas\/pop-mikelandzelas-su-velyku-krepsiu\/","url":"https:\/\/collectin.eu\/produktas\/pop-mikelandzelas-su-velyku-krepsiu\/","name":"Pop! Michelangelo with Easter Basket - Collectin.eu","isPartOf":{"@id":"https:\/\/collectin.eu\/#website"},"primaryImageOfPage":{"@id":"https:\/\/collectin.eu\/produktas\/pop-mikelandzelas-su-velyku-krepsiu\/#primaryimage"},"image":{"@id":"https:\/\/collectin.eu\/produktas\/pop-mikelandzelas-su-velyku-krepsiu\/#primaryimage"},"thumbnailUrl":"https:\/\/collectin.eu\/wp-content\/uploads\/2025\/12\/Untitled-design-19.png","datePublished":"2025-12-10T07:53:23+00:00","dateModified":"2026-04-08T10:26:45+00:00","description":"Pop! Michelangelo with Easter Basket \u2013 tai spalvinga ir \u017eaisminga \u201eFunko Pop!\u201c vinilin\u0117 fig\u016br\u0117l\u0117, skirta vienam i\u0161 \u201eTeenage Mutant Ninja Turtles\u201c (Nindz\u0117s v\u0117\u017eliai) heroj\u0173 \u2013 Michelangelo.","breadcrumb":{"@id":"https:\/\/collectin.eu\/produktas\/pop-mikelandzelas-su-velyku-krepsiu\/#breadcrumb"},"inLanguage":"en-US","potentialAction":[{"@type":"ReadAction","target":["https:\/\/collectin.eu\/produktas\/pop-mikelandzelas-su-velyku-krepsiu\/"]}]},{"@type":"ImageObject","inLanguage":"en-US","@id":"https:\/\/collectin.eu\/produktas\/pop-mikelandzelas-su-velyku-krepsiu\/#primaryimage","url":"https:\/\/collectin.eu\/wp-content\/uploads\/2025\/12\/Untitled-design-19.png","contentUrl":"https:\/\/collectin.eu\/wp-content\/uploads\/2025\/12\/Untitled-design-19.png","width":1080,"height":1080},{"@type":"BreadcrumbList","@id":"https:\/\/collectin.eu\/produktas\/pop-mikelandzelas-su-velyku-krepsiu\/#breadcrumb","itemListElement":[{"@type":"ListItem","position":1,"name":"Home","item":"https:\/\/collectin.eu\/"},{"@type":"ListItem","position":2,"name":"Parduotuv\u0117","item":"https:\/\/collectin.eu\/parduotuve\/"},{"@type":"ListItem","position":3,"name":"Pop! Michelangelo with Easter Basket"}]},{"@type":"WebSite","@id":"https:\/\/collectin.eu\/#website","url":"https:\/\/collectin.eu\/","name":"Collectin.eu","description":"","potentialAction":[{"@type":"SearchAction","target":{"@type":"EntryPoint","urlTemplate":"https:\/\/collectin.eu\/?s={search_term_string}"},"query-input":{"@type":"PropertyValueSpecification","valueRequired":true,"valueName":"search_term_string"}}],"inLanguage":"en-US"}]}},"jetpack_sharing_enabled":true,"_links":{"self":[{"href":"https:\/\/collectin.eu\/en\/wp-json\/wp\/v2\/product\/38328","targetHints":{"allow":["GET"]}}],"collection":[{"href":"https:\/\/collectin.eu\/en\/wp-json\/wp\/v2\/product"}],"about":[{"href":"https:\/\/collectin.eu\/en\/wp-json\/wp\/v2\/types\/product"}],"replies":[{"embeddable":true,"href":"https:\/\/collectin.eu\/en\/wp-json\/wp\/v2\/comments?post=38328"}],"version-history":[{"count":3,"href":"https:\/\/collectin.eu\/en\/wp-json\/wp\/v2\/product\/38328\/revisions"}],"predecessor-version":[{"id":40180,"href":"https:\/\/collectin.eu\/en\/wp-json\/wp\/v2\/product\/38328\/revisions\/40180"}],"wp:featuredmedia":[{"embeddable":true,"href":"https:\/\/collectin.eu\/en\/wp-json\/wp\/v2\/media\/38329"}],"wp:attachment":[{"href":"https:\/\/collectin.eu\/en\/wp-json\/wp\/v2\/media?parent=38328"}],"wp:term":[{"taxonomy":"product_brand","embeddable":true,"href":"https:\/\/collectin.eu\/en\/wp-json\/wp\/v2\/product_brand?post=38328"},{"taxonomy":"product_cat","embeddable":true,"href":"https:\/\/collectin.eu\/en\/wp-json\/wp\/v2\/product_cat?post=38328"},{"taxonomy":"product_tag","embeddable":true,"href":"https:\/\/collectin.eu\/en\/wp-json\/wp\/v2\/product_tag?post=38328"}],"curies":[{"name":"wp","href":"https:\/\/api.w.org\/{rel}","templated":true}]}}