{"id":38343,"date":"2025-12-10T08:12:47","date_gmt":"2025-12-10T08:12:47","guid":{"rendered":"https:\/\/collectin.eu\/?post_type=product&#038;p=38343"},"modified":"2026-04-08T10:26:44","modified_gmt":"2026-04-08T10:26:44","slug":"pop-donatello-the-last-ronin","status":"publish","type":"product","link":"https:\/\/collectin.eu\/en\/product\/pop-donatello-the-last-ronin\/","title":{"rendered":"Pop! Donatello (The Last Ronin)"},"content":{"rendered":"<p>Pop! Donatello (The Last Ronin) \u2013 tai i\u0161skirtin\u0117 Funko Pop! fig\u016br\u0117l\u0117, skirta tikriems Ninja Turtles gerb\u0117jams ir kolekcionieriams, norintiems tur\u0117ti unikal\u0173 ir istorin\u0119 vert\u0119 turint\u012f popkult\u016bros objekt\u0105. \u0160i fig\u016br\u0117l\u0117 \u012fkv\u0117pta \u201eThe Last Ronin\u201c istorijos, kurioje vienas i\u0161 mylim\u0173 nindzi\u0173 v\u0117\u017eli\u0173 stoja kovoti u\u017e savo draug\u0173 atminim\u0105. Donatello fig\u016br\u0117l\u0117 perteikia jo dr\u0105s\u0105, ry\u017et\u0105 ir i\u0161skirtinius techninius \u012fg\u016bd\u017eius net pa\u010diose sud\u0117tingiausiose situacijose. Fig\u016br\u0117l\u0117 vaizduoja Donatello tvirtai stovint\u012f, laikant\u012f savo legendin\u0119 bo lazdel\u0119, d\u0117vin\u010dio i\u0161skirtin\u0119 \u201eThe Last Ronin\u201c aprang\u0105. Jo detalizuotas kostiumas, kauk\u0117 ir i\u0161rai\u0161kingas veidas leid\u017eia atpa\u017einti kiekvien\u0105 charakterio bruo\u017e\u0105, suteikiant fig\u016br\u0117lei gyvumo ir autenti\u0161kumo. \u201eThe Last Ronin\u201c versija suteikia fig\u016br\u0117lei unikalumo ir istorinio konteksto, kuris ypatingai patiks tiek ilgalaikiams fanams, tiek naujiems kolekcionieriams.<\/p>","protected":false},"excerpt":{"rendered":"<p>Pop! Donatello (The Last Ronin) \u2013 tai i\u0161skirtin\u0117 Funko Pop! fig\u016br\u0117l\u0117, skirta tikriems Ninja Turtles gerb\u0117jams ir kolekcionieriams, norintiems tur\u0117ti<\/p>","protected":false},"featured_media":38344,"comment_status":"open","ping_status":"closed","template":"","meta":[],"product_brand":[426],"product_cat":[680,409,448],"product_tag":[],"class_list":{"0":"post-38343","1":"product","2":"type-product","3":"status-publish","4":"has-post-thumbnail","6":"product_brand-funko-pop","7":"product_cat-figureles","8":"product_cat-funko-pop","9":"product_cat-pop-movies","11":"first","12":"instock","13":"taxable","14":"shipping-taxable","15":"purchasable","16":"product-type-simple"},"yoast_head":"<!-- This site is optimized with the Yoast SEO plugin v25.9 - https:\/\/yoast.com\/wordpress\/plugins\/seo\/ -->\n<title>Pop! Donatello (The Last Ronin) - Collectin.eu<\/title>\n<meta name=\"description\" content=\"Pop! Donatello (The Last Ronin) \u2013 i\u0161skirtin\u0117 Funko Pop! fig\u016br\u0117l\u0117, skirta visiems Ninja Turtles gerb\u0117jams ir kolekcionieriams.\" \/>\n<meta name=\"robots\" content=\"index, follow, max-snippet:-1, max-image-preview:large, max-video-preview:-1\" \/>\n<link rel=\"canonical\" href=\"https:\/\/collectin.eu\/en\/product\/pop-donatello-the-last-ronin\/\" \/>\n<meta property=\"og:locale\" content=\"en_US\" \/>\n<meta property=\"og:type\" content=\"article\" \/>\n<meta property=\"og:title\" content=\"Pop! Donatello (The Last Ronin) - Collectin.eu\" \/>\n<meta property=\"og:description\" content=\"Pop! Donatello (The Last Ronin) \u2013 i\u0161skirtin\u0117 Funko Pop! fig\u016br\u0117l\u0117, skirta visiems Ninja Turtles gerb\u0117jams ir kolekcionieriams.\" \/>\n<meta property=\"og:url\" content=\"https:\/\/collectin.eu\/en\/product\/pop-donatello-the-last-ronin\/\" \/>\n<meta property=\"og:site_name\" content=\"Collectin.eu\" \/>\n<meta property=\"article:modified_time\" content=\"2026-04-08T10:26:44+00:00\" \/>\n<meta property=\"og:image\" content=\"http:\/\/collectin.eu\/wp-content\/uploads\/2025\/12\/Untitled-design-25.png\" \/>\n\t<meta property=\"og:image:width\" content=\"1080\" \/>\n\t<meta property=\"og:image:height\" content=\"1080\" \/>\n\t<meta property=\"og:image:type\" content=\"image\/png\" \/>\n<meta name=\"twitter:card\" content=\"summary_large_image\" \/>\n<meta name=\"twitter:label1\" content=\"Est. reading time\" \/>\n\t<meta name=\"twitter:data1\" content=\"1 minute\" \/>\n<script type=\"application\/ld+json\" class=\"yoast-schema-graph\">{\"@context\":\"https:\/\/schema.org\",\"@graph\":[{\"@type\":\"WebPage\",\"@id\":\"https:\/\/collectin.eu\/produktas\/pop-donatello-the-last-ronin\/\",\"url\":\"https:\/\/collectin.eu\/produktas\/pop-donatello-the-last-ronin\/\",\"name\":\"Pop! Donatello (The Last Ronin) - Collectin.eu\",\"isPartOf\":{\"@id\":\"https:\/\/collectin.eu\/#website\"},\"primaryImageOfPage\":{\"@id\":\"https:\/\/collectin.eu\/produktas\/pop-donatello-the-last-ronin\/#primaryimage\"},\"image\":{\"@id\":\"https:\/\/collectin.eu\/produktas\/pop-donatello-the-last-ronin\/#primaryimage\"},\"thumbnailUrl\":\"https:\/\/collectin.eu\/wp-content\/uploads\/2025\/12\/Untitled-design-25.png\",\"datePublished\":\"2025-12-10T08:12:47+00:00\",\"dateModified\":\"2026-04-08T10:26:44+00:00\",\"description\":\"Pop! Donatello (The Last Ronin) \u2013 i\u0161skirtin\u0117 Funko Pop! fig\u016br\u0117l\u0117, skirta visiems Ninja Turtles gerb\u0117jams ir kolekcionieriams.\",\"breadcrumb\":{\"@id\":\"https:\/\/collectin.eu\/produktas\/pop-donatello-the-last-ronin\/#breadcrumb\"},\"inLanguage\":\"en-US\",\"potentialAction\":[{\"@type\":\"ReadAction\",\"target\":[\"https:\/\/collectin.eu\/produktas\/pop-donatello-the-last-ronin\/\"]}]},{\"@type\":\"ImageObject\",\"inLanguage\":\"en-US\",\"@id\":\"https:\/\/collectin.eu\/produktas\/pop-donatello-the-last-ronin\/#primaryimage\",\"url\":\"https:\/\/collectin.eu\/wp-content\/uploads\/2025\/12\/Untitled-design-25.png\",\"contentUrl\":\"https:\/\/collectin.eu\/wp-content\/uploads\/2025\/12\/Untitled-design-25.png\",\"width\":1080,\"height\":1080},{\"@type\":\"BreadcrumbList\",\"@id\":\"https:\/\/collectin.eu\/produktas\/pop-donatello-the-last-ronin\/#breadcrumb\",\"itemListElement\":[{\"@type\":\"ListItem\",\"position\":1,\"name\":\"Home\",\"item\":\"https:\/\/collectin.eu\/\"},{\"@type\":\"ListItem\",\"position\":2,\"name\":\"Parduotuv\u0117\",\"item\":\"https:\/\/collectin.eu\/parduotuve\/\"},{\"@type\":\"ListItem\",\"position\":3,\"name\":\"Pop! Donatello (The Last Ronin)\"}]},{\"@type\":\"WebSite\",\"@id\":\"https:\/\/collectin.eu\/#website\",\"url\":\"https:\/\/collectin.eu\/\",\"name\":\"Collectin.eu\",\"description\":\"\",\"potentialAction\":[{\"@type\":\"SearchAction\",\"target\":{\"@type\":\"EntryPoint\",\"urlTemplate\":\"https:\/\/collectin.eu\/?s={search_term_string}\"},\"query-input\":{\"@type\":\"PropertyValueSpecification\",\"valueRequired\":true,\"valueName\":\"search_term_string\"}}],\"inLanguage\":\"en-US\"}]}<\/script>\n<!-- \/ Yoast SEO plugin. -->","yoast_head_json":{"title":"Pop! Donatello (The Last Ronin) - Collectin.eu","description":"Pop! Donatello (The Last Ronin) \u2013 i\u0161skirtin\u0117 Funko Pop! fig\u016br\u0117l\u0117, skirta visiems Ninja Turtles gerb\u0117jams ir kolekcionieriams.","robots":{"index":"index","follow":"follow","max-snippet":"max-snippet:-1","max-image-preview":"max-image-preview:large","max-video-preview":"max-video-preview:-1"},"canonical":"https:\/\/collectin.eu\/en\/product\/pop-donatello-the-last-ronin\/","og_locale":"en_US","og_type":"article","og_title":"Pop! Donatello (The Last Ronin) - Collectin.eu","og_description":"Pop! Donatello (The Last Ronin) \u2013 i\u0161skirtin\u0117 Funko Pop! fig\u016br\u0117l\u0117, skirta visiems Ninja Turtles gerb\u0117jams ir kolekcionieriams.","og_url":"https:\/\/collectin.eu\/en\/product\/pop-donatello-the-last-ronin\/","og_site_name":"Collectin.eu","article_modified_time":"2026-04-08T10:26:44+00:00","og_image":[{"width":1080,"height":1080,"url":"http:\/\/collectin.eu\/wp-content\/uploads\/2025\/12\/Untitled-design-25.png","type":"image\/png"}],"twitter_card":"summary_large_image","twitter_misc":{"Est. reading time":"1 minute"},"schema":{"@context":"https:\/\/schema.org","@graph":[{"@type":"WebPage","@id":"https:\/\/collectin.eu\/produktas\/pop-donatello-the-last-ronin\/","url":"https:\/\/collectin.eu\/produktas\/pop-donatello-the-last-ronin\/","name":"Pop! Donatello (The Last Ronin) - Collectin.eu","isPartOf":{"@id":"https:\/\/collectin.eu\/#website"},"primaryImageOfPage":{"@id":"https:\/\/collectin.eu\/produktas\/pop-donatello-the-last-ronin\/#primaryimage"},"image":{"@id":"https:\/\/collectin.eu\/produktas\/pop-donatello-the-last-ronin\/#primaryimage"},"thumbnailUrl":"https:\/\/collectin.eu\/wp-content\/uploads\/2025\/12\/Untitled-design-25.png","datePublished":"2025-12-10T08:12:47+00:00","dateModified":"2026-04-08T10:26:44+00:00","description":"Pop! Donatello (The Last Ronin) \u2013 i\u0161skirtin\u0117 Funko Pop! fig\u016br\u0117l\u0117, skirta visiems Ninja Turtles gerb\u0117jams ir kolekcionieriams.","breadcrumb":{"@id":"https:\/\/collectin.eu\/produktas\/pop-donatello-the-last-ronin\/#breadcrumb"},"inLanguage":"en-US","potentialAction":[{"@type":"ReadAction","target":["https:\/\/collectin.eu\/produktas\/pop-donatello-the-last-ronin\/"]}]},{"@type":"ImageObject","inLanguage":"en-US","@id":"https:\/\/collectin.eu\/produktas\/pop-donatello-the-last-ronin\/#primaryimage","url":"https:\/\/collectin.eu\/wp-content\/uploads\/2025\/12\/Untitled-design-25.png","contentUrl":"https:\/\/collectin.eu\/wp-content\/uploads\/2025\/12\/Untitled-design-25.png","width":1080,"height":1080},{"@type":"BreadcrumbList","@id":"https:\/\/collectin.eu\/produktas\/pop-donatello-the-last-ronin\/#breadcrumb","itemListElement":[{"@type":"ListItem","position":1,"name":"Home","item":"https:\/\/collectin.eu\/"},{"@type":"ListItem","position":2,"name":"Parduotuv\u0117","item":"https:\/\/collectin.eu\/parduotuve\/"},{"@type":"ListItem","position":3,"name":"Pop! Donatello (The Last Ronin)"}]},{"@type":"WebSite","@id":"https:\/\/collectin.eu\/#website","url":"https:\/\/collectin.eu\/","name":"Collectin.eu","description":"","potentialAction":[{"@type":"SearchAction","target":{"@type":"EntryPoint","urlTemplate":"https:\/\/collectin.eu\/?s={search_term_string}"},"query-input":{"@type":"PropertyValueSpecification","valueRequired":true,"valueName":"search_term_string"}}],"inLanguage":"en-US"}]}},"jetpack_sharing_enabled":true,"_links":{"self":[{"href":"https:\/\/collectin.eu\/en\/wp-json\/wp\/v2\/product\/38343","targetHints":{"allow":["GET"]}}],"collection":[{"href":"https:\/\/collectin.eu\/en\/wp-json\/wp\/v2\/product"}],"about":[{"href":"https:\/\/collectin.eu\/en\/wp-json\/wp\/v2\/types\/product"}],"replies":[{"embeddable":true,"href":"https:\/\/collectin.eu\/en\/wp-json\/wp\/v2\/comments?post=38343"}],"version-history":[{"count":3,"href":"https:\/\/collectin.eu\/en\/wp-json\/wp\/v2\/product\/38343\/revisions"}],"predecessor-version":[{"id":40179,"href":"https:\/\/collectin.eu\/en\/wp-json\/wp\/v2\/product\/38343\/revisions\/40179"}],"wp:featuredmedia":[{"embeddable":true,"href":"https:\/\/collectin.eu\/en\/wp-json\/wp\/v2\/media\/38344"}],"wp:attachment":[{"href":"https:\/\/collectin.eu\/en\/wp-json\/wp\/v2\/media?parent=38343"}],"wp:term":[{"taxonomy":"product_brand","embeddable":true,"href":"https:\/\/collectin.eu\/en\/wp-json\/wp\/v2\/product_brand?post=38343"},{"taxonomy":"product_cat","embeddable":true,"href":"https:\/\/collectin.eu\/en\/wp-json\/wp\/v2\/product_cat?post=38343"},{"taxonomy":"product_tag","embeddable":true,"href":"https:\/\/collectin.eu\/en\/wp-json\/wp\/v2\/product_tag?post=38343"}],"curies":[{"name":"wp","href":"https:\/\/api.w.org\/{rel}","templated":true}]}}