{"id":38352,"date":"2025-12-10T08:19:43","date_gmt":"2025-12-10T08:19:43","guid":{"rendered":"https:\/\/collectin.eu\/?post_type=product&#038;p=38352"},"modified":"2026-04-08T10:26:44","modified_gmt":"2026-04-08T10:26:44","slug":"pop-draugas-slash-su-isankstine-mutacija-slash","status":"publish","type":"product","link":"https:\/\/collectin.eu\/en\/product\/pop-draugas-slash-su-isankstine-mutacija-slash\/","title":{"rendered":"Pop! Buddy Slash with Pre-Mutated Slash"},"content":{"rendered":"<p>Pop! &amp; Buddy Slash with Pre-Mutated Slash \u2013 tai i\u0161skirtin\u0117 Funko Pop! fig\u016br\u0117l\u0117, skirta visiems Teenage Mutant Ninja Turtles gerb\u0117jams ir kolekcionieriams. \u0160i fig\u016br\u0117l\u0117 vaizduoja Slash \u2013 vien\u0105 i\u0161 \u017einom\u0173 nindzi\u0173 v\u0117\u017eli\u0173 prie\u0161inink\u0173 \u2013 jo ankstyvoje, dar nevisi\u0161kai mutavusioje formoje (\u201ePre-Mutated\u201c), kartu su ma\u017eesniu kompanionu \u201eBuddy\u201c, kuris suteikia fig\u016br\u0117lei \u017eaismingumo ir papildomo \u017eavesio. Fig\u016br\u0117l\u0117 perteikia Slash charakterio ypatybes, \u012fskaitant detalizuot\u0105 k\u016bno strukt\u016br\u0105, kauk\u0119 ir agresyvi\u0105, bet kartu smagi\u0105 i\u0161rai\u0161k\u0105. \u201eBuddy\u201c draugas pabr\u0117\u017eia fig\u016br\u0117l\u0117s interaktyvum\u0105 ir suteikia kolekcijai dinamikos. Pagaminta i\u0161 auk\u0161tos kokyb\u0117s PVC med\u017eiagos, fig\u016br\u0117l\u0117 yra tvirta, patvari ir lengvai valoma. Ry\u0161kios spalvos, tiksliai i\u0161reik\u0161tos detal\u0117s ir stabilus pagrindas u\u017etikrina, kad Pop! &amp; Buddy Slash su Pre-Mutated Slash puikiai atrodys lentynoje, darbo stalo vitrinoje ar bet kurioje kolekcijos vietoje.<\/p>","protected":false},"excerpt":{"rendered":"<p>Pop! &amp; Buddy Slash with Pre-Mutated Slash \u2013 tai i\u0161skirtin\u0117 Funko Pop! fig\u016br\u0117l\u0117, skirta visiems Teenage Mutant Ninja Turtles gerb\u0117jams<\/p>","protected":false},"featured_media":38353,"comment_status":"open","ping_status":"closed","template":"","meta":[],"product_brand":[426],"product_cat":[680,409,448],"product_tag":[],"class_list":{"0":"post-38352","1":"product","2":"type-product","3":"status-publish","4":"has-post-thumbnail","6":"product_brand-funko-pop","7":"product_cat-figureles","8":"product_cat-funko-pop","9":"product_cat-pop-movies","11":"first","12":"instock","13":"taxable","14":"shipping-taxable","15":"purchasable","16":"product-type-simple"},"yoast_head":"<!-- This site is optimized with the Yoast SEO plugin v25.9 - https:\/\/yoast.com\/wordpress\/plugins\/seo\/ -->\n<title>Pop! Buddy Slash with Pre-Mutated Slash - Collectin.eu<\/title>\n<meta name=\"description\" content=\"Pop! &amp; Buddy Slash with Pre-Mutated Slash \u2013 tai i\u0161skirtin\u0117 Funko Pop! fig\u016br\u0117l\u0117, skirta visiems Teenage Mutant Ninja Turtles gerb\u0117jams ir kolekcionieriams.\" \/>\n<meta name=\"robots\" content=\"index, follow, max-snippet:-1, max-image-preview:large, max-video-preview:-1\" \/>\n<link rel=\"canonical\" href=\"https:\/\/collectin.eu\/en\/product\/pop-draugas-slash-su-isankstine-mutacija-slash\/\" \/>\n<meta property=\"og:locale\" content=\"en_US\" \/>\n<meta property=\"og:type\" content=\"article\" \/>\n<meta property=\"og:title\" content=\"Pop! Buddy Slash with Pre-Mutated Slash - Collectin.eu\" \/>\n<meta property=\"og:description\" content=\"Pop! &amp; Buddy Slash with Pre-Mutated Slash \u2013 tai i\u0161skirtin\u0117 Funko Pop! fig\u016br\u0117l\u0117, skirta visiems Teenage Mutant Ninja Turtles gerb\u0117jams ir kolekcionieriams.\" \/>\n<meta property=\"og:url\" content=\"https:\/\/collectin.eu\/en\/product\/pop-draugas-slash-su-isankstine-mutacija-slash\/\" \/>\n<meta property=\"og:site_name\" content=\"Collectin.eu\" \/>\n<meta property=\"article:modified_time\" content=\"2026-04-08T10:26:44+00:00\" \/>\n<meta property=\"og:image\" content=\"http:\/\/collectin.eu\/wp-content\/uploads\/2025\/12\/Untitled-design-27.png\" \/>\n\t<meta property=\"og:image:width\" content=\"1080\" \/>\n\t<meta property=\"og:image:height\" content=\"1080\" \/>\n\t<meta property=\"og:image:type\" content=\"image\/png\" \/>\n<meta name=\"twitter:card\" content=\"summary_large_image\" \/>\n<meta name=\"twitter:label1\" content=\"Est. reading time\" \/>\n\t<meta name=\"twitter:data1\" content=\"1 minute\" \/>\n<script type=\"application\/ld+json\" class=\"yoast-schema-graph\">{\"@context\":\"https:\/\/schema.org\",\"@graph\":[{\"@type\":\"WebPage\",\"@id\":\"https:\/\/collectin.eu\/produktas\/pop-draugas-slash-su-isankstine-mutacija-slash\/\",\"url\":\"https:\/\/collectin.eu\/produktas\/pop-draugas-slash-su-isankstine-mutacija-slash\/\",\"name\":\"Pop! Buddy Slash with Pre-Mutated Slash - Collectin.eu\",\"isPartOf\":{\"@id\":\"https:\/\/collectin.eu\/#website\"},\"primaryImageOfPage\":{\"@id\":\"https:\/\/collectin.eu\/produktas\/pop-draugas-slash-su-isankstine-mutacija-slash\/#primaryimage\"},\"image\":{\"@id\":\"https:\/\/collectin.eu\/produktas\/pop-draugas-slash-su-isankstine-mutacija-slash\/#primaryimage\"},\"thumbnailUrl\":\"https:\/\/collectin.eu\/wp-content\/uploads\/2025\/12\/Untitled-design-27.png\",\"datePublished\":\"2025-12-10T08:19:43+00:00\",\"dateModified\":\"2026-04-08T10:26:44+00:00\",\"description\":\"Pop! & Buddy Slash with Pre-Mutated Slash \u2013 tai i\u0161skirtin\u0117 Funko Pop! fig\u016br\u0117l\u0117, skirta visiems Teenage Mutant Ninja Turtles gerb\u0117jams ir kolekcionieriams.\",\"breadcrumb\":{\"@id\":\"https:\/\/collectin.eu\/produktas\/pop-draugas-slash-su-isankstine-mutacija-slash\/#breadcrumb\"},\"inLanguage\":\"en-US\",\"potentialAction\":[{\"@type\":\"ReadAction\",\"target\":[\"https:\/\/collectin.eu\/produktas\/pop-draugas-slash-su-isankstine-mutacija-slash\/\"]}]},{\"@type\":\"ImageObject\",\"inLanguage\":\"en-US\",\"@id\":\"https:\/\/collectin.eu\/produktas\/pop-draugas-slash-su-isankstine-mutacija-slash\/#primaryimage\",\"url\":\"https:\/\/collectin.eu\/wp-content\/uploads\/2025\/12\/Untitled-design-27.png\",\"contentUrl\":\"https:\/\/collectin.eu\/wp-content\/uploads\/2025\/12\/Untitled-design-27.png\",\"width\":1080,\"height\":1080},{\"@type\":\"BreadcrumbList\",\"@id\":\"https:\/\/collectin.eu\/produktas\/pop-draugas-slash-su-isankstine-mutacija-slash\/#breadcrumb\",\"itemListElement\":[{\"@type\":\"ListItem\",\"position\":1,\"name\":\"Home\",\"item\":\"https:\/\/collectin.eu\/\"},{\"@type\":\"ListItem\",\"position\":2,\"name\":\"Parduotuv\u0117\",\"item\":\"https:\/\/collectin.eu\/parduotuve\/\"},{\"@type\":\"ListItem\",\"position\":3,\"name\":\"Pop! Buddy Slash with Pre-Mutated Slash\"}]},{\"@type\":\"WebSite\",\"@id\":\"https:\/\/collectin.eu\/#website\",\"url\":\"https:\/\/collectin.eu\/\",\"name\":\"Collectin.eu\",\"description\":\"\",\"potentialAction\":[{\"@type\":\"SearchAction\",\"target\":{\"@type\":\"EntryPoint\",\"urlTemplate\":\"https:\/\/collectin.eu\/?s={search_term_string}\"},\"query-input\":{\"@type\":\"PropertyValueSpecification\",\"valueRequired\":true,\"valueName\":\"search_term_string\"}}],\"inLanguage\":\"en-US\"}]}<\/script>\n<!-- \/ Yoast SEO plugin. -->","yoast_head_json":{"title":"Pop! Buddy Slash with Pre-Mutated Slash - Collectin.eu","description":"Pop! & Buddy Slash with Pre-Mutated Slash \u2013 tai i\u0161skirtin\u0117 Funko Pop! fig\u016br\u0117l\u0117, skirta visiems Teenage Mutant Ninja Turtles gerb\u0117jams ir kolekcionieriams.","robots":{"index":"index","follow":"follow","max-snippet":"max-snippet:-1","max-image-preview":"max-image-preview:large","max-video-preview":"max-video-preview:-1"},"canonical":"https:\/\/collectin.eu\/en\/product\/pop-draugas-slash-su-isankstine-mutacija-slash\/","og_locale":"en_US","og_type":"article","og_title":"Pop! Buddy Slash with Pre-Mutated Slash - Collectin.eu","og_description":"Pop! & Buddy Slash with Pre-Mutated Slash \u2013 tai i\u0161skirtin\u0117 Funko Pop! fig\u016br\u0117l\u0117, skirta visiems Teenage Mutant Ninja Turtles gerb\u0117jams ir kolekcionieriams.","og_url":"https:\/\/collectin.eu\/en\/product\/pop-draugas-slash-su-isankstine-mutacija-slash\/","og_site_name":"Collectin.eu","article_modified_time":"2026-04-08T10:26:44+00:00","og_image":[{"width":1080,"height":1080,"url":"http:\/\/collectin.eu\/wp-content\/uploads\/2025\/12\/Untitled-design-27.png","type":"image\/png"}],"twitter_card":"summary_large_image","twitter_misc":{"Est. reading time":"1 minute"},"schema":{"@context":"https:\/\/schema.org","@graph":[{"@type":"WebPage","@id":"https:\/\/collectin.eu\/produktas\/pop-draugas-slash-su-isankstine-mutacija-slash\/","url":"https:\/\/collectin.eu\/produktas\/pop-draugas-slash-su-isankstine-mutacija-slash\/","name":"Pop! Buddy Slash with Pre-Mutated Slash - Collectin.eu","isPartOf":{"@id":"https:\/\/collectin.eu\/#website"},"primaryImageOfPage":{"@id":"https:\/\/collectin.eu\/produktas\/pop-draugas-slash-su-isankstine-mutacija-slash\/#primaryimage"},"image":{"@id":"https:\/\/collectin.eu\/produktas\/pop-draugas-slash-su-isankstine-mutacija-slash\/#primaryimage"},"thumbnailUrl":"https:\/\/collectin.eu\/wp-content\/uploads\/2025\/12\/Untitled-design-27.png","datePublished":"2025-12-10T08:19:43+00:00","dateModified":"2026-04-08T10:26:44+00:00","description":"Pop! & Buddy Slash with Pre-Mutated Slash \u2013 tai i\u0161skirtin\u0117 Funko Pop! fig\u016br\u0117l\u0117, skirta visiems Teenage Mutant Ninja Turtles gerb\u0117jams ir kolekcionieriams.","breadcrumb":{"@id":"https:\/\/collectin.eu\/produktas\/pop-draugas-slash-su-isankstine-mutacija-slash\/#breadcrumb"},"inLanguage":"en-US","potentialAction":[{"@type":"ReadAction","target":["https:\/\/collectin.eu\/produktas\/pop-draugas-slash-su-isankstine-mutacija-slash\/"]}]},{"@type":"ImageObject","inLanguage":"en-US","@id":"https:\/\/collectin.eu\/produktas\/pop-draugas-slash-su-isankstine-mutacija-slash\/#primaryimage","url":"https:\/\/collectin.eu\/wp-content\/uploads\/2025\/12\/Untitled-design-27.png","contentUrl":"https:\/\/collectin.eu\/wp-content\/uploads\/2025\/12\/Untitled-design-27.png","width":1080,"height":1080},{"@type":"BreadcrumbList","@id":"https:\/\/collectin.eu\/produktas\/pop-draugas-slash-su-isankstine-mutacija-slash\/#breadcrumb","itemListElement":[{"@type":"ListItem","position":1,"name":"Home","item":"https:\/\/collectin.eu\/"},{"@type":"ListItem","position":2,"name":"Parduotuv\u0117","item":"https:\/\/collectin.eu\/parduotuve\/"},{"@type":"ListItem","position":3,"name":"Pop! Buddy Slash with Pre-Mutated Slash"}]},{"@type":"WebSite","@id":"https:\/\/collectin.eu\/#website","url":"https:\/\/collectin.eu\/","name":"Collectin.eu","description":"","potentialAction":[{"@type":"SearchAction","target":{"@type":"EntryPoint","urlTemplate":"https:\/\/collectin.eu\/?s={search_term_string}"},"query-input":{"@type":"PropertyValueSpecification","valueRequired":true,"valueName":"search_term_string"}}],"inLanguage":"en-US"}]}},"jetpack_sharing_enabled":true,"_links":{"self":[{"href":"https:\/\/collectin.eu\/en\/wp-json\/wp\/v2\/product\/38352","targetHints":{"allow":["GET"]}}],"collection":[{"href":"https:\/\/collectin.eu\/en\/wp-json\/wp\/v2\/product"}],"about":[{"href":"https:\/\/collectin.eu\/en\/wp-json\/wp\/v2\/types\/product"}],"replies":[{"embeddable":true,"href":"https:\/\/collectin.eu\/en\/wp-json\/wp\/v2\/comments?post=38352"}],"version-history":[{"count":3,"href":"https:\/\/collectin.eu\/en\/wp-json\/wp\/v2\/product\/38352\/revisions"}],"predecessor-version":[{"id":40182,"href":"https:\/\/collectin.eu\/en\/wp-json\/wp\/v2\/product\/38352\/revisions\/40182"}],"wp:featuredmedia":[{"embeddable":true,"href":"https:\/\/collectin.eu\/en\/wp-json\/wp\/v2\/media\/38353"}],"wp:attachment":[{"href":"https:\/\/collectin.eu\/en\/wp-json\/wp\/v2\/media?parent=38352"}],"wp:term":[{"taxonomy":"product_brand","embeddable":true,"href":"https:\/\/collectin.eu\/en\/wp-json\/wp\/v2\/product_brand?post=38352"},{"taxonomy":"product_cat","embeddable":true,"href":"https:\/\/collectin.eu\/en\/wp-json\/wp\/v2\/product_cat?post=38352"},{"taxonomy":"product_tag","embeddable":true,"href":"https:\/\/collectin.eu\/en\/wp-json\/wp\/v2\/product_tag?post=38352"}],"curies":[{"name":"wp","href":"https:\/\/api.w.org\/{rel}","templated":true}]}}