{"id":38368,"date":"2025-12-10T11:58:52","date_gmt":"2025-12-10T11:58:52","guid":{"rendered":"https:\/\/collectin.eu\/?post_type=product&#038;p=38368"},"modified":"2026-04-08T10:26:43","modified_gmt":"2026-04-08T10:26:43","slug":"pop-mickey-mouse-su-pirato-kostiumu","status":"publish","type":"product","link":"https:\/\/collectin.eu\/en\/product\/pop-mickey-mouse-su-pirato-kostiumu\/","title":{"rendered":"Pop! Mickey Mouse in Pirate Costume"},"content":{"rendered":"<p>Pop! Mickey Mouse in Pirate Costume \u2013 tai \u017eavinga ir i\u0161skirtin\u0117 Funko Pop! fig\u016br\u0117l\u0117, skirta tiek Disney gerb\u0117jams, tiek kolekcionieriams, ie\u0161kantiems smagi\u0173 ir originali\u0173 popkult\u016bros objekt\u0173. \u0160i fig\u016br\u0117l\u0117 vaizduoja ikoninio Mickey Mouse persona\u017e\u0105 vilkin\u010di\u0105 pirato kostium\u0105, suteikiant\u012f jam dr\u0105sos ir nuotyki\u0173 dvasios. Fig\u016br\u0117l\u0117je matomi detal\u016bs pirato \u0161varkai, skryb\u0117l\u0117 su kaukole, kardas bei dir\u017eas \u2013 visi elementai tiksliai atkurti, kad perteikt\u0173 autenti\u0161k\u0105 nuotyki\u0173 tematik\u0105, kartu i\u0161laikant Mickey \u017eaismingum\u0105 ir draugi\u0161k\u0105 charakter\u012f. Fig\u016br\u0117l\u0117 perteikia Mickey Mouse \u017eaves\u012f ir energij\u0105, kuri pritraukia d\u0117mes\u012f ir sukelia \u0161ypsen\u0105 kiekvienam, kuris j\u0105 mato. \u201ePirato\u201c kostiumas ne tik suteikia unikalumo, bet ir sukuria galimyb\u0119 \u012fsivaizduoti Mickey \u012fsitraukus\u012f \u012f smagius nuotykius, tarsi i\u0161 animacinio filmo ar komikso. \u0160i fig\u016br\u0117l\u0117 puikiai dera tiek su kitomis Mickey Mouse fig\u016br\u0117l\u0117mis, tiek su platesne Disney ar Funko Pop! kolekcija.<\/p>","protected":false},"excerpt":{"rendered":"<p>Pop! Mickey Mouse in Pirate Costume \u2013 tai \u017eavinga ir i\u0161skirtin\u0117 Funko Pop! fig\u016br\u0117l\u0117, skirta tiek Disney gerb\u0117jams, tiek kolekcionieriams,<\/p>","protected":false},"featured_media":38369,"comment_status":"open","ping_status":"closed","template":"","meta":[],"product_brand":[426],"product_cat":[680,409,446],"product_tag":[],"class_list":{"0":"post-38368","1":"product","2":"type-product","3":"status-publish","4":"has-post-thumbnail","6":"product_brand-funko-pop","7":"product_cat-figureles","8":"product_cat-funko-pop","9":"product_cat-pop-disney","11":"first","12":"instock","13":"taxable","14":"shipping-taxable","15":"purchasable","16":"product-type-simple"},"yoast_head":"<!-- This site is optimized with the Yoast SEO plugin v25.9 - https:\/\/yoast.com\/wordpress\/plugins\/seo\/ -->\n<title>Pop! Mickey Mouse in Pirate Costume - Collectin.eu<\/title>\n<meta name=\"description\" content=\"Pop! Mickey Mouse in Pirate Costume \u2013 tai \u017eavinga ir i\u0161skirtin\u0117 Funko Pop! fig\u016br\u0117l\u0117, skirta tiek Disney gerb\u0117jams, tiek kolekcionieriams.\" \/>\n<meta name=\"robots\" content=\"index, follow, max-snippet:-1, max-image-preview:large, max-video-preview:-1\" \/>\n<link rel=\"canonical\" href=\"https:\/\/collectin.eu\/en\/product\/pop-mickey-mouse-su-pirato-kostiumu\/\" \/>\n<meta property=\"og:locale\" content=\"en_US\" \/>\n<meta property=\"og:type\" content=\"article\" \/>\n<meta property=\"og:title\" content=\"Pop! Mickey Mouse in Pirate Costume - Collectin.eu\" \/>\n<meta property=\"og:description\" content=\"Pop! Mickey Mouse in Pirate Costume \u2013 tai \u017eavinga ir i\u0161skirtin\u0117 Funko Pop! fig\u016br\u0117l\u0117, skirta tiek Disney gerb\u0117jams, tiek kolekcionieriams.\" \/>\n<meta property=\"og:url\" content=\"https:\/\/collectin.eu\/en\/product\/pop-mickey-mouse-su-pirato-kostiumu\/\" \/>\n<meta property=\"og:site_name\" content=\"Collectin.eu\" \/>\n<meta property=\"article:modified_time\" content=\"2026-04-08T10:26:43+00:00\" \/>\n<meta property=\"og:image\" content=\"http:\/\/collectin.eu\/wp-content\/uploads\/2025\/12\/Untitled-design-34.png\" \/>\n\t<meta property=\"og:image:width\" content=\"1080\" \/>\n\t<meta property=\"og:image:height\" content=\"1080\" \/>\n\t<meta property=\"og:image:type\" content=\"image\/png\" \/>\n<meta name=\"twitter:card\" content=\"summary_large_image\" \/>\n<meta name=\"twitter:label1\" content=\"Est. reading time\" \/>\n\t<meta name=\"twitter:data1\" content=\"1 minute\" \/>\n<script type=\"application\/ld+json\" class=\"yoast-schema-graph\">{\"@context\":\"https:\/\/schema.org\",\"@graph\":[{\"@type\":\"WebPage\",\"@id\":\"https:\/\/collectin.eu\/produktas\/pop-mickey-mouse-su-pirato-kostiumu\/\",\"url\":\"https:\/\/collectin.eu\/produktas\/pop-mickey-mouse-su-pirato-kostiumu\/\",\"name\":\"Pop! Mickey Mouse in Pirate Costume - Collectin.eu\",\"isPartOf\":{\"@id\":\"https:\/\/collectin.eu\/#website\"},\"primaryImageOfPage\":{\"@id\":\"https:\/\/collectin.eu\/produktas\/pop-mickey-mouse-su-pirato-kostiumu\/#primaryimage\"},\"image\":{\"@id\":\"https:\/\/collectin.eu\/produktas\/pop-mickey-mouse-su-pirato-kostiumu\/#primaryimage\"},\"thumbnailUrl\":\"https:\/\/collectin.eu\/wp-content\/uploads\/2025\/12\/Untitled-design-34.png\",\"datePublished\":\"2025-12-10T11:58:52+00:00\",\"dateModified\":\"2026-04-08T10:26:43+00:00\",\"description\":\"Pop! Mickey Mouse in Pirate Costume \u2013 tai \u017eavinga ir i\u0161skirtin\u0117 Funko Pop! fig\u016br\u0117l\u0117, skirta tiek Disney gerb\u0117jams, tiek kolekcionieriams.\",\"breadcrumb\":{\"@id\":\"https:\/\/collectin.eu\/produktas\/pop-mickey-mouse-su-pirato-kostiumu\/#breadcrumb\"},\"inLanguage\":\"en-US\",\"potentialAction\":[{\"@type\":\"ReadAction\",\"target\":[\"https:\/\/collectin.eu\/produktas\/pop-mickey-mouse-su-pirato-kostiumu\/\"]}]},{\"@type\":\"ImageObject\",\"inLanguage\":\"en-US\",\"@id\":\"https:\/\/collectin.eu\/produktas\/pop-mickey-mouse-su-pirato-kostiumu\/#primaryimage\",\"url\":\"https:\/\/collectin.eu\/wp-content\/uploads\/2025\/12\/Untitled-design-34.png\",\"contentUrl\":\"https:\/\/collectin.eu\/wp-content\/uploads\/2025\/12\/Untitled-design-34.png\",\"width\":1080,\"height\":1080},{\"@type\":\"BreadcrumbList\",\"@id\":\"https:\/\/collectin.eu\/produktas\/pop-mickey-mouse-su-pirato-kostiumu\/#breadcrumb\",\"itemListElement\":[{\"@type\":\"ListItem\",\"position\":1,\"name\":\"Home\",\"item\":\"https:\/\/collectin.eu\/\"},{\"@type\":\"ListItem\",\"position\":2,\"name\":\"Parduotuv\u0117\",\"item\":\"https:\/\/collectin.eu\/parduotuve\/\"},{\"@type\":\"ListItem\",\"position\":3,\"name\":\"Pop! Mickey Mouse in Pirate Costume\"}]},{\"@type\":\"WebSite\",\"@id\":\"https:\/\/collectin.eu\/#website\",\"url\":\"https:\/\/collectin.eu\/\",\"name\":\"Collectin.eu\",\"description\":\"\",\"potentialAction\":[{\"@type\":\"SearchAction\",\"target\":{\"@type\":\"EntryPoint\",\"urlTemplate\":\"https:\/\/collectin.eu\/?s={search_term_string}\"},\"query-input\":{\"@type\":\"PropertyValueSpecification\",\"valueRequired\":true,\"valueName\":\"search_term_string\"}}],\"inLanguage\":\"en-US\"}]}<\/script>\n<!-- \/ Yoast SEO plugin. -->","yoast_head_json":{"title":"Pop! Mickey Mouse in Pirate Costume - Collectin.eu","description":"Pop! Mickey Mouse in Pirate Costume \u2013 tai \u017eavinga ir i\u0161skirtin\u0117 Funko Pop! fig\u016br\u0117l\u0117, skirta tiek Disney gerb\u0117jams, tiek kolekcionieriams.","robots":{"index":"index","follow":"follow","max-snippet":"max-snippet:-1","max-image-preview":"max-image-preview:large","max-video-preview":"max-video-preview:-1"},"canonical":"https:\/\/collectin.eu\/en\/product\/pop-mickey-mouse-su-pirato-kostiumu\/","og_locale":"en_US","og_type":"article","og_title":"Pop! Mickey Mouse in Pirate Costume - Collectin.eu","og_description":"Pop! Mickey Mouse in Pirate Costume \u2013 tai \u017eavinga ir i\u0161skirtin\u0117 Funko Pop! fig\u016br\u0117l\u0117, skirta tiek Disney gerb\u0117jams, tiek kolekcionieriams.","og_url":"https:\/\/collectin.eu\/en\/product\/pop-mickey-mouse-su-pirato-kostiumu\/","og_site_name":"Collectin.eu","article_modified_time":"2026-04-08T10:26:43+00:00","og_image":[{"width":1080,"height":1080,"url":"http:\/\/collectin.eu\/wp-content\/uploads\/2025\/12\/Untitled-design-34.png","type":"image\/png"}],"twitter_card":"summary_large_image","twitter_misc":{"Est. reading time":"1 minute"},"schema":{"@context":"https:\/\/schema.org","@graph":[{"@type":"WebPage","@id":"https:\/\/collectin.eu\/produktas\/pop-mickey-mouse-su-pirato-kostiumu\/","url":"https:\/\/collectin.eu\/produktas\/pop-mickey-mouse-su-pirato-kostiumu\/","name":"Pop! Mickey Mouse in Pirate Costume - Collectin.eu","isPartOf":{"@id":"https:\/\/collectin.eu\/#website"},"primaryImageOfPage":{"@id":"https:\/\/collectin.eu\/produktas\/pop-mickey-mouse-su-pirato-kostiumu\/#primaryimage"},"image":{"@id":"https:\/\/collectin.eu\/produktas\/pop-mickey-mouse-su-pirato-kostiumu\/#primaryimage"},"thumbnailUrl":"https:\/\/collectin.eu\/wp-content\/uploads\/2025\/12\/Untitled-design-34.png","datePublished":"2025-12-10T11:58:52+00:00","dateModified":"2026-04-08T10:26:43+00:00","description":"Pop! Mickey Mouse in Pirate Costume \u2013 tai \u017eavinga ir i\u0161skirtin\u0117 Funko Pop! fig\u016br\u0117l\u0117, skirta tiek Disney gerb\u0117jams, tiek kolekcionieriams.","breadcrumb":{"@id":"https:\/\/collectin.eu\/produktas\/pop-mickey-mouse-su-pirato-kostiumu\/#breadcrumb"},"inLanguage":"en-US","potentialAction":[{"@type":"ReadAction","target":["https:\/\/collectin.eu\/produktas\/pop-mickey-mouse-su-pirato-kostiumu\/"]}]},{"@type":"ImageObject","inLanguage":"en-US","@id":"https:\/\/collectin.eu\/produktas\/pop-mickey-mouse-su-pirato-kostiumu\/#primaryimage","url":"https:\/\/collectin.eu\/wp-content\/uploads\/2025\/12\/Untitled-design-34.png","contentUrl":"https:\/\/collectin.eu\/wp-content\/uploads\/2025\/12\/Untitled-design-34.png","width":1080,"height":1080},{"@type":"BreadcrumbList","@id":"https:\/\/collectin.eu\/produktas\/pop-mickey-mouse-su-pirato-kostiumu\/#breadcrumb","itemListElement":[{"@type":"ListItem","position":1,"name":"Home","item":"https:\/\/collectin.eu\/"},{"@type":"ListItem","position":2,"name":"Parduotuv\u0117","item":"https:\/\/collectin.eu\/parduotuve\/"},{"@type":"ListItem","position":3,"name":"Pop! Mickey Mouse in Pirate Costume"}]},{"@type":"WebSite","@id":"https:\/\/collectin.eu\/#website","url":"https:\/\/collectin.eu\/","name":"Collectin.eu","description":"","potentialAction":[{"@type":"SearchAction","target":{"@type":"EntryPoint","urlTemplate":"https:\/\/collectin.eu\/?s={search_term_string}"},"query-input":{"@type":"PropertyValueSpecification","valueRequired":true,"valueName":"search_term_string"}}],"inLanguage":"en-US"}]}},"jetpack_sharing_enabled":true,"_links":{"self":[{"href":"https:\/\/collectin.eu\/en\/wp-json\/wp\/v2\/product\/38368","targetHints":{"allow":["GET"]}}],"collection":[{"href":"https:\/\/collectin.eu\/en\/wp-json\/wp\/v2\/product"}],"about":[{"href":"https:\/\/collectin.eu\/en\/wp-json\/wp\/v2\/types\/product"}],"replies":[{"embeddable":true,"href":"https:\/\/collectin.eu\/en\/wp-json\/wp\/v2\/comments?post=38368"}],"version-history":[{"count":3,"href":"https:\/\/collectin.eu\/en\/wp-json\/wp\/v2\/product\/38368\/revisions"}],"predecessor-version":[{"id":40183,"href":"https:\/\/collectin.eu\/en\/wp-json\/wp\/v2\/product\/38368\/revisions\/40183"}],"wp:featuredmedia":[{"embeddable":true,"href":"https:\/\/collectin.eu\/en\/wp-json\/wp\/v2\/media\/38369"}],"wp:attachment":[{"href":"https:\/\/collectin.eu\/en\/wp-json\/wp\/v2\/media?parent=38368"}],"wp:term":[{"taxonomy":"product_brand","embeddable":true,"href":"https:\/\/collectin.eu\/en\/wp-json\/wp\/v2\/product_brand?post=38368"},{"taxonomy":"product_cat","embeddable":true,"href":"https:\/\/collectin.eu\/en\/wp-json\/wp\/v2\/product_cat?post=38368"},{"taxonomy":"product_tag","embeddable":true,"href":"https:\/\/collectin.eu\/en\/wp-json\/wp\/v2\/product_tag?post=38368"}],"curies":[{"name":"wp","href":"https:\/\/api.w.org\/{rel}","templated":true}]}}