{"id":38373,"date":"2025-12-10T12:04:14","date_gmt":"2025-12-10T12:04:14","guid":{"rendered":"https:\/\/collectin.eu\/?post_type=product&#038;p=38373"},"modified":"2026-04-08T10:26:43","modified_gmt":"2026-04-08T10:26:43","slug":"pop-ladypool","status":"publish","type":"product","link":"https:\/\/collectin.eu\/en\/product\/pop-ladypool\/","title":{"rendered":"Pop! Ladypool"},"content":{"rendered":"<p>Pop! Ladypool \u2013 tai i\u0161skirtin\u0117 Funko Pop! fig\u016br\u0117l\u0117, skirta visiems Deadpool fanams, komiks\u0173 myl\u0117tojams ir kolekcionieriams, ie\u0161kantiems smagi\u0173, originali\u0173 ir i\u0161skirtini\u0173 popkult\u016bros objekt\u0173. \u0160i fig\u016br\u0117l\u0117 vaizduoja Ladypool \u2013 moteri\u0161k\u0105 Deadpool versij\u0105, \u017einom\u0105 d\u0117l savo charizmos, dr\u0105sos ir nepakartojamo humoro. Fig\u016br\u0117l\u0117 tiksliai perteikia Ladypool ikoninius atributus: charaktering\u0105 kostium\u0105, ginklus, kauk\u0119 ir poz\u0105, kuri akimirksniu atskleid\u017eia jos \u0161maik\u0161t\u0173, bet ry\u017eting\u0105 persona\u017e\u0105. Ladypool fig\u016br\u0117l\u0117 ne tik pabr\u0117\u017eia dr\u0105s\u0105 ir kovin\u0119 dvasi\u0105, bet ir suteikia kolekcijai \u017eaismingumo. Jos energinga poza ir detal\u016bs kostiumo elementai leid\u017eia \u012fsivaizduoti j\u0105 tiesiog i\u0161traukta i\u0161 komiks\u0173 puslapi\u0173 ar animacinio pasaulio, o kiekviena smulkmena \u2013 nuo ginkl\u0173 iki aprangos akcent\u0173 \u2013 atspindi auk\u0161t\u0105 Funko Pop! gamybos kokyb\u0119.<\/p>","protected":false},"excerpt":{"rendered":"<p>Pop! Ladypool \u2013 tai i\u0161skirtin\u0117 Funko Pop! fig\u016br\u0117l\u0117, skirta visiems Deadpool fanams, komiks\u0173 myl\u0117tojams ir kolekcionieriams, ie\u0161kantiems smagi\u0173, originali\u0173 ir<\/p>","protected":false},"featured_media":38374,"comment_status":"open","ping_status":"closed","template":"","meta":[],"product_brand":[426],"product_cat":[680,409,441],"product_tag":[],"class_list":{"0":"post-38373","1":"product","2":"type-product","3":"status-publish","4":"has-post-thumbnail","6":"product_brand-funko-pop","7":"product_cat-figureles","8":"product_cat-funko-pop","9":"product_cat-marvel-funko-pop","11":"first","12":"instock","13":"taxable","14":"shipping-taxable","15":"purchasable","16":"product-type-simple"},"yoast_head":"<!-- This site is optimized with the Yoast SEO plugin v25.9 - https:\/\/yoast.com\/wordpress\/plugins\/seo\/ -->\n<title>Pop! Ladypool - Collectin.eu<\/title>\n<meta name=\"description\" content=\"Pop! Ladypool \u2013 tai i\u0161skirtin\u0117 Funko Pop! fig\u016br\u0117l\u0117, skirta visiems Deadpool gerb\u0117jams, komiks\u0173 myl\u0117tojams ir kolekcionieriams.\" \/>\n<meta name=\"robots\" content=\"index, follow, max-snippet:-1, max-image-preview:large, max-video-preview:-1\" \/>\n<link rel=\"canonical\" href=\"https:\/\/collectin.eu\/en\/product\/pop-ladypool\/\" \/>\n<meta property=\"og:locale\" content=\"en_US\" \/>\n<meta property=\"og:type\" content=\"article\" \/>\n<meta property=\"og:title\" content=\"Pop! Ladypool - Collectin.eu\" \/>\n<meta property=\"og:description\" content=\"Pop! Ladypool \u2013 tai i\u0161skirtin\u0117 Funko Pop! fig\u016br\u0117l\u0117, skirta visiems Deadpool gerb\u0117jams, komiks\u0173 myl\u0117tojams ir kolekcionieriams.\" \/>\n<meta property=\"og:url\" content=\"https:\/\/collectin.eu\/en\/product\/pop-ladypool\/\" \/>\n<meta property=\"og:site_name\" content=\"Collectin.eu\" \/>\n<meta property=\"article:modified_time\" content=\"2026-04-08T10:26:43+00:00\" \/>\n<meta property=\"og:image\" content=\"http:\/\/collectin.eu\/wp-content\/uploads\/2025\/12\/Untitled-design-36.png\" \/>\n\t<meta property=\"og:image:width\" content=\"1080\" \/>\n\t<meta property=\"og:image:height\" content=\"1080\" \/>\n\t<meta property=\"og:image:type\" content=\"image\/png\" \/>\n<meta name=\"twitter:card\" content=\"summary_large_image\" \/>\n<meta name=\"twitter:label1\" content=\"Est. reading time\" \/>\n\t<meta name=\"twitter:data1\" content=\"1 minute\" \/>\n<script type=\"application\/ld+json\" class=\"yoast-schema-graph\">{\"@context\":\"https:\/\/schema.org\",\"@graph\":[{\"@type\":\"WebPage\",\"@id\":\"https:\/\/collectin.eu\/produktas\/pop-ladypool\/\",\"url\":\"https:\/\/collectin.eu\/produktas\/pop-ladypool\/\",\"name\":\"Pop! Ladypool - Collectin.eu\",\"isPartOf\":{\"@id\":\"https:\/\/collectin.eu\/#website\"},\"primaryImageOfPage\":{\"@id\":\"https:\/\/collectin.eu\/produktas\/pop-ladypool\/#primaryimage\"},\"image\":{\"@id\":\"https:\/\/collectin.eu\/produktas\/pop-ladypool\/#primaryimage\"},\"thumbnailUrl\":\"https:\/\/collectin.eu\/wp-content\/uploads\/2025\/12\/Untitled-design-36.png\",\"datePublished\":\"2025-12-10T12:04:14+00:00\",\"dateModified\":\"2026-04-08T10:26:43+00:00\",\"description\":\"Pop! Ladypool \u2013 tai i\u0161skirtin\u0117 Funko Pop! fig\u016br\u0117l\u0117, skirta visiems Deadpool gerb\u0117jams, komiks\u0173 myl\u0117tojams ir kolekcionieriams.\",\"breadcrumb\":{\"@id\":\"https:\/\/collectin.eu\/produktas\/pop-ladypool\/#breadcrumb\"},\"inLanguage\":\"en-US\",\"potentialAction\":[{\"@type\":\"ReadAction\",\"target\":[\"https:\/\/collectin.eu\/produktas\/pop-ladypool\/\"]}]},{\"@type\":\"ImageObject\",\"inLanguage\":\"en-US\",\"@id\":\"https:\/\/collectin.eu\/produktas\/pop-ladypool\/#primaryimage\",\"url\":\"https:\/\/collectin.eu\/wp-content\/uploads\/2025\/12\/Untitled-design-36.png\",\"contentUrl\":\"https:\/\/collectin.eu\/wp-content\/uploads\/2025\/12\/Untitled-design-36.png\",\"width\":1080,\"height\":1080},{\"@type\":\"BreadcrumbList\",\"@id\":\"https:\/\/collectin.eu\/produktas\/pop-ladypool\/#breadcrumb\",\"itemListElement\":[{\"@type\":\"ListItem\",\"position\":1,\"name\":\"Home\",\"item\":\"https:\/\/collectin.eu\/\"},{\"@type\":\"ListItem\",\"position\":2,\"name\":\"Parduotuv\u0117\",\"item\":\"https:\/\/collectin.eu\/parduotuve\/\"},{\"@type\":\"ListItem\",\"position\":3,\"name\":\"Pop! Ladypool\"}]},{\"@type\":\"WebSite\",\"@id\":\"https:\/\/collectin.eu\/#website\",\"url\":\"https:\/\/collectin.eu\/\",\"name\":\"Collectin.eu\",\"description\":\"\",\"potentialAction\":[{\"@type\":\"SearchAction\",\"target\":{\"@type\":\"EntryPoint\",\"urlTemplate\":\"https:\/\/collectin.eu\/?s={search_term_string}\"},\"query-input\":{\"@type\":\"PropertyValueSpecification\",\"valueRequired\":true,\"valueName\":\"search_term_string\"}}],\"inLanguage\":\"en-US\"}]}<\/script>\n<!-- \/ Yoast SEO plugin. -->","yoast_head_json":{"title":"Pop! Ladypool - Collectin.eu","description":"Pop! Ladypool \u2013 tai i\u0161skirtin\u0117 Funko Pop! fig\u016br\u0117l\u0117, skirta visiems Deadpool gerb\u0117jams, komiks\u0173 myl\u0117tojams ir kolekcionieriams.","robots":{"index":"index","follow":"follow","max-snippet":"max-snippet:-1","max-image-preview":"max-image-preview:large","max-video-preview":"max-video-preview:-1"},"canonical":"https:\/\/collectin.eu\/en\/product\/pop-ladypool\/","og_locale":"en_US","og_type":"article","og_title":"Pop! Ladypool - Collectin.eu","og_description":"Pop! Ladypool \u2013 tai i\u0161skirtin\u0117 Funko Pop! fig\u016br\u0117l\u0117, skirta visiems Deadpool gerb\u0117jams, komiks\u0173 myl\u0117tojams ir kolekcionieriams.","og_url":"https:\/\/collectin.eu\/en\/product\/pop-ladypool\/","og_site_name":"Collectin.eu","article_modified_time":"2026-04-08T10:26:43+00:00","og_image":[{"width":1080,"height":1080,"url":"http:\/\/collectin.eu\/wp-content\/uploads\/2025\/12\/Untitled-design-36.png","type":"image\/png"}],"twitter_card":"summary_large_image","twitter_misc":{"Est. reading time":"1 minute"},"schema":{"@context":"https:\/\/schema.org","@graph":[{"@type":"WebPage","@id":"https:\/\/collectin.eu\/produktas\/pop-ladypool\/","url":"https:\/\/collectin.eu\/produktas\/pop-ladypool\/","name":"Pop! Ladypool - Collectin.eu","isPartOf":{"@id":"https:\/\/collectin.eu\/#website"},"primaryImageOfPage":{"@id":"https:\/\/collectin.eu\/produktas\/pop-ladypool\/#primaryimage"},"image":{"@id":"https:\/\/collectin.eu\/produktas\/pop-ladypool\/#primaryimage"},"thumbnailUrl":"https:\/\/collectin.eu\/wp-content\/uploads\/2025\/12\/Untitled-design-36.png","datePublished":"2025-12-10T12:04:14+00:00","dateModified":"2026-04-08T10:26:43+00:00","description":"Pop! Ladypool \u2013 tai i\u0161skirtin\u0117 Funko Pop! fig\u016br\u0117l\u0117, skirta visiems Deadpool gerb\u0117jams, komiks\u0173 myl\u0117tojams ir kolekcionieriams.","breadcrumb":{"@id":"https:\/\/collectin.eu\/produktas\/pop-ladypool\/#breadcrumb"},"inLanguage":"en-US","potentialAction":[{"@type":"ReadAction","target":["https:\/\/collectin.eu\/produktas\/pop-ladypool\/"]}]},{"@type":"ImageObject","inLanguage":"en-US","@id":"https:\/\/collectin.eu\/produktas\/pop-ladypool\/#primaryimage","url":"https:\/\/collectin.eu\/wp-content\/uploads\/2025\/12\/Untitled-design-36.png","contentUrl":"https:\/\/collectin.eu\/wp-content\/uploads\/2025\/12\/Untitled-design-36.png","width":1080,"height":1080},{"@type":"BreadcrumbList","@id":"https:\/\/collectin.eu\/produktas\/pop-ladypool\/#breadcrumb","itemListElement":[{"@type":"ListItem","position":1,"name":"Home","item":"https:\/\/collectin.eu\/"},{"@type":"ListItem","position":2,"name":"Parduotuv\u0117","item":"https:\/\/collectin.eu\/parduotuve\/"},{"@type":"ListItem","position":3,"name":"Pop! Ladypool"}]},{"@type":"WebSite","@id":"https:\/\/collectin.eu\/#website","url":"https:\/\/collectin.eu\/","name":"Collectin.eu","description":"","potentialAction":[{"@type":"SearchAction","target":{"@type":"EntryPoint","urlTemplate":"https:\/\/collectin.eu\/?s={search_term_string}"},"query-input":{"@type":"PropertyValueSpecification","valueRequired":true,"valueName":"search_term_string"}}],"inLanguage":"en-US"}]}},"jetpack_sharing_enabled":true,"_links":{"self":[{"href":"https:\/\/collectin.eu\/en\/wp-json\/wp\/v2\/product\/38373","targetHints":{"allow":["GET"]}}],"collection":[{"href":"https:\/\/collectin.eu\/en\/wp-json\/wp\/v2\/product"}],"about":[{"href":"https:\/\/collectin.eu\/en\/wp-json\/wp\/v2\/types\/product"}],"replies":[{"embeddable":true,"href":"https:\/\/collectin.eu\/en\/wp-json\/wp\/v2\/comments?post=38373"}],"version-history":[{"count":3,"href":"https:\/\/collectin.eu\/en\/wp-json\/wp\/v2\/product\/38373\/revisions"}],"predecessor-version":[{"id":40176,"href":"https:\/\/collectin.eu\/en\/wp-json\/wp\/v2\/product\/38373\/revisions\/40176"}],"wp:featuredmedia":[{"embeddable":true,"href":"https:\/\/collectin.eu\/en\/wp-json\/wp\/v2\/media\/38374"}],"wp:attachment":[{"href":"https:\/\/collectin.eu\/en\/wp-json\/wp\/v2\/media?parent=38373"}],"wp:term":[{"taxonomy":"product_brand","embeddable":true,"href":"https:\/\/collectin.eu\/en\/wp-json\/wp\/v2\/product_brand?post=38373"},{"taxonomy":"product_cat","embeddable":true,"href":"https:\/\/collectin.eu\/en\/wp-json\/wp\/v2\/product_cat?post=38373"},{"taxonomy":"product_tag","embeddable":true,"href":"https:\/\/collectin.eu\/en\/wp-json\/wp\/v2\/product_tag?post=38373"}],"curies":[{"name":"wp","href":"https:\/\/api.w.org\/{rel}","templated":true}]}}