{"id":38378,"date":"2025-12-10T12:08:13","date_gmt":"2025-12-10T12:08:13","guid":{"rendered":"https:\/\/collectin.eu\/?post_type=product&#038;p=38378"},"modified":"2026-04-08T10:26:43","modified_gmt":"2026-04-08T10:26:43","slug":"pop-kapitonas-amerika-sam-wilson","status":"publish","type":"product","link":"https:\/\/collectin.eu\/en\/product\/pop-kapitonas-amerika-sam-wilson\/","title":{"rendered":"Pop! Captain America (Sam Wilson)"},"content":{"rendered":"<p>Pop! Captain America (Sam Wilson) \u2013 tai i\u0161skirtin\u0117 Funko Pop! fig\u016br\u0117l\u0117, skirta visiems Marvel gerb\u0117jams, kolekcionieriams ir superheroj\u0173 istorij\u0173 myl\u0117tojams. \u0160i fig\u016br\u0117l\u0117 vaizduoja Sam Wilson, nauj\u0105j\u012f Kapiton\u0105 Amerik\u0105, kuris perima mantij\u0105 i\u0161 Steve Rogers ir \u012fk\u016bnija dr\u0105s\u0105, teisingum\u0105 bei lyderyst\u0119 moderniame pasaulyje. Fig\u016br\u0117l\u0117 perteikia Sam Wilson charaktering\u0105 kostium\u0105 \u2013 ry\u0161kias raudon\u0105sias, m\u0117lynas ir baltas spalvas \u2013 kartu su ikoniniu skydu, simbolizuojan\u010diu jo \u012fsipareigojim\u0105 kovoti u\u017e teisingum\u0105 ir \u012fkv\u0117pti kitus heroji\u0161komis veikomis. Fig\u016br\u0117l\u0117 tiksliai atkartoja kiekvien\u0105 detal\u0119: nuo kostiumo ra\u0161t\u0173, rankini\u0173 dir\u017e\u0173 iki simbolinio \u201eA\u201c ant kr\u016btin\u0117s, o stabilus pagrindas leid\u017eia patogiai eksponuoti fig\u016br\u0117l\u0119 lentynoje, vitrinoje ar darbo stalo erdv\u0117je. Sam Wilson i\u0161rei\u0161kia stipri\u0105, dr\u0105si\u0105 ir \u012fkvepian\u010di\u0105 poz\u0105, kuri simbolizuoja nauj\u0105 lyderyst\u0117s kart\u0105 Marvel pasaulyje. Tur\u0117dami \u0161i\u0105 fig\u016br\u0117l\u0119, pirk\u0117jai ne tik papildo savo kolekcij\u0105, bet ir prisilie\u010dia prie istorijos apie superheroj\u0173, kurie kovoja u\u017e teisingum\u0105, kelion\u0117s.<\/p>","protected":false},"excerpt":{"rendered":"<p>Pop! Captain America (Sam Wilson) \u2013 tai i\u0161skirtin\u0117 Funko Pop! fig\u016br\u0117l\u0117, skirta visiems Marvel gerb\u0117jams, kolekcionieriams ir superheroj\u0173 istorij\u0173 myl\u0117tojams.<\/p>","protected":false},"featured_media":38379,"comment_status":"open","ping_status":"closed","template":"","meta":[],"product_brand":[426],"product_cat":[680,409,441],"product_tag":[],"class_list":{"0":"post-38378","1":"product","2":"type-product","3":"status-publish","4":"has-post-thumbnail","6":"product_brand-funko-pop","7":"product_cat-figureles","8":"product_cat-funko-pop","9":"product_cat-marvel-funko-pop","11":"first","12":"instock","13":"taxable","14":"shipping-taxable","15":"purchasable","16":"product-type-simple"},"yoast_head":"<!-- This site is optimized with the Yoast SEO plugin v25.9 - https:\/\/yoast.com\/wordpress\/plugins\/seo\/ -->\n<title>Pop! Captain America (Sam Wilson) - Collectin.eu<\/title>\n<meta name=\"description\" content=\"Pop! Captain America (Sam Wilson) \u2013 tai i\u0161skirtin\u0117 Funko Pop! fig\u016br\u0117l\u0117, skirta visiems Marvel gerb\u0117jams ir kolekcionieriams.\" \/>\n<meta name=\"robots\" content=\"index, follow, max-snippet:-1, max-image-preview:large, max-video-preview:-1\" \/>\n<link rel=\"canonical\" href=\"https:\/\/collectin.eu\/en\/product\/pop-kapitonas-amerika-sam-wilson\/\" \/>\n<meta property=\"og:locale\" content=\"en_US\" \/>\n<meta property=\"og:type\" content=\"article\" \/>\n<meta property=\"og:title\" content=\"Pop! Captain America (Sam Wilson) - Collectin.eu\" \/>\n<meta property=\"og:description\" content=\"Pop! Captain America (Sam Wilson) \u2013 tai i\u0161skirtin\u0117 Funko Pop! fig\u016br\u0117l\u0117, skirta visiems Marvel gerb\u0117jams ir kolekcionieriams.\" \/>\n<meta property=\"og:url\" content=\"https:\/\/collectin.eu\/en\/product\/pop-kapitonas-amerika-sam-wilson\/\" \/>\n<meta property=\"og:site_name\" content=\"Collectin.eu\" \/>\n<meta property=\"article:modified_time\" content=\"2026-04-08T10:26:43+00:00\" \/>\n<meta property=\"og:image\" content=\"http:\/\/collectin.eu\/wp-content\/uploads\/2025\/12\/Untitled-design-38.png\" \/>\n\t<meta property=\"og:image:width\" content=\"1080\" \/>\n\t<meta property=\"og:image:height\" content=\"1080\" \/>\n\t<meta property=\"og:image:type\" content=\"image\/png\" \/>\n<meta name=\"twitter:card\" content=\"summary_large_image\" \/>\n<meta name=\"twitter:label1\" content=\"Est. reading time\" \/>\n\t<meta name=\"twitter:data1\" content=\"1 minute\" \/>\n<script type=\"application\/ld+json\" class=\"yoast-schema-graph\">{\"@context\":\"https:\/\/schema.org\",\"@graph\":[{\"@type\":\"WebPage\",\"@id\":\"https:\/\/collectin.eu\/produktas\/pop-kapitonas-amerika-sam-wilson\/\",\"url\":\"https:\/\/collectin.eu\/produktas\/pop-kapitonas-amerika-sam-wilson\/\",\"name\":\"Pop! Captain America (Sam Wilson) - Collectin.eu\",\"isPartOf\":{\"@id\":\"https:\/\/collectin.eu\/#website\"},\"primaryImageOfPage\":{\"@id\":\"https:\/\/collectin.eu\/produktas\/pop-kapitonas-amerika-sam-wilson\/#primaryimage\"},\"image\":{\"@id\":\"https:\/\/collectin.eu\/produktas\/pop-kapitonas-amerika-sam-wilson\/#primaryimage\"},\"thumbnailUrl\":\"https:\/\/collectin.eu\/wp-content\/uploads\/2025\/12\/Untitled-design-38.png\",\"datePublished\":\"2025-12-10T12:08:13+00:00\",\"dateModified\":\"2026-04-08T10:26:43+00:00\",\"description\":\"Pop! Captain America (Sam Wilson) \u2013 tai i\u0161skirtin\u0117 Funko Pop! fig\u016br\u0117l\u0117, skirta visiems Marvel gerb\u0117jams ir kolekcionieriams.\",\"breadcrumb\":{\"@id\":\"https:\/\/collectin.eu\/produktas\/pop-kapitonas-amerika-sam-wilson\/#breadcrumb\"},\"inLanguage\":\"en-US\",\"potentialAction\":[{\"@type\":\"ReadAction\",\"target\":[\"https:\/\/collectin.eu\/produktas\/pop-kapitonas-amerika-sam-wilson\/\"]}]},{\"@type\":\"ImageObject\",\"inLanguage\":\"en-US\",\"@id\":\"https:\/\/collectin.eu\/produktas\/pop-kapitonas-amerika-sam-wilson\/#primaryimage\",\"url\":\"https:\/\/collectin.eu\/wp-content\/uploads\/2025\/12\/Untitled-design-38.png\",\"contentUrl\":\"https:\/\/collectin.eu\/wp-content\/uploads\/2025\/12\/Untitled-design-38.png\",\"width\":1080,\"height\":1080},{\"@type\":\"BreadcrumbList\",\"@id\":\"https:\/\/collectin.eu\/produktas\/pop-kapitonas-amerika-sam-wilson\/#breadcrumb\",\"itemListElement\":[{\"@type\":\"ListItem\",\"position\":1,\"name\":\"Home\",\"item\":\"https:\/\/collectin.eu\/\"},{\"@type\":\"ListItem\",\"position\":2,\"name\":\"Parduotuv\u0117\",\"item\":\"https:\/\/collectin.eu\/parduotuve\/\"},{\"@type\":\"ListItem\",\"position\":3,\"name\":\"Pop! Captain America (Sam Wilson)\"}]},{\"@type\":\"WebSite\",\"@id\":\"https:\/\/collectin.eu\/#website\",\"url\":\"https:\/\/collectin.eu\/\",\"name\":\"Collectin.eu\",\"description\":\"\",\"potentialAction\":[{\"@type\":\"SearchAction\",\"target\":{\"@type\":\"EntryPoint\",\"urlTemplate\":\"https:\/\/collectin.eu\/?s={search_term_string}\"},\"query-input\":{\"@type\":\"PropertyValueSpecification\",\"valueRequired\":true,\"valueName\":\"search_term_string\"}}],\"inLanguage\":\"en-US\"}]}<\/script>\n<!-- \/ Yoast SEO plugin. -->","yoast_head_json":{"title":"Pop! Captain America (Sam Wilson) - Collectin.eu","description":"Pop! Captain America (Sam Wilson) \u2013 tai i\u0161skirtin\u0117 Funko Pop! fig\u016br\u0117l\u0117, skirta visiems Marvel gerb\u0117jams ir kolekcionieriams.","robots":{"index":"index","follow":"follow","max-snippet":"max-snippet:-1","max-image-preview":"max-image-preview:large","max-video-preview":"max-video-preview:-1"},"canonical":"https:\/\/collectin.eu\/en\/product\/pop-kapitonas-amerika-sam-wilson\/","og_locale":"en_US","og_type":"article","og_title":"Pop! Captain America (Sam Wilson) - Collectin.eu","og_description":"Pop! Captain America (Sam Wilson) \u2013 tai i\u0161skirtin\u0117 Funko Pop! fig\u016br\u0117l\u0117, skirta visiems Marvel gerb\u0117jams ir kolekcionieriams.","og_url":"https:\/\/collectin.eu\/en\/product\/pop-kapitonas-amerika-sam-wilson\/","og_site_name":"Collectin.eu","article_modified_time":"2026-04-08T10:26:43+00:00","og_image":[{"width":1080,"height":1080,"url":"http:\/\/collectin.eu\/wp-content\/uploads\/2025\/12\/Untitled-design-38.png","type":"image\/png"}],"twitter_card":"summary_large_image","twitter_misc":{"Est. reading time":"1 minute"},"schema":{"@context":"https:\/\/schema.org","@graph":[{"@type":"WebPage","@id":"https:\/\/collectin.eu\/produktas\/pop-kapitonas-amerika-sam-wilson\/","url":"https:\/\/collectin.eu\/produktas\/pop-kapitonas-amerika-sam-wilson\/","name":"Pop! Captain America (Sam Wilson) - Collectin.eu","isPartOf":{"@id":"https:\/\/collectin.eu\/#website"},"primaryImageOfPage":{"@id":"https:\/\/collectin.eu\/produktas\/pop-kapitonas-amerika-sam-wilson\/#primaryimage"},"image":{"@id":"https:\/\/collectin.eu\/produktas\/pop-kapitonas-amerika-sam-wilson\/#primaryimage"},"thumbnailUrl":"https:\/\/collectin.eu\/wp-content\/uploads\/2025\/12\/Untitled-design-38.png","datePublished":"2025-12-10T12:08:13+00:00","dateModified":"2026-04-08T10:26:43+00:00","description":"Pop! Captain America (Sam Wilson) \u2013 tai i\u0161skirtin\u0117 Funko Pop! fig\u016br\u0117l\u0117, skirta visiems Marvel gerb\u0117jams ir kolekcionieriams.","breadcrumb":{"@id":"https:\/\/collectin.eu\/produktas\/pop-kapitonas-amerika-sam-wilson\/#breadcrumb"},"inLanguage":"en-US","potentialAction":[{"@type":"ReadAction","target":["https:\/\/collectin.eu\/produktas\/pop-kapitonas-amerika-sam-wilson\/"]}]},{"@type":"ImageObject","inLanguage":"en-US","@id":"https:\/\/collectin.eu\/produktas\/pop-kapitonas-amerika-sam-wilson\/#primaryimage","url":"https:\/\/collectin.eu\/wp-content\/uploads\/2025\/12\/Untitled-design-38.png","contentUrl":"https:\/\/collectin.eu\/wp-content\/uploads\/2025\/12\/Untitled-design-38.png","width":1080,"height":1080},{"@type":"BreadcrumbList","@id":"https:\/\/collectin.eu\/produktas\/pop-kapitonas-amerika-sam-wilson\/#breadcrumb","itemListElement":[{"@type":"ListItem","position":1,"name":"Home","item":"https:\/\/collectin.eu\/"},{"@type":"ListItem","position":2,"name":"Parduotuv\u0117","item":"https:\/\/collectin.eu\/parduotuve\/"},{"@type":"ListItem","position":3,"name":"Pop! Captain America (Sam Wilson)"}]},{"@type":"WebSite","@id":"https:\/\/collectin.eu\/#website","url":"https:\/\/collectin.eu\/","name":"Collectin.eu","description":"","potentialAction":[{"@type":"SearchAction","target":{"@type":"EntryPoint","urlTemplate":"https:\/\/collectin.eu\/?s={search_term_string}"},"query-input":{"@type":"PropertyValueSpecification","valueRequired":true,"valueName":"search_term_string"}}],"inLanguage":"en-US"}]}},"jetpack_sharing_enabled":true,"_links":{"self":[{"href":"https:\/\/collectin.eu\/en\/wp-json\/wp\/v2\/product\/38378","targetHints":{"allow":["GET"]}}],"collection":[{"href":"https:\/\/collectin.eu\/en\/wp-json\/wp\/v2\/product"}],"about":[{"href":"https:\/\/collectin.eu\/en\/wp-json\/wp\/v2\/types\/product"}],"replies":[{"embeddable":true,"href":"https:\/\/collectin.eu\/en\/wp-json\/wp\/v2\/comments?post=38378"}],"version-history":[{"count":3,"href":"https:\/\/collectin.eu\/en\/wp-json\/wp\/v2\/product\/38378\/revisions"}],"predecessor-version":[{"id":40175,"href":"https:\/\/collectin.eu\/en\/wp-json\/wp\/v2\/product\/38378\/revisions\/40175"}],"wp:featuredmedia":[{"embeddable":true,"href":"https:\/\/collectin.eu\/en\/wp-json\/wp\/v2\/media\/38379"}],"wp:attachment":[{"href":"https:\/\/collectin.eu\/en\/wp-json\/wp\/v2\/media?parent=38378"}],"wp:term":[{"taxonomy":"product_brand","embeddable":true,"href":"https:\/\/collectin.eu\/en\/wp-json\/wp\/v2\/product_brand?post=38378"},{"taxonomy":"product_cat","embeddable":true,"href":"https:\/\/collectin.eu\/en\/wp-json\/wp\/v2\/product_cat?post=38378"},{"taxonomy":"product_tag","embeddable":true,"href":"https:\/\/collectin.eu\/en\/wp-json\/wp\/v2\/product_tag?post=38378"}],"curies":[{"name":"wp","href":"https:\/\/api.w.org\/{rel}","templated":true}]}}