{"id":38383,"date":"2025-12-10T12:12:05","date_gmt":"2025-12-10T12:12:05","guid":{"rendered":"https:\/\/collectin.eu\/?post_type=product&#038;p=38383"},"modified":"2026-04-08T10:26:42","modified_gmt":"2026-04-08T10:26:42","slug":"pop-scream-mary-jane","status":"publish","type":"product","link":"https:\/\/collectin.eu\/en\/product\/pop-scream-mary-jane\/","title":{"rendered":"Pop! Scream (Mary Jane)"},"content":{"rendered":"<p>Pop! Scream (Mary Jane) \u2013 tai i\u0161skirtin\u0117 Funko Pop! fig\u016br\u0117l\u0117, skirta Spider-Man ir Marvel gerb\u0117jams, komiks\u0173 myl\u0117tojams bei kolekcionieriams, ie\u0161kantiems unikali\u0173 ir originali\u0173 popkult\u016bros objekt\u0173. \u0160i fig\u016br\u0117l\u0117 vaizduoja Mary Jane Watson persirengusi\u0105 Scream kostiumu \u2013 vienu i\u0161 Venom simboli\u0173, suteikiant\u012f jos persona\u017eui tamsesn\u012f, bet kartu intriguojant\u012f ir i\u0161skirtin\u012f \u012fvaizd\u012f. Tokiu b\u016bdu Pop! Scream (Mary Jane) perteikia ne tik klasikinius superheroj\u0173 elementus, bet ir unikal\u0173 \u201eantihero\u201c aspekt\u0105, leid\u017eiant\u012f fig\u016br\u0117lei i\u0161siskirti bet kurioje kolekcijoje. Fig\u016br\u0117l\u0117 tiksliai atkartoja Scream kostiumo detales: nuo juod\u0173 ra\u0161t\u0173 ir kontrasting\u0173 raudon\u0173 akcent\u0173 iki i\u0161rai\u0161kingos fig\u016bros pozos. Mary Jane veidas ir subtil\u016bs bruo\u017eai i\u0161laiko jos atpa\u017e\u012fstam\u0105 charakter\u012f, net ir po transformacijos \u012f Scream. \u0160i detal\u0117 suteikia fig\u016br\u0117lei gyvumo, \u017eaismingumo ir interaktyvumo \u2013 tarsi j\u016bs matytum\u0117te scen\u0105 tiesiogiai i\u0161 komikso puslapi\u0173 ar animacinio pasaulio.<\/p>","protected":false},"excerpt":{"rendered":"<p>Pop! Scream (Mary Jane) \u2013 tai i\u0161skirtin\u0117 Funko Pop! fig\u016br\u0117l\u0117, skirta Spider-Man ir Marvel gerb\u0117jams, komiks\u0173 myl\u0117tojams bei kolekcionieriams, ie\u0161kantiems<\/p>","protected":false},"featured_media":38384,"comment_status":"open","ping_status":"closed","template":"","meta":[],"product_brand":[426],"product_cat":[680,409,441],"product_tag":[],"class_list":{"0":"post-38383","1":"product","2":"type-product","3":"status-publish","4":"has-post-thumbnail","6":"product_brand-funko-pop","7":"product_cat-figureles","8":"product_cat-funko-pop","9":"product_cat-marvel-funko-pop","11":"first","12":"instock","13":"taxable","14":"shipping-taxable","15":"purchasable","16":"product-type-simple"},"yoast_head":"<!-- This site is optimized with the Yoast SEO plugin v25.9 - https:\/\/yoast.com\/wordpress\/plugins\/seo\/ -->\n<title>Pop! Scream (Mary Jane) - Collectin.eu<\/title>\n<meta name=\"description\" content=\"Pop! Scream (Mary Jane) \u2013 tai i\u0161skirtin\u0117 Funko Pop! fig\u016br\u0117l\u0117, skirta Spider-Man ir Marvel gerb\u0117jams bei kolekcionieriams.\" \/>\n<meta name=\"robots\" content=\"index, follow, max-snippet:-1, max-image-preview:large, max-video-preview:-1\" \/>\n<link rel=\"canonical\" href=\"https:\/\/collectin.eu\/en\/product\/pop-scream-mary-jane\/\" \/>\n<meta property=\"og:locale\" content=\"en_US\" \/>\n<meta property=\"og:type\" content=\"article\" \/>\n<meta property=\"og:title\" content=\"Pop! Scream (Mary Jane) - Collectin.eu\" \/>\n<meta property=\"og:description\" content=\"Pop! Scream (Mary Jane) \u2013 tai i\u0161skirtin\u0117 Funko Pop! fig\u016br\u0117l\u0117, skirta Spider-Man ir Marvel gerb\u0117jams bei kolekcionieriams.\" \/>\n<meta property=\"og:url\" content=\"https:\/\/collectin.eu\/en\/product\/pop-scream-mary-jane\/\" \/>\n<meta property=\"og:site_name\" content=\"Collectin.eu\" \/>\n<meta property=\"article:modified_time\" content=\"2026-04-08T10:26:42+00:00\" \/>\n<meta property=\"og:image\" content=\"http:\/\/collectin.eu\/wp-content\/uploads\/2025\/12\/Untitled-design-40.png\" \/>\n\t<meta property=\"og:image:width\" content=\"1080\" \/>\n\t<meta property=\"og:image:height\" content=\"1080\" \/>\n\t<meta property=\"og:image:type\" content=\"image\/png\" \/>\n<meta name=\"twitter:card\" content=\"summary_large_image\" \/>\n<meta name=\"twitter:label1\" content=\"Est. reading time\" \/>\n\t<meta name=\"twitter:data1\" content=\"1 minute\" \/>\n<script type=\"application\/ld+json\" class=\"yoast-schema-graph\">{\"@context\":\"https:\/\/schema.org\",\"@graph\":[{\"@type\":\"WebPage\",\"@id\":\"https:\/\/collectin.eu\/produktas\/pop-scream-mary-jane\/\",\"url\":\"https:\/\/collectin.eu\/produktas\/pop-scream-mary-jane\/\",\"name\":\"Pop! Scream (Mary Jane) - Collectin.eu\",\"isPartOf\":{\"@id\":\"https:\/\/collectin.eu\/#website\"},\"primaryImageOfPage\":{\"@id\":\"https:\/\/collectin.eu\/produktas\/pop-scream-mary-jane\/#primaryimage\"},\"image\":{\"@id\":\"https:\/\/collectin.eu\/produktas\/pop-scream-mary-jane\/#primaryimage\"},\"thumbnailUrl\":\"https:\/\/collectin.eu\/wp-content\/uploads\/2025\/12\/Untitled-design-40.png\",\"datePublished\":\"2025-12-10T12:12:05+00:00\",\"dateModified\":\"2026-04-08T10:26:42+00:00\",\"description\":\"Pop! Scream (Mary Jane) \u2013 tai i\u0161skirtin\u0117 Funko Pop! fig\u016br\u0117l\u0117, skirta Spider-Man ir Marvel gerb\u0117jams bei kolekcionieriams.\",\"breadcrumb\":{\"@id\":\"https:\/\/collectin.eu\/produktas\/pop-scream-mary-jane\/#breadcrumb\"},\"inLanguage\":\"en-US\",\"potentialAction\":[{\"@type\":\"ReadAction\",\"target\":[\"https:\/\/collectin.eu\/produktas\/pop-scream-mary-jane\/\"]}]},{\"@type\":\"ImageObject\",\"inLanguage\":\"en-US\",\"@id\":\"https:\/\/collectin.eu\/produktas\/pop-scream-mary-jane\/#primaryimage\",\"url\":\"https:\/\/collectin.eu\/wp-content\/uploads\/2025\/12\/Untitled-design-40.png\",\"contentUrl\":\"https:\/\/collectin.eu\/wp-content\/uploads\/2025\/12\/Untitled-design-40.png\",\"width\":1080,\"height\":1080},{\"@type\":\"BreadcrumbList\",\"@id\":\"https:\/\/collectin.eu\/produktas\/pop-scream-mary-jane\/#breadcrumb\",\"itemListElement\":[{\"@type\":\"ListItem\",\"position\":1,\"name\":\"Home\",\"item\":\"https:\/\/collectin.eu\/\"},{\"@type\":\"ListItem\",\"position\":2,\"name\":\"Parduotuv\u0117\",\"item\":\"https:\/\/collectin.eu\/parduotuve\/\"},{\"@type\":\"ListItem\",\"position\":3,\"name\":\"Pop! Scream (Mary Jane)\"}]},{\"@type\":\"WebSite\",\"@id\":\"https:\/\/collectin.eu\/#website\",\"url\":\"https:\/\/collectin.eu\/\",\"name\":\"Collectin.eu\",\"description\":\"\",\"potentialAction\":[{\"@type\":\"SearchAction\",\"target\":{\"@type\":\"EntryPoint\",\"urlTemplate\":\"https:\/\/collectin.eu\/?s={search_term_string}\"},\"query-input\":{\"@type\":\"PropertyValueSpecification\",\"valueRequired\":true,\"valueName\":\"search_term_string\"}}],\"inLanguage\":\"en-US\"}]}<\/script>\n<!-- \/ Yoast SEO plugin. -->","yoast_head_json":{"title":"Pop! Scream (Mary Jane) - Collectin.eu","description":"Pop! Scream (Mary Jane) \u2013 tai i\u0161skirtin\u0117 Funko Pop! fig\u016br\u0117l\u0117, skirta Spider-Man ir Marvel gerb\u0117jams bei kolekcionieriams.","robots":{"index":"index","follow":"follow","max-snippet":"max-snippet:-1","max-image-preview":"max-image-preview:large","max-video-preview":"max-video-preview:-1"},"canonical":"https:\/\/collectin.eu\/en\/product\/pop-scream-mary-jane\/","og_locale":"en_US","og_type":"article","og_title":"Pop! Scream (Mary Jane) - Collectin.eu","og_description":"Pop! Scream (Mary Jane) \u2013 tai i\u0161skirtin\u0117 Funko Pop! fig\u016br\u0117l\u0117, skirta Spider-Man ir Marvel gerb\u0117jams bei kolekcionieriams.","og_url":"https:\/\/collectin.eu\/en\/product\/pop-scream-mary-jane\/","og_site_name":"Collectin.eu","article_modified_time":"2026-04-08T10:26:42+00:00","og_image":[{"width":1080,"height":1080,"url":"http:\/\/collectin.eu\/wp-content\/uploads\/2025\/12\/Untitled-design-40.png","type":"image\/png"}],"twitter_card":"summary_large_image","twitter_misc":{"Est. reading time":"1 minute"},"schema":{"@context":"https:\/\/schema.org","@graph":[{"@type":"WebPage","@id":"https:\/\/collectin.eu\/produktas\/pop-scream-mary-jane\/","url":"https:\/\/collectin.eu\/produktas\/pop-scream-mary-jane\/","name":"Pop! Scream (Mary Jane) - Collectin.eu","isPartOf":{"@id":"https:\/\/collectin.eu\/#website"},"primaryImageOfPage":{"@id":"https:\/\/collectin.eu\/produktas\/pop-scream-mary-jane\/#primaryimage"},"image":{"@id":"https:\/\/collectin.eu\/produktas\/pop-scream-mary-jane\/#primaryimage"},"thumbnailUrl":"https:\/\/collectin.eu\/wp-content\/uploads\/2025\/12\/Untitled-design-40.png","datePublished":"2025-12-10T12:12:05+00:00","dateModified":"2026-04-08T10:26:42+00:00","description":"Pop! Scream (Mary Jane) \u2013 tai i\u0161skirtin\u0117 Funko Pop! fig\u016br\u0117l\u0117, skirta Spider-Man ir Marvel gerb\u0117jams bei kolekcionieriams.","breadcrumb":{"@id":"https:\/\/collectin.eu\/produktas\/pop-scream-mary-jane\/#breadcrumb"},"inLanguage":"en-US","potentialAction":[{"@type":"ReadAction","target":["https:\/\/collectin.eu\/produktas\/pop-scream-mary-jane\/"]}]},{"@type":"ImageObject","inLanguage":"en-US","@id":"https:\/\/collectin.eu\/produktas\/pop-scream-mary-jane\/#primaryimage","url":"https:\/\/collectin.eu\/wp-content\/uploads\/2025\/12\/Untitled-design-40.png","contentUrl":"https:\/\/collectin.eu\/wp-content\/uploads\/2025\/12\/Untitled-design-40.png","width":1080,"height":1080},{"@type":"BreadcrumbList","@id":"https:\/\/collectin.eu\/produktas\/pop-scream-mary-jane\/#breadcrumb","itemListElement":[{"@type":"ListItem","position":1,"name":"Home","item":"https:\/\/collectin.eu\/"},{"@type":"ListItem","position":2,"name":"Parduotuv\u0117","item":"https:\/\/collectin.eu\/parduotuve\/"},{"@type":"ListItem","position":3,"name":"Pop! Scream (Mary Jane)"}]},{"@type":"WebSite","@id":"https:\/\/collectin.eu\/#website","url":"https:\/\/collectin.eu\/","name":"Collectin.eu","description":"","potentialAction":[{"@type":"SearchAction","target":{"@type":"EntryPoint","urlTemplate":"https:\/\/collectin.eu\/?s={search_term_string}"},"query-input":{"@type":"PropertyValueSpecification","valueRequired":true,"valueName":"search_term_string"}}],"inLanguage":"en-US"}]}},"jetpack_sharing_enabled":true,"_links":{"self":[{"href":"https:\/\/collectin.eu\/en\/wp-json\/wp\/v2\/product\/38383","targetHints":{"allow":["GET"]}}],"collection":[{"href":"https:\/\/collectin.eu\/en\/wp-json\/wp\/v2\/product"}],"about":[{"href":"https:\/\/collectin.eu\/en\/wp-json\/wp\/v2\/types\/product"}],"replies":[{"embeddable":true,"href":"https:\/\/collectin.eu\/en\/wp-json\/wp\/v2\/comments?post=38383"}],"version-history":[{"count":3,"href":"https:\/\/collectin.eu\/en\/wp-json\/wp\/v2\/product\/38383\/revisions"}],"predecessor-version":[{"id":40174,"href":"https:\/\/collectin.eu\/en\/wp-json\/wp\/v2\/product\/38383\/revisions\/40174"}],"wp:featuredmedia":[{"embeddable":true,"href":"https:\/\/collectin.eu\/en\/wp-json\/wp\/v2\/media\/38384"}],"wp:attachment":[{"href":"https:\/\/collectin.eu\/en\/wp-json\/wp\/v2\/media?parent=38383"}],"wp:term":[{"taxonomy":"product_brand","embeddable":true,"href":"https:\/\/collectin.eu\/en\/wp-json\/wp\/v2\/product_brand?post=38383"},{"taxonomy":"product_cat","embeddable":true,"href":"https:\/\/collectin.eu\/en\/wp-json\/wp\/v2\/product_cat?post=38383"},{"taxonomy":"product_tag","embeddable":true,"href":"https:\/\/collectin.eu\/en\/wp-json\/wp\/v2\/product_tag?post=38383"}],"curies":[{"name":"wp","href":"https:\/\/api.w.org\/{rel}","templated":true}]}}