{"id":38388,"date":"2025-12-10T12:15:31","date_gmt":"2025-12-10T12:15:31","guid":{"rendered":"https:\/\/collectin.eu\/?post_type=product&#038;p=38388"},"modified":"2026-04-08T10:26:42","modified_gmt":"2026-04-08T10:26:42","slug":"pop-michael-jordan-nba-all-star-1988","status":"publish","type":"product","link":"https:\/\/collectin.eu\/en\/product\/pop-michael-jordan-nba-all-star-1988\/","title":{"rendered":"Pop! Michael Jordan NBA All-Star 1988"},"content":{"rendered":"<p>Pop! Michael Jordan NBA All-Star 1988 \u2013 tai i\u0161skirtin\u0117 Funko Pop! fig\u016br\u0117l\u0117, skirta krep\u0161inio gerb\u0117jams, NBA fanams ir kolekcionieriams, vertinantiems sporto legendas ir j\u0173 istorijas. \u0160i fig\u016br\u0117l\u0117 vaizduoja Michael Jordan \u2013 vien\u0105 garsiausi\u0173 ir \u012ftakingiausi\u0173 krep\u0161inink\u0173 pasaulio istorijoje \u2013 jo ikoni\u0161kame 1988 met\u0173 NBA All-Star \u017eaidimo kostiume. 1988 met\u0173 All-Star rungtyn\u0117s buvo ypatingos \u2013 tai laikas, kai Jordan jau buvo tap\u0119s tikra krep\u0161inio ikona, o jo talentas, i\u0161tverm\u0117 ir meistri\u0161kumas buvo neabejotinai pripa\u017einti visame pasaulyje. Fig\u016br\u0117l\u0117 tiksliai atkartoja Michael Jordan kostium\u0105 su Chicago Bulls spalvomis, numeriu 23, detalizuot\u0105 aprang\u0105 ir charaktering\u0105, dinami\u0161k\u0105 poz\u0105 su kamuoliu. Kiekviena detal\u0117 \u2013 nuo sportini\u0173 bat\u0173 iki kamuolio tekst\u016bros \u2013 buvo kruop\u0161\u010diai i\u0161pildyta, kad perteikt\u0173 legendinio \u017eaid\u0117jo stili\u0173 ir energij\u0105. \u0160i fig\u016br\u0117l\u0117 ne tik pabr\u0117\u017eia Jordan sporto pasiekimus, bet ir simbolizuoja atkaklum\u0105, lyderyst\u0119 bei \u012fkv\u0117pim\u0105, kur\u012f jis suteikia milijonams \u017emoni\u0173 visame pasaulyje.<\/p>","protected":false},"excerpt":{"rendered":"<p>Pop! Michael Jordan NBA All-Star 1988 \u2013 tai i\u0161skirtin\u0117 Funko Pop! fig\u016br\u0117l\u0117, skirta krep\u0161inio gerb\u0117jams, NBA fanams ir kolekcionieriams, vertinantiems<\/p>","protected":false},"featured_media":38389,"comment_status":"open","ping_status":"closed","template":"","meta":[],"product_brand":[426],"product_cat":[680,409,497],"product_tag":[],"class_list":{"0":"post-38388","1":"product","2":"type-product","3":"status-publish","4":"has-post-thumbnail","6":"product_brand-funko-pop","7":"product_cat-figureles","8":"product_cat-funko-pop","9":"product_cat-pop-sports","11":"first","12":"instock","13":"taxable","14":"shipping-taxable","15":"purchasable","16":"product-type-simple"},"yoast_head":"<!-- This site is optimized with the Yoast SEO plugin v25.9 - https:\/\/yoast.com\/wordpress\/plugins\/seo\/ -->\n<title>Pop! Michael Jordan NBA All-Star 1988 - Collectin.eu<\/title>\n<meta name=\"description\" content=\"Pop! Michael Jordan NBA All-Star 1988 \u2013 tai i\u0161skirtin\u0117 Funko Pop! fig\u016br\u0117l\u0117, skirta krep\u0161inio gerb\u0117jams, NBA fanams ir kolekcionieriams.\" \/>\n<meta name=\"robots\" content=\"index, follow, max-snippet:-1, max-image-preview:large, max-video-preview:-1\" \/>\n<link rel=\"canonical\" href=\"https:\/\/collectin.eu\/en\/product\/pop-michael-jordan-nba-all-star-1988\/\" \/>\n<meta property=\"og:locale\" content=\"en_US\" \/>\n<meta property=\"og:type\" content=\"article\" \/>\n<meta property=\"og:title\" content=\"Pop! Michael Jordan NBA All-Star 1988 - Collectin.eu\" \/>\n<meta property=\"og:description\" content=\"Pop! Michael Jordan NBA All-Star 1988 \u2013 tai i\u0161skirtin\u0117 Funko Pop! fig\u016br\u0117l\u0117, skirta krep\u0161inio gerb\u0117jams, NBA fanams ir kolekcionieriams.\" \/>\n<meta property=\"og:url\" content=\"https:\/\/collectin.eu\/en\/product\/pop-michael-jordan-nba-all-star-1988\/\" \/>\n<meta property=\"og:site_name\" content=\"Collectin.eu\" \/>\n<meta property=\"article:modified_time\" content=\"2026-04-08T10:26:42+00:00\" \/>\n<meta property=\"og:image\" content=\"http:\/\/collectin.eu\/wp-content\/uploads\/2025\/12\/Untitled-design-42.png\" \/>\n\t<meta property=\"og:image:width\" content=\"1080\" \/>\n\t<meta property=\"og:image:height\" content=\"1080\" \/>\n\t<meta property=\"og:image:type\" content=\"image\/png\" \/>\n<meta name=\"twitter:card\" content=\"summary_large_image\" \/>\n<meta name=\"twitter:label1\" content=\"Est. reading time\" \/>\n\t<meta name=\"twitter:data1\" content=\"1 minute\" \/>\n<script type=\"application\/ld+json\" class=\"yoast-schema-graph\">{\"@context\":\"https:\/\/schema.org\",\"@graph\":[{\"@type\":\"WebPage\",\"@id\":\"https:\/\/collectin.eu\/produktas\/pop-michael-jordan-nba-all-star-1988\/\",\"url\":\"https:\/\/collectin.eu\/produktas\/pop-michael-jordan-nba-all-star-1988\/\",\"name\":\"Pop! Michael Jordan NBA All-Star 1988 - Collectin.eu\",\"isPartOf\":{\"@id\":\"https:\/\/collectin.eu\/#website\"},\"primaryImageOfPage\":{\"@id\":\"https:\/\/collectin.eu\/produktas\/pop-michael-jordan-nba-all-star-1988\/#primaryimage\"},\"image\":{\"@id\":\"https:\/\/collectin.eu\/produktas\/pop-michael-jordan-nba-all-star-1988\/#primaryimage\"},\"thumbnailUrl\":\"https:\/\/collectin.eu\/wp-content\/uploads\/2025\/12\/Untitled-design-42.png\",\"datePublished\":\"2025-12-10T12:15:31+00:00\",\"dateModified\":\"2026-04-08T10:26:42+00:00\",\"description\":\"Pop! Michael Jordan NBA All-Star 1988 \u2013 tai i\u0161skirtin\u0117 Funko Pop! fig\u016br\u0117l\u0117, skirta krep\u0161inio gerb\u0117jams, NBA fanams ir kolekcionieriams.\",\"breadcrumb\":{\"@id\":\"https:\/\/collectin.eu\/produktas\/pop-michael-jordan-nba-all-star-1988\/#breadcrumb\"},\"inLanguage\":\"en-US\",\"potentialAction\":[{\"@type\":\"ReadAction\",\"target\":[\"https:\/\/collectin.eu\/produktas\/pop-michael-jordan-nba-all-star-1988\/\"]}]},{\"@type\":\"ImageObject\",\"inLanguage\":\"en-US\",\"@id\":\"https:\/\/collectin.eu\/produktas\/pop-michael-jordan-nba-all-star-1988\/#primaryimage\",\"url\":\"https:\/\/collectin.eu\/wp-content\/uploads\/2025\/12\/Untitled-design-42.png\",\"contentUrl\":\"https:\/\/collectin.eu\/wp-content\/uploads\/2025\/12\/Untitled-design-42.png\",\"width\":1080,\"height\":1080},{\"@type\":\"BreadcrumbList\",\"@id\":\"https:\/\/collectin.eu\/produktas\/pop-michael-jordan-nba-all-star-1988\/#breadcrumb\",\"itemListElement\":[{\"@type\":\"ListItem\",\"position\":1,\"name\":\"Home\",\"item\":\"https:\/\/collectin.eu\/\"},{\"@type\":\"ListItem\",\"position\":2,\"name\":\"Parduotuv\u0117\",\"item\":\"https:\/\/collectin.eu\/parduotuve\/\"},{\"@type\":\"ListItem\",\"position\":3,\"name\":\"Pop! Michael Jordan NBA All-Star 1988\"}]},{\"@type\":\"WebSite\",\"@id\":\"https:\/\/collectin.eu\/#website\",\"url\":\"https:\/\/collectin.eu\/\",\"name\":\"Collectin.eu\",\"description\":\"\",\"potentialAction\":[{\"@type\":\"SearchAction\",\"target\":{\"@type\":\"EntryPoint\",\"urlTemplate\":\"https:\/\/collectin.eu\/?s={search_term_string}\"},\"query-input\":{\"@type\":\"PropertyValueSpecification\",\"valueRequired\":true,\"valueName\":\"search_term_string\"}}],\"inLanguage\":\"en-US\"}]}<\/script>\n<!-- \/ Yoast SEO plugin. -->","yoast_head_json":{"title":"Pop! Michael Jordan NBA All-Star 1988 - Collectin.eu","description":"Pop! Michael Jordan NBA All-Star 1988 \u2013 tai i\u0161skirtin\u0117 Funko Pop! fig\u016br\u0117l\u0117, skirta krep\u0161inio gerb\u0117jams, NBA fanams ir kolekcionieriams.","robots":{"index":"index","follow":"follow","max-snippet":"max-snippet:-1","max-image-preview":"max-image-preview:large","max-video-preview":"max-video-preview:-1"},"canonical":"https:\/\/collectin.eu\/en\/product\/pop-michael-jordan-nba-all-star-1988\/","og_locale":"en_US","og_type":"article","og_title":"Pop! Michael Jordan NBA All-Star 1988 - Collectin.eu","og_description":"Pop! Michael Jordan NBA All-Star 1988 \u2013 tai i\u0161skirtin\u0117 Funko Pop! fig\u016br\u0117l\u0117, skirta krep\u0161inio gerb\u0117jams, NBA fanams ir kolekcionieriams.","og_url":"https:\/\/collectin.eu\/en\/product\/pop-michael-jordan-nba-all-star-1988\/","og_site_name":"Collectin.eu","article_modified_time":"2026-04-08T10:26:42+00:00","og_image":[{"width":1080,"height":1080,"url":"http:\/\/collectin.eu\/wp-content\/uploads\/2025\/12\/Untitled-design-42.png","type":"image\/png"}],"twitter_card":"summary_large_image","twitter_misc":{"Est. reading time":"1 minute"},"schema":{"@context":"https:\/\/schema.org","@graph":[{"@type":"WebPage","@id":"https:\/\/collectin.eu\/produktas\/pop-michael-jordan-nba-all-star-1988\/","url":"https:\/\/collectin.eu\/produktas\/pop-michael-jordan-nba-all-star-1988\/","name":"Pop! Michael Jordan NBA All-Star 1988 - Collectin.eu","isPartOf":{"@id":"https:\/\/collectin.eu\/#website"},"primaryImageOfPage":{"@id":"https:\/\/collectin.eu\/produktas\/pop-michael-jordan-nba-all-star-1988\/#primaryimage"},"image":{"@id":"https:\/\/collectin.eu\/produktas\/pop-michael-jordan-nba-all-star-1988\/#primaryimage"},"thumbnailUrl":"https:\/\/collectin.eu\/wp-content\/uploads\/2025\/12\/Untitled-design-42.png","datePublished":"2025-12-10T12:15:31+00:00","dateModified":"2026-04-08T10:26:42+00:00","description":"Pop! Michael Jordan NBA All-Star 1988 \u2013 tai i\u0161skirtin\u0117 Funko Pop! fig\u016br\u0117l\u0117, skirta krep\u0161inio gerb\u0117jams, NBA fanams ir kolekcionieriams.","breadcrumb":{"@id":"https:\/\/collectin.eu\/produktas\/pop-michael-jordan-nba-all-star-1988\/#breadcrumb"},"inLanguage":"en-US","potentialAction":[{"@type":"ReadAction","target":["https:\/\/collectin.eu\/produktas\/pop-michael-jordan-nba-all-star-1988\/"]}]},{"@type":"ImageObject","inLanguage":"en-US","@id":"https:\/\/collectin.eu\/produktas\/pop-michael-jordan-nba-all-star-1988\/#primaryimage","url":"https:\/\/collectin.eu\/wp-content\/uploads\/2025\/12\/Untitled-design-42.png","contentUrl":"https:\/\/collectin.eu\/wp-content\/uploads\/2025\/12\/Untitled-design-42.png","width":1080,"height":1080},{"@type":"BreadcrumbList","@id":"https:\/\/collectin.eu\/produktas\/pop-michael-jordan-nba-all-star-1988\/#breadcrumb","itemListElement":[{"@type":"ListItem","position":1,"name":"Home","item":"https:\/\/collectin.eu\/"},{"@type":"ListItem","position":2,"name":"Parduotuv\u0117","item":"https:\/\/collectin.eu\/parduotuve\/"},{"@type":"ListItem","position":3,"name":"Pop! Michael Jordan NBA All-Star 1988"}]},{"@type":"WebSite","@id":"https:\/\/collectin.eu\/#website","url":"https:\/\/collectin.eu\/","name":"Collectin.eu","description":"","potentialAction":[{"@type":"SearchAction","target":{"@type":"EntryPoint","urlTemplate":"https:\/\/collectin.eu\/?s={search_term_string}"},"query-input":{"@type":"PropertyValueSpecification","valueRequired":true,"valueName":"search_term_string"}}],"inLanguage":"en-US"}]}},"jetpack_sharing_enabled":true,"_links":{"self":[{"href":"https:\/\/collectin.eu\/en\/wp-json\/wp\/v2\/product\/38388","targetHints":{"allow":["GET"]}}],"collection":[{"href":"https:\/\/collectin.eu\/en\/wp-json\/wp\/v2\/product"}],"about":[{"href":"https:\/\/collectin.eu\/en\/wp-json\/wp\/v2\/types\/product"}],"replies":[{"embeddable":true,"href":"https:\/\/collectin.eu\/en\/wp-json\/wp\/v2\/comments?post=38388"}],"version-history":[{"count":3,"href":"https:\/\/collectin.eu\/en\/wp-json\/wp\/v2\/product\/38388\/revisions"}],"predecessor-version":[{"id":40173,"href":"https:\/\/collectin.eu\/en\/wp-json\/wp\/v2\/product\/38388\/revisions\/40173"}],"wp:featuredmedia":[{"embeddable":true,"href":"https:\/\/collectin.eu\/en\/wp-json\/wp\/v2\/media\/38389"}],"wp:attachment":[{"href":"https:\/\/collectin.eu\/en\/wp-json\/wp\/v2\/media?parent=38388"}],"wp:term":[{"taxonomy":"product_brand","embeddable":true,"href":"https:\/\/collectin.eu\/en\/wp-json\/wp\/v2\/product_brand?post=38388"},{"taxonomy":"product_cat","embeddable":true,"href":"https:\/\/collectin.eu\/en\/wp-json\/wp\/v2\/product_cat?post=38388"},{"taxonomy":"product_tag","embeddable":true,"href":"https:\/\/collectin.eu\/en\/wp-json\/wp\/v2\/product_tag?post=38388"}],"curies":[{"name":"wp","href":"https:\/\/api.w.org\/{rel}","templated":true}]}}