{"id":38393,"date":"2025-12-10T12:46:13","date_gmt":"2025-12-10T12:46:13","guid":{"rendered":"https:\/\/collectin.eu\/?post_type=product&#038;p=38393"},"modified":"2026-04-08T10:26:42","modified_gmt":"2026-04-08T10:26:42","slug":"pop-bambi-sketched-deco","status":"publish","type":"product","link":"https:\/\/collectin.eu\/en\/product\/pop-bambi-sketched-deco\/","title":{"rendered":"Pop! Bambi (Sketched Deco)"},"content":{"rendered":"<p>Pop! Bambi (Sketched Deco) \u2013 tai \u012fsp\u016bdinga ir i\u0161skirtin\u0117 Funko Pop! fig\u016br\u0117l\u0117, sujungianti klasikin\u012f \u201eDisney\u201c \u017eaves\u012f su unikaliu meniniu stiliumi. \u0160i kolekcin\u0117 fig\u016br\u0117l\u0117 ypatinga tuo, kad sukurta \u201eSketched Deco\u201c dizaino principu \u2013 tarsi Bambi b\u016bt\u0173 k\u0105 tik nupie\u0161tas animatori\u0173 pie\u0161tuku, prie\u0161 tampant viso pasaulio pam\u0117gta animacijos \u017evaig\u017ede. Tokia eskizin\u0117 estetika suteikia fig\u016br\u0117lei ne tik \u017eaismingumo, bet ir i\u0161skirtin\u012f k\u016brybin\u012f poj\u016bt\u012f, kurio nerasite \u012fprastose versijose. Fig\u016br\u0117l\u0117 puikiai perteikia \u0161veln\u0173 ir nekalt\u0105 Bambi charakter\u012f \u2013 didel\u0117s akys, miela stov\u0117sena, subtil\u016bs veido bruo\u017eai ir pa\u017e\u012fstami elniuko i\u0161linkiai sukuria \u0161ilt\u0105 ir nostalgi\u0161k\u0105 \u012fsp\u016bd\u012f. Skirtingai nuo standartini\u0173 Pop! fig\u016br\u0117li\u0173, \u0161i versija atrodo lyg gyvas eskizas, kuriame kont\u016brai ir tekst\u016bros sukuria rank\u0173 darbo \u012fsp\u016bd\u012f. Tokia menin\u0117 interpretacija paver\u010dia Bambi ne tik animacijos simboliu, bet ir tikru meno k\u016brin\u0117liu.<\/p>","protected":false},"excerpt":{"rendered":"<p>Pop! Bambi (Sketched Deco) \u2013 tai \u012fsp\u016bdinga ir i\u0161skirtin\u0117 Funko Pop! fig\u016br\u0117l\u0117, sujungianti klasikin\u012f \u201eDisney\u201c \u017eaves\u012f su unikaliu meniniu stiliumi.<\/p>","protected":false},"featured_media":38394,"comment_status":"open","ping_status":"closed","template":"","meta":[],"product_brand":[426],"product_cat":[680,409,446],"product_tag":[],"class_list":{"0":"post-38393","1":"product","2":"type-product","3":"status-publish","4":"has-post-thumbnail","6":"product_brand-funko-pop","7":"product_cat-figureles","8":"product_cat-funko-pop","9":"product_cat-pop-disney","11":"first","12":"instock","13":"taxable","14":"shipping-taxable","15":"purchasable","16":"product-type-simple"},"yoast_head":"<!-- This site is optimized with the Yoast SEO plugin v25.9 - https:\/\/yoast.com\/wordpress\/plugins\/seo\/ -->\n<title>Pop! Bambi (Sketched Deco) - Collectin.eu<\/title>\n<meta name=\"description\" content=\"Pop! Bambi (Sketched Deco) \u2013 tai i\u0161skirtin\u0117 Funko Pop! fig\u016br\u0117l\u0117, sukurta pagal legendin\u012f \u201eDisney\u201c pasaulio persona\u017e\u0105 Bambi.\" \/>\n<meta name=\"robots\" content=\"index, follow, max-snippet:-1, max-image-preview:large, max-video-preview:-1\" \/>\n<link rel=\"canonical\" href=\"https:\/\/collectin.eu\/en\/product\/pop-bambi-sketched-deco\/\" \/>\n<meta property=\"og:locale\" content=\"en_US\" \/>\n<meta property=\"og:type\" content=\"article\" \/>\n<meta property=\"og:title\" content=\"Pop! Bambi (Sketched Deco) - Collectin.eu\" \/>\n<meta property=\"og:description\" content=\"Pop! Bambi (Sketched Deco) \u2013 tai i\u0161skirtin\u0117 Funko Pop! fig\u016br\u0117l\u0117, sukurta pagal legendin\u012f \u201eDisney\u201c pasaulio persona\u017e\u0105 Bambi.\" \/>\n<meta property=\"og:url\" content=\"https:\/\/collectin.eu\/en\/product\/pop-bambi-sketched-deco\/\" \/>\n<meta property=\"og:site_name\" content=\"Collectin.eu\" \/>\n<meta property=\"article:modified_time\" content=\"2026-04-08T10:26:42+00:00\" \/>\n<meta property=\"og:image\" content=\"http:\/\/collectin.eu\/wp-content\/uploads\/2025\/12\/Untitled-design-44.png\" \/>\n\t<meta property=\"og:image:width\" content=\"1080\" \/>\n\t<meta property=\"og:image:height\" content=\"1080\" \/>\n\t<meta property=\"og:image:type\" content=\"image\/png\" \/>\n<meta name=\"twitter:card\" content=\"summary_large_image\" \/>\n<meta name=\"twitter:label1\" content=\"Est. reading time\" \/>\n\t<meta name=\"twitter:data1\" content=\"1 minute\" \/>\n<script type=\"application\/ld+json\" class=\"yoast-schema-graph\">{\"@context\":\"https:\/\/schema.org\",\"@graph\":[{\"@type\":\"WebPage\",\"@id\":\"https:\/\/collectin.eu\/produktas\/pop-bambi-sketched-deco\/\",\"url\":\"https:\/\/collectin.eu\/produktas\/pop-bambi-sketched-deco\/\",\"name\":\"Pop! Bambi (Sketched Deco) - Collectin.eu\",\"isPartOf\":{\"@id\":\"https:\/\/collectin.eu\/#website\"},\"primaryImageOfPage\":{\"@id\":\"https:\/\/collectin.eu\/produktas\/pop-bambi-sketched-deco\/#primaryimage\"},\"image\":{\"@id\":\"https:\/\/collectin.eu\/produktas\/pop-bambi-sketched-deco\/#primaryimage\"},\"thumbnailUrl\":\"https:\/\/collectin.eu\/wp-content\/uploads\/2025\/12\/Untitled-design-44.png\",\"datePublished\":\"2025-12-10T12:46:13+00:00\",\"dateModified\":\"2026-04-08T10:26:42+00:00\",\"description\":\"Pop! Bambi (Sketched Deco) \u2013 tai i\u0161skirtin\u0117 Funko Pop! fig\u016br\u0117l\u0117, sukurta pagal legendin\u012f \u201eDisney\u201c pasaulio persona\u017e\u0105 Bambi.\",\"breadcrumb\":{\"@id\":\"https:\/\/collectin.eu\/produktas\/pop-bambi-sketched-deco\/#breadcrumb\"},\"inLanguage\":\"en-US\",\"potentialAction\":[{\"@type\":\"ReadAction\",\"target\":[\"https:\/\/collectin.eu\/produktas\/pop-bambi-sketched-deco\/\"]}]},{\"@type\":\"ImageObject\",\"inLanguage\":\"en-US\",\"@id\":\"https:\/\/collectin.eu\/produktas\/pop-bambi-sketched-deco\/#primaryimage\",\"url\":\"https:\/\/collectin.eu\/wp-content\/uploads\/2025\/12\/Untitled-design-44.png\",\"contentUrl\":\"https:\/\/collectin.eu\/wp-content\/uploads\/2025\/12\/Untitled-design-44.png\",\"width\":1080,\"height\":1080},{\"@type\":\"BreadcrumbList\",\"@id\":\"https:\/\/collectin.eu\/produktas\/pop-bambi-sketched-deco\/#breadcrumb\",\"itemListElement\":[{\"@type\":\"ListItem\",\"position\":1,\"name\":\"Home\",\"item\":\"https:\/\/collectin.eu\/\"},{\"@type\":\"ListItem\",\"position\":2,\"name\":\"Parduotuv\u0117\",\"item\":\"https:\/\/collectin.eu\/parduotuve\/\"},{\"@type\":\"ListItem\",\"position\":3,\"name\":\"Pop! Bambi (Sketched Deco)\"}]},{\"@type\":\"WebSite\",\"@id\":\"https:\/\/collectin.eu\/#website\",\"url\":\"https:\/\/collectin.eu\/\",\"name\":\"Collectin.eu\",\"description\":\"\",\"potentialAction\":[{\"@type\":\"SearchAction\",\"target\":{\"@type\":\"EntryPoint\",\"urlTemplate\":\"https:\/\/collectin.eu\/?s={search_term_string}\"},\"query-input\":{\"@type\":\"PropertyValueSpecification\",\"valueRequired\":true,\"valueName\":\"search_term_string\"}}],\"inLanguage\":\"en-US\"}]}<\/script>\n<!-- \/ Yoast SEO plugin. -->","yoast_head_json":{"title":"Pop! Bambi (Sketched Deco) - Collectin.eu","description":"Pop! Bambi (Sketched Deco) \u2013 tai i\u0161skirtin\u0117 Funko Pop! fig\u016br\u0117l\u0117, sukurta pagal legendin\u012f \u201eDisney\u201c pasaulio persona\u017e\u0105 Bambi.","robots":{"index":"index","follow":"follow","max-snippet":"max-snippet:-1","max-image-preview":"max-image-preview:large","max-video-preview":"max-video-preview:-1"},"canonical":"https:\/\/collectin.eu\/en\/product\/pop-bambi-sketched-deco\/","og_locale":"en_US","og_type":"article","og_title":"Pop! Bambi (Sketched Deco) - Collectin.eu","og_description":"Pop! Bambi (Sketched Deco) \u2013 tai i\u0161skirtin\u0117 Funko Pop! fig\u016br\u0117l\u0117, sukurta pagal legendin\u012f \u201eDisney\u201c pasaulio persona\u017e\u0105 Bambi.","og_url":"https:\/\/collectin.eu\/en\/product\/pop-bambi-sketched-deco\/","og_site_name":"Collectin.eu","article_modified_time":"2026-04-08T10:26:42+00:00","og_image":[{"width":1080,"height":1080,"url":"http:\/\/collectin.eu\/wp-content\/uploads\/2025\/12\/Untitled-design-44.png","type":"image\/png"}],"twitter_card":"summary_large_image","twitter_misc":{"Est. reading time":"1 minute"},"schema":{"@context":"https:\/\/schema.org","@graph":[{"@type":"WebPage","@id":"https:\/\/collectin.eu\/produktas\/pop-bambi-sketched-deco\/","url":"https:\/\/collectin.eu\/produktas\/pop-bambi-sketched-deco\/","name":"Pop! Bambi (Sketched Deco) - Collectin.eu","isPartOf":{"@id":"https:\/\/collectin.eu\/#website"},"primaryImageOfPage":{"@id":"https:\/\/collectin.eu\/produktas\/pop-bambi-sketched-deco\/#primaryimage"},"image":{"@id":"https:\/\/collectin.eu\/produktas\/pop-bambi-sketched-deco\/#primaryimage"},"thumbnailUrl":"https:\/\/collectin.eu\/wp-content\/uploads\/2025\/12\/Untitled-design-44.png","datePublished":"2025-12-10T12:46:13+00:00","dateModified":"2026-04-08T10:26:42+00:00","description":"Pop! Bambi (Sketched Deco) \u2013 tai i\u0161skirtin\u0117 Funko Pop! fig\u016br\u0117l\u0117, sukurta pagal legendin\u012f \u201eDisney\u201c pasaulio persona\u017e\u0105 Bambi.","breadcrumb":{"@id":"https:\/\/collectin.eu\/produktas\/pop-bambi-sketched-deco\/#breadcrumb"},"inLanguage":"en-US","potentialAction":[{"@type":"ReadAction","target":["https:\/\/collectin.eu\/produktas\/pop-bambi-sketched-deco\/"]}]},{"@type":"ImageObject","inLanguage":"en-US","@id":"https:\/\/collectin.eu\/produktas\/pop-bambi-sketched-deco\/#primaryimage","url":"https:\/\/collectin.eu\/wp-content\/uploads\/2025\/12\/Untitled-design-44.png","contentUrl":"https:\/\/collectin.eu\/wp-content\/uploads\/2025\/12\/Untitled-design-44.png","width":1080,"height":1080},{"@type":"BreadcrumbList","@id":"https:\/\/collectin.eu\/produktas\/pop-bambi-sketched-deco\/#breadcrumb","itemListElement":[{"@type":"ListItem","position":1,"name":"Home","item":"https:\/\/collectin.eu\/"},{"@type":"ListItem","position":2,"name":"Parduotuv\u0117","item":"https:\/\/collectin.eu\/parduotuve\/"},{"@type":"ListItem","position":3,"name":"Pop! Bambi (Sketched Deco)"}]},{"@type":"WebSite","@id":"https:\/\/collectin.eu\/#website","url":"https:\/\/collectin.eu\/","name":"Collectin.eu","description":"","potentialAction":[{"@type":"SearchAction","target":{"@type":"EntryPoint","urlTemplate":"https:\/\/collectin.eu\/?s={search_term_string}"},"query-input":{"@type":"PropertyValueSpecification","valueRequired":true,"valueName":"search_term_string"}}],"inLanguage":"en-US"}]}},"jetpack_sharing_enabled":true,"_links":{"self":[{"href":"https:\/\/collectin.eu\/en\/wp-json\/wp\/v2\/product\/38393","targetHints":{"allow":["GET"]}}],"collection":[{"href":"https:\/\/collectin.eu\/en\/wp-json\/wp\/v2\/product"}],"about":[{"href":"https:\/\/collectin.eu\/en\/wp-json\/wp\/v2\/types\/product"}],"replies":[{"embeddable":true,"href":"https:\/\/collectin.eu\/en\/wp-json\/wp\/v2\/comments?post=38393"}],"version-history":[{"count":2,"href":"https:\/\/collectin.eu\/en\/wp-json\/wp\/v2\/product\/38393\/revisions"}],"predecessor-version":[{"id":40172,"href":"https:\/\/collectin.eu\/en\/wp-json\/wp\/v2\/product\/38393\/revisions\/40172"}],"wp:featuredmedia":[{"embeddable":true,"href":"https:\/\/collectin.eu\/en\/wp-json\/wp\/v2\/media\/38394"}],"wp:attachment":[{"href":"https:\/\/collectin.eu\/en\/wp-json\/wp\/v2\/media?parent=38393"}],"wp:term":[{"taxonomy":"product_brand","embeddable":true,"href":"https:\/\/collectin.eu\/en\/wp-json\/wp\/v2\/product_brand?post=38393"},{"taxonomy":"product_cat","embeddable":true,"href":"https:\/\/collectin.eu\/en\/wp-json\/wp\/v2\/product_cat?post=38393"},{"taxonomy":"product_tag","embeddable":true,"href":"https:\/\/collectin.eu\/en\/wp-json\/wp\/v2\/product_tag?post=38393"}],"curies":[{"name":"wp","href":"https:\/\/api.w.org\/{rel}","templated":true}]}}