{"id":38397,"date":"2025-12-10T12:51:04","date_gmt":"2025-12-10T12:51:04","guid":{"rendered":"https:\/\/collectin.eu\/?post_type=product&#038;p=38397"},"modified":"2026-04-08T10:26:42","modified_gmt":"2026-04-08T10:26:42","slug":"pop-deluxe-buggy-klounas","status":"publish","type":"product","link":"https:\/\/collectin.eu\/en\/product\/pop-deluxe-buggy-klounas\/","title":{"rendered":"Pop! Buggy the Clown"},"content":{"rendered":"<p>Pop! Deluxe Buggy the Clown \u2013 tai \u012fsp\u016bdinga, prabangi ir itin detali Funko Pop! fig\u016br\u0117l\u0117, skirta garsiajam \u201eOne Piece\u201c pasaulio persona\u017eui Buggy, vienam i\u0161 labiausiai atpa\u017e\u012fstam\u0173 ir spalvingiausi\u0173 serijos antagonist\u0173. \u0160i Deluxe linijos fig\u016br\u0117l\u0117 i\u0161siskiria ne tik savo dyd\u017eiu, bet ir vizualiniu sud\u0117tingumu \u2013 ji sukurta taip, kad perteikt\u0173 vis\u0105 Buggy chaoti\u0161k\u0105, teatrali\u0161k\u0105 ir humoristin\u0119 energij\u0105. Tai ne tik kolekcin\u0117 fig\u016bra, bet ir ma\u017eyt\u0117 diorama, pasakojanti istorij\u0105 i\u0161 pirmo \u017evilgsnio. Buggy pavaizduotas su jam b\u016bdinga cirko klouno apranga \u2013 ry\u0161kiais dry\u017eiais, sodriomis spalvomis, pla\u010dia skarele ir i\u0161skirtine pirato kepure, papuo\u0161ta kaul\u0173 ir kaukol\u0117s simboliais. Jo veidas dekoruotas kontrastingu klouno makia\u017eu, kuris i\u0161ry\u0161kina tiek persona\u017eo i\u0161skirtinum\u0105, tiek komi\u0161k\u0105, bet kartu ir pavojing\u0105 jo prigimt\u012f. Detal\u0117s atkurtos stulbinan\u010diai tiksliai: nuo drabu\u017ei\u0173 rauk\u0161li\u0173 ir aksesuar\u0173 iki i\u0161rai\u0161king\u0173 aki\u0173 bei teatrali\u0161kos pozos, kuri vizualiai perteikia Buggy nenusp\u0117jamum\u0105.<\/p>","protected":false},"excerpt":{"rendered":"<p>Pop! Deluxe Buggy the Clown \u2013 tai \u012fsp\u016bdinga, prabangi ir itin detali Funko Pop! fig\u016br\u0117l\u0117, skirta garsiajam \u201eOne Piece\u201c pasaulio<\/p>","protected":false},"featured_media":38398,"comment_status":"open","ping_status":"closed","template":"","meta":[],"product_brand":[426],"product_cat":[680,409,448],"product_tag":[],"class_list":{"0":"post-38397","1":"product","2":"type-product","3":"status-publish","4":"has-post-thumbnail","6":"product_brand-funko-pop","7":"product_cat-figureles","8":"product_cat-funko-pop","9":"product_cat-pop-movies","11":"first","12":"instock","13":"taxable","14":"shipping-taxable","15":"purchasable","16":"product-type-simple"},"yoast_head":"<!-- This site is optimized with the Yoast SEO plugin v25.9 - https:\/\/yoast.com\/wordpress\/plugins\/seo\/ -->\n<title>Pop! Buggy the Clown - Collectin.eu<\/title>\n<meta name=\"description\" content=\"Pop! Deluxe Buggy the Clown \u2013 tai i\u0161skirtin\u0117 ir \u012fsp\u016bdinga Funko Pop! fig\u016br\u0117l\u0117, skirta \u201eOne Piece\u201c gerb\u0117jams bei kolekcionieriams, vertinantiems unikalius, detalius ir dinami\u0161kus popkult\u016bros objektus.\" \/>\n<meta name=\"robots\" content=\"index, follow, max-snippet:-1, max-image-preview:large, max-video-preview:-1\" \/>\n<link rel=\"canonical\" href=\"https:\/\/collectin.eu\/en\/product\/pop-deluxe-buggy-klounas\/\" \/>\n<meta property=\"og:locale\" content=\"en_US\" \/>\n<meta property=\"og:type\" content=\"article\" \/>\n<meta property=\"og:title\" content=\"Pop! Buggy the Clown - Collectin.eu\" \/>\n<meta property=\"og:description\" content=\"Pop! Deluxe Buggy the Clown \u2013 tai i\u0161skirtin\u0117 ir \u012fsp\u016bdinga Funko Pop! fig\u016br\u0117l\u0117, skirta \u201eOne Piece\u201c gerb\u0117jams bei kolekcionieriams, vertinantiems unikalius, detalius ir dinami\u0161kus popkult\u016bros objektus.\" \/>\n<meta property=\"og:url\" content=\"https:\/\/collectin.eu\/en\/product\/pop-deluxe-buggy-klounas\/\" \/>\n<meta property=\"og:site_name\" content=\"Collectin.eu\" \/>\n<meta property=\"article:modified_time\" content=\"2026-04-08T10:26:42+00:00\" \/>\n<meta property=\"og:image\" content=\"http:\/\/collectin.eu\/wp-content\/uploads\/2025\/12\/Untitled-design-46.png\" \/>\n\t<meta property=\"og:image:width\" content=\"1080\" \/>\n\t<meta property=\"og:image:height\" content=\"1080\" \/>\n\t<meta property=\"og:image:type\" content=\"image\/png\" \/>\n<meta name=\"twitter:card\" content=\"summary_large_image\" \/>\n<meta name=\"twitter:label1\" content=\"Est. reading time\" \/>\n\t<meta name=\"twitter:data1\" content=\"1 minute\" \/>\n<script type=\"application\/ld+json\" class=\"yoast-schema-graph\">{\"@context\":\"https:\/\/schema.org\",\"@graph\":[{\"@type\":\"WebPage\",\"@id\":\"https:\/\/collectin.eu\/produktas\/pop-deluxe-buggy-klounas\/\",\"url\":\"https:\/\/collectin.eu\/produktas\/pop-deluxe-buggy-klounas\/\",\"name\":\"Pop! Buggy the Clown - Collectin.eu\",\"isPartOf\":{\"@id\":\"https:\/\/collectin.eu\/#website\"},\"primaryImageOfPage\":{\"@id\":\"https:\/\/collectin.eu\/produktas\/pop-deluxe-buggy-klounas\/#primaryimage\"},\"image\":{\"@id\":\"https:\/\/collectin.eu\/produktas\/pop-deluxe-buggy-klounas\/#primaryimage\"},\"thumbnailUrl\":\"https:\/\/collectin.eu\/wp-content\/uploads\/2025\/12\/Untitled-design-46.png\",\"datePublished\":\"2025-12-10T12:51:04+00:00\",\"dateModified\":\"2026-04-08T10:26:42+00:00\",\"description\":\"Pop! Deluxe Buggy the Clown \u2013 tai i\u0161skirtin\u0117 ir \u012fsp\u016bdinga Funko Pop! fig\u016br\u0117l\u0117, skirta \u201eOne Piece\u201c gerb\u0117jams bei kolekcionieriams, vertinantiems unikalius, detalius ir dinami\u0161kus popkult\u016bros objektus.\",\"breadcrumb\":{\"@id\":\"https:\/\/collectin.eu\/produktas\/pop-deluxe-buggy-klounas\/#breadcrumb\"},\"inLanguage\":\"en-US\",\"potentialAction\":[{\"@type\":\"ReadAction\",\"target\":[\"https:\/\/collectin.eu\/produktas\/pop-deluxe-buggy-klounas\/\"]}]},{\"@type\":\"ImageObject\",\"inLanguage\":\"en-US\",\"@id\":\"https:\/\/collectin.eu\/produktas\/pop-deluxe-buggy-klounas\/#primaryimage\",\"url\":\"https:\/\/collectin.eu\/wp-content\/uploads\/2025\/12\/Untitled-design-46.png\",\"contentUrl\":\"https:\/\/collectin.eu\/wp-content\/uploads\/2025\/12\/Untitled-design-46.png\",\"width\":1080,\"height\":1080},{\"@type\":\"BreadcrumbList\",\"@id\":\"https:\/\/collectin.eu\/produktas\/pop-deluxe-buggy-klounas\/#breadcrumb\",\"itemListElement\":[{\"@type\":\"ListItem\",\"position\":1,\"name\":\"Home\",\"item\":\"https:\/\/collectin.eu\/\"},{\"@type\":\"ListItem\",\"position\":2,\"name\":\"Parduotuv\u0117\",\"item\":\"https:\/\/collectin.eu\/parduotuve\/\"},{\"@type\":\"ListItem\",\"position\":3,\"name\":\"Pop! Buggy the Clown\"}]},{\"@type\":\"WebSite\",\"@id\":\"https:\/\/collectin.eu\/#website\",\"url\":\"https:\/\/collectin.eu\/\",\"name\":\"Collectin.eu\",\"description\":\"\",\"potentialAction\":[{\"@type\":\"SearchAction\",\"target\":{\"@type\":\"EntryPoint\",\"urlTemplate\":\"https:\/\/collectin.eu\/?s={search_term_string}\"},\"query-input\":{\"@type\":\"PropertyValueSpecification\",\"valueRequired\":true,\"valueName\":\"search_term_string\"}}],\"inLanguage\":\"en-US\"}]}<\/script>\n<!-- \/ Yoast SEO plugin. -->","yoast_head_json":{"title":"Pop! Buggy the Clown - Collectin.eu","description":"Pop! Deluxe Buggy the Clown \u2013 tai i\u0161skirtin\u0117 ir \u012fsp\u016bdinga Funko Pop! fig\u016br\u0117l\u0117, skirta \u201eOne Piece\u201c gerb\u0117jams bei kolekcionieriams, vertinantiems unikalius, detalius ir dinami\u0161kus popkult\u016bros objektus.","robots":{"index":"index","follow":"follow","max-snippet":"max-snippet:-1","max-image-preview":"max-image-preview:large","max-video-preview":"max-video-preview:-1"},"canonical":"https:\/\/collectin.eu\/en\/product\/pop-deluxe-buggy-klounas\/","og_locale":"en_US","og_type":"article","og_title":"Pop! Buggy the Clown - Collectin.eu","og_description":"Pop! Deluxe Buggy the Clown \u2013 tai i\u0161skirtin\u0117 ir \u012fsp\u016bdinga Funko Pop! fig\u016br\u0117l\u0117, skirta \u201eOne Piece\u201c gerb\u0117jams bei kolekcionieriams, vertinantiems unikalius, detalius ir dinami\u0161kus popkult\u016bros objektus.","og_url":"https:\/\/collectin.eu\/en\/product\/pop-deluxe-buggy-klounas\/","og_site_name":"Collectin.eu","article_modified_time":"2026-04-08T10:26:42+00:00","og_image":[{"width":1080,"height":1080,"url":"http:\/\/collectin.eu\/wp-content\/uploads\/2025\/12\/Untitled-design-46.png","type":"image\/png"}],"twitter_card":"summary_large_image","twitter_misc":{"Est. reading time":"1 minute"},"schema":{"@context":"https:\/\/schema.org","@graph":[{"@type":"WebPage","@id":"https:\/\/collectin.eu\/produktas\/pop-deluxe-buggy-klounas\/","url":"https:\/\/collectin.eu\/produktas\/pop-deluxe-buggy-klounas\/","name":"Pop! Buggy the Clown - Collectin.eu","isPartOf":{"@id":"https:\/\/collectin.eu\/#website"},"primaryImageOfPage":{"@id":"https:\/\/collectin.eu\/produktas\/pop-deluxe-buggy-klounas\/#primaryimage"},"image":{"@id":"https:\/\/collectin.eu\/produktas\/pop-deluxe-buggy-klounas\/#primaryimage"},"thumbnailUrl":"https:\/\/collectin.eu\/wp-content\/uploads\/2025\/12\/Untitled-design-46.png","datePublished":"2025-12-10T12:51:04+00:00","dateModified":"2026-04-08T10:26:42+00:00","description":"Pop! Deluxe Buggy the Clown \u2013 tai i\u0161skirtin\u0117 ir \u012fsp\u016bdinga Funko Pop! fig\u016br\u0117l\u0117, skirta \u201eOne Piece\u201c gerb\u0117jams bei kolekcionieriams, vertinantiems unikalius, detalius ir dinami\u0161kus popkult\u016bros objektus.","breadcrumb":{"@id":"https:\/\/collectin.eu\/produktas\/pop-deluxe-buggy-klounas\/#breadcrumb"},"inLanguage":"en-US","potentialAction":[{"@type":"ReadAction","target":["https:\/\/collectin.eu\/produktas\/pop-deluxe-buggy-klounas\/"]}]},{"@type":"ImageObject","inLanguage":"en-US","@id":"https:\/\/collectin.eu\/produktas\/pop-deluxe-buggy-klounas\/#primaryimage","url":"https:\/\/collectin.eu\/wp-content\/uploads\/2025\/12\/Untitled-design-46.png","contentUrl":"https:\/\/collectin.eu\/wp-content\/uploads\/2025\/12\/Untitled-design-46.png","width":1080,"height":1080},{"@type":"BreadcrumbList","@id":"https:\/\/collectin.eu\/produktas\/pop-deluxe-buggy-klounas\/#breadcrumb","itemListElement":[{"@type":"ListItem","position":1,"name":"Home","item":"https:\/\/collectin.eu\/"},{"@type":"ListItem","position":2,"name":"Parduotuv\u0117","item":"https:\/\/collectin.eu\/parduotuve\/"},{"@type":"ListItem","position":3,"name":"Pop! Buggy the Clown"}]},{"@type":"WebSite","@id":"https:\/\/collectin.eu\/#website","url":"https:\/\/collectin.eu\/","name":"Collectin.eu","description":"","potentialAction":[{"@type":"SearchAction","target":{"@type":"EntryPoint","urlTemplate":"https:\/\/collectin.eu\/?s={search_term_string}"},"query-input":{"@type":"PropertyValueSpecification","valueRequired":true,"valueName":"search_term_string"}}],"inLanguage":"en-US"}]}},"jetpack_sharing_enabled":true,"_links":{"self":[{"href":"https:\/\/collectin.eu\/en\/wp-json\/wp\/v2\/product\/38397","targetHints":{"allow":["GET"]}}],"collection":[{"href":"https:\/\/collectin.eu\/en\/wp-json\/wp\/v2\/product"}],"about":[{"href":"https:\/\/collectin.eu\/en\/wp-json\/wp\/v2\/types\/product"}],"replies":[{"embeddable":true,"href":"https:\/\/collectin.eu\/en\/wp-json\/wp\/v2\/comments?post=38397"}],"version-history":[{"count":4,"href":"https:\/\/collectin.eu\/en\/wp-json\/wp\/v2\/product\/38397\/revisions"}],"predecessor-version":[{"id":40171,"href":"https:\/\/collectin.eu\/en\/wp-json\/wp\/v2\/product\/38397\/revisions\/40171"}],"wp:featuredmedia":[{"embeddable":true,"href":"https:\/\/collectin.eu\/en\/wp-json\/wp\/v2\/media\/38398"}],"wp:attachment":[{"href":"https:\/\/collectin.eu\/en\/wp-json\/wp\/v2\/media?parent=38397"}],"wp:term":[{"taxonomy":"product_brand","embeddable":true,"href":"https:\/\/collectin.eu\/en\/wp-json\/wp\/v2\/product_brand?post=38397"},{"taxonomy":"product_cat","embeddable":true,"href":"https:\/\/collectin.eu\/en\/wp-json\/wp\/v2\/product_cat?post=38397"},{"taxonomy":"product_tag","embeddable":true,"href":"https:\/\/collectin.eu\/en\/wp-json\/wp\/v2\/product_tag?post=38397"}],"curies":[{"name":"wp","href":"https:\/\/api.w.org\/{rel}","templated":true}]}}