{"id":38410,"date":"2025-12-14T01:48:32","date_gmt":"2025-12-14T01:48:32","guid":{"rendered":"https:\/\/collectin.eu\/?post_type=product&#038;p=38410"},"modified":"2026-04-08T10:26:23","modified_gmt":"2026-04-08T10:26:23","slug":"pop-comic-covers-superman-vol-2-204-2004","status":"publish","type":"product","link":"https:\/\/collectin.eu\/en\/product\/pop-comic-covers-superman-vol-2-204-2004\/","title":{"rendered":"Pop! Comic Covers Superman Vol 2 #204 (2004)"},"content":{"rendered":"<p data-start=\"0\" data-end=\"411\">\u201ePop! Comic Covers Superman Vol. 2 #204 (2004)\u201c \u2013 tai i\u0161skirtinis \u201eFunko Pop!\u201c kolekcinis leidimas, sukurtas DC Comics visatos gerb\u0117jams, vertinantiems tiek komiks\u0173 istorij\u0105, tiek modernias kolekcines fig\u016br\u0117les. \u0160is modelis priklauso \u201ePop! Comic Covers\u201c serijai, kuri i\u0161siskiria tuo, kad fig\u016br\u0117l\u0117 pateikiama kartu su ikoniniu komikso vir\u0161eliu, taip sukuriant vientis\u0105, vizualiai patraukl\u0173 ekspozicin\u012f sprendim\u0105.<\/p>\n<p data-start=\"413\" data-end=\"861\">Rinkinyje pavaizduotas Supermenas, \u012fkv\u0117ptas \u201eSuperman\u201c Vol. 2, #204 numerio, i\u0161leisto 2004 metais. Fig\u016br\u0117l\u0117 atkurta klasikiniu \u201eFunko Pop!\u201c stiliumi \u2013 su padidinta galva, minimalistin\u0117mis detal\u0117mis, ta\u010diau i\u0161laikant esminius Supermeno bruo\u017eus: m\u0117lyn\u0105 kostium\u0105, raudon\u0105 apsiaust\u0105, gelton\u0105 dir\u017e\u0105 ir legendin\u012f \u201eS\u201c simbol\u012f ant kr\u016btin\u0117s. Herojaus poza perteikia j\u0117g\u0105 ir ry\u017et\u0105, puikiai atspindin\u010dius Supermeno, kaip vieno \u017eymiausi\u0173 DC heroj\u0173, charakter\u012f.<\/p>","protected":false},"excerpt":{"rendered":"<p>\u201ePop! Comic Covers Superman Vol. 2 #204 (2004)\u201c \u2013 tai i\u0161skirtinis \u201eFunko Pop!\u201c kolekcinis leidimas, sukurtas DC Comics visatos gerb\u0117jams,<\/p>","protected":false},"featured_media":38411,"comment_status":"open","ping_status":"closed","template":"","meta":[],"product_brand":[426],"product_cat":[680,409,499],"product_tag":[],"class_list":{"0":"post-38410","1":"product","2":"type-product","3":"status-publish","4":"has-post-thumbnail","6":"product_brand-funko-pop","7":"product_cat-figureles","8":"product_cat-funko-pop","9":"product_cat-pop-comics-covers","11":"first","12":"instock","13":"taxable","14":"shipping-taxable","15":"purchasable","16":"product-type-simple"},"yoast_head":"<!-- This site is optimized with the Yoast SEO plugin v25.9 - https:\/\/yoast.com\/wordpress\/plugins\/seo\/ -->\n<title>Pop! Comic Covers Superman Vol 2 #204 (2004) - Collectin.eu<\/title>\n<meta name=\"description\" content=\"\u201ePop! Comic Covers Superman Vol. 2 #204 (2004)\u201c \u2013 tai i\u0161skirtinis \u201eFunko Pop!\u201c kolekcinis leidimas, sukurtas DC Comics visatos gerb\u0117jams.\" \/>\n<meta name=\"robots\" content=\"index, follow, max-snippet:-1, max-image-preview:large, max-video-preview:-1\" \/>\n<link rel=\"canonical\" href=\"https:\/\/collectin.eu\/en\/product\/pop-comic-covers-superman-vol-2-204-2004\/\" \/>\n<meta property=\"og:locale\" content=\"en_US\" \/>\n<meta property=\"og:type\" content=\"article\" \/>\n<meta property=\"og:title\" content=\"Pop! Comic Covers Superman Vol 2 #204 (2004) - Collectin.eu\" \/>\n<meta property=\"og:description\" content=\"\u201ePop! Comic Covers Superman Vol. 2 #204 (2004)\u201c \u2013 tai i\u0161skirtinis \u201eFunko Pop!\u201c kolekcinis leidimas, sukurtas DC Comics visatos gerb\u0117jams.\" \/>\n<meta property=\"og:url\" content=\"https:\/\/collectin.eu\/en\/product\/pop-comic-covers-superman-vol-2-204-2004\/\" \/>\n<meta property=\"og:site_name\" content=\"Collectin.eu\" \/>\n<meta property=\"article:modified_time\" content=\"2026-04-08T10:26:23+00:00\" \/>\n<meta property=\"og:image\" content=\"http:\/\/collectin.eu\/wp-content\/uploads\/2025\/12\/Untitled-design-12-2.png\" \/>\n\t<meta property=\"og:image:width\" content=\"1080\" \/>\n\t<meta property=\"og:image:height\" content=\"1080\" \/>\n\t<meta property=\"og:image:type\" content=\"image\/png\" \/>\n<meta name=\"twitter:card\" content=\"summary_large_image\" \/>\n<meta name=\"twitter:label1\" content=\"Est. reading time\" \/>\n\t<meta name=\"twitter:data1\" content=\"1 minute\" \/>\n<script type=\"application\/ld+json\" class=\"yoast-schema-graph\">{\"@context\":\"https:\/\/schema.org\",\"@graph\":[{\"@type\":\"WebPage\",\"@id\":\"https:\/\/collectin.eu\/produktas\/pop-comic-covers-superman-vol-2-204-2004\/\",\"url\":\"https:\/\/collectin.eu\/produktas\/pop-comic-covers-superman-vol-2-204-2004\/\",\"name\":\"Pop! Comic Covers Superman Vol 2 #204 (2004) - Collectin.eu\",\"isPartOf\":{\"@id\":\"https:\/\/collectin.eu\/#website\"},\"primaryImageOfPage\":{\"@id\":\"https:\/\/collectin.eu\/produktas\/pop-comic-covers-superman-vol-2-204-2004\/#primaryimage\"},\"image\":{\"@id\":\"https:\/\/collectin.eu\/produktas\/pop-comic-covers-superman-vol-2-204-2004\/#primaryimage\"},\"thumbnailUrl\":\"https:\/\/collectin.eu\/wp-content\/uploads\/2025\/12\/Untitled-design-12-2.png\",\"datePublished\":\"2025-12-14T01:48:32+00:00\",\"dateModified\":\"2026-04-08T10:26:23+00:00\",\"description\":\"\u201ePop! Comic Covers Superman Vol. 2 #204 (2004)\u201c \u2013 tai i\u0161skirtinis \u201eFunko Pop!\u201c kolekcinis leidimas, sukurtas DC Comics visatos gerb\u0117jams.\",\"breadcrumb\":{\"@id\":\"https:\/\/collectin.eu\/produktas\/pop-comic-covers-superman-vol-2-204-2004\/#breadcrumb\"},\"inLanguage\":\"en-US\",\"potentialAction\":[{\"@type\":\"ReadAction\",\"target\":[\"https:\/\/collectin.eu\/produktas\/pop-comic-covers-superman-vol-2-204-2004\/\"]}]},{\"@type\":\"ImageObject\",\"inLanguage\":\"en-US\",\"@id\":\"https:\/\/collectin.eu\/produktas\/pop-comic-covers-superman-vol-2-204-2004\/#primaryimage\",\"url\":\"https:\/\/collectin.eu\/wp-content\/uploads\/2025\/12\/Untitled-design-12-2.png\",\"contentUrl\":\"https:\/\/collectin.eu\/wp-content\/uploads\/2025\/12\/Untitled-design-12-2.png\",\"width\":1080,\"height\":1080},{\"@type\":\"BreadcrumbList\",\"@id\":\"https:\/\/collectin.eu\/produktas\/pop-comic-covers-superman-vol-2-204-2004\/#breadcrumb\",\"itemListElement\":[{\"@type\":\"ListItem\",\"position\":1,\"name\":\"Home\",\"item\":\"https:\/\/collectin.eu\/\"},{\"@type\":\"ListItem\",\"position\":2,\"name\":\"Parduotuv\u0117\",\"item\":\"https:\/\/collectin.eu\/parduotuve\/\"},{\"@type\":\"ListItem\",\"position\":3,\"name\":\"Pop! Comic Covers Superman Vol 2 #204 (2004)\"}]},{\"@type\":\"WebSite\",\"@id\":\"https:\/\/collectin.eu\/#website\",\"url\":\"https:\/\/collectin.eu\/\",\"name\":\"Collectin.eu\",\"description\":\"\",\"potentialAction\":[{\"@type\":\"SearchAction\",\"target\":{\"@type\":\"EntryPoint\",\"urlTemplate\":\"https:\/\/collectin.eu\/?s={search_term_string}\"},\"query-input\":{\"@type\":\"PropertyValueSpecification\",\"valueRequired\":true,\"valueName\":\"search_term_string\"}}],\"inLanguage\":\"en-US\"}]}<\/script>\n<!-- \/ Yoast SEO plugin. -->","yoast_head_json":{"title":"Pop! Comic Covers Superman Vol 2 #204 (2004) - Collectin.eu","description":"\u201ePop! Comic Covers Superman Vol. 2 #204 (2004)\u201c \u2013 tai i\u0161skirtinis \u201eFunko Pop!\u201c kolekcinis leidimas, sukurtas DC Comics visatos gerb\u0117jams.","robots":{"index":"index","follow":"follow","max-snippet":"max-snippet:-1","max-image-preview":"max-image-preview:large","max-video-preview":"max-video-preview:-1"},"canonical":"https:\/\/collectin.eu\/en\/product\/pop-comic-covers-superman-vol-2-204-2004\/","og_locale":"en_US","og_type":"article","og_title":"Pop! Comic Covers Superman Vol 2 #204 (2004) - Collectin.eu","og_description":"\u201ePop! Comic Covers Superman Vol. 2 #204 (2004)\u201c \u2013 tai i\u0161skirtinis \u201eFunko Pop!\u201c kolekcinis leidimas, sukurtas DC Comics visatos gerb\u0117jams.","og_url":"https:\/\/collectin.eu\/en\/product\/pop-comic-covers-superman-vol-2-204-2004\/","og_site_name":"Collectin.eu","article_modified_time":"2026-04-08T10:26:23+00:00","og_image":[{"width":1080,"height":1080,"url":"http:\/\/collectin.eu\/wp-content\/uploads\/2025\/12\/Untitled-design-12-2.png","type":"image\/png"}],"twitter_card":"summary_large_image","twitter_misc":{"Est. reading time":"1 minute"},"schema":{"@context":"https:\/\/schema.org","@graph":[{"@type":"WebPage","@id":"https:\/\/collectin.eu\/produktas\/pop-comic-covers-superman-vol-2-204-2004\/","url":"https:\/\/collectin.eu\/produktas\/pop-comic-covers-superman-vol-2-204-2004\/","name":"Pop! Comic Covers Superman Vol 2 #204 (2004) - Collectin.eu","isPartOf":{"@id":"https:\/\/collectin.eu\/#website"},"primaryImageOfPage":{"@id":"https:\/\/collectin.eu\/produktas\/pop-comic-covers-superman-vol-2-204-2004\/#primaryimage"},"image":{"@id":"https:\/\/collectin.eu\/produktas\/pop-comic-covers-superman-vol-2-204-2004\/#primaryimage"},"thumbnailUrl":"https:\/\/collectin.eu\/wp-content\/uploads\/2025\/12\/Untitled-design-12-2.png","datePublished":"2025-12-14T01:48:32+00:00","dateModified":"2026-04-08T10:26:23+00:00","description":"\u201ePop! Comic Covers Superman Vol. 2 #204 (2004)\u201c \u2013 tai i\u0161skirtinis \u201eFunko Pop!\u201c kolekcinis leidimas, sukurtas DC Comics visatos gerb\u0117jams.","breadcrumb":{"@id":"https:\/\/collectin.eu\/produktas\/pop-comic-covers-superman-vol-2-204-2004\/#breadcrumb"},"inLanguage":"en-US","potentialAction":[{"@type":"ReadAction","target":["https:\/\/collectin.eu\/produktas\/pop-comic-covers-superman-vol-2-204-2004\/"]}]},{"@type":"ImageObject","inLanguage":"en-US","@id":"https:\/\/collectin.eu\/produktas\/pop-comic-covers-superman-vol-2-204-2004\/#primaryimage","url":"https:\/\/collectin.eu\/wp-content\/uploads\/2025\/12\/Untitled-design-12-2.png","contentUrl":"https:\/\/collectin.eu\/wp-content\/uploads\/2025\/12\/Untitled-design-12-2.png","width":1080,"height":1080},{"@type":"BreadcrumbList","@id":"https:\/\/collectin.eu\/produktas\/pop-comic-covers-superman-vol-2-204-2004\/#breadcrumb","itemListElement":[{"@type":"ListItem","position":1,"name":"Home","item":"https:\/\/collectin.eu\/"},{"@type":"ListItem","position":2,"name":"Parduotuv\u0117","item":"https:\/\/collectin.eu\/parduotuve\/"},{"@type":"ListItem","position":3,"name":"Pop! Comic Covers Superman Vol 2 #204 (2004)"}]},{"@type":"WebSite","@id":"https:\/\/collectin.eu\/#website","url":"https:\/\/collectin.eu\/","name":"Collectin.eu","description":"","potentialAction":[{"@type":"SearchAction","target":{"@type":"EntryPoint","urlTemplate":"https:\/\/collectin.eu\/?s={search_term_string}"},"query-input":{"@type":"PropertyValueSpecification","valueRequired":true,"valueName":"search_term_string"}}],"inLanguage":"en-US"}]}},"jetpack_sharing_enabled":true,"_links":{"self":[{"href":"https:\/\/collectin.eu\/en\/wp-json\/wp\/v2\/product\/38410","targetHints":{"allow":["GET"]}}],"collection":[{"href":"https:\/\/collectin.eu\/en\/wp-json\/wp\/v2\/product"}],"about":[{"href":"https:\/\/collectin.eu\/en\/wp-json\/wp\/v2\/types\/product"}],"replies":[{"embeddable":true,"href":"https:\/\/collectin.eu\/en\/wp-json\/wp\/v2\/comments?post=38410"}],"version-history":[{"count":3,"href":"https:\/\/collectin.eu\/en\/wp-json\/wp\/v2\/product\/38410\/revisions"}],"predecessor-version":[{"id":40186,"href":"https:\/\/collectin.eu\/en\/wp-json\/wp\/v2\/product\/38410\/revisions\/40186"}],"wp:featuredmedia":[{"embeddable":true,"href":"https:\/\/collectin.eu\/en\/wp-json\/wp\/v2\/media\/38411"}],"wp:attachment":[{"href":"https:\/\/collectin.eu\/en\/wp-json\/wp\/v2\/media?parent=38410"}],"wp:term":[{"taxonomy":"product_brand","embeddable":true,"href":"https:\/\/collectin.eu\/en\/wp-json\/wp\/v2\/product_brand?post=38410"},{"taxonomy":"product_cat","embeddable":true,"href":"https:\/\/collectin.eu\/en\/wp-json\/wp\/v2\/product_cat?post=38410"},{"taxonomy":"product_tag","embeddable":true,"href":"https:\/\/collectin.eu\/en\/wp-json\/wp\/v2\/product_tag?post=38410"}],"curies":[{"name":"wp","href":"https:\/\/api.w.org\/{rel}","templated":true}]}}