{"id":38420,"date":"2025-12-14T01:57:27","date_gmt":"2025-12-14T01:57:27","guid":{"rendered":"https:\/\/collectin.eu\/?post_type=product&#038;p=38420"},"modified":"2026-04-08T10:26:22","modified_gmt":"2026-04-08T10:26:22","slug":"pop-comic-covers-star-wars-66-luke-skywalker","status":"publish","type":"product","link":"https:\/\/collectin.eu\/en\/product\/pop-comic-covers-star-wars-66-luke-skywalker\/","title":{"rendered":"Pop! Comic Covers Star Wars #66 (Luke Skywalker)"},"content":{"rendered":"<p>Rinkinyje pavaizduotas Luke\u2019as Skywalkeris, vienas svarbiausi\u0173 \u201eStar Wars\u201c visatos heroj\u0173, atkurtas klasikiniu \u201eFunko Pop!\u201c stiliumi \u2013 su padidinta galva, supaprastintomis, bet lengvai atpa\u017e\u012fstamomis detal\u0117mis ir jam b\u016bdingu \u012fvaizd\u017eiu. Fig\u016br\u0117l\u0117s dizainas perteikia Luke\u2019o, kaip D\u017eedajaus ir pasiprie\u0161inimo simbolio, dr\u0105s\u0105 bei heroji\u0161k\u0105 dvasi\u0105, o poza harmoningai dera su komikso vir\u0161elio iliustracija fone. Fig\u016br\u0117l\u0117 \u012fstatyta \u012f tvirt\u0105, skaidr\u0173 plastikin\u012f d\u0117kl\u0105, kurio gale matomas originalus \u201eStar Wars #66\u201c komikso vir\u0161elis. Toks sprendimas ne tik apsaugo fig\u016br\u0117l\u0119 nuo dulki\u0173 ir pa\u017eeidim\u0173, bet ir leid\u017eia j\u0105 patogiai demonstruoti nei\u0161imant i\u0161 pakuot\u0117s. D\u0117l didesnio formato \u0161is leidimas puikiai tinka vitrinoms, lentynoms ar kolekcin\u0117ms ekspozicijoms ir i\u0161siskiria i\u0161 standartini\u0173 \u201eFunko Pop!\u201c d\u0117\u017eu\u010di\u0173.<\/p>","protected":false},"excerpt":{"rendered":"<p>Rinkinyje pavaizduotas Luke\u2019as Skywalkeris, vienas svarbiausi\u0173 \u201eStar Wars\u201c visatos heroj\u0173, atkurtas klasikiniu \u201eFunko Pop!\u201c stiliumi \u2013 su padidinta galva, supaprastintomis,<\/p>","protected":false},"featured_media":38421,"comment_status":"open","ping_status":"closed","template":"","meta":[],"product_brand":[426],"product_cat":[680,409,499],"product_tag":[],"class_list":{"0":"post-38420","1":"product","2":"type-product","3":"status-publish","4":"has-post-thumbnail","6":"product_brand-funko-pop","7":"product_cat-figureles","8":"product_cat-funko-pop","9":"product_cat-pop-comics-covers","11":"first","12":"instock","13":"taxable","14":"shipping-taxable","15":"purchasable","16":"product-type-simple"},"yoast_head":"<!-- This site is optimized with the Yoast SEO plugin v25.9 - https:\/\/yoast.com\/wordpress\/plugins\/seo\/ -->\n<title>Pop! Comic Covers Star Wars #66 (Luke Skywalker) - Collectin.eu<\/title>\n<meta name=\"description\" content=\"\u201ePop! Comic Covers Star Wars #66 (Luke Skywalker)\u201c \u2013 tai i\u0161skirtinis \u201eFunko Pop!\u201c kolekcinis leidimas, skirtas \u201eStar Wars\u201c sagos ir komiks\u0173 gerb\u0117jams.\" \/>\n<meta name=\"robots\" content=\"index, follow, max-snippet:-1, max-image-preview:large, max-video-preview:-1\" \/>\n<link rel=\"canonical\" href=\"https:\/\/collectin.eu\/en\/product\/pop-comic-covers-star-wars-66-luke-skywalker\/\" \/>\n<meta property=\"og:locale\" content=\"en_US\" \/>\n<meta property=\"og:type\" content=\"article\" \/>\n<meta property=\"og:title\" content=\"Pop! Comic Covers Star Wars #66 (Luke Skywalker) - Collectin.eu\" \/>\n<meta property=\"og:description\" content=\"\u201ePop! Comic Covers Star Wars #66 (Luke Skywalker)\u201c \u2013 tai i\u0161skirtinis \u201eFunko Pop!\u201c kolekcinis leidimas, skirtas \u201eStar Wars\u201c sagos ir komiks\u0173 gerb\u0117jams.\" \/>\n<meta property=\"og:url\" content=\"https:\/\/collectin.eu\/en\/product\/pop-comic-covers-star-wars-66-luke-skywalker\/\" \/>\n<meta property=\"og:site_name\" content=\"Collectin.eu\" \/>\n<meta property=\"article:modified_time\" content=\"2026-04-08T10:26:22+00:00\" \/>\n<meta property=\"og:image\" content=\"http:\/\/collectin.eu\/wp-content\/uploads\/2025\/12\/Untitled-design-16-1.png\" \/>\n\t<meta property=\"og:image:width\" content=\"1080\" \/>\n\t<meta property=\"og:image:height\" content=\"1080\" \/>\n\t<meta property=\"og:image:type\" content=\"image\/png\" \/>\n<meta name=\"twitter:card\" content=\"summary_large_image\" \/>\n<meta name=\"twitter:label1\" content=\"Est. reading time\" \/>\n\t<meta name=\"twitter:data1\" content=\"1 minute\" \/>\n<script type=\"application\/ld+json\" class=\"yoast-schema-graph\">{\"@context\":\"https:\/\/schema.org\",\"@graph\":[{\"@type\":\"WebPage\",\"@id\":\"https:\/\/collectin.eu\/produktas\/pop-comic-covers-star-wars-66-luke-skywalker\/\",\"url\":\"https:\/\/collectin.eu\/produktas\/pop-comic-covers-star-wars-66-luke-skywalker\/\",\"name\":\"Pop! Comic Covers Star Wars #66 (Luke Skywalker) - Collectin.eu\",\"isPartOf\":{\"@id\":\"https:\/\/collectin.eu\/#website\"},\"primaryImageOfPage\":{\"@id\":\"https:\/\/collectin.eu\/produktas\/pop-comic-covers-star-wars-66-luke-skywalker\/#primaryimage\"},\"image\":{\"@id\":\"https:\/\/collectin.eu\/produktas\/pop-comic-covers-star-wars-66-luke-skywalker\/#primaryimage\"},\"thumbnailUrl\":\"https:\/\/collectin.eu\/wp-content\/uploads\/2025\/12\/Untitled-design-16-1.png\",\"datePublished\":\"2025-12-14T01:57:27+00:00\",\"dateModified\":\"2026-04-08T10:26:22+00:00\",\"description\":\"\u201ePop! Comic Covers Star Wars #66 (Luke Skywalker)\u201c \u2013 tai i\u0161skirtinis \u201eFunko Pop!\u201c kolekcinis leidimas, skirtas \u201eStar Wars\u201c sagos ir komiks\u0173 gerb\u0117jams.\",\"breadcrumb\":{\"@id\":\"https:\/\/collectin.eu\/produktas\/pop-comic-covers-star-wars-66-luke-skywalker\/#breadcrumb\"},\"inLanguage\":\"en-US\",\"potentialAction\":[{\"@type\":\"ReadAction\",\"target\":[\"https:\/\/collectin.eu\/produktas\/pop-comic-covers-star-wars-66-luke-skywalker\/\"]}]},{\"@type\":\"ImageObject\",\"inLanguage\":\"en-US\",\"@id\":\"https:\/\/collectin.eu\/produktas\/pop-comic-covers-star-wars-66-luke-skywalker\/#primaryimage\",\"url\":\"https:\/\/collectin.eu\/wp-content\/uploads\/2025\/12\/Untitled-design-16-1.png\",\"contentUrl\":\"https:\/\/collectin.eu\/wp-content\/uploads\/2025\/12\/Untitled-design-16-1.png\",\"width\":1080,\"height\":1080},{\"@type\":\"BreadcrumbList\",\"@id\":\"https:\/\/collectin.eu\/produktas\/pop-comic-covers-star-wars-66-luke-skywalker\/#breadcrumb\",\"itemListElement\":[{\"@type\":\"ListItem\",\"position\":1,\"name\":\"Home\",\"item\":\"https:\/\/collectin.eu\/\"},{\"@type\":\"ListItem\",\"position\":2,\"name\":\"Parduotuv\u0117\",\"item\":\"https:\/\/collectin.eu\/parduotuve\/\"},{\"@type\":\"ListItem\",\"position\":3,\"name\":\"Pop! Comic Covers Star Wars #66 (Luke Skywalker)\"}]},{\"@type\":\"WebSite\",\"@id\":\"https:\/\/collectin.eu\/#website\",\"url\":\"https:\/\/collectin.eu\/\",\"name\":\"Collectin.eu\",\"description\":\"\",\"potentialAction\":[{\"@type\":\"SearchAction\",\"target\":{\"@type\":\"EntryPoint\",\"urlTemplate\":\"https:\/\/collectin.eu\/?s={search_term_string}\"},\"query-input\":{\"@type\":\"PropertyValueSpecification\",\"valueRequired\":true,\"valueName\":\"search_term_string\"}}],\"inLanguage\":\"en-US\"}]}<\/script>\n<!-- \/ Yoast SEO plugin. -->","yoast_head_json":{"title":"Pop! Comic Covers Star Wars #66 (Luke Skywalker) - Collectin.eu","description":"\u201ePop! Comic Covers Star Wars #66 (Luke Skywalker)\u201c \u2013 tai i\u0161skirtinis \u201eFunko Pop!\u201c kolekcinis leidimas, skirtas \u201eStar Wars\u201c sagos ir komiks\u0173 gerb\u0117jams.","robots":{"index":"index","follow":"follow","max-snippet":"max-snippet:-1","max-image-preview":"max-image-preview:large","max-video-preview":"max-video-preview:-1"},"canonical":"https:\/\/collectin.eu\/en\/product\/pop-comic-covers-star-wars-66-luke-skywalker\/","og_locale":"en_US","og_type":"article","og_title":"Pop! Comic Covers Star Wars #66 (Luke Skywalker) - Collectin.eu","og_description":"\u201ePop! Comic Covers Star Wars #66 (Luke Skywalker)\u201c \u2013 tai i\u0161skirtinis \u201eFunko Pop!\u201c kolekcinis leidimas, skirtas \u201eStar Wars\u201c sagos ir komiks\u0173 gerb\u0117jams.","og_url":"https:\/\/collectin.eu\/en\/product\/pop-comic-covers-star-wars-66-luke-skywalker\/","og_site_name":"Collectin.eu","article_modified_time":"2026-04-08T10:26:22+00:00","og_image":[{"width":1080,"height":1080,"url":"http:\/\/collectin.eu\/wp-content\/uploads\/2025\/12\/Untitled-design-16-1.png","type":"image\/png"}],"twitter_card":"summary_large_image","twitter_misc":{"Est. reading time":"1 minute"},"schema":{"@context":"https:\/\/schema.org","@graph":[{"@type":"WebPage","@id":"https:\/\/collectin.eu\/produktas\/pop-comic-covers-star-wars-66-luke-skywalker\/","url":"https:\/\/collectin.eu\/produktas\/pop-comic-covers-star-wars-66-luke-skywalker\/","name":"Pop! Comic Covers Star Wars #66 (Luke Skywalker) - Collectin.eu","isPartOf":{"@id":"https:\/\/collectin.eu\/#website"},"primaryImageOfPage":{"@id":"https:\/\/collectin.eu\/produktas\/pop-comic-covers-star-wars-66-luke-skywalker\/#primaryimage"},"image":{"@id":"https:\/\/collectin.eu\/produktas\/pop-comic-covers-star-wars-66-luke-skywalker\/#primaryimage"},"thumbnailUrl":"https:\/\/collectin.eu\/wp-content\/uploads\/2025\/12\/Untitled-design-16-1.png","datePublished":"2025-12-14T01:57:27+00:00","dateModified":"2026-04-08T10:26:22+00:00","description":"\u201ePop! Comic Covers Star Wars #66 (Luke Skywalker)\u201c \u2013 tai i\u0161skirtinis \u201eFunko Pop!\u201c kolekcinis leidimas, skirtas \u201eStar Wars\u201c sagos ir komiks\u0173 gerb\u0117jams.","breadcrumb":{"@id":"https:\/\/collectin.eu\/produktas\/pop-comic-covers-star-wars-66-luke-skywalker\/#breadcrumb"},"inLanguage":"en-US","potentialAction":[{"@type":"ReadAction","target":["https:\/\/collectin.eu\/produktas\/pop-comic-covers-star-wars-66-luke-skywalker\/"]}]},{"@type":"ImageObject","inLanguage":"en-US","@id":"https:\/\/collectin.eu\/produktas\/pop-comic-covers-star-wars-66-luke-skywalker\/#primaryimage","url":"https:\/\/collectin.eu\/wp-content\/uploads\/2025\/12\/Untitled-design-16-1.png","contentUrl":"https:\/\/collectin.eu\/wp-content\/uploads\/2025\/12\/Untitled-design-16-1.png","width":1080,"height":1080},{"@type":"BreadcrumbList","@id":"https:\/\/collectin.eu\/produktas\/pop-comic-covers-star-wars-66-luke-skywalker\/#breadcrumb","itemListElement":[{"@type":"ListItem","position":1,"name":"Home","item":"https:\/\/collectin.eu\/"},{"@type":"ListItem","position":2,"name":"Parduotuv\u0117","item":"https:\/\/collectin.eu\/parduotuve\/"},{"@type":"ListItem","position":3,"name":"Pop! Comic Covers Star Wars #66 (Luke Skywalker)"}]},{"@type":"WebSite","@id":"https:\/\/collectin.eu\/#website","url":"https:\/\/collectin.eu\/","name":"Collectin.eu","description":"","potentialAction":[{"@type":"SearchAction","target":{"@type":"EntryPoint","urlTemplate":"https:\/\/collectin.eu\/?s={search_term_string}"},"query-input":{"@type":"PropertyValueSpecification","valueRequired":true,"valueName":"search_term_string"}}],"inLanguage":"en-US"}]}},"jetpack_sharing_enabled":true,"_links":{"self":[{"href":"https:\/\/collectin.eu\/en\/wp-json\/wp\/v2\/product\/38420","targetHints":{"allow":["GET"]}}],"collection":[{"href":"https:\/\/collectin.eu\/en\/wp-json\/wp\/v2\/product"}],"about":[{"href":"https:\/\/collectin.eu\/en\/wp-json\/wp\/v2\/types\/product"}],"replies":[{"embeddable":true,"href":"https:\/\/collectin.eu\/en\/wp-json\/wp\/v2\/comments?post=38420"}],"version-history":[{"count":3,"href":"https:\/\/collectin.eu\/en\/wp-json\/wp\/v2\/product\/38420\/revisions"}],"predecessor-version":[{"id":40188,"href":"https:\/\/collectin.eu\/en\/wp-json\/wp\/v2\/product\/38420\/revisions\/40188"}],"wp:featuredmedia":[{"embeddable":true,"href":"https:\/\/collectin.eu\/en\/wp-json\/wp\/v2\/media\/38421"}],"wp:attachment":[{"href":"https:\/\/collectin.eu\/en\/wp-json\/wp\/v2\/media?parent=38420"}],"wp:term":[{"taxonomy":"product_brand","embeddable":true,"href":"https:\/\/collectin.eu\/en\/wp-json\/wp\/v2\/product_brand?post=38420"},{"taxonomy":"product_cat","embeddable":true,"href":"https:\/\/collectin.eu\/en\/wp-json\/wp\/v2\/product_cat?post=38420"},{"taxonomy":"product_tag","embeddable":true,"href":"https:\/\/collectin.eu\/en\/wp-json\/wp\/v2\/product_tag?post=38420"}],"curies":[{"name":"wp","href":"https:\/\/api.w.org\/{rel}","templated":true}]}}