{"id":38425,"date":"2025-12-14T02:00:37","date_gmt":"2025-12-14T02:00:37","guid":{"rendered":"https:\/\/collectin.eu\/?post_type=product&#038;p=38425"},"modified":"2026-04-08T10:26:22","modified_gmt":"2026-04-08T10:26:22","slug":"pop-comic-covers-reign-of-the-supermen-cyborg-superman","status":"publish","type":"product","link":"https:\/\/collectin.eu\/en\/product\/pop-comic-covers-reign-of-the-supermen-cyborg-superman\/","title":{"rendered":"Pop! Comic Covers Reign of the Supermen &#8211; Cyborg Superman"},"content":{"rendered":"<p>Rinkinyje pavaizduotas Cyborg Superman \u2013 viena tamsiausi\u0173 ir labiausiai \u012fsimintin\u0173 Supermeno alternatyvi\u0173 versij\u0173, pasi\u017eyminti pusiau \u017emogaus, pusiau mechanine i\u0161vaizda. Fig\u016br\u0117l\u0117 atkurta klasikiniu \u201eFunko Pop!\u201c stiliumi, ta\u010diau i\u0161laikant svarbiausias persona\u017eo detales: metalin\u0119 k\u016bno pus\u0119, mechanin\u0119 ak\u012f, ky\u0161an\u010dius laidus ir pa\u017eeist\u0105 Supermeno simbol\u012f ant kr\u016btin\u0117s, kuris pabr\u0117\u017eia \u0161io veik\u0117jo gr\u0117sming\u0105 ir dramati\u0161k\u0105 charakter\u012f. Fig\u016br\u0117l\u0117 \u012fstatyta \u012f tvirt\u0105, skaidr\u0173 plastikin\u012f d\u0117kl\u0105, kurio fone matomas originalus \u201eReign of the Supermen\u201c komikso vir\u0161elio atvaizdas. Toks pateikimas ne tik apsaugo gamin\u012f nuo dulki\u0173 ir pa\u017eeidim\u0173, bet ir leid\u017eia j\u012f patogiai demonstruoti nei\u0161imant i\u0161 pakuot\u0117s. Didesnis formatas i\u0161skiria \u0161\u012f leidim\u0105 i\u0161 standartini\u0173 \u201eFunko Pop!\u201c fig\u016br\u0117li\u0173 ir daro j\u012f itin tinkam\u0105 vitrinoms ar kolekcin\u0117ms lentynoms.<\/p>","protected":false},"excerpt":{"rendered":"<p>Rinkinyje pavaizduotas Cyborg Superman \u2013 viena tamsiausi\u0173 ir labiausiai \u012fsimintin\u0173 Supermeno alternatyvi\u0173 versij\u0173, pasi\u017eyminti pusiau \u017emogaus, pusiau mechanine i\u0161vaizda. Fig\u016br\u0117l\u0117<\/p>","protected":false},"featured_media":38426,"comment_status":"open","ping_status":"closed","template":"","meta":[],"product_brand":[426],"product_cat":[680,409,499],"product_tag":[],"class_list":{"0":"post-38425","1":"product","2":"type-product","3":"status-publish","4":"has-post-thumbnail","6":"product_brand-funko-pop","7":"product_cat-figureles","8":"product_cat-funko-pop","9":"product_cat-pop-comics-covers","11":"first","12":"instock","13":"taxable","14":"shipping-taxable","15":"purchasable","16":"product-type-simple"},"yoast_head":"<!-- This site is optimized with the Yoast SEO plugin v25.9 - https:\/\/yoast.com\/wordpress\/plugins\/seo\/ -->\n<title>Pop! Comic Covers Reign of the Supermen - Cyborg Superman - Collectin.eu<\/title>\n<meta name=\"robots\" content=\"index, follow, max-snippet:-1, max-image-preview:large, max-video-preview:-1\" \/>\n<link rel=\"canonical\" href=\"https:\/\/collectin.eu\/en\/product\/pop-comic-covers-reign-of-the-supermen-cyborg-superman\/\" \/>\n<meta property=\"og:locale\" content=\"en_US\" \/>\n<meta property=\"og:type\" content=\"article\" \/>\n<meta property=\"og:title\" content=\"Pop! Comic Covers Reign of the Supermen - Cyborg Superman - Collectin.eu\" \/>\n<meta property=\"og:description\" content=\"Rinkinyje pavaizduotas Cyborg Superman \u2013 viena tamsiausi\u0173 ir labiausiai \u012fsimintin\u0173 Supermeno alternatyvi\u0173 versij\u0173, pasi\u017eyminti pusiau \u017emogaus, pusiau mechanine i\u0161vaizda. Fig\u016br\u0117l\u0117\" \/>\n<meta property=\"og:url\" content=\"https:\/\/collectin.eu\/en\/product\/pop-comic-covers-reign-of-the-supermen-cyborg-superman\/\" \/>\n<meta property=\"og:site_name\" content=\"Collectin.eu\" \/>\n<meta property=\"article:modified_time\" content=\"2026-04-08T10:26:22+00:00\" \/>\n<meta property=\"og:image\" content=\"http:\/\/collectin.eu\/wp-content\/uploads\/2025\/12\/Untitled-design-18-1.png\" \/>\n\t<meta property=\"og:image:width\" content=\"1080\" \/>\n\t<meta property=\"og:image:height\" content=\"1080\" \/>\n\t<meta property=\"og:image:type\" content=\"image\/png\" \/>\n<meta name=\"twitter:card\" content=\"summary_large_image\" \/>\n<meta name=\"twitter:label1\" content=\"Est. reading time\" \/>\n\t<meta name=\"twitter:data1\" content=\"1 minute\" \/>\n<script type=\"application\/ld+json\" class=\"yoast-schema-graph\">{\"@context\":\"https:\/\/schema.org\",\"@graph\":[{\"@type\":\"WebPage\",\"@id\":\"https:\/\/collectin.eu\/produktas\/pop-comic-covers-reign-of-the-supermen-cyborg-superman\/\",\"url\":\"https:\/\/collectin.eu\/produktas\/pop-comic-covers-reign-of-the-supermen-cyborg-superman\/\",\"name\":\"Pop! Comic Covers Reign of the Supermen - Cyborg Superman - Collectin.eu\",\"isPartOf\":{\"@id\":\"https:\/\/collectin.eu\/#website\"},\"primaryImageOfPage\":{\"@id\":\"https:\/\/collectin.eu\/produktas\/pop-comic-covers-reign-of-the-supermen-cyborg-superman\/#primaryimage\"},\"image\":{\"@id\":\"https:\/\/collectin.eu\/produktas\/pop-comic-covers-reign-of-the-supermen-cyborg-superman\/#primaryimage\"},\"thumbnailUrl\":\"https:\/\/collectin.eu\/wp-content\/uploads\/2025\/12\/Untitled-design-18-1.png\",\"datePublished\":\"2025-12-14T02:00:37+00:00\",\"dateModified\":\"2026-04-08T10:26:22+00:00\",\"breadcrumb\":{\"@id\":\"https:\/\/collectin.eu\/produktas\/pop-comic-covers-reign-of-the-supermen-cyborg-superman\/#breadcrumb\"},\"inLanguage\":\"en-US\",\"potentialAction\":[{\"@type\":\"ReadAction\",\"target\":[\"https:\/\/collectin.eu\/produktas\/pop-comic-covers-reign-of-the-supermen-cyborg-superman\/\"]}]},{\"@type\":\"ImageObject\",\"inLanguage\":\"en-US\",\"@id\":\"https:\/\/collectin.eu\/produktas\/pop-comic-covers-reign-of-the-supermen-cyborg-superman\/#primaryimage\",\"url\":\"https:\/\/collectin.eu\/wp-content\/uploads\/2025\/12\/Untitled-design-18-1.png\",\"contentUrl\":\"https:\/\/collectin.eu\/wp-content\/uploads\/2025\/12\/Untitled-design-18-1.png\",\"width\":1080,\"height\":1080},{\"@type\":\"BreadcrumbList\",\"@id\":\"https:\/\/collectin.eu\/produktas\/pop-comic-covers-reign-of-the-supermen-cyborg-superman\/#breadcrumb\",\"itemListElement\":[{\"@type\":\"ListItem\",\"position\":1,\"name\":\"Home\",\"item\":\"https:\/\/collectin.eu\/\"},{\"@type\":\"ListItem\",\"position\":2,\"name\":\"Parduotuv\u0117\",\"item\":\"https:\/\/collectin.eu\/parduotuve\/\"},{\"@type\":\"ListItem\",\"position\":3,\"name\":\"Pop! Comic Covers Reign of the Supermen &#8211; Cyborg Superman\"}]},{\"@type\":\"WebSite\",\"@id\":\"https:\/\/collectin.eu\/#website\",\"url\":\"https:\/\/collectin.eu\/\",\"name\":\"Collectin.eu\",\"description\":\"\",\"potentialAction\":[{\"@type\":\"SearchAction\",\"target\":{\"@type\":\"EntryPoint\",\"urlTemplate\":\"https:\/\/collectin.eu\/?s={search_term_string}\"},\"query-input\":{\"@type\":\"PropertyValueSpecification\",\"valueRequired\":true,\"valueName\":\"search_term_string\"}}],\"inLanguage\":\"en-US\"}]}<\/script>\n<!-- \/ Yoast SEO plugin. -->","yoast_head_json":{"title":"Pop! Comic Covers Reign of the Supermen - Cyborg Superman - Collectin.eu","robots":{"index":"index","follow":"follow","max-snippet":"max-snippet:-1","max-image-preview":"max-image-preview:large","max-video-preview":"max-video-preview:-1"},"canonical":"https:\/\/collectin.eu\/en\/product\/pop-comic-covers-reign-of-the-supermen-cyborg-superman\/","og_locale":"en_US","og_type":"article","og_title":"Pop! Comic Covers Reign of the Supermen - Cyborg Superman - Collectin.eu","og_description":"Rinkinyje pavaizduotas Cyborg Superman \u2013 viena tamsiausi\u0173 ir labiausiai \u012fsimintin\u0173 Supermeno alternatyvi\u0173 versij\u0173, pasi\u017eyminti pusiau \u017emogaus, pusiau mechanine i\u0161vaizda. Fig\u016br\u0117l\u0117","og_url":"https:\/\/collectin.eu\/en\/product\/pop-comic-covers-reign-of-the-supermen-cyborg-superman\/","og_site_name":"Collectin.eu","article_modified_time":"2026-04-08T10:26:22+00:00","og_image":[{"width":1080,"height":1080,"url":"http:\/\/collectin.eu\/wp-content\/uploads\/2025\/12\/Untitled-design-18-1.png","type":"image\/png"}],"twitter_card":"summary_large_image","twitter_misc":{"Est. reading time":"1 minute"},"schema":{"@context":"https:\/\/schema.org","@graph":[{"@type":"WebPage","@id":"https:\/\/collectin.eu\/produktas\/pop-comic-covers-reign-of-the-supermen-cyborg-superman\/","url":"https:\/\/collectin.eu\/produktas\/pop-comic-covers-reign-of-the-supermen-cyborg-superman\/","name":"Pop! Comic Covers Reign of the Supermen - Cyborg Superman - Collectin.eu","isPartOf":{"@id":"https:\/\/collectin.eu\/#website"},"primaryImageOfPage":{"@id":"https:\/\/collectin.eu\/produktas\/pop-comic-covers-reign-of-the-supermen-cyborg-superman\/#primaryimage"},"image":{"@id":"https:\/\/collectin.eu\/produktas\/pop-comic-covers-reign-of-the-supermen-cyborg-superman\/#primaryimage"},"thumbnailUrl":"https:\/\/collectin.eu\/wp-content\/uploads\/2025\/12\/Untitled-design-18-1.png","datePublished":"2025-12-14T02:00:37+00:00","dateModified":"2026-04-08T10:26:22+00:00","breadcrumb":{"@id":"https:\/\/collectin.eu\/produktas\/pop-comic-covers-reign-of-the-supermen-cyborg-superman\/#breadcrumb"},"inLanguage":"en-US","potentialAction":[{"@type":"ReadAction","target":["https:\/\/collectin.eu\/produktas\/pop-comic-covers-reign-of-the-supermen-cyborg-superman\/"]}]},{"@type":"ImageObject","inLanguage":"en-US","@id":"https:\/\/collectin.eu\/produktas\/pop-comic-covers-reign-of-the-supermen-cyborg-superman\/#primaryimage","url":"https:\/\/collectin.eu\/wp-content\/uploads\/2025\/12\/Untitled-design-18-1.png","contentUrl":"https:\/\/collectin.eu\/wp-content\/uploads\/2025\/12\/Untitled-design-18-1.png","width":1080,"height":1080},{"@type":"BreadcrumbList","@id":"https:\/\/collectin.eu\/produktas\/pop-comic-covers-reign-of-the-supermen-cyborg-superman\/#breadcrumb","itemListElement":[{"@type":"ListItem","position":1,"name":"Home","item":"https:\/\/collectin.eu\/"},{"@type":"ListItem","position":2,"name":"Parduotuv\u0117","item":"https:\/\/collectin.eu\/parduotuve\/"},{"@type":"ListItem","position":3,"name":"Pop! Comic Covers Reign of the Supermen &#8211; Cyborg Superman"}]},{"@type":"WebSite","@id":"https:\/\/collectin.eu\/#website","url":"https:\/\/collectin.eu\/","name":"Collectin.eu","description":"","potentialAction":[{"@type":"SearchAction","target":{"@type":"EntryPoint","urlTemplate":"https:\/\/collectin.eu\/?s={search_term_string}"},"query-input":{"@type":"PropertyValueSpecification","valueRequired":true,"valueName":"search_term_string"}}],"inLanguage":"en-US"}]}},"jetpack_sharing_enabled":true,"_links":{"self":[{"href":"https:\/\/collectin.eu\/en\/wp-json\/wp\/v2\/product\/38425","targetHints":{"allow":["GET"]}}],"collection":[{"href":"https:\/\/collectin.eu\/en\/wp-json\/wp\/v2\/product"}],"about":[{"href":"https:\/\/collectin.eu\/en\/wp-json\/wp\/v2\/types\/product"}],"replies":[{"embeddable":true,"href":"https:\/\/collectin.eu\/en\/wp-json\/wp\/v2\/comments?post=38425"}],"version-history":[{"count":3,"href":"https:\/\/collectin.eu\/en\/wp-json\/wp\/v2\/product\/38425\/revisions"}],"predecessor-version":[{"id":40189,"href":"https:\/\/collectin.eu\/en\/wp-json\/wp\/v2\/product\/38425\/revisions\/40189"}],"wp:featuredmedia":[{"embeddable":true,"href":"https:\/\/collectin.eu\/en\/wp-json\/wp\/v2\/media\/38426"}],"wp:attachment":[{"href":"https:\/\/collectin.eu\/en\/wp-json\/wp\/v2\/media?parent=38425"}],"wp:term":[{"taxonomy":"product_brand","embeddable":true,"href":"https:\/\/collectin.eu\/en\/wp-json\/wp\/v2\/product_brand?post=38425"},{"taxonomy":"product_cat","embeddable":true,"href":"https:\/\/collectin.eu\/en\/wp-json\/wp\/v2\/product_cat?post=38425"},{"taxonomy":"product_tag","embeddable":true,"href":"https:\/\/collectin.eu\/en\/wp-json\/wp\/v2\/product_tag?post=38425"}],"curies":[{"name":"wp","href":"https:\/\/api.w.org\/{rel}","templated":true}]}}