{"id":38435,"date":"2025-12-14T02:25:11","date_gmt":"2025-12-14T02:25:11","guid":{"rendered":"https:\/\/collectin.eu\/?post_type=product&#038;p=38435"},"modified":"2026-04-08T10:29:04","modified_gmt":"2026-04-08T10:29:04","slug":"white-flare-booster-bundle","status":"publish","type":"product","link":"https:\/\/collectin.eu\/en\/product\/white-flare-booster-bundle\/","title":{"rendered":"White Flare Booster Bundle"},"content":{"rendered":"<p>The White Flare series is part of the Scarlet &amp; Violet era and focuses on Pok\u00e9mon from the Unova region, featuring iconic and legendary characters such as Reshiram ex and Keldeo ex, as well as evolutions from starter partners like Tepig \u2192 Emboar and Oshawott \u2192 Samurott. This allows players to not only expand their collection but also experiment with new gameplay strategies, build powerful decks, and prepare for competitive tournaments.\n\nFurthermore, the set is ideal for both beginners looking to start their collection and seasoned collectors seeking rare or specially designed cards. The randomized nature of each pack adds a layer of excitement to every opening, while the unique illustrations provide significant aesthetic value to any collection.<\/p>","protected":false},"excerpt":{"rendered":"<p>White Flare serija yra dalis Scarlet &amp; Violet kort\u0173 erdv\u0117s ir orientuota \u012f Unova regiono Pok\u00e9mon, \u012fskaitant ikoninius ir legendinius<\/p>","protected":false},"featured_media":38437,"comment_status":"open","ping_status":"closed","template":"","meta":[],"product_brand":[430],"product_cat":[679,407,501],"product_tag":[],"class_list":{"0":"post-38435","1":"product","2":"type-product","3":"status-publish","4":"has-post-thumbnail","6":"product_brand-pokemon","7":"product_cat-kolekcines-korteles","8":"product_cat-pokemon","9":"product_cat-pokemon-booster-packs","11":"first","12":"instock","13":"taxable","14":"shipping-taxable","15":"purchasable","16":"product-type-simple"},"yoast_head":"<!-- This site is optimized with the Yoast SEO plugin v25.9 - https:\/\/yoast.com\/wordpress\/plugins\/seo\/ -->\n<title>White Flare Booster Bundle - Collectin.eu<\/title>\n<meta name=\"description\" content=\"Pok\u00e9mon TCG: White Flare Booster Bundle yra oficialus Pok\u00e9mon Trading Card Game produktas i\u0161 Scarlet &amp; Violet \u2013 White Flare pl\u0117tros.\" \/>\n<meta name=\"robots\" content=\"index, follow, max-snippet:-1, max-image-preview:large, max-video-preview:-1\" \/>\n<link rel=\"canonical\" href=\"https:\/\/collectin.eu\/en\/product\/white-flare-booster-bundle\/\" \/>\n<meta property=\"og:locale\" content=\"en_US\" \/>\n<meta property=\"og:type\" content=\"article\" \/>\n<meta property=\"og:title\" content=\"White Flare Booster Bundle - Collectin.eu\" \/>\n<meta property=\"og:description\" content=\"Pok\u00e9mon TCG: White Flare Booster Bundle yra oficialus Pok\u00e9mon Trading Card Game produktas i\u0161 Scarlet &amp; Violet \u2013 White Flare pl\u0117tros.\" \/>\n<meta property=\"og:url\" content=\"https:\/\/collectin.eu\/en\/product\/white-flare-booster-bundle\/\" \/>\n<meta property=\"og:site_name\" content=\"Collectin.eu\" \/>\n<meta property=\"article:modified_time\" content=\"2026-04-08T10:29:04+00:00\" \/>\n<meta property=\"og:image\" content=\"http:\/\/collectin.eu\/wp-content\/uploads\/2025\/12\/Untitled-design-21-1.png\" \/>\n\t<meta property=\"og:image:width\" content=\"1080\" \/>\n\t<meta property=\"og:image:height\" content=\"1080\" \/>\n\t<meta property=\"og:image:type\" content=\"image\/png\" \/>\n<meta name=\"twitter:card\" content=\"summary_large_image\" \/>\n<meta name=\"twitter:label1\" content=\"Est. reading time\" \/>\n\t<meta name=\"twitter:data1\" content=\"1 minute\" \/>\n<script type=\"application\/ld+json\" class=\"yoast-schema-graph\">{\"@context\":\"https:\/\/schema.org\",\"@graph\":[{\"@type\":\"WebPage\",\"@id\":\"https:\/\/collectin.eu\/produktas\/white-flare-booster-bundle\/\",\"url\":\"https:\/\/collectin.eu\/produktas\/white-flare-booster-bundle\/\",\"name\":\"White Flare Booster Bundle - Collectin.eu\",\"isPartOf\":{\"@id\":\"https:\/\/collectin.eu\/#website\"},\"primaryImageOfPage\":{\"@id\":\"https:\/\/collectin.eu\/produktas\/white-flare-booster-bundle\/#primaryimage\"},\"image\":{\"@id\":\"https:\/\/collectin.eu\/produktas\/white-flare-booster-bundle\/#primaryimage\"},\"thumbnailUrl\":\"https:\/\/collectin.eu\/wp-content\/uploads\/2025\/12\/Untitled-design-21-1.png\",\"datePublished\":\"2025-12-14T02:25:11+00:00\",\"dateModified\":\"2026-04-08T10:29:04+00:00\",\"description\":\"Pok\u00e9mon TCG: White Flare Booster Bundle yra oficialus Pok\u00e9mon Trading Card Game produktas i\u0161 Scarlet & Violet \u2013 White Flare pl\u0117tros.\",\"breadcrumb\":{\"@id\":\"https:\/\/collectin.eu\/produktas\/white-flare-booster-bundle\/#breadcrumb\"},\"inLanguage\":\"en-US\",\"potentialAction\":[{\"@type\":\"ReadAction\",\"target\":[\"https:\/\/collectin.eu\/produktas\/white-flare-booster-bundle\/\"]}]},{\"@type\":\"ImageObject\",\"inLanguage\":\"en-US\",\"@id\":\"https:\/\/collectin.eu\/produktas\/white-flare-booster-bundle\/#primaryimage\",\"url\":\"https:\/\/collectin.eu\/wp-content\/uploads\/2025\/12\/Untitled-design-21-1.png\",\"contentUrl\":\"https:\/\/collectin.eu\/wp-content\/uploads\/2025\/12\/Untitled-design-21-1.png\",\"width\":1080,\"height\":1080},{\"@type\":\"BreadcrumbList\",\"@id\":\"https:\/\/collectin.eu\/produktas\/white-flare-booster-bundle\/#breadcrumb\",\"itemListElement\":[{\"@type\":\"ListItem\",\"position\":1,\"name\":\"Home\",\"item\":\"https:\/\/collectin.eu\/\"},{\"@type\":\"ListItem\",\"position\":2,\"name\":\"Parduotuv\u0117\",\"item\":\"https:\/\/collectin.eu\/parduotuve\/\"},{\"@type\":\"ListItem\",\"position\":3,\"name\":\"White Flare Booster Bundle\"}]},{\"@type\":\"WebSite\",\"@id\":\"https:\/\/collectin.eu\/#website\",\"url\":\"https:\/\/collectin.eu\/\",\"name\":\"Collectin.eu\",\"description\":\"\",\"potentialAction\":[{\"@type\":\"SearchAction\",\"target\":{\"@type\":\"EntryPoint\",\"urlTemplate\":\"https:\/\/collectin.eu\/?s={search_term_string}\"},\"query-input\":{\"@type\":\"PropertyValueSpecification\",\"valueRequired\":true,\"valueName\":\"search_term_string\"}}],\"inLanguage\":\"en-US\"}]}<\/script>\n<!-- \/ Yoast SEO plugin. -->","yoast_head_json":{"title":"White Flare Booster Bundle - Collectin.eu","description":"Pok\u00e9mon TCG: White Flare Booster Bundle yra oficialus Pok\u00e9mon Trading Card Game produktas i\u0161 Scarlet & Violet \u2013 White Flare pl\u0117tros.","robots":{"index":"index","follow":"follow","max-snippet":"max-snippet:-1","max-image-preview":"max-image-preview:large","max-video-preview":"max-video-preview:-1"},"canonical":"https:\/\/collectin.eu\/en\/product\/white-flare-booster-bundle\/","og_locale":"en_US","og_type":"article","og_title":"White Flare Booster Bundle - Collectin.eu","og_description":"Pok\u00e9mon TCG: White Flare Booster Bundle yra oficialus Pok\u00e9mon Trading Card Game produktas i\u0161 Scarlet & Violet \u2013 White Flare pl\u0117tros.","og_url":"https:\/\/collectin.eu\/en\/product\/white-flare-booster-bundle\/","og_site_name":"Collectin.eu","article_modified_time":"2026-04-08T10:29:04+00:00","og_image":[{"width":1080,"height":1080,"url":"http:\/\/collectin.eu\/wp-content\/uploads\/2025\/12\/Untitled-design-21-1.png","type":"image\/png"}],"twitter_card":"summary_large_image","twitter_misc":{"Est. reading time":"1 minute"},"schema":{"@context":"https:\/\/schema.org","@graph":[{"@type":"WebPage","@id":"https:\/\/collectin.eu\/produktas\/white-flare-booster-bundle\/","url":"https:\/\/collectin.eu\/produktas\/white-flare-booster-bundle\/","name":"White Flare Booster Bundle - Collectin.eu","isPartOf":{"@id":"https:\/\/collectin.eu\/#website"},"primaryImageOfPage":{"@id":"https:\/\/collectin.eu\/produktas\/white-flare-booster-bundle\/#primaryimage"},"image":{"@id":"https:\/\/collectin.eu\/produktas\/white-flare-booster-bundle\/#primaryimage"},"thumbnailUrl":"https:\/\/collectin.eu\/wp-content\/uploads\/2025\/12\/Untitled-design-21-1.png","datePublished":"2025-12-14T02:25:11+00:00","dateModified":"2026-04-08T10:29:04+00:00","description":"Pok\u00e9mon TCG: White Flare Booster Bundle yra oficialus Pok\u00e9mon Trading Card Game produktas i\u0161 Scarlet & Violet \u2013 White Flare pl\u0117tros.","breadcrumb":{"@id":"https:\/\/collectin.eu\/produktas\/white-flare-booster-bundle\/#breadcrumb"},"inLanguage":"en-US","potentialAction":[{"@type":"ReadAction","target":["https:\/\/collectin.eu\/produktas\/white-flare-booster-bundle\/"]}]},{"@type":"ImageObject","inLanguage":"en-US","@id":"https:\/\/collectin.eu\/produktas\/white-flare-booster-bundle\/#primaryimage","url":"https:\/\/collectin.eu\/wp-content\/uploads\/2025\/12\/Untitled-design-21-1.png","contentUrl":"https:\/\/collectin.eu\/wp-content\/uploads\/2025\/12\/Untitled-design-21-1.png","width":1080,"height":1080},{"@type":"BreadcrumbList","@id":"https:\/\/collectin.eu\/produktas\/white-flare-booster-bundle\/#breadcrumb","itemListElement":[{"@type":"ListItem","position":1,"name":"Home","item":"https:\/\/collectin.eu\/"},{"@type":"ListItem","position":2,"name":"Parduotuv\u0117","item":"https:\/\/collectin.eu\/parduotuve\/"},{"@type":"ListItem","position":3,"name":"White Flare Booster Bundle"}]},{"@type":"WebSite","@id":"https:\/\/collectin.eu\/#website","url":"https:\/\/collectin.eu\/","name":"Collectin.eu","description":"","potentialAction":[{"@type":"SearchAction","target":{"@type":"EntryPoint","urlTemplate":"https:\/\/collectin.eu\/?s={search_term_string}"},"query-input":{"@type":"PropertyValueSpecification","valueRequired":true,"valueName":"search_term_string"}}],"inLanguage":"en-US"}]}},"jetpack_sharing_enabled":true,"_links":{"self":[{"href":"https:\/\/collectin.eu\/en\/wp-json\/wp\/v2\/product\/38435","targetHints":{"allow":["GET"]}}],"collection":[{"href":"https:\/\/collectin.eu\/en\/wp-json\/wp\/v2\/product"}],"about":[{"href":"https:\/\/collectin.eu\/en\/wp-json\/wp\/v2\/types\/product"}],"replies":[{"embeddable":true,"href":"https:\/\/collectin.eu\/en\/wp-json\/wp\/v2\/comments?post=38435"}],"version-history":[{"count":2,"href":"https:\/\/collectin.eu\/en\/wp-json\/wp\/v2\/product\/38435\/revisions"}],"predecessor-version":[{"id":40251,"href":"https:\/\/collectin.eu\/en\/wp-json\/wp\/v2\/product\/38435\/revisions\/40251"}],"wp:featuredmedia":[{"embeddable":true,"href":"https:\/\/collectin.eu\/en\/wp-json\/wp\/v2\/media\/38437"}],"wp:attachment":[{"href":"https:\/\/collectin.eu\/en\/wp-json\/wp\/v2\/media?parent=38435"}],"wp:term":[{"taxonomy":"product_brand","embeddable":true,"href":"https:\/\/collectin.eu\/en\/wp-json\/wp\/v2\/product_brand?post=38435"},{"taxonomy":"product_cat","embeddable":true,"href":"https:\/\/collectin.eu\/en\/wp-json\/wp\/v2\/product_cat?post=38435"},{"taxonomy":"product_tag","embeddable":true,"href":"https:\/\/collectin.eu\/en\/wp-json\/wp\/v2\/product_tag?post=38435"}],"curies":[{"name":"wp","href":"https:\/\/api.w.org\/{rel}","templated":true}]}}