{"id":38446,"date":"2025-12-15T08:30:01","date_gmt":"2025-12-15T08:30:01","guid":{"rendered":"https:\/\/collectin.eu\/?post_type=product&#038;p=38446"},"modified":"2026-04-08T10:28:47","modified_gmt":"2026-04-08T10:28:47","slug":"surging-sparks-booster","status":"publish","type":"product","link":"https:\/\/collectin.eu\/en\/product\/surging-sparks-booster\/","title":{"rendered":"Surging Sparks Booster"},"content":{"rendered":"<p>\u201eSurging Sparks\u201c Booster \u2013 tai \u201ePok\u00e9mon Trading Card Game: Scarlet &amp; Violet\u201c eros papildymo pakuot\u0117, orientuota \u012f greit\u0105 \u017eaidimo temp\u0105, energijos valdym\u0105 ir stiprius puolamuosius derinius. \u0160is leidimas i\u0161ple\u010dia \u017eaidimo galimybes naujais \u201ePok\u00e9mon\u201c, treneri\u0173 ir energijos kort\u0173 sprendimais, leid\u017eian\u010diais kurti dinami\u0161kas, modernias kalades, pritaikytas tiek turnyriniam \u017eaidimui, tiek laisvalaikio dvikovoms. Kiekviename \u201eSurging Sparks\u201c booster pakelyje yra atsitiktinis kort\u0173 rinkinys, kuriame paprastai rasite \u012fprastas, ne\u012fprastas ir retas kortas, taip pat galimyb\u0119 i\u0161traukti itin vertingas \u201ePok\u00e9mon ex\u201c, \u201eIllustration Rare\u201c, \u201eSpecial Illustration Rare\u201c ar \u201eHyper Rare\u201c kortas. Tai suteikia ne tik strategin\u0119, bet ir kolekcin\u0119 vert\u0119 \u2013 kiekvieno pakelio atidarymas gali tapti netik\u0117ta s\u0117kme. Vizualiai \u201eSurging Sparks\u201c i\u0161siskiria ry\u0161kiomis spalvomis, energijos efekt\u0173 kupinomis iliustracijomis ir moderniu dizainu, pabr\u0117\u017eian\u010diu elektros, grei\u010dio ir galios temas. D\u0117l to kortos atrodo \u012fsp\u016bdingai tiek \u017eaid\u017eiant, tiek laikant kolekcijoje ar eksponuojant aplankuose.<\/p>","protected":false},"excerpt":{"rendered":"<p>\u201eSurging Sparks\u201c Booster \u2013 tai \u201ePok\u00e9mon Trading Card Game: Scarlet &amp; Violet\u201c eros papildymo pakuot\u0117, orientuota \u012f greit\u0105 \u017eaidimo temp\u0105,<\/p>","protected":false},"featured_media":38447,"comment_status":"open","ping_status":"closed","template":"","meta":[],"product_brand":[430],"product_cat":[679,407,500],"product_tag":[],"class_list":{"0":"post-38446","1":"product","2":"type-product","3":"status-publish","4":"has-post-thumbnail","6":"product_brand-pokemon","7":"product_cat-kolekcines-korteles","8":"product_cat-pokemon","9":"product_cat-pokemon-boosters","11":"first","12":"instock","13":"taxable","14":"shipping-taxable","15":"purchasable","16":"product-type-simple"},"yoast_head":"<!-- This site is optimized with the Yoast SEO plugin v25.9 - https:\/\/yoast.com\/wordpress\/plugins\/seo\/ -->\n<title>Surging Sparks Booster - Collectin.eu<\/title>\n<meta name=\"description\" content=\"\u201eSurging Sparks\u201c Booster \u2013 tai \u201ePok\u00e9mon Trading Card Game: Scarlet &amp; Violet\u201c eros papildymo pakuot\u0117, orientuota \u012f greit\u0105 \u017eaidimo temp\u0105, energijos valdym\u0105 ir stiprius puolamuosius derinius.\" \/>\n<meta name=\"robots\" content=\"index, follow, max-snippet:-1, max-image-preview:large, max-video-preview:-1\" \/>\n<link rel=\"canonical\" href=\"https:\/\/collectin.eu\/en\/product\/surging-sparks-booster\/\" \/>\n<meta property=\"og:locale\" content=\"en_US\" \/>\n<meta property=\"og:type\" content=\"article\" \/>\n<meta property=\"og:title\" content=\"Surging Sparks Booster - Collectin.eu\" \/>\n<meta property=\"og:description\" content=\"\u201eSurging Sparks\u201c Booster \u2013 tai \u201ePok\u00e9mon Trading Card Game: Scarlet &amp; Violet\u201c eros papildymo pakuot\u0117, orientuota \u012f greit\u0105 \u017eaidimo temp\u0105, energijos valdym\u0105 ir stiprius puolamuosius derinius.\" \/>\n<meta property=\"og:url\" content=\"https:\/\/collectin.eu\/en\/product\/surging-sparks-booster\/\" \/>\n<meta property=\"og:site_name\" content=\"Collectin.eu\" \/>\n<meta property=\"article:modified_time\" content=\"2026-04-08T10:28:47+00:00\" \/>\n<meta property=\"og:image\" content=\"http:\/\/collectin.eu\/wp-content\/uploads\/2025\/12\/Untitled-design-50.png\" \/>\n\t<meta property=\"og:image:width\" content=\"1080\" \/>\n\t<meta property=\"og:image:height\" content=\"1080\" \/>\n\t<meta property=\"og:image:type\" content=\"image\/png\" \/>\n<meta name=\"twitter:card\" content=\"summary_large_image\" \/>\n<meta name=\"twitter:label1\" content=\"Est. reading time\" \/>\n\t<meta name=\"twitter:data1\" content=\"1 minute\" \/>\n<script type=\"application\/ld+json\" class=\"yoast-schema-graph\">{\"@context\":\"https:\/\/schema.org\",\"@graph\":[{\"@type\":\"WebPage\",\"@id\":\"https:\/\/collectin.eu\/produktas\/surging-sparks-booster\/\",\"url\":\"https:\/\/collectin.eu\/produktas\/surging-sparks-booster\/\",\"name\":\"Surging Sparks Booster - Collectin.eu\",\"isPartOf\":{\"@id\":\"https:\/\/collectin.eu\/#website\"},\"primaryImageOfPage\":{\"@id\":\"https:\/\/collectin.eu\/produktas\/surging-sparks-booster\/#primaryimage\"},\"image\":{\"@id\":\"https:\/\/collectin.eu\/produktas\/surging-sparks-booster\/#primaryimage\"},\"thumbnailUrl\":\"https:\/\/collectin.eu\/wp-content\/uploads\/2025\/12\/Untitled-design-50.png\",\"datePublished\":\"2025-12-15T08:30:01+00:00\",\"dateModified\":\"2026-04-08T10:28:47+00:00\",\"description\":\"\u201eSurging Sparks\u201c Booster \u2013 tai \u201ePok\u00e9mon Trading Card Game: Scarlet & Violet\u201c eros papildymo pakuot\u0117, orientuota \u012f greit\u0105 \u017eaidimo temp\u0105, energijos valdym\u0105 ir stiprius puolamuosius derinius.\",\"breadcrumb\":{\"@id\":\"https:\/\/collectin.eu\/produktas\/surging-sparks-booster\/#breadcrumb\"},\"inLanguage\":\"en-US\",\"potentialAction\":[{\"@type\":\"ReadAction\",\"target\":[\"https:\/\/collectin.eu\/produktas\/surging-sparks-booster\/\"]}]},{\"@type\":\"ImageObject\",\"inLanguage\":\"en-US\",\"@id\":\"https:\/\/collectin.eu\/produktas\/surging-sparks-booster\/#primaryimage\",\"url\":\"https:\/\/collectin.eu\/wp-content\/uploads\/2025\/12\/Untitled-design-50.png\",\"contentUrl\":\"https:\/\/collectin.eu\/wp-content\/uploads\/2025\/12\/Untitled-design-50.png\",\"width\":1080,\"height\":1080},{\"@type\":\"BreadcrumbList\",\"@id\":\"https:\/\/collectin.eu\/produktas\/surging-sparks-booster\/#breadcrumb\",\"itemListElement\":[{\"@type\":\"ListItem\",\"position\":1,\"name\":\"Home\",\"item\":\"https:\/\/collectin.eu\/\"},{\"@type\":\"ListItem\",\"position\":2,\"name\":\"Parduotuv\u0117\",\"item\":\"https:\/\/collectin.eu\/parduotuve\/\"},{\"@type\":\"ListItem\",\"position\":3,\"name\":\"Surging Sparks Booster\"}]},{\"@type\":\"WebSite\",\"@id\":\"https:\/\/collectin.eu\/#website\",\"url\":\"https:\/\/collectin.eu\/\",\"name\":\"Collectin.eu\",\"description\":\"\",\"potentialAction\":[{\"@type\":\"SearchAction\",\"target\":{\"@type\":\"EntryPoint\",\"urlTemplate\":\"https:\/\/collectin.eu\/?s={search_term_string}\"},\"query-input\":{\"@type\":\"PropertyValueSpecification\",\"valueRequired\":true,\"valueName\":\"search_term_string\"}}],\"inLanguage\":\"en-US\"}]}<\/script>\n<!-- \/ Yoast SEO plugin. -->","yoast_head_json":{"title":"Surging Sparks Booster - Collectin.eu","description":"\u201eSurging Sparks\u201c Booster \u2013 tai \u201ePok\u00e9mon Trading Card Game: Scarlet & Violet\u201c eros papildymo pakuot\u0117, orientuota \u012f greit\u0105 \u017eaidimo temp\u0105, energijos valdym\u0105 ir stiprius puolamuosius derinius.","robots":{"index":"index","follow":"follow","max-snippet":"max-snippet:-1","max-image-preview":"max-image-preview:large","max-video-preview":"max-video-preview:-1"},"canonical":"https:\/\/collectin.eu\/en\/product\/surging-sparks-booster\/","og_locale":"en_US","og_type":"article","og_title":"Surging Sparks Booster - Collectin.eu","og_description":"\u201eSurging Sparks\u201c Booster \u2013 tai \u201ePok\u00e9mon Trading Card Game: Scarlet & Violet\u201c eros papildymo pakuot\u0117, orientuota \u012f greit\u0105 \u017eaidimo temp\u0105, energijos valdym\u0105 ir stiprius puolamuosius derinius.","og_url":"https:\/\/collectin.eu\/en\/product\/surging-sparks-booster\/","og_site_name":"Collectin.eu","article_modified_time":"2026-04-08T10:28:47+00:00","og_image":[{"width":1080,"height":1080,"url":"http:\/\/collectin.eu\/wp-content\/uploads\/2025\/12\/Untitled-design-50.png","type":"image\/png"}],"twitter_card":"summary_large_image","twitter_misc":{"Est. reading time":"1 minute"},"schema":{"@context":"https:\/\/schema.org","@graph":[{"@type":"WebPage","@id":"https:\/\/collectin.eu\/produktas\/surging-sparks-booster\/","url":"https:\/\/collectin.eu\/produktas\/surging-sparks-booster\/","name":"Surging Sparks Booster - Collectin.eu","isPartOf":{"@id":"https:\/\/collectin.eu\/#website"},"primaryImageOfPage":{"@id":"https:\/\/collectin.eu\/produktas\/surging-sparks-booster\/#primaryimage"},"image":{"@id":"https:\/\/collectin.eu\/produktas\/surging-sparks-booster\/#primaryimage"},"thumbnailUrl":"https:\/\/collectin.eu\/wp-content\/uploads\/2025\/12\/Untitled-design-50.png","datePublished":"2025-12-15T08:30:01+00:00","dateModified":"2026-04-08T10:28:47+00:00","description":"\u201eSurging Sparks\u201c Booster \u2013 tai \u201ePok\u00e9mon Trading Card Game: Scarlet & Violet\u201c eros papildymo pakuot\u0117, orientuota \u012f greit\u0105 \u017eaidimo temp\u0105, energijos valdym\u0105 ir stiprius puolamuosius derinius.","breadcrumb":{"@id":"https:\/\/collectin.eu\/produktas\/surging-sparks-booster\/#breadcrumb"},"inLanguage":"en-US","potentialAction":[{"@type":"ReadAction","target":["https:\/\/collectin.eu\/produktas\/surging-sparks-booster\/"]}]},{"@type":"ImageObject","inLanguage":"en-US","@id":"https:\/\/collectin.eu\/produktas\/surging-sparks-booster\/#primaryimage","url":"https:\/\/collectin.eu\/wp-content\/uploads\/2025\/12\/Untitled-design-50.png","contentUrl":"https:\/\/collectin.eu\/wp-content\/uploads\/2025\/12\/Untitled-design-50.png","width":1080,"height":1080},{"@type":"BreadcrumbList","@id":"https:\/\/collectin.eu\/produktas\/surging-sparks-booster\/#breadcrumb","itemListElement":[{"@type":"ListItem","position":1,"name":"Home","item":"https:\/\/collectin.eu\/"},{"@type":"ListItem","position":2,"name":"Parduotuv\u0117","item":"https:\/\/collectin.eu\/parduotuve\/"},{"@type":"ListItem","position":3,"name":"Surging Sparks Booster"}]},{"@type":"WebSite","@id":"https:\/\/collectin.eu\/#website","url":"https:\/\/collectin.eu\/","name":"Collectin.eu","description":"","potentialAction":[{"@type":"SearchAction","target":{"@type":"EntryPoint","urlTemplate":"https:\/\/collectin.eu\/?s={search_term_string}"},"query-input":{"@type":"PropertyValueSpecification","valueRequired":true,"valueName":"search_term_string"}}],"inLanguage":"en-US"}]}},"jetpack_sharing_enabled":true,"_links":{"self":[{"href":"https:\/\/collectin.eu\/en\/wp-json\/wp\/v2\/product\/38446","targetHints":{"allow":["GET"]}}],"collection":[{"href":"https:\/\/collectin.eu\/en\/wp-json\/wp\/v2\/product"}],"about":[{"href":"https:\/\/collectin.eu\/en\/wp-json\/wp\/v2\/types\/product"}],"replies":[{"embeddable":true,"href":"https:\/\/collectin.eu\/en\/wp-json\/wp\/v2\/comments?post=38446"}],"version-history":[{"count":2,"href":"https:\/\/collectin.eu\/en\/wp-json\/wp\/v2\/product\/38446\/revisions"}],"predecessor-version":[{"id":40253,"href":"https:\/\/collectin.eu\/en\/wp-json\/wp\/v2\/product\/38446\/revisions\/40253"}],"wp:featuredmedia":[{"embeddable":true,"href":"https:\/\/collectin.eu\/en\/wp-json\/wp\/v2\/media\/38447"}],"wp:attachment":[{"href":"https:\/\/collectin.eu\/en\/wp-json\/wp\/v2\/media?parent=38446"}],"wp:term":[{"taxonomy":"product_brand","embeddable":true,"href":"https:\/\/collectin.eu\/en\/wp-json\/wp\/v2\/product_brand?post=38446"},{"taxonomy":"product_cat","embeddable":true,"href":"https:\/\/collectin.eu\/en\/wp-json\/wp\/v2\/product_cat?post=38446"},{"taxonomy":"product_tag","embeddable":true,"href":"https:\/\/collectin.eu\/en\/wp-json\/wp\/v2\/product_tag?post=38446"}],"curies":[{"name":"wp","href":"https:\/\/api.w.org\/{rel}","templated":true}]}}